{"id":4951,"date":"2021-03-16T16:13:30","date_gmt":"2021-03-16T15:13:30","guid":{"rendered":"https:\/\/amerehijos.com\/?page_id=4951"},"modified":"2021-04-19T12:43:02","modified_gmt":"2021-04-19T11:43:02","slug":"geschichte","status":"publish","type":"page","link":"https:\/\/amerehijos.com\/de\/geschichte\/","title":{"rendered":"Geschichte"},"content":{"rendered":"\t\t<div data-elementor-type=\"wp-page\" data-elementor-id=\"4951\" class=\"elementor elementor-4951 elementor-953\" data-elementor-post-type=\"page\">\n\t\t\t\t\t\t<section class=\"elementor-section elementor-top-section elementor-element elementor-element-c4b2d70 elementor-section-boxed elementor-section-height-default elementor-section-height-default\" data-id=\"c4b2d70\" data-element_type=\"section\" data-e-type=\"section\">\n\t\t\t\t\t\t<div class=\"elementor-container elementor-column-gap-default\">\n\t\t\t\t\t<div class=\"elementor-column elementor-col-100 elementor-top-column elementor-element elementor-element-d9b3f21\" data-id=\"d9b3f21\" data-element_type=\"column\" data-e-type=\"column\">\n\t\t\t<div class=\"elementor-widget-wrap elementor-element-populated\">\n\t\t\t\t\t\t<div class=\"elementor-element elementor-element-c3ee9bb elementor-widget elementor-widget-shortcode\" data-id=\"c3ee9bb\" data-element_type=\"widget\" data-e-type=\"widget\" data-widget_type=\"shortcode.default\">\n\t\t\t\t<div class=\"elementor-widget-container\">\n\t\t\t\t\t\t\t<div class=\"elementor-shortcode\">\n<\/div>\n\t\t\t\t\t\t<\/div>\n\t\t\t\t<\/div>\n\t\t\t\t\t<\/div>\n\t\t<\/div>\n\t\t\t\t\t<\/div>\n\t\t<\/section>\n\t\t\t\t<section class=\"elementor-section elementor-top-section elementor-element elementor-element-527b9b3 elementor-section-boxed elementor-section-height-default elementor-section-height-default\" data-id=\"527b9b3\" data-element_type=\"section\" data-e-type=\"section\">\n\t\t\t\t\t\t<div class=\"elementor-container elementor-column-gap-default\">\n\t\t\t\t\t<div class=\"elementor-column elementor-col-50 elementor-top-column elementor-element elementor-element-6d6da46\" data-id=\"6d6da46\" data-element_type=\"column\" data-e-type=\"column\">\n\t\t\t<div class=\"elementor-widget-wrap elementor-element-populated\">\n\t\t\t\t\t\t<div class=\"elementor-element elementor-element-e9e541d elementor-widget elementor-widget-text-editor\" data-id=\"e9e541d\" data-element_type=\"widget\" data-e-type=\"widget\" data-widget_type=\"text-editor.default\">\n\t\t\t\t<div class=\"elementor-widget-container\">\n\t\t\t\t\t\t\t\t\t<h1>Geschichte<\/h1><p>Die unternehmerische Vision von Juan Amer Soler, dem Gr\u00fcnder und Ehrenvorsitzenden, erm\u00f6glichte es in den 60er Jahren des letzten Jahrhunderts, dass sich das anf\u00e4ngliche Transportunternehmen zu einer Referenz unter den Bau- und Infrastrukturunternehmen auf Mallorca entwickeln konnte, dank der kontinuierlichen Bem\u00fchungen um den Erwerb eigener Mittel, der Spezialisierung unserer Teams, der Innovation und Diversifizierung, die Teil des Fortschritts auf den Balearen sind.<\/p>\t\t\t\t\t\t\t\t<\/div>\n\t\t\t\t<\/div>\n\t\t\t\t\t<\/div>\n\t\t<\/div>\n\t\t\t\t<div class=\"elementor-column elementor-col-50 elementor-top-column elementor-element elementor-element-6ea626a\" data-id=\"6ea626a\" data-element_type=\"column\" data-e-type=\"column\">\n\t\t\t<div class=\"elementor-widget-wrap elementor-element-populated\">\n\t\t\t\t\t\t<div class=\"elementor-element elementor-element-365fd85 elementor-widget elementor-widget-image\" data-id=\"365fd85\" data-element_type=\"widget\" data-e-type=\"widget\" data-widget_type=\"image.default\">\n\t\t\t\t<div class=\"elementor-widget-container\">\n\t\t\t\t\t\t\t\t\t\t\t\t\t\t\t<img fetchpriority=\"high\" decoding=\"async\" width=\"825\" height=\"564\" src=\"https:\/\/amerehijos.com\/wp-content\/uploads\/2021\/04\/c_0004-1-1024x700.jpg\" class=\"attachment-large size-large wp-image-7619\" alt=\"Camion Antiguo\" srcset=\"https:\/\/amerehijos.com\/wp-content\/uploads\/2021\/04\/c_0004-1-1024x700.jpg 1024w, https:\/\/amerehijos.com\/wp-content\/uploads\/2021\/04\/c_0004-1-300x205.jpg 300w, https:\/\/amerehijos.com\/wp-content\/uploads\/2021\/04\/c_0004-1-768x525.jpg 768w, https:\/\/amerehijos.com\/wp-content\/uploads\/2021\/04\/c_0004-1-1536x1051.jpg 1536w, https:\/\/amerehijos.com\/wp-content\/uploads\/2021\/04\/c_0004-1.jpg 2000w\" sizes=\"(max-width: 825px) 100vw, 825px\" \/>\t\t\t\t\t\t\t\t\t\t\t\t\t\t\t<\/div>\n\t\t\t\t<\/div>\n\t\t\t\t\t<\/div>\n\t\t<\/div>\n\t\t\t\t\t<\/div>\n\t\t<\/section>\n\t\t\t\t<section class=\"elementor-section elementor-top-section elementor-element elementor-element-670b083 elementor-section-boxed elementor-section-height-default elementor-section-height-default\" data-id=\"670b083\" data-element_type=\"section\" data-e-type=\"section\">\n\t\t\t\t\t\t<div class=\"elementor-container elementor-column-gap-default\">\n\t\t\t\t\t<div class=\"elementor-column elementor-col-100 elementor-top-column elementor-element elementor-element-9ad1e51\" data-id=\"9ad1e51\" data-element_type=\"column\" data-e-type=\"column\">\n\t\t\t<div class=\"elementor-widget-wrap elementor-element-populated\">\n\t\t\t\t\t\t<div class=\"elementor-element elementor-element-2a07742 elementor-widget elementor-widget-spacer\" data-id=\"2a07742\" data-element_type=\"widget\" data-e-type=\"widget\" data-widget_type=\"spacer.default\">\n\t\t\t\t<div class=\"elementor-widget-container\">\n\t\t\t\t\t\t\t<div class=\"elementor-spacer\">\n\t\t\t<div class=\"elementor-spacer-inner\"><\/div>\n\t\t<\/div>\n\t\t\t\t\t\t<\/div>\n\t\t\t\t<\/div>\n\t\t\t\t<div class=\"elementor-element elementor-element-c8e35ea elementor-widget elementor-widget-heading\" data-id=\"c8e35ea\" data-element_type=\"widget\" data-e-type=\"widget\" data-widget_type=\"heading.default\">\n\t\t\t\t<div class=\"elementor-widget-container\">\n\t\t\t\t\t<h2 class=\"elementor-heading-title elementor-size-default\">Nosotros desde el inicio<\/h2>\t\t\t\t<\/div>\n\t\t\t\t<\/div>\n\t\t\t\t<div class=\"elementor-element elementor-element-626a8d3 elementor-widget elementor-widget-image\" data-id=\"626a8d3\" data-element_type=\"widget\" data-e-type=\"widget\" data-widget_type=\"image.default\">\n\t\t\t\t<div class=\"elementor-widget-container\">\n\t\t\t\t\t\t\t\t\t\t\t\t\t\t\t<img decoding=\"async\" width=\"825\" height=\"189\" src=\"https:\/\/amerehijos.com\/wp-content\/uploads\/2020\/12\/1-Historia-2-1024x234.png\" class=\"attachment-large size-large wp-image-1044\" alt=\"\" srcset=\"https:\/\/amerehijos.com\/wp-content\/uploads\/2020\/12\/1-Historia-2-1024x234.png 1024w, https:\/\/amerehijos.com\/wp-content\/uploads\/2020\/12\/1-Historia-2-300x69.png 300w, https:\/\/amerehijos.com\/wp-content\/uploads\/2020\/12\/1-Historia-2-768x176.png 768w, https:\/\/amerehijos.com\/wp-content\/uploads\/2020\/12\/1-Historia-2.png 1201w\" sizes=\"(max-width: 825px) 100vw, 825px\" \/>\t\t\t\t\t\t\t\t\t\t\t\t\t\t\t<\/div>\n\t\t\t\t<\/div>\n\t\t\t\t<div class=\"elementor-element elementor-element-71977f6 elementor-widget-divider--view-line elementor-widget elementor-widget-divider\" data-id=\"71977f6\" data-element_type=\"widget\" data-e-type=\"widget\" data-widget_type=\"divider.default\">\n\t\t\t\t<div class=\"elementor-widget-container\">\n\t\t\t\t\t\t\t<div class=\"elementor-divider\">\n\t\t\t<span class=\"elementor-divider-separator\">\n\t\t\t\t\t\t<\/span>\n\t\t<\/div>\n\t\t\t\t\t\t<\/div>\n\t\t\t\t<\/div>\n\t\t\t\t<div class=\"elementor-element elementor-element-c17868c elementor-widget elementor-widget-image\" data-id=\"c17868c\" data-element_type=\"widget\" data-e-type=\"widget\" data-widget_type=\"image.default\">\n\t\t\t\t<div class=\"elementor-widget-container\">\n\t\t\t\t\t\t\t\t\t\t\t\t\t\t\t<img decoding=\"async\" width=\"825\" height=\"271\" src=\"https:\/\/amerehijos.com\/wp-content\/uploads\/2020\/12\/1-Historia-1.png\" class=\"attachment-large size-large wp-image-1038\" alt=\"\" srcset=\"https:\/\/amerehijos.com\/wp-content\/uploads\/2020\/12\/1-Historia-1.png 879w, https:\/\/amerehijos.com\/wp-content\/uploads\/2020\/12\/1-Historia-1-300x99.png 300w, https:\/\/amerehijos.com\/wp-content\/uploads\/2020\/12\/1-Historia-1-768x253.png 768w\" sizes=\"(max-width: 825px) 100vw, 825px\" \/>\t\t\t\t\t\t\t\t\t\t\t\t\t\t\t<\/div>\n\t\t\t\t<\/div>\n\t\t\t\t<div class=\"elementor-element elementor-element-6050627 elementor-widget elementor-widget-spacer\" data-id=\"6050627\" data-element_type=\"widget\" data-e-type=\"widget\" data-widget_type=\"spacer.default\">\n\t\t\t\t<div class=\"elementor-widget-container\">\n\t\t\t\t\t\t\t<div class=\"elementor-spacer\">\n\t\t\t<div class=\"elementor-spacer-inner\"><\/div>\n\t\t<\/div>\n\t\t\t\t\t\t<\/div>\n\t\t\t\t<\/div>\n\t\t\t\t\t<\/div>\n\t\t<\/div>\n\t\t\t\t\t<\/div>\n\t\t<\/section>\n\t\t\t\t<\/div>\n\t\t","protected":false},"excerpt":{"rendered":"<p>Geschichte Die unternehmerische Vision von Juan Amer Soler, dem Gr\u00fcnder und Ehrenvorsitzenden, erm\u00f6glichte es in den 60er Jahren des letzten Jahrhunderts, dass sich das anf\u00e4ngliche Transportunternehmen zu einer Referenz unter den Bau- und Infrastrukturunternehmen auf Mallorca entwickeln konnte, dank der kontinuierlichen Bem\u00fchungen um den Erwerb eigener Mittel, der Spezialisierung unserer Teams, der Innovation und Diversifizierung, &#8230; <a title=\"Geschichte\" class=\"read-more\" href=\"https:\/\/amerehijos.com\/de\/geschichte\/\" aria-label=\"Read more about Geschichte\">Read more<\/a><\/p>\n","protected":false},"author":7,"featured_media":0,"parent":0,"menu_order":0,"comment_status":"closed","ping_status":"closed","template":"elementor_header_footer","meta":{"footnotes":""},"class_list":["post-4951","page","type-page","status-publish"],"_links":{"self":[{"href":"https:\/\/amerehijos.com\/de\/wp-json\/wp\/v2\/pages\/4951","targetHints":{"allow":["GET"]}}],"collection":[{"href":"https:\/\/amerehijos.com\/de\/wp-json\/wp\/v2\/pages"}],"about":[{"href":"https:\/\/amerehijos.com\/de\/wp-json\/wp\/v2\/types\/page"}],"author":[{"embeddable":true,"href":"https:\/\/amerehijos.com\/de\/wp-json\/wp\/v2\/users\/7"}],"replies":[{"embeddable":true,"href":"https:\/\/amerehijos.com\/de\/wp-json\/wp\/v2\/comments?post=4951"}],"version-history":[{"count":0,"href":"https:\/\/amerehijos.com\/de\/wp-json\/wp\/v2\/pages\/4951\/revisions"}],"wp:attachment":[{"href":"https:\/\/amerehijos.com\/de\/wp-json\/wp\/v2\/media?parent=4951"}],"curies":[{"name":"wp","href":"https:\/\/api.w.org\/{rel}","templated":true}]}}