{"id":2650,"date":"2021-01-21T13:22:05","date_gmt":"2021-01-21T12:22:05","guid":{"rendered":"https:\/\/amerehijos.com\/?page_id=2650"},"modified":"2021-08-12T19:39:41","modified_gmt":"2021-08-12T18:39:41","slug":"2650-2","status":"publish","type":"page","link":"https:\/\/amerehijos.com\/de\/","title":{"rendered":"Startseite"},"content":{"rendered":"\t\t<div data-elementor-type=\"wp-page\" data-elementor-id=\"2650\" class=\"elementor elementor-2650 elementor-1034\" data-elementor-post-type=\"page\">\n\t\t\t\t\t\t<section class=\"elementor-section elementor-top-section elementor-element elementor-element-3b96920 elementor-section-boxed elementor-section-height-default elementor-section-height-default\" data-id=\"3b96920\" data-element_type=\"section\" data-e-type=\"section\">\n\t\t\t\t\t\t<div class=\"elementor-container elementor-column-gap-default\">\n\t\t\t\t\t<div class=\"elementor-column elementor-col-100 elementor-top-column elementor-element elementor-element-73f231e\" data-id=\"73f231e\" data-element_type=\"column\" data-e-type=\"column\">\n\t\t\t<div class=\"elementor-widget-wrap elementor-element-populated\">\n\t\t\t\t\t\t<div class=\"elementor-element elementor-element-ca61a90 elementor-widget elementor-widget-shortcode\" data-id=\"ca61a90\" data-element_type=\"widget\" data-e-type=\"widget\" data-widget_type=\"shortcode.default\">\n\t\t\t\t<div class=\"elementor-widget-container\">\n\t\t\t\t\t\t\t<div class=\"elementor-shortcode\">\n<\/div>\n\t\t\t\t\t\t<\/div>\n\t\t\t\t<\/div>\n\t\t\t\t\t<\/div>\n\t\t<\/div>\n\t\t\t\t\t<\/div>\n\t\t<\/section>\n\t\t\t\t<section class=\"elementor-section elementor-top-section elementor-element elementor-element-e3d0f9e elementor-section-boxed elementor-section-height-default elementor-section-height-default\" data-id=\"e3d0f9e\" data-element_type=\"section\" data-e-type=\"section\">\n\t\t\t\t\t\t<div class=\"elementor-container elementor-column-gap-default\">\n\t\t\t\t\t<div class=\"elementor-column elementor-col-100 elementor-top-column elementor-element elementor-element-c191a46\" data-id=\"c191a46\" data-element_type=\"column\" data-e-type=\"column\">\n\t\t\t<div class=\"elementor-widget-wrap elementor-element-populated\">\n\t\t\t\t\t\t<div class=\"elementor-element elementor-element-ac07ed1 elementor-widget elementor-widget-heading\" data-id=\"ac07ed1\" data-element_type=\"widget\" data-e-type=\"widget\" data-widget_type=\"heading.default\">\n\t\t\t\t<div class=\"elementor-widget-container\">\n\t\t\t\t\t<h1 class=\"elementor-heading-title elementor-size-default\">\nBauunternehmen in Palma de Mallorca und den Balearen<\/h1>\t\t\t\t<\/div>\n\t\t\t\t<\/div>\n\t\t\t\t\t<\/div>\n\t\t<\/div>\n\t\t\t\t\t<\/div>\n\t\t<\/section>\n\t\t\t\t<section class=\"elementor-section elementor-top-section elementor-element elementor-element-a3c6cf0 elementor-section-boxed elementor-section-height-default elementor-section-height-default\" data-id=\"a3c6cf0\" data-element_type=\"section\" data-e-type=\"section\">\n\t\t\t\t\t\t<div class=\"elementor-container elementor-column-gap-default\">\n\t\t\t\t\t<div class=\"elementor-column elementor-col-100 elementor-top-column elementor-element elementor-element-af2048f\" data-id=\"af2048f\" data-element_type=\"column\" data-e-type=\"column\">\n\t\t\t<div class=\"elementor-widget-wrap elementor-element-populated\">\n\t\t\t\t\t\t<div class=\"elementor-element elementor-element-577214b elementor-widget elementor-widget-spacer\" data-id=\"577214b\" data-element_type=\"widget\" data-e-type=\"widget\" data-widget_type=\"spacer.default\">\n\t\t\t\t<div class=\"elementor-widget-container\">\n\t\t\t\t\t\t\t<div class=\"elementor-spacer\">\n\t\t\t<div class=\"elementor-spacer-inner\"><\/div>\n\t\t<\/div>\n\t\t\t\t\t\t<\/div>\n\t\t\t\t<\/div>\n\t\t\t\t<section class=\"elementor-section elementor-inner-section elementor-element elementor-element-9c5d86c elementor-section-boxed elementor-section-height-default elementor-section-height-default\" data-id=\"9c5d86c\" data-element_type=\"section\" data-e-type=\"section\">\n\t\t\t\t\t\t<div class=\"elementor-container elementor-column-gap-default\">\n\t\t\t\t\t<div class=\"elementor-column elementor-col-50 elementor-inner-column elementor-element elementor-element-58d4e09\" data-id=\"58d4e09\" data-element_type=\"column\" data-e-type=\"column\">\n\t\t\t<div class=\"elementor-widget-wrap elementor-element-populated\">\n\t\t\t\t\t\t<div class=\"elementor-element elementor-element-01e44e4 elementor-cta--skin-cover elementor-animated-content elementor-bg-transform elementor-bg-transform-zoom-in elementor-widget elementor-widget-call-to-action\" data-id=\"01e44e4\" data-element_type=\"widget\" data-e-type=\"widget\" data-widget_type=\"call-to-action.default\">\n\t\t\t\t<div class=\"elementor-widget-container\">\n\t\t\t\t\t\t\t<div class=\"elementor-cta\">\n\t\t\t\t\t<div class=\"elementor-cta__bg-wrapper\">\n\t\t\t\t<div class=\"elementor-cta__bg elementor-bg\" style=\"background-image: url(https:\/\/amerehijos.com\/wp-content\/uploads\/2021\/01\/Villa-Sulitzer-1-768x431.jpg);\" role=\"img\" aria-label=\"Villa Sulitzer (1)\"><\/div>\n\t\t\t\t<div class=\"elementor-cta__bg-overlay\"><\/div>\n\t\t\t<\/div>\n\t\t\t\t\t\t\t<div class=\"elementor-cta__content\">\n\t\t\t\t\n\t\t\t\t\n\t\t\t\t\n\t\t\t\t\t\t\t\t\t<div class=\"elementor-cta__button-wrapper elementor-cta__content-item elementor-content-item elementor-animated-item--grow\">\n\t\t\t\t\t<a class=\"elementor-cta__button elementor-button elementor-size-\" href=\"https:\/\/amerehijos.com\/de\/gebaeude\/\">\n\t\t\t\t\t\tGeb\u00e4ude\t\t\t\t\t<\/a>\n\t\t\t\t\t<\/div>\n\t\t\t\t\t\t\t<\/div>\n\t\t\t\t\t\t<\/div>\n\t\t\t\t\t\t<\/div>\n\t\t\t\t<\/div>\n\t\t\t\t\t<\/div>\n\t\t<\/div>\n\t\t\t\t<div class=\"elementor-column elementor-col-50 elementor-inner-column elementor-element elementor-element-6eb5874\" data-id=\"6eb5874\" data-element_type=\"column\" data-e-type=\"column\">\n\t\t\t<div class=\"elementor-widget-wrap elementor-element-populated\">\n\t\t\t\t\t\t<div class=\"elementor-element elementor-element-7d74651 elementor-cta--skin-cover elementor-animated-content elementor-bg-transform elementor-bg-transform-zoom-in elementor-widget elementor-widget-call-to-action\" data-id=\"7d74651\" data-element_type=\"widget\" data-e-type=\"widget\" data-widget_type=\"call-to-action.default\">\n\t\t\t\t<div class=\"elementor-widget-container\">\n\t\t\t\t\t\t\t<div class=\"elementor-cta\">\n\t\t\t\t\t<div class=\"elementor-cta__bg-wrapper\">\n\t\t\t\t<div class=\"elementor-cta__bg elementor-bg\" style=\"background-image: url(https:\/\/amerehijos.com\/wp-content\/uploads\/2021\/01\/image4-1.jpg);\" role=\"img\" aria-label=\"image4\"><\/div>\n\t\t\t\t<div class=\"elementor-cta__bg-overlay\"><\/div>\n\t\t\t<\/div>\n\t\t\t\t\t\t\t<div class=\"elementor-cta__content\">\n\t\t\t\t\n\t\t\t\t\n\t\t\t\t\n\t\t\t\t\t\t\t\t\t<div class=\"elementor-cta__button-wrapper elementor-cta__content-item elementor-content-item elementor-animated-item--grow\">\n\t\t\t\t\t<a class=\"elementor-cta__button elementor-button elementor-size-\" href=\"https:\/\/amerehijos.com\/de\/ingenieurbauwerke\/\">\n\t\t\t\t\t\tIngenieurbauwerke\t\t\t\t\t<\/a>\n\t\t\t\t\t<\/div>\n\t\t\t\t\t\t\t<\/div>\n\t\t\t\t\t\t<\/div>\n\t\t\t\t\t\t<\/div>\n\t\t\t\t<\/div>\n\t\t\t\t\t<\/div>\n\t\t<\/div>\n\t\t\t\t\t<\/div>\n\t\t<\/section>\n\t\t\t\t<div class=\"elementor-element elementor-element-50b2c81 elementor-widget elementor-widget-spacer\" data-id=\"50b2c81\" data-element_type=\"widget\" data-e-type=\"widget\" data-widget_type=\"spacer.default\">\n\t\t\t\t<div class=\"elementor-widget-container\">\n\t\t\t\t\t\t\t<div class=\"elementor-spacer\">\n\t\t\t<div class=\"elementor-spacer-inner\"><\/div>\n\t\t<\/div>\n\t\t\t\t\t\t<\/div>\n\t\t\t\t<\/div>\n\t\t\t\t\t<\/div>\n\t\t<\/div>\n\t\t\t\t\t<\/div>\n\t\t<\/section>\n\t\t\t\t<section class=\"elementor-section elementor-top-section elementor-element elementor-element-548e820 elementor-section-boxed elementor-section-height-default elementor-section-height-default\" data-id=\"548e820\" data-element_type=\"section\" data-e-type=\"section\">\n\t\t\t\t\t\t<div class=\"elementor-container elementor-column-gap-default\">\n\t\t\t\t\t<div class=\"elementor-column elementor-col-50 elementor-top-column elementor-element elementor-element-19e1af3\" data-id=\"19e1af3\" data-element_type=\"column\" data-e-type=\"column\">\n\t\t\t<div class=\"elementor-widget-wrap elementor-element-populated\">\n\t\t\t\t\t\t<div class=\"elementor-element elementor-element-7436780 elementor-widget elementor-widget-html\" data-id=\"7436780\" data-element_type=\"widget\" data-e-type=\"widget\" data-widget_type=\"html.default\">\n\t\t\t\t<div class=\"elementor-widget-container\">\n\t\t\t\t\t<div ><h2>\u00dcBER UNS\n<\/h2><\/div>\n<br>\n<p style=\"font-size:1.3em\"><b>&emsp;AMER ist die Geschichte eines innovativen, solventen und ergebnisorientierten Bauunternehmens<\/b>\n<br>\n<br>\n&emsp;Amer e Hijos wurde 1963 auf Mallorca gegr\u00fcndet und hat sich auf den Bau von Einfamilienh\u00e4usern, Mehrfamilienh\u00e4usern, die Sanierung und Renovierung von Geb\u00e4uden sowie auf Ingenieurbauwerke spezialisiert, f\u00fcr die wir in der Branche Ma\u00dfst\u00e4be setzen. \n\n<br>\n<br>\n&emsp;Unser menschliches und technisches Kapital sowie die Kundenn\u00e4he und die Ausrichtung auf die Interessen unserer Kunden erm\u00f6glichen es uns, eine kontinuierliche Diversifizierung bei Bau- und Ingenieurarbeiten oder Dienstleistungen im Zusammenhang mit der Instandhaltung \u00f6ffentlicher und privater Infrastrukturen durchzuf\u00fchren.\n\n<\/p>\t\t\t\t<\/div>\n\t\t\t\t<\/div>\n\t\t\t\t\t<\/div>\n\t\t<\/div>\n\t\t\t\t<div class=\"elementor-column elementor-col-50 elementor-top-column elementor-element elementor-element-54de395\" data-id=\"54de395\" data-element_type=\"column\" data-e-type=\"column\">\n\t\t\t<div class=\"elementor-widget-wrap elementor-element-populated\">\n\t\t\t\t\t\t<div class=\"elementor-element elementor-element-24f685a elementor-cta--skin-cover elementor-animated-content elementor-bg-transform elementor-bg-transform-zoom-in elementor-widget elementor-widget-call-to-action\" data-id=\"24f685a\" data-element_type=\"widget\" data-e-type=\"widget\" data-widget_type=\"call-to-action.default\">\n\t\t\t\t<div class=\"elementor-widget-container\">\n\t\t\t\t\t\t\t<a class=\"elementor-cta\" href=\"https:\/\/amerehijos.com\/catalogo\/\">\n\t\t\t\t\t<div class=\"elementor-cta__bg-wrapper\">\n\t\t\t\t<div class=\"elementor-cta__bg elementor-bg\" style=\"background-image: url(https:\/\/amerehijos.com\/wp-content\/uploads\/elementor\/thumbs\/amer_001-q46m3w2d0dfmr8bthcwhxbq39hfcn9qabibw6ot33s.jpg);\" role=\"img\" aria-label=\"amer_001\"><\/div>\n\t\t\t\t<div class=\"elementor-cta__bg-overlay\"><\/div>\n\t\t\t<\/div>\n\t\t\t\t\t\t\t<div class=\"elementor-cta__content\">\n\t\t\t\t\n\t\t\t\t\n\t\t\t\t\n\t\t\t\t\t\t\t\t\t<div class=\"elementor-cta__button-wrapper elementor-cta__content-item elementor-content-item elementor-animated-item--grow\">\n\t\t\t\t\t<span class=\"elementor-cta__button elementor-button elementor-size-md\">\n\t\t\t\t\t\t KATALOG\t\t\t\t\t<\/span>\n\t\t\t\t\t<\/div>\n\t\t\t\t\t\t\t<\/div>\n\t\t\t\t\t\t<\/a>\n\t\t\t\t\t\t<\/div>\n\t\t\t\t<\/div>\n\t\t\t\t\t<\/div>\n\t\t<\/div>\n\t\t\t\t\t<\/div>\n\t\t<\/section>\n\t\t\t\t<section class=\"elementor-section elementor-top-section elementor-element elementor-element-19ce248 elementor-reverse-mobile elementor-section-boxed elementor-section-height-default elementor-section-height-default\" data-id=\"19ce248\" data-element_type=\"section\" data-e-type=\"section\">\n\t\t\t\t\t\t<div class=\"elementor-container elementor-column-gap-default\">\n\t\t\t\t\t<div class=\"elementor-column elementor-col-50 elementor-top-column elementor-element elementor-element-9db983a\" data-id=\"9db983a\" data-element_type=\"column\" data-e-type=\"column\">\n\t\t\t<div class=\"elementor-widget-wrap elementor-element-populated\">\n\t\t\t\t\t\t<div class=\"elementor-element elementor-element-0380714 elementor-widget elementor-widget-image\" data-id=\"0380714\" data-element_type=\"widget\" data-e-type=\"widget\" data-widget_type=\"image.default\">\n\t\t\t\t<div class=\"elementor-widget-container\">\n\t\t\t\t\t\t\t\t\t\t\t\t\t\t\t<img fetchpriority=\"high\" decoding=\"async\" width=\"1024\" height=\"768\" src=\"https:\/\/amerehijos.com\/wp-content\/uploads\/2020\/12\/directivos-2-1024x768.jpg\" class=\"attachment-large size-large wp-image-1048\" alt=\"\" srcset=\"https:\/\/amerehijos.com\/wp-content\/uploads\/2020\/12\/directivos-2-1024x768.jpg 1024w, https:\/\/amerehijos.com\/wp-content\/uploads\/2020\/12\/directivos-2-300x225.jpg 300w, https:\/\/amerehijos.com\/wp-content\/uploads\/2020\/12\/directivos-2-768x576.jpg 768w, https:\/\/amerehijos.com\/wp-content\/uploads\/2020\/12\/directivos-2-1536x1152.jpg 1536w, https:\/\/amerehijos.com\/wp-content\/uploads\/2020\/12\/directivos-2-2048x1536.jpg 2048w\" sizes=\"(max-width: 1024px) 100vw, 1024px\" \/>\t\t\t\t\t\t\t\t\t\t\t\t\t\t\t<\/div>\n\t\t\t\t<\/div>\n\t\t\t\t\t<\/div>\n\t\t<\/div>\n\t\t\t\t<div class=\"elementor-column elementor-col-50 elementor-top-column elementor-element elementor-element-d655eea\" data-id=\"d655eea\" data-element_type=\"column\" data-e-type=\"column\">\n\t\t\t<div class=\"elementor-widget-wrap elementor-element-populated\">\n\t\t\t\t\t\t<div class=\"elementor-element elementor-element-c9d6ef0 elementor-widget elementor-widget-text-editor\" data-id=\"c9d6ef0\" data-element_type=\"widget\" data-e-type=\"widget\" data-widget_type=\"text-editor.default\">\n\t\t\t\t<div class=\"elementor-widget-container\">\n\t\t\t\t\t\t\t\t\t<h2>Werte<\/h2><ul><li><span style=\"font-weight: 400;\">Professionalit\u00e4t <\/span><\/li><li><span style=\"font-weight: 400;\">Empathie <\/span><\/li><li><span style=\"font-weight: 400;\">Nachhaltigkeit <\/span><\/li><li><span style=\"font-weight: 400;\">Anpassungsf\u00e4higkeit <\/span><\/li><li><span style=\"font-weight: 400;\">Verantwortung<\/span><\/li><\/ul>\t\t\t\t\t\t\t\t<\/div>\n\t\t\t\t<\/div>\n\t\t\t\t\t<\/div>\n\t\t<\/div>\n\t\t\t\t\t<\/div>\n\t\t<\/section>\n\t\t\t\t<section class=\"elementor-section elementor-top-section elementor-element elementor-element-70624ab elementor-section-boxed elementor-section-height-default elementor-section-height-default\" data-id=\"70624ab\" data-element_type=\"section\" data-e-type=\"section\">\n\t\t\t\t\t\t<div class=\"elementor-container elementor-column-gap-default\">\n\t\t\t\t\t<div class=\"elementor-column elementor-col-50 elementor-top-column elementor-element elementor-element-a66b286\" data-id=\"a66b286\" data-element_type=\"column\" data-e-type=\"column\">\n\t\t\t<div class=\"elementor-widget-wrap elementor-element-populated\">\n\t\t\t\t\t\t<div class=\"elementor-element elementor-element-d6d90a2 elementor-widget elementor-widget-text-editor\" data-id=\"d6d90a2\" data-element_type=\"widget\" data-e-type=\"widget\" data-widget_type=\"text-editor.default\">\n\t\t\t\t<div class=\"elementor-widget-container\">\n\t\t\t\t\t\t\t\t\t<h2>Vision<\/h2><p><span style=\"font-weight: 400;\">Entwicklung und Ausf\u00fchrung jeder Art von Projekten im Bereich des Baus von Infrastrukturen, Geb\u00e4uden oder Dienstleistungen, wobei wir ihnen einen Mehrwert bieten, der auf unserem Engagement f\u00fcr die Ziele unserer Kunden, der umfassenden Qualit\u00e4t unserer Arbeit und einem \u00f6kologisch nachhaltigen und sozial verantwortlichen Management basiert.<\/span><\/p>\t\t\t\t\t\t\t\t<\/div>\n\t\t\t\t<\/div>\n\t\t\t\t\t<\/div>\n\t\t<\/div>\n\t\t\t\t<div class=\"elementor-column elementor-col-50 elementor-top-column elementor-element elementor-element-609f6f6\" data-id=\"609f6f6\" data-element_type=\"column\" data-e-type=\"column\">\n\t\t\t<div class=\"elementor-widget-wrap elementor-element-populated\">\n\t\t\t\t\t\t<div class=\"elementor-element elementor-element-f2d646e elementor-widget elementor-widget-image\" data-id=\"f2d646e\" data-element_type=\"widget\" data-e-type=\"widget\" data-widget_type=\"image.default\">\n\t\t\t\t<div class=\"elementor-widget-container\">\n\t\t\t\t\t\t\t\t\t\t\t\t\t\t\t<img decoding=\"async\" width=\"1024\" height=\"768\" src=\"https:\/\/amerehijos.com\/wp-content\/uploads\/2020\/12\/A280196-1024x768.jpg\" class=\"attachment-large size-large wp-image-1042\" alt=\"\" srcset=\"https:\/\/amerehijos.com\/wp-content\/uploads\/2020\/12\/A280196-1024x768.jpg 1024w, https:\/\/amerehijos.com\/wp-content\/uploads\/2020\/12\/A280196-300x225.jpg 300w, https:\/\/amerehijos.com\/wp-content\/uploads\/2020\/12\/A280196-768x576.jpg 768w, https:\/\/amerehijos.com\/wp-content\/uploads\/2020\/12\/A280196-1536x1152.jpg 1536w, https:\/\/amerehijos.com\/wp-content\/uploads\/2020\/12\/A280196-2048x1536.jpg 2048w\" sizes=\"(max-width: 1024px) 100vw, 1024px\" \/>\t\t\t\t\t\t\t\t\t\t\t\t\t\t\t<\/div>\n\t\t\t\t<\/div>\n\t\t\t\t\t<\/div>\n\t\t<\/div>\n\t\t\t\t\t<\/div>\n\t\t<\/section>\n\t\t\t\t<section class=\"elementor-section elementor-top-section elementor-element elementor-element-d20d176 elementor-reverse-mobile elementor-section-boxed elementor-section-height-default elementor-section-height-default\" data-id=\"d20d176\" data-element_type=\"section\" data-e-type=\"section\">\n\t\t\t\t\t\t<div class=\"elementor-container elementor-column-gap-default\">\n\t\t\t\t\t<div class=\"elementor-column elementor-col-50 elementor-top-column elementor-element elementor-element-51f3016\" data-id=\"51f3016\" data-element_type=\"column\" data-e-type=\"column\">\n\t\t\t<div class=\"elementor-widget-wrap elementor-element-populated\">\n\t\t\t\t\t\t<div class=\"elementor-element elementor-element-909fada elementor-widget elementor-widget-image\" data-id=\"909fada\" data-element_type=\"widget\" data-e-type=\"widget\" data-widget_type=\"image.default\">\n\t\t\t\t<div class=\"elementor-widget-container\">\n\t\t\t\t\t\t\t\t\t\t\t\t\t\t\t<img decoding=\"async\" width=\"1024\" height=\"767\" src=\"https:\/\/amerehijos.com\/wp-content\/uploads\/2020\/12\/oficinas-1024x767.jpg\" class=\"attachment-large size-large wp-image-1053\" alt=\"\" srcset=\"https:\/\/amerehijos.com\/wp-content\/uploads\/2020\/12\/oficinas-1024x767.jpg 1024w, https:\/\/amerehijos.com\/wp-content\/uploads\/2020\/12\/oficinas-300x225.jpg 300w, https:\/\/amerehijos.com\/wp-content\/uploads\/2020\/12\/oficinas-768x576.jpg 768w, https:\/\/amerehijos.com\/wp-content\/uploads\/2020\/12\/oficinas-1536x1151.jpg 1536w, https:\/\/amerehijos.com\/wp-content\/uploads\/2020\/12\/oficinas-2048x1535.jpg 2048w\" sizes=\"(max-width: 1024px) 100vw, 1024px\" \/>\t\t\t\t\t\t\t\t\t\t\t\t\t\t\t<\/div>\n\t\t\t\t<\/div>\n\t\t\t\t\t<\/div>\n\t\t<\/div>\n\t\t\t\t<div class=\"elementor-column elementor-col-50 elementor-top-column elementor-element elementor-element-41e5a58\" data-id=\"41e5a58\" data-element_type=\"column\" data-e-type=\"column\">\n\t\t\t<div class=\"elementor-widget-wrap elementor-element-populated\">\n\t\t\t\t\t\t<div class=\"elementor-element elementor-element-00eff02 elementor-widget elementor-widget-text-editor\" data-id=\"00eff02\" data-element_type=\"widget\" data-e-type=\"widget\" data-widget_type=\"text-editor.default\">\n\t\t\t\t<div class=\"elementor-widget-container\">\n\t\t\t\t\t\t\t\t\t<h2>Aufgabe<\/h2><p><span style=\"font-weight: 400;\">Ein f\u00fchrendes Unternehmen in der Baubranche zu sein, mit einem engagierten, innovativen und wettbewerbsf\u00e4higen Team, das sich st\u00e4ndig weiterentwickelt, um die besten Dienstleistungen anzubieten, die den Bed\u00fcrfnissen und Erwartungen aller unserer Kunden, Lieferanten und der Gesellschaft im Allgemeinen entsprechen.<\/span><\/p>\t\t\t\t\t\t\t\t<\/div>\n\t\t\t\t<\/div>\n\t\t\t\t\t<\/div>\n\t\t<\/div>\n\t\t\t\t\t<\/div>\n\t\t<\/section>\n\t\t\t\t<section class=\"elementor-section elementor-top-section elementor-element elementor-element-351adc6 elementor-section-boxed elementor-section-height-default elementor-section-height-default\" data-id=\"351adc6\" data-element_type=\"section\" data-e-type=\"section\">\n\t\t\t\t\t\t<div class=\"elementor-container elementor-column-gap-default\">\n\t\t\t\t\t<div class=\"elementor-column elementor-col-100 elementor-top-column elementor-element elementor-element-768cd4b\" data-id=\"768cd4b\" data-element_type=\"column\" data-e-type=\"column\">\n\t\t\t<div class=\"elementor-widget-wrap elementor-element-populated\">\n\t\t\t\t\t\t<div class=\"elementor-element elementor-element-5747082 elementor-widget elementor-widget-spacer\" data-id=\"5747082\" data-element_type=\"widget\" data-e-type=\"widget\" data-widget_type=\"spacer.default\">\n\t\t\t\t<div class=\"elementor-widget-container\">\n\t\t\t\t\t\t\t<div class=\"elementor-spacer\">\n\t\t\t<div class=\"elementor-spacer-inner\"><\/div>\n\t\t<\/div>\n\t\t\t\t\t\t<\/div>\n\t\t\t\t<\/div>\n\t\t\t\t\t<\/div>\n\t\t<\/div>\n\t\t\t\t\t<\/div>\n\t\t<\/section>\n\t\t\t\t<\/div>\n\t\t","protected":false},"excerpt":{"rendered":"<p>Bauunternehmen in Palma de Mallorca und den Balearen Geb\u00e4ude Ingenieurbauwerke \u00dcBER UNS &emsp;AMER ist die Geschichte eines innovativen, solventen und ergebnisorientierten Bauunternehmens &emsp;Amer e Hijos wurde 1963 auf Mallorca gegr\u00fcndet und hat sich auf den Bau von Einfamilienh\u00e4usern, Mehrfamilienh\u00e4usern, die Sanierung und Renovierung von Geb\u00e4uden sowie auf Ingenieurbauwerke spezialisiert, f\u00fcr die wir in der Branche &#8230; <a title=\"Startseite\" class=\"read-more\" href=\"https:\/\/amerehijos.com\/de\/\" aria-label=\"Read more about Startseite\">Read more<\/a><\/p>\n","protected":false},"author":7,"featured_media":0,"parent":0,"menu_order":0,"comment_status":"closed","ping_status":"closed","template":"elementor_header_footer","meta":{"footnotes":""},"class_list":["post-2650","page","type-page","status-publish"],"_links":{"self":[{"href":"https:\/\/amerehijos.com\/de\/wp-json\/wp\/v2\/pages\/2650","targetHints":{"allow":["GET"]}}],"collection":[{"href":"https:\/\/amerehijos.com\/de\/wp-json\/wp\/v2\/pages"}],"about":[{"href":"https:\/\/amerehijos.com\/de\/wp-json\/wp\/v2\/types\/page"}],"author":[{"embeddable":true,"href":"https:\/\/amerehijos.com\/de\/wp-json\/wp\/v2\/users\/7"}],"replies":[{"embeddable":true,"href":"https:\/\/amerehijos.com\/de\/wp-json\/wp\/v2\/comments?post=2650"}],"version-history":[{"count":0,"href":"https:\/\/amerehijos.com\/de\/wp-json\/wp\/v2\/pages\/2650\/revisions"}],"wp:attachment":[{"href":"https:\/\/amerehijos.com\/de\/wp-json\/wp\/v2\/media?parent=2650"}],"curies":[{"name":"wp","href":"https:\/\/api.w.org\/{rel}","templated":true}]}}