{"id":2611,"date":"2021-01-21T12:49:53","date_gmt":"2021-01-21T11:49:53","guid":{"rendered":"https:\/\/amerehijos.com\/?page_id=2611"},"modified":"2021-04-09T13:59:15","modified_gmt":"2021-04-09T12:59:15","slug":"mikropfahlbohrungen-und-spezielle-fundamente","status":"publish","type":"page","link":"https:\/\/amerehijos.com\/de\/mikropfahlbohrungen-und-spezielle-fundamente\/","title":{"rendered":"MIKROPFAHLBOHRUNGEN UND SPEZIELLE FUNDAMENTE"},"content":{"rendered":"\t\t<div data-elementor-type=\"wp-page\" data-elementor-id=\"2611\" class=\"elementor elementor-2611 elementor-1003\" data-elementor-post-type=\"page\">\n\t\t\t\t\t\t<section class=\"elementor-section elementor-top-section elementor-element elementor-element-4bcdcbc elementor-section-boxed elementor-section-height-default elementor-section-height-default\" data-id=\"4bcdcbc\" data-element_type=\"section\" data-e-type=\"section\">\n\t\t\t\t\t\t<div class=\"elementor-container elementor-column-gap-default\">\n\t\t\t\t\t<div class=\"elementor-column elementor-col-100 elementor-top-column elementor-element elementor-element-e2c3845\" data-id=\"e2c3845\" data-element_type=\"column\" data-e-type=\"column\">\n\t\t\t<div class=\"elementor-widget-wrap elementor-element-populated\">\n\t\t\t\t\t\t<div class=\"elementor-element elementor-element-2e9febb elementor-widget elementor-widget-shortcode\" data-id=\"2e9febb\" data-element_type=\"widget\" data-e-type=\"widget\" data-widget_type=\"shortcode.default\">\n\t\t\t\t<div class=\"elementor-widget-container\">\n\t\t\t\t\t\t\t<div class=\"elementor-shortcode\">\n<\/div>\n\t\t\t\t\t\t<\/div>\n\t\t\t\t<\/div>\n\t\t\t\t\t<\/div>\n\t\t<\/div>\n\t\t\t\t\t<\/div>\n\t\t<\/section>\n\t\t\t\t<section class=\"elementor-section elementor-top-section elementor-element elementor-element-3789b86 elementor-section-boxed elementor-section-height-default elementor-section-height-default\" data-id=\"3789b86\" data-element_type=\"section\" data-e-type=\"section\">\n\t\t\t\t\t\t<div class=\"elementor-container elementor-column-gap-default\">\n\t\t\t\t\t<div class=\"elementor-column elementor-col-100 elementor-top-column elementor-element elementor-element-021036a\" data-id=\"021036a\" data-element_type=\"column\" data-e-type=\"column\">\n\t\t\t<div class=\"elementor-widget-wrap elementor-element-populated\">\n\t\t\t\t\t\t<div class=\"elementor-element elementor-element-227b762 elementor-widget elementor-widget-spacer\" data-id=\"227b762\" data-element_type=\"widget\" data-e-type=\"widget\" data-widget_type=\"spacer.default\">\n\t\t\t\t<div class=\"elementor-widget-container\">\n\t\t\t\t\t\t\t<div class=\"elementor-spacer\">\n\t\t\t<div class=\"elementor-spacer-inner\"><\/div>\n\t\t<\/div>\n\t\t\t\t\t\t<\/div>\n\t\t\t\t<\/div>\n\t\t\t\t\t<\/div>\n\t\t<\/div>\n\t\t\t\t\t<\/div>\n\t\t<\/section>\n\t\t\t\t<section class=\"elementor-section elementor-top-section elementor-element elementor-element-eefde99 elementor-section-boxed elementor-section-height-default elementor-section-height-default\" data-id=\"eefde99\" data-element_type=\"section\" data-e-type=\"section\">\n\t\t\t\t\t\t<div class=\"elementor-container elementor-column-gap-default\">\n\t\t\t\t\t<div class=\"elementor-column elementor-col-50 elementor-top-column elementor-element elementor-element-7440ed7\" data-id=\"7440ed7\" data-element_type=\"column\" data-e-type=\"column\">\n\t\t\t<div class=\"elementor-widget-wrap elementor-element-populated\">\n\t\t\t\t\t\t<div class=\"elementor-element elementor-element-8058508 elementor-widget elementor-widget-text-editor\" data-id=\"8058508\" data-element_type=\"widget\" data-e-type=\"widget\" data-widget_type=\"text-editor.default\">\n\t\t\t\t<div class=\"elementor-widget-container\">\n\t\t\t\t\t\t\t\t\t<h1>MIKROPFAHLBOHRUNGEN UND SPEZIELLE FUNDAMENTE<\/h1><p><span style=\"font-weight: 400;\">Bei Amer Obras y Servicios verf\u00fcgen wir \u00fcber ein exzellentes Team von Ingenieuren, die sich auf spezielle Fundamente auf Mallorca spezialisiert haben und die ihre technischen L\u00f6sungen auf unsere Konstruktionen anwenden: Wasserbau, Wohnungsbau, Eisenbahnprojekte, usw. Der Einsatz von Mikropfahltechniken auf Mallorca beispielsweise erm\u00f6glicht es uns, Projekte in jenen Gebieten und Grundst\u00fccken durchzuf\u00fchren, in denen aufgrund der schwierigen Zug\u00e4nglichkeit oder der Beschaffenheit des Bodens der Einsatz von Pf\u00e4hlen oder anderen konventionellen Techniken nicht m\u00f6glich ist. Daher sind Mikropf\u00e4hle die gew\u00e4hlte L\u00f6sung.\u00a0<\/span><\/p><p>\u00a0<\/p>\t\t\t\t\t\t\t\t<\/div>\n\t\t\t\t<\/div>\n\t\t\t\t\t<\/div>\n\t\t<\/div>\n\t\t\t\t<div class=\"elementor-column elementor-col-50 elementor-top-column elementor-element elementor-element-b054125\" data-id=\"b054125\" data-element_type=\"column\" data-e-type=\"column\">\n\t\t\t<div class=\"elementor-widget-wrap elementor-element-populated\">\n\t\t\t\t\t\t<div class=\"elementor-element elementor-element-430ce88 gallery-spacing-custom elementor-widget elementor-widget-image-gallery\" data-id=\"430ce88\" data-element_type=\"widget\" data-e-type=\"widget\" id=\"cimentaciones\" data-widget_type=\"image-gallery.default\">\n\t\t\t\t<div class=\"elementor-widget-container\">\n\t\t\t\t\t\t\t<div class=\"elementor-image-gallery\">\n\t\t\t<div id='gallery-1' class='gallery galleryid-2611 gallery-columns-2 gallery-size-large'><figure class='gallery-item'>\n\t\t\t<div class='gallery-icon landscape'>\n\t\t\t\t<a data-elementor-open-lightbox=\"yes\" data-elementor-lightbox-slideshow=\"430ce88\" data-elementor-lightbox-title=\"Micropilotes-Son-Vida-1024x765\" data-e-action-hash=\"#elementor-action%3Aaction%3Dlightbox%26settings%3DeyJpZCI6Njg1MywidXJsIjoiaHR0cHM6XC9cL2FtZXJlaGlqb3MuY29tXC93cC1jb250ZW50XC91cGxvYWRzXC8yMDIxXC8wNFwvTWljcm9waWxvdGVzLVNvbi1WaWRhLTEwMjR4NzY1LTIuanBnIiwic2xpZGVzaG93IjoiNDMwY2U4OCJ9\" href='https:\/\/amerehijos.com\/wp-content\/uploads\/2021\/04\/Micropilotes-Son-Vida-1024x765-2.jpg'><img fetchpriority=\"high\" decoding=\"async\" width=\"825\" height=\"616\" src=\"https:\/\/amerehijos.com\/wp-content\/uploads\/2021\/04\/Micropilotes-Son-Vida-1024x765-2.jpg\" class=\"attachment-large size-large\" alt=\"\" srcset=\"https:\/\/amerehijos.com\/wp-content\/uploads\/2021\/04\/Micropilotes-Son-Vida-1024x765-2.jpg 1024w, https:\/\/amerehijos.com\/wp-content\/uploads\/2021\/04\/Micropilotes-Son-Vida-1024x765-2-300x224.jpg 300w, https:\/\/amerehijos.com\/wp-content\/uploads\/2021\/04\/Micropilotes-Son-Vida-1024x765-2-768x574.jpg 768w\" sizes=\"(max-width: 825px) 100vw, 825px\" \/><\/a>\n\t\t\t<\/div><\/figure><figure class='gallery-item'>\n\t\t\t<div class='gallery-icon landscape'>\n\t\t\t\t<a data-elementor-open-lightbox=\"yes\" data-elementor-lightbox-slideshow=\"430ce88\" data-elementor-lightbox-title=\"Micropilotes-Camp-de-Mar-1024x768\" data-e-action-hash=\"#elementor-action%3Aaction%3Dlightbox%26settings%3DeyJpZCI6Njg1MCwidXJsIjoiaHR0cHM6XC9cL2FtZXJlaGlqb3MuY29tXC93cC1jb250ZW50XC91cGxvYWRzXC8yMDIxXC8wNFwvTWljcm9waWxvdGVzLUNhbXAtZGUtTWFyLTEwMjR4NzY4LTIuanBnIiwic2xpZGVzaG93IjoiNDMwY2U4OCJ9\" href='https:\/\/amerehijos.com\/wp-content\/uploads\/2021\/04\/Micropilotes-Camp-de-Mar-1024x768-2.jpg'><img decoding=\"async\" width=\"825\" height=\"619\" src=\"https:\/\/amerehijos.com\/wp-content\/uploads\/2021\/04\/Micropilotes-Camp-de-Mar-1024x768-2.jpg\" class=\"attachment-large size-large\" alt=\"\" srcset=\"https:\/\/amerehijos.com\/wp-content\/uploads\/2021\/04\/Micropilotes-Camp-de-Mar-1024x768-2.jpg 1024w, https:\/\/amerehijos.com\/wp-content\/uploads\/2021\/04\/Micropilotes-Camp-de-Mar-1024x768-2-300x225.jpg 300w, https:\/\/amerehijos.com\/wp-content\/uploads\/2021\/04\/Micropilotes-Camp-de-Mar-1024x768-2-768x576.jpg 768w\" sizes=\"(max-width: 825px) 100vw, 825px\" \/><\/a>\n\t\t\t<\/div><\/figure><figure class='gallery-item'>\n\t\t\t<div class='gallery-icon landscape'>\n\t\t\t\t<a data-elementor-open-lightbox=\"yes\" data-elementor-lightbox-slideshow=\"430ce88\" data-elementor-lightbox-title=\"Micropilotajes-web-930x620\" data-e-action-hash=\"#elementor-action%3Aaction%3Dlightbox%26settings%3DeyJpZCI6Njg0NywidXJsIjoiaHR0cHM6XC9cL2FtZXJlaGlqb3MuY29tXC93cC1jb250ZW50XC91cGxvYWRzXC8yMDIxXC8wNFwvTWljcm9waWxvdGFqZXMtd2ViLTkzMHg2MjAtMi5qcGciLCJzbGlkZXNob3ciOiI0MzBjZTg4In0%3D\" href='https:\/\/amerehijos.com\/wp-content\/uploads\/2021\/04\/Micropilotajes-web-930x620-2.jpg'><img decoding=\"async\" width=\"825\" height=\"550\" src=\"https:\/\/amerehijos.com\/wp-content\/uploads\/2021\/04\/Micropilotajes-web-930x620-2.jpg\" class=\"attachment-large size-large\" alt=\"\" srcset=\"https:\/\/amerehijos.com\/wp-content\/uploads\/2021\/04\/Micropilotajes-web-930x620-2.jpg 930w, https:\/\/amerehijos.com\/wp-content\/uploads\/2021\/04\/Micropilotajes-web-930x620-2-300x200.jpg 300w, https:\/\/amerehijos.com\/wp-content\/uploads\/2021\/04\/Micropilotajes-web-930x620-2-768x512.jpg 768w\" sizes=\"(max-width: 825px) 100vw, 825px\" \/><\/a>\n\t\t\t<\/div><\/figure><figure class='gallery-item'>\n\t\t\t<div class='gallery-icon landscape'>\n\t\t\t\t<a data-elementor-open-lightbox=\"yes\" data-elementor-lightbox-slideshow=\"430ce88\" data-elementor-lightbox-title=\"IMG_20191030_123231-1024x768\" data-e-action-hash=\"#elementor-action%3Aaction%3Dlightbox%26settings%3DeyJpZCI6Njg0NCwidXJsIjoiaHR0cHM6XC9cL2FtZXJlaGlqb3MuY29tXC93cC1jb250ZW50XC91cGxvYWRzXC8yMDIxXC8wNFwvSU1HXzIwMTkxMDMwXzEyMzIzMS0xMDI0eDc2OC0yLmpwZyIsInNsaWRlc2hvdyI6IjQzMGNlODgifQ%3D%3D\" href='https:\/\/amerehijos.com\/wp-content\/uploads\/2021\/04\/IMG_20191030_123231-1024x768-2.jpg'><img loading=\"lazy\" decoding=\"async\" width=\"825\" height=\"619\" src=\"https:\/\/amerehijos.com\/wp-content\/uploads\/2021\/04\/IMG_20191030_123231-1024x768-2.jpg\" class=\"attachment-large size-large\" alt=\"\" srcset=\"https:\/\/amerehijos.com\/wp-content\/uploads\/2021\/04\/IMG_20191030_123231-1024x768-2.jpg 1024w, https:\/\/amerehijos.com\/wp-content\/uploads\/2021\/04\/IMG_20191030_123231-1024x768-2-300x225.jpg 300w, https:\/\/amerehijos.com\/wp-content\/uploads\/2021\/04\/IMG_20191030_123231-1024x768-2-768x576.jpg 768w\" sizes=\"(max-width: 825px) 100vw, 825px\" \/><\/a>\n\t\t\t<\/div><\/figure><figure class='gallery-item'>\n\t\t\t<div class='gallery-icon landscape'>\n\t\t\t\t<a data-elementor-open-lightbox=\"yes\" data-elementor-lightbox-slideshow=\"430ce88\" data-elementor-lightbox-title=\"DSC_0208\" data-e-action-hash=\"#elementor-action%3Aaction%3Dlightbox%26settings%3DeyJpZCI6Njg0MSwidXJsIjoiaHR0cHM6XC9cL2FtZXJlaGlqb3MuY29tXC93cC1jb250ZW50XC91cGxvYWRzXC8yMDIxXC8wNFwvRFNDXzAyMDgtMS5qcGciLCJzbGlkZXNob3ciOiI0MzBjZTg4In0%3D\" href='https:\/\/amerehijos.com\/wp-content\/uploads\/2021\/04\/DSC_0208-1.jpg'><img loading=\"lazy\" decoding=\"async\" width=\"825\" height=\"619\" src=\"https:\/\/amerehijos.com\/wp-content\/uploads\/2021\/04\/DSC_0208-1.jpg\" class=\"attachment-large size-large\" alt=\"\" srcset=\"https:\/\/amerehijos.com\/wp-content\/uploads\/2021\/04\/DSC_0208-1.jpg 1024w, https:\/\/amerehijos.com\/wp-content\/uploads\/2021\/04\/DSC_0208-1-300x225.jpg 300w, https:\/\/amerehijos.com\/wp-content\/uploads\/2021\/04\/DSC_0208-1-768x576.jpg 768w\" sizes=\"(max-width: 825px) 100vw, 825px\" \/><\/a>\n\t\t\t<\/div><\/figure><figure class='gallery-item'>\n\t\t\t<div class='gallery-icon landscape'>\n\t\t\t\t<a data-elementor-open-lightbox=\"yes\" data-elementor-lightbox-slideshow=\"430ce88\" data-elementor-lightbox-title=\"016-1-scaled-1-1024x768\" data-e-action-hash=\"#elementor-action%3Aaction%3Dlightbox%26settings%3DeyJpZCI6NjgzOCwidXJsIjoiaHR0cHM6XC9cL2FtZXJlaGlqb3MuY29tXC93cC1jb250ZW50XC91cGxvYWRzXC8yMDIxXC8wNFwvMDE2LTEtc2NhbGVkLTEtMTAyNHg3NjgtMi5qcGciLCJzbGlkZXNob3ciOiI0MzBjZTg4In0%3D\" href='https:\/\/amerehijos.com\/wp-content\/uploads\/2021\/04\/016-1-scaled-1-1024x768-2.jpg'><img loading=\"lazy\" decoding=\"async\" width=\"825\" height=\"619\" src=\"https:\/\/amerehijos.com\/wp-content\/uploads\/2021\/04\/016-1-scaled-1-1024x768-2.jpg\" class=\"attachment-large size-large\" alt=\"\" srcset=\"https:\/\/amerehijos.com\/wp-content\/uploads\/2021\/04\/016-1-scaled-1-1024x768-2.jpg 1024w, https:\/\/amerehijos.com\/wp-content\/uploads\/2021\/04\/016-1-scaled-1-1024x768-2-300x225.jpg 300w, https:\/\/amerehijos.com\/wp-content\/uploads\/2021\/04\/016-1-scaled-1-1024x768-2-768x576.jpg 768w\" sizes=\"(max-width: 825px) 100vw, 825px\" \/><\/a>\n\t\t\t<\/div><\/figure>\n\t\t<\/div>\n\t\t<\/div>\n\t\t\t\t\t\t<\/div>\n\t\t\t\t<\/div>\n\t\t\t\t\t<\/div>\n\t\t<\/div>\n\t\t\t\t\t<\/div>\n\t\t<\/section>\n\t\t\t\t<section class=\"elementor-section elementor-top-section elementor-element elementor-element-4b8eb04 elementor-section-boxed elementor-section-height-default elementor-section-height-default\" data-id=\"4b8eb04\" data-element_type=\"section\" data-e-type=\"section\">\n\t\t\t\t\t\t<div class=\"elementor-container elementor-column-gap-default\">\n\t\t\t\t\t<div class=\"elementor-column elementor-col-100 elementor-top-column elementor-element elementor-element-8524d14\" data-id=\"8524d14\" data-element_type=\"column\" data-e-type=\"column\">\n\t\t\t<div class=\"elementor-widget-wrap elementor-element-populated\">\n\t\t\t\t\t\t<div class=\"elementor-element elementor-element-75ba417 elementor-widget elementor-widget-spacer\" data-id=\"75ba417\" data-element_type=\"widget\" data-e-type=\"widget\" data-widget_type=\"spacer.default\">\n\t\t\t\t<div class=\"elementor-widget-container\">\n\t\t\t\t\t\t\t<div class=\"elementor-spacer\">\n\t\t\t<div class=\"elementor-spacer-inner\"><\/div>\n\t\t<\/div>\n\t\t\t\t\t\t<\/div>\n\t\t\t\t<\/div>\n\t\t\t\t\t<\/div>\n\t\t<\/div>\n\t\t\t\t\t<\/div>\n\t\t<\/section>\n\t\t\t\t<section class=\"elementor-section elementor-top-section elementor-element elementor-element-0b3cca6 elementor-section-boxed elementor-section-height-default elementor-section-height-default\" data-id=\"0b3cca6\" data-element_type=\"section\" data-e-type=\"section\">\n\t\t\t\t\t\t<div class=\"elementor-container elementor-column-gap-default\">\n\t\t\t\t\t<div class=\"elementor-column elementor-col-100 elementor-top-column elementor-element elementor-element-0d073b1\" data-id=\"0d073b1\" data-element_type=\"column\" data-e-type=\"column\">\n\t\t\t<div class=\"elementor-widget-wrap elementor-element-populated\">\n\t\t\t\t\t\t<div class=\"elementor-element elementor-element-fbb83bf elementor-widget elementor-widget-spacer\" data-id=\"fbb83bf\" data-element_type=\"widget\" data-e-type=\"widget\" data-widget_type=\"spacer.default\">\n\t\t\t\t<div class=\"elementor-widget-container\">\n\t\t\t\t\t\t\t<div class=\"elementor-spacer\">\n\t\t\t<div class=\"elementor-spacer-inner\"><\/div>\n\t\t<\/div>\n\t\t\t\t\t\t<\/div>\n\t\t\t\t<\/div>\n\t\t\t\t\t<\/div>\n\t\t<\/div>\n\t\t\t\t\t<\/div>\n\t\t<\/section>\n\t\t\t\t<\/div>\n\t\t","protected":false},"excerpt":{"rendered":"<p>MIKROPFAHLBOHRUNGEN UND SPEZIELLE FUNDAMENTE Bei Amer Obras y Servicios verf\u00fcgen wir \u00fcber ein exzellentes Team von Ingenieuren, die sich auf spezielle Fundamente auf Mallorca spezialisiert haben und die ihre technischen L\u00f6sungen auf unsere Konstruktionen anwenden: Wasserbau, Wohnungsbau, Eisenbahnprojekte, usw. Der Einsatz von Mikropfahltechniken auf Mallorca beispielsweise erm\u00f6glicht es uns, Projekte in jenen Gebieten und Grundst\u00fccken &#8230; <a title=\"MIKROPFAHLBOHRUNGEN UND SPEZIELLE FUNDAMENTE\" class=\"read-more\" href=\"https:\/\/amerehijos.com\/de\/mikropfahlbohrungen-und-spezielle-fundamente\/\" aria-label=\"Read more about MIKROPFAHLBOHRUNGEN UND SPEZIELLE FUNDAMENTE\">Read more<\/a><\/p>\n","protected":false},"author":7,"featured_media":0,"parent":0,"menu_order":0,"comment_status":"closed","ping_status":"closed","template":"elementor_header_footer","meta":{"footnotes":""},"class_list":["post-2611","page","type-page","status-publish"],"_links":{"self":[{"href":"https:\/\/amerehijos.com\/de\/wp-json\/wp\/v2\/pages\/2611","targetHints":{"allow":["GET"]}}],"collection":[{"href":"https:\/\/amerehijos.com\/de\/wp-json\/wp\/v2\/pages"}],"about":[{"href":"https:\/\/amerehijos.com\/de\/wp-json\/wp\/v2\/types\/page"}],"author":[{"embeddable":true,"href":"https:\/\/amerehijos.com\/de\/wp-json\/wp\/v2\/users\/7"}],"replies":[{"embeddable":true,"href":"https:\/\/amerehijos.com\/de\/wp-json\/wp\/v2\/comments?post=2611"}],"version-history":[{"count":0,"href":"https:\/\/amerehijos.com\/de\/wp-json\/wp\/v2\/pages\/2611\/revisions"}],"wp:attachment":[{"href":"https:\/\/amerehijos.com\/de\/wp-json\/wp\/v2\/media?parent=2611"}],"curies":[{"name":"wp","href":"https:\/\/api.w.org\/{rel}","templated":true}]}}