{"id":2606,"date":"2021-01-21T12:48:29","date_gmt":"2021-01-21T11:48:29","guid":{"rendered":"https:\/\/amerehijos.com\/?page_id=2606"},"modified":"2021-08-12T19:50:05","modified_gmt":"2021-08-12T18:50:05","slug":"pflasterung","status":"publish","type":"page","link":"https:\/\/amerehijos.com\/de\/pflasterung\/","title":{"rendered":"PFLASTERUNG"},"content":{"rendered":"\t\t<div data-elementor-type=\"wp-page\" data-elementor-id=\"2606\" class=\"elementor elementor-2606 elementor-1000\" data-elementor-post-type=\"page\">\n\t\t\t\t\t\t<section class=\"elementor-section elementor-top-section elementor-element elementor-element-e2877f1 elementor-section-boxed elementor-section-height-default elementor-section-height-default\" data-id=\"e2877f1\" data-element_type=\"section\" data-e-type=\"section\">\n\t\t\t\t\t\t<div class=\"elementor-container elementor-column-gap-default\">\n\t\t\t\t\t<div class=\"elementor-column elementor-col-100 elementor-top-column elementor-element elementor-element-c9781a0\" data-id=\"c9781a0\" data-element_type=\"column\" data-e-type=\"column\">\n\t\t\t<div class=\"elementor-widget-wrap elementor-element-populated\">\n\t\t\t\t\t\t<div class=\"elementor-element elementor-element-2d6e0d2 elementor-widget elementor-widget-shortcode\" data-id=\"2d6e0d2\" data-element_type=\"widget\" data-e-type=\"widget\" data-widget_type=\"shortcode.default\">\n\t\t\t\t<div class=\"elementor-widget-container\">\n\t\t\t\t\t\t\t<div class=\"elementor-shortcode\">\n<\/div>\n\t\t\t\t\t\t<\/div>\n\t\t\t\t<\/div>\n\t\t\t\t\t<\/div>\n\t\t<\/div>\n\t\t\t\t\t<\/div>\n\t\t<\/section>\n\t\t\t\t<section class=\"elementor-section elementor-top-section elementor-element elementor-element-17e1f11 elementor-section-boxed elementor-section-height-default elementor-section-height-default\" data-id=\"17e1f11\" data-element_type=\"section\" data-e-type=\"section\">\n\t\t\t\t\t\t<div class=\"elementor-container elementor-column-gap-default\">\n\t\t\t\t\t<div class=\"elementor-column elementor-col-100 elementor-top-column elementor-element elementor-element-372c5d4\" data-id=\"372c5d4\" data-element_type=\"column\" data-e-type=\"column\">\n\t\t\t<div class=\"elementor-widget-wrap elementor-element-populated\">\n\t\t\t\t\t\t<div class=\"elementor-element elementor-element-71eb0ea elementor-widget elementor-widget-spacer\" data-id=\"71eb0ea\" data-element_type=\"widget\" data-e-type=\"widget\" data-widget_type=\"spacer.default\">\n\t\t\t\t<div class=\"elementor-widget-container\">\n\t\t\t\t\t\t\t<div class=\"elementor-spacer\">\n\t\t\t<div class=\"elementor-spacer-inner\"><\/div>\n\t\t<\/div>\n\t\t\t\t\t\t<\/div>\n\t\t\t\t<\/div>\n\t\t\t\t\t<\/div>\n\t\t<\/div>\n\t\t\t\t\t<\/div>\n\t\t<\/section>\n\t\t\t\t<section class=\"elementor-section elementor-top-section elementor-element elementor-element-11d208a elementor-section-boxed elementor-section-height-default elementor-section-height-default\" data-id=\"11d208a\" data-element_type=\"section\" data-e-type=\"section\">\n\t\t\t\t\t\t<div class=\"elementor-container elementor-column-gap-default\">\n\t\t\t\t\t<div class=\"elementor-column elementor-col-50 elementor-top-column elementor-element elementor-element-219ff88\" data-id=\"219ff88\" data-element_type=\"column\" data-e-type=\"column\">\n\t\t\t<div class=\"elementor-widget-wrap elementor-element-populated\">\n\t\t\t\t\t\t<div class=\"elementor-element elementor-element-82f9df8 elementor-widget elementor-widget-text-editor\" data-id=\"82f9df8\" data-element_type=\"widget\" data-e-type=\"widget\" data-widget_type=\"text-editor.default\">\n\t\t\t\t<div class=\"elementor-widget-container\">\n\t\t\t\t\t\t\t\t\t<h1>PAVING<\/h1><p>Bei Amer haben wir die technische Kapazit\u00e4t, Pflaster- und Asphaltierungsarbeiten an allen Arten von Stra\u00dfen auf Mallorca und den Balearen durchzuf\u00fchren. Von Autobahnen und Schnellstra\u00dfen bis hin zu Privatwegen, \u00fcber oberirdische Parkpl\u00e4tze, Stra\u00dfen, Landebahnen von Flugh\u00e4fen, etc. Amer e Hijos verf\u00fcgt \u00fcber eine eigene Produktionsst\u00e4tte auf Mallorca, die unter garantierten Qualit\u00e4tsniveaus arbeitet und zu einem Aktivposten wird, der die Ausf\u00fchrung der Projekte sowohl in Bezug auf Koordinationsfragen, die es uns erlauben, die Ausf\u00fchrungsfristen maximal anzupassen, als auch in Bezug auf streng budget\u00e4re Fragen erleichtert.<\/p><h2>Stra\u00dfen und Verkehrswege Agglomerat<\/h2><p>Unsere Erfahrung in der Welt der Bauarbeiten, und speziell in der Ausf\u00fchrung von Stra\u00dfeninfrastrukturen auf Mallorca und den Balearen, hat zu einer spezialisierten Arbeit von Agglomerat gef\u00fchrt. Amer ist eine Referenz bei der Asphaltierung von Stra\u00dfen, Wegen, Landstra\u00dfen und Grundst\u00fcckszufahrten auf Mallorca. Wir verf\u00fcgen \u00fcber den spezifischen Maschinenpark, um die anspruchsvollsten Auftr\u00e4ge auszuf\u00fchren, sowohl im privaten als auch im \u00f6ffentlichen Bereich. Wir haben verschiedene Ausf\u00fchrungen, die Ihrem Budget entsprechen.<\/p>\t\t\t\t\t\t\t\t<\/div>\n\t\t\t\t<\/div>\n\t\t\t\t\t<\/div>\n\t\t<\/div>\n\t\t\t\t<div class=\"elementor-column elementor-col-50 elementor-top-column elementor-element elementor-element-7e5068b\" data-id=\"7e5068b\" data-element_type=\"column\" data-e-type=\"column\">\n\t\t\t<div class=\"elementor-widget-wrap elementor-element-populated\">\n\t\t\t\t\t\t<div class=\"elementor-element elementor-element-dfe8004 elementor-widget elementor-widget-image\" data-id=\"dfe8004\" data-element_type=\"widget\" data-e-type=\"widget\" data-widget_type=\"image.default\">\n\t\t\t\t<div class=\"elementor-widget-container\">\n\t\t\t\t\t\t\t\t\t\t\t\t\t\t\t<img fetchpriority=\"high\" decoding=\"async\" width=\"825\" height=\"619\" src=\"https:\/\/amerehijos.com\/wp-content\/uploads\/2020\/12\/Asfalto-pulido.jpg\" class=\"attachment-large size-large wp-image-1658\" alt=\"\" srcset=\"https:\/\/amerehijos.com\/wp-content\/uploads\/2020\/12\/Asfalto-pulido.jpg 1024w, https:\/\/amerehijos.com\/wp-content\/uploads\/2020\/12\/Asfalto-pulido-300x225.jpg 300w, https:\/\/amerehijos.com\/wp-content\/uploads\/2020\/12\/Asfalto-pulido-768x576.jpg 768w\" sizes=\"(max-width: 825px) 100vw, 825px\" \/>\t\t\t\t\t\t\t\t\t\t\t\t\t\t\t<\/div>\n\t\t\t\t<\/div>\n\t\t\t\t<div class=\"elementor-element elementor-element-add3822 elementor-widget elementor-widget-image\" data-id=\"add3822\" data-element_type=\"widget\" data-e-type=\"widget\" data-widget_type=\"image.default\">\n\t\t\t\t<div class=\"elementor-widget-container\">\n\t\t\t\t\t\t\t\t\t\t\t\t\t\t\t<img decoding=\"async\" width=\"825\" height=\"619\" src=\"https:\/\/amerehijos.com\/wp-content\/uploads\/2020\/12\/Aglomerado-1024x768.jpg\" class=\"attachment-large size-large wp-image-1656\" alt=\"\" srcset=\"https:\/\/amerehijos.com\/wp-content\/uploads\/2020\/12\/Aglomerado-1024x768.jpg 1024w, https:\/\/amerehijos.com\/wp-content\/uploads\/2020\/12\/Aglomerado-300x225.jpg 300w, https:\/\/amerehijos.com\/wp-content\/uploads\/2020\/12\/Aglomerado-768x576.jpg 768w, https:\/\/amerehijos.com\/wp-content\/uploads\/2020\/12\/Aglomerado-1536x1153.jpg 1536w, https:\/\/amerehijos.com\/wp-content\/uploads\/2020\/12\/Aglomerado.jpg 1599w\" sizes=\"(max-width: 825px) 100vw, 825px\" \/>\t\t\t\t\t\t\t\t\t\t\t\t\t\t\t<\/div>\n\t\t\t\t<\/div>\n\t\t\t\t\t<\/div>\n\t\t<\/div>\n\t\t\t\t\t<\/div>\n\t\t<\/section>\n\t\t\t\t<section class=\"elementor-section elementor-top-section elementor-element elementor-element-679a378 elementor-section-boxed elementor-section-height-default elementor-section-height-default\" data-id=\"679a378\" data-element_type=\"section\" data-e-type=\"section\">\n\t\t\t\t\t\t<div class=\"elementor-container elementor-column-gap-default\">\n\t\t\t\t\t<div class=\"elementor-column elementor-col-100 elementor-top-column elementor-element elementor-element-c87e479\" data-id=\"c87e479\" data-element_type=\"column\" data-e-type=\"column\">\n\t\t\t<div class=\"elementor-widget-wrap elementor-element-populated\">\n\t\t\t\t\t\t<div class=\"elementor-element elementor-element-d913d99 elementor-widget elementor-widget-spacer\" data-id=\"d913d99\" data-element_type=\"widget\" data-e-type=\"widget\" data-widget_type=\"spacer.default\">\n\t\t\t\t<div class=\"elementor-widget-container\">\n\t\t\t\t\t\t\t<div class=\"elementor-spacer\">\n\t\t\t<div class=\"elementor-spacer-inner\"><\/div>\n\t\t<\/div>\n\t\t\t\t\t\t<\/div>\n\t\t\t\t<\/div>\n\t\t\t\t<div class=\"elementor-element elementor-element-37ec7d3 elementor-widget elementor-widget-text-editor\" data-id=\"37ec7d3\" data-element_type=\"widget\" data-e-type=\"widget\" data-widget_type=\"text-editor.default\">\n\t\t\t\t<div class=\"elementor-widget-container\">\n\t\t\t\t\t\t\t\t\t<h2>Stra\u00dfen und Autobahnbel\u00e4ge<\/h2><p><span style=\"font-weight: 400;\">Unsere Erfahrung in der Welt der Ingenieurbauwerke, insbesondere bei der Umsetzung von <\/span><span style=\"font-weight: 400;\">Stra\u00dfeninfrastrukturen<\/span> <span style=\"font-weight: 400;\">auf Mallorca und den Balearen, hat zu einer spezialisierten Belagsarbeit gef\u00fchrt. Amer geh\u00f6rt zu den f\u00fchrenden Asphaltierern von Stra\u00dfen, Wegen, Feldwegen und Zufahrten zu Bauernh\u00f6fen auf Mallorca. Wir verf\u00fcgen \u00fcber die spezifischen Maschinen, um Arbeiten mit h\u00f6chsten Anspr\u00fcchen auszuf\u00fchren, sowohl im privaten als auch im \u00f6ffentlichen Bereich. Wir haben verschiedene Ausf\u00fchrungen, um Ihrem Budget gerecht zu werden.\u00a0<\/span><\/p><h2>Geschliffener Asphalt<\/h2><p><span style=\"font-weight: 400;\">Bei Amer haben wir die notwendigen Maschinen, um auf Mallorca geschliffene Asphaltb\u00f6den herzustellen. Wir sind auch in der Lage, farbiges Mischgut herzustellen. Wenn wir beide Verfahren kombinieren, k\u00f6nnen wir spektakul\u00e4re Ergebnisse erzielen, die dem neuen Mischgut, poliert oder gedruckt, einen modernen Aspekt verleihen.<\/span><\/p><h2>Betonpflasterung<\/h2><p><span style=\"font-weight: 400;\">Betonb\u00f6den haben viele Vorteile in Bezug auf Haltbarkeit und Pflege, weshalb wir sie besonders empfehlen. Bei Amer e Hijos verf\u00fcgen wir \u00fcber ein Team, das f\u00fcr die Herstellung aller Arten von Betonb\u00f6den und deren m\u00f6gliche Veredelungen ausgebildet ist.<\/span><\/p><p><span style=\"font-weight: 400;\">Spezielle Pflasterungen<\/span><\/p><p><span style=\"font-weight: 400;\">Sie ben\u00f6tigen einen speziellen Boden, bei Amer k\u00f6nnen wir jede Art von Boden herstellen, kontaktieren Sie uns unter Angabe Ihrer Bed\u00fcrfnisse und wir machen Ihnen einen Kostenvoranschlag.<\/span><\/p>\t\t\t\t\t\t\t\t<\/div>\n\t\t\t\t<\/div>\n\t\t\t\t<div class=\"elementor-element elementor-element-570b33a elementor-widget elementor-widget-image\" data-id=\"570b33a\" data-element_type=\"widget\" data-e-type=\"widget\" data-widget_type=\"image.default\">\n\t\t\t\t<div class=\"elementor-widget-container\">\n\t\t\t\t\t\t\t\t\t\t\t\t\t\t\t<img decoding=\"async\" width=\"825\" height=\"619\" src=\"https:\/\/amerehijos.com\/wp-content\/uploads\/2020\/12\/Asfalto-de-color-1024x768.jpg\" class=\"attachment-large size-large wp-image-1657\" alt=\"\" srcset=\"https:\/\/amerehijos.com\/wp-content\/uploads\/2020\/12\/Asfalto-de-color-1024x768.jpg 1024w, https:\/\/amerehijos.com\/wp-content\/uploads\/2020\/12\/Asfalto-de-color-300x225.jpg 300w, https:\/\/amerehijos.com\/wp-content\/uploads\/2020\/12\/Asfalto-de-color-768x576.jpg 768w, https:\/\/amerehijos.com\/wp-content\/uploads\/2020\/12\/Asfalto-de-color-1536x1152.jpg 1536w, https:\/\/amerehijos.com\/wp-content\/uploads\/2020\/12\/Asfalto-de-color.jpg 1600w\" sizes=\"(max-width: 825px) 100vw, 825px\" \/>\t\t\t\t\t\t\t\t\t\t\t\t\t\t\t<\/div>\n\t\t\t\t<\/div>\n\t\t\t\t\t<\/div>\n\t\t<\/div>\n\t\t\t\t\t<\/div>\n\t\t<\/section>\n\t\t\t\t<section class=\"elementor-section elementor-top-section elementor-element elementor-element-ca400ca elementor-section-boxed elementor-section-height-default elementor-section-height-default\" data-id=\"ca400ca\" data-element_type=\"section\" data-e-type=\"section\">\n\t\t\t\t\t\t<div class=\"elementor-container elementor-column-gap-default\">\n\t\t\t\t\t<div class=\"elementor-column elementor-col-100 elementor-top-column elementor-element elementor-element-e97ec4f\" data-id=\"e97ec4f\" data-element_type=\"column\" data-e-type=\"column\">\n\t\t\t<div class=\"elementor-widget-wrap elementor-element-populated\">\n\t\t\t\t\t\t<div class=\"elementor-element elementor-element-07fdd84 elementor-widget elementor-widget-spacer\" data-id=\"07fdd84\" data-element_type=\"widget\" data-e-type=\"widget\" data-widget_type=\"spacer.default\">\n\t\t\t\t<div class=\"elementor-widget-container\">\n\t\t\t\t\t\t\t<div class=\"elementor-spacer\">\n\t\t\t<div class=\"elementor-spacer-inner\"><\/div>\n\t\t<\/div>\n\t\t\t\t\t\t<\/div>\n\t\t\t\t<\/div>\n\t\t\t\t\t<\/div>\n\t\t<\/div>\n\t\t\t\t\t<\/div>\n\t\t<\/section>\n\t\t\t\t<\/div>\n\t\t","protected":false},"excerpt":{"rendered":"<p>PAVING Bei Amer haben wir die technische Kapazit\u00e4t, Pflaster- und Asphaltierungsarbeiten an allen Arten von Stra\u00dfen auf Mallorca und den Balearen durchzuf\u00fchren. Von Autobahnen und Schnellstra\u00dfen bis hin zu Privatwegen, \u00fcber oberirdische Parkpl\u00e4tze, Stra\u00dfen, Landebahnen von Flugh\u00e4fen, etc. Amer e Hijos verf\u00fcgt \u00fcber eine eigene Produktionsst\u00e4tte auf Mallorca, die unter garantierten Qualit\u00e4tsniveaus arbeitet und zu &#8230; <a title=\"PFLASTERUNG\" class=\"read-more\" href=\"https:\/\/amerehijos.com\/de\/pflasterung\/\" aria-label=\"Read more about PFLASTERUNG\">Read more<\/a><\/p>\n","protected":false},"author":7,"featured_media":0,"parent":0,"menu_order":0,"comment_status":"closed","ping_status":"closed","template":"elementor_header_footer","meta":{"footnotes":""},"class_list":["post-2606","page","type-page","status-publish"],"_links":{"self":[{"href":"https:\/\/amerehijos.com\/de\/wp-json\/wp\/v2\/pages\/2606","targetHints":{"allow":["GET"]}}],"collection":[{"href":"https:\/\/amerehijos.com\/de\/wp-json\/wp\/v2\/pages"}],"about":[{"href":"https:\/\/amerehijos.com\/de\/wp-json\/wp\/v2\/types\/page"}],"author":[{"embeddable":true,"href":"https:\/\/amerehijos.com\/de\/wp-json\/wp\/v2\/users\/7"}],"replies":[{"embeddable":true,"href":"https:\/\/amerehijos.com\/de\/wp-json\/wp\/v2\/comments?post=2606"}],"version-history":[{"count":0,"href":"https:\/\/amerehijos.com\/de\/wp-json\/wp\/v2\/pages\/2606\/revisions"}],"wp:attachment":[{"href":"https:\/\/amerehijos.com\/de\/wp-json\/wp\/v2\/media?parent=2606"}],"curies":[{"name":"wp","href":"https:\/\/api.w.org\/{rel}","templated":true}]}}