{"id":2601,"date":"2021-01-21T12:46:53","date_gmt":"2021-01-21T11:46:53","guid":{"rendered":"https:\/\/amerehijos.com\/?page_id=2601"},"modified":"2021-04-09T13:56:07","modified_gmt":"2021-04-09T12:56:07","slug":"abbruch-und-abrissarbeiten","status":"publish","type":"page","link":"https:\/\/amerehijos.com\/de\/abbruch-und-abrissarbeiten\/","title":{"rendered":"ABBRUCH- UND ABRISSARBEITEN"},"content":{"rendered":"\t\t<div data-elementor-type=\"wp-page\" data-elementor-id=\"2601\" class=\"elementor elementor-2601 elementor-994\" data-elementor-post-type=\"page\">\n\t\t\t\t\t\t<section class=\"elementor-section elementor-top-section elementor-element elementor-element-68a8855 elementor-section-boxed elementor-section-height-default elementor-section-height-default\" data-id=\"68a8855\" data-element_type=\"section\" data-e-type=\"section\">\n\t\t\t\t\t\t<div class=\"elementor-container elementor-column-gap-default\">\n\t\t\t\t\t<div class=\"elementor-column elementor-col-100 elementor-top-column elementor-element elementor-element-2c2a189\" data-id=\"2c2a189\" data-element_type=\"column\" data-e-type=\"column\">\n\t\t\t<div class=\"elementor-widget-wrap elementor-element-populated\">\n\t\t\t\t\t\t<div class=\"elementor-element elementor-element-bc42835 elementor-widget elementor-widget-shortcode\" data-id=\"bc42835\" data-element_type=\"widget\" data-e-type=\"widget\" data-widget_type=\"shortcode.default\">\n\t\t\t\t<div class=\"elementor-widget-container\">\n\t\t\t\t\t\t\t<div class=\"elementor-shortcode\">\n<\/div>\n\t\t\t\t\t\t<\/div>\n\t\t\t\t<\/div>\n\t\t\t\t\t<\/div>\n\t\t<\/div>\n\t\t\t\t\t<\/div>\n\t\t<\/section>\n\t\t\t\t<section class=\"elementor-section elementor-top-section elementor-element elementor-element-cfb7315 elementor-section-boxed elementor-section-height-default elementor-section-height-default\" data-id=\"cfb7315\" data-element_type=\"section\" data-e-type=\"section\">\n\t\t\t\t\t\t<div class=\"elementor-container elementor-column-gap-default\">\n\t\t\t\t\t<div class=\"elementor-column elementor-col-100 elementor-top-column elementor-element elementor-element-1b51eb3\" data-id=\"1b51eb3\" data-element_type=\"column\" data-e-type=\"column\">\n\t\t\t<div class=\"elementor-widget-wrap elementor-element-populated\">\n\t\t\t\t\t\t<div class=\"elementor-element elementor-element-53892d0 elementor-widget elementor-widget-spacer\" data-id=\"53892d0\" data-element_type=\"widget\" data-e-type=\"widget\" data-widget_type=\"spacer.default\">\n\t\t\t\t<div class=\"elementor-widget-container\">\n\t\t\t\t\t\t\t<div class=\"elementor-spacer\">\n\t\t\t<div class=\"elementor-spacer-inner\"><\/div>\n\t\t<\/div>\n\t\t\t\t\t\t<\/div>\n\t\t\t\t<\/div>\n\t\t\t\t\t<\/div>\n\t\t<\/div>\n\t\t\t\t\t<\/div>\n\t\t<\/section>\n\t\t\t\t<section class=\"elementor-section elementor-top-section elementor-element elementor-element-9055778 elementor-section-boxed elementor-section-height-default elementor-section-height-default\" data-id=\"9055778\" data-element_type=\"section\" data-e-type=\"section\">\n\t\t\t\t\t\t<div class=\"elementor-container elementor-column-gap-default\">\n\t\t\t\t\t<div class=\"elementor-column elementor-col-50 elementor-top-column elementor-element elementor-element-d74484c\" data-id=\"d74484c\" data-element_type=\"column\" data-e-type=\"column\">\n\t\t\t<div class=\"elementor-widget-wrap elementor-element-populated\">\n\t\t\t\t\t\t<div class=\"elementor-element elementor-element-e684fa5 elementor-widget elementor-widget-text-editor\" data-id=\"e684fa5\" data-element_type=\"widget\" data-e-type=\"widget\" data-widget_type=\"text-editor.default\">\n\t\t\t\t<div class=\"elementor-widget-container\">\n\t\t\t\t\t\t\t\t\t<h1>ABBRUCH- UND ABRISSARBEITEN<\/h1><p><span style=\"font-weight: 400;\">Wir bei Amer sind Spezialisten f\u00fcr Abriss- und Abbrucharbeiten auf Mallorca. Da es sich um eine sehr anspruchsvolle Arbeit handelt, die ein mehr als beachtliches Ma\u00df an Professionalit\u00e4t erfordert, ben\u00f6tigen wir Ger\u00e4te, Techniker und moderne Maschinen, die wir bei Amer unseren Kunden zur Verf\u00fcgung stellen.\u00a0<\/span><\/p><p><span style=\"font-weight: 400;\">Bei Amer haben wir viele Abriss- und Abbrucharbeiten auf Mallorca durchgef\u00fchrt, wodurch wir \u00fcber eine gro\u00dfe Erfahrung in dieser Art von Arbeiten verf\u00fcgen. Wir stellen auch sicher, dass wir einen kompletten Service bieten, wobei wir stets die Fristen einhalten und auf technische Schwierigkeiten reagieren.<\/span><\/p><p><span style=\"font-weight: 400;\">Wir verf\u00fcgen \u00fcber die modernste Ausr\u00fcstung f\u00fcr Abriss- und Abbrucharbeiten auf Mallorca durch Kompression, Schneidverfahren und Ersch\u00fctterung mit Sicherheitsgarantie f\u00fcr Menschen und f\u00fcr die umliegenden Geb\u00e4ude. All dies wird von einem Team aus Technikern, Managern und Spezialmaschinen unterst\u00fctzt.<\/span><\/p>\t\t\t\t\t\t\t\t<\/div>\n\t\t\t\t<\/div>\n\t\t\t\t\t<\/div>\n\t\t<\/div>\n\t\t\t\t<div class=\"elementor-column elementor-col-50 elementor-top-column elementor-element elementor-element-1f1768b\" data-id=\"1f1768b\" data-element_type=\"column\" data-e-type=\"column\">\n\t\t\t<div class=\"elementor-widget-wrap elementor-element-populated\">\n\t\t\t\t\t\t<div class=\"elementor-element elementor-element-e32088b gallery-spacing-custom elementor-widget elementor-widget-image-gallery\" data-id=\"e32088b\" data-element_type=\"widget\" data-e-type=\"widget\" id=\"derribo\" data-widget_type=\"image-gallery.default\">\n\t\t\t\t<div class=\"elementor-widget-container\">\n\t\t\t\t\t\t\t<div class=\"elementor-image-gallery\">\n\t\t\t<div id='gallery-1' class='gallery galleryid-2601 gallery-columns-2 gallery-size-large'><figure class='gallery-item'>\n\t\t\t<div class='gallery-icon landscape'>\n\t\t\t\t<a data-elementor-open-lightbox=\"yes\" data-elementor-lightbox-slideshow=\"e32088b\" data-elementor-lightbox-title=\"IMG_2052-1024x768\" data-e-action-hash=\"#elementor-action%3Aaction%3Dlightbox%26settings%3DeyJpZCI6NjgxMSwidXJsIjoiaHR0cHM6XC9cL2FtZXJlaGlqb3MuY29tXC93cC1jb250ZW50XC91cGxvYWRzXC8yMDIxXC8wNFwvSU1HXzIwNTItMTAyNHg3NjgtMi5qcGciLCJzbGlkZXNob3ciOiJlMzIwODhiIn0%3D\" href='https:\/\/amerehijos.com\/wp-content\/uploads\/2021\/04\/IMG_2052-1024x768-2.jpg'><img fetchpriority=\"high\" decoding=\"async\" width=\"825\" height=\"619\" src=\"https:\/\/amerehijos.com\/wp-content\/uploads\/2021\/04\/IMG_2052-1024x768-2.jpg\" class=\"attachment-large size-large\" alt=\"Residuos de demolicion\" srcset=\"https:\/\/amerehijos.com\/wp-content\/uploads\/2021\/04\/IMG_2052-1024x768-2.jpg 1024w, https:\/\/amerehijos.com\/wp-content\/uploads\/2021\/04\/IMG_2052-1024x768-2-300x225.jpg 300w, https:\/\/amerehijos.com\/wp-content\/uploads\/2021\/04\/IMG_2052-1024x768-2-768x576.jpg 768w\" sizes=\"(max-width: 825px) 100vw, 825px\" \/><\/a>\n\t\t\t<\/div><\/figure><figure class='gallery-item'>\n\t\t\t<div class='gallery-icon landscape'>\n\t\t\t\t<a data-elementor-open-lightbox=\"yes\" data-elementor-lightbox-slideshow=\"e32088b\" data-elementor-lightbox-title=\"Imagen-030-WEB\" data-e-action-hash=\"#elementor-action%3Aaction%3Dlightbox%26settings%3DeyJpZCI6NjgwOCwidXJsIjoiaHR0cHM6XC9cL2FtZXJlaGlqb3MuY29tXC93cC1jb250ZW50XC91cGxvYWRzXC8yMDIxXC8wNFwvSW1hZ2VuLTAzMC1XRUItMS5qcGciLCJzbGlkZXNob3ciOiJlMzIwODhiIn0%3D\" href='https:\/\/amerehijos.com\/wp-content\/uploads\/2021\/04\/Imagen-030-WEB-1.jpg'><img decoding=\"async\" width=\"825\" height=\"619\" src=\"https:\/\/amerehijos.com\/wp-content\/uploads\/2021\/04\/Imagen-030-WEB-1-1024x768.jpg\" class=\"attachment-large size-large\" alt=\"\" srcset=\"https:\/\/amerehijos.com\/wp-content\/uploads\/2021\/04\/Imagen-030-WEB-1-1024x768.jpg 1024w, https:\/\/amerehijos.com\/wp-content\/uploads\/2021\/04\/Imagen-030-WEB-1-300x225.jpg 300w, https:\/\/amerehijos.com\/wp-content\/uploads\/2021\/04\/Imagen-030-WEB-1-768x576.jpg 768w, https:\/\/amerehijos.com\/wp-content\/uploads\/2021\/04\/Imagen-030-WEB-1-1536x1152.jpg 1536w, https:\/\/amerehijos.com\/wp-content\/uploads\/2021\/04\/Imagen-030-WEB-1.jpg 1600w\" sizes=\"(max-width: 825px) 100vw, 825px\" \/><\/a>\n\t\t\t<\/div><\/figure><figure class='gallery-item'>\n\t\t\t<div class='gallery-icon landscape'>\n\t\t\t\t<a data-elementor-open-lightbox=\"yes\" data-elementor-lightbox-slideshow=\"e32088b\" data-elementor-lightbox-title=\"MAZMEN FOTOGRAFIA C.B.\rC\/ EDUARDO DATO N\u00ba 3\r07.010 - PALMA DE MALLORCA\" data-e-action-hash=\"#elementor-action%3Aaction%3Dlightbox%26settings%3DeyJpZCI6NjgwMiwidXJsIjoiaHR0cHM6XC9cL2FtZXJlaGlqb3MuY29tXC93cC1jb250ZW50XC91cGxvYWRzXC8yMDIxXC8wNFwvNTI2MzQtTUFaTUVOMy05MzB4NjIwLTIuanBnIiwic2xpZGVzaG93IjoiZTMyMDg4YiJ9\" href='https:\/\/amerehijos.com\/wp-content\/uploads\/2021\/04\/52634-MAZMEN3-930x620-2.jpg'><img decoding=\"async\" width=\"825\" height=\"550\" src=\"https:\/\/amerehijos.com\/wp-content\/uploads\/2021\/04\/52634-MAZMEN3-930x620-2.jpg\" class=\"attachment-large size-large\" alt=\"\" srcset=\"https:\/\/amerehijos.com\/wp-content\/uploads\/2021\/04\/52634-MAZMEN3-930x620-2.jpg 930w, https:\/\/amerehijos.com\/wp-content\/uploads\/2021\/04\/52634-MAZMEN3-930x620-2-300x200.jpg 300w, https:\/\/amerehijos.com\/wp-content\/uploads\/2021\/04\/52634-MAZMEN3-930x620-2-768x512.jpg 768w\" sizes=\"(max-width: 825px) 100vw, 825px\" \/><\/a>\n\t\t\t<\/div><\/figure><figure class='gallery-item'>\n\t\t\t<div class='gallery-icon landscape'>\n\t\t\t\t<a data-elementor-open-lightbox=\"yes\" data-elementor-lightbox-slideshow=\"e32088b\" data-elementor-lightbox-title=\"MAZMEN FOTOGRAFIA C.B.\rC\/ EDUARDO DATO N\u00ba 3\r07.010 - PALMA DE MALLORCA\" data-e-action-hash=\"#elementor-action%3Aaction%3Dlightbox%26settings%3DeyJpZCI6Njc5OSwidXJsIjoiaHR0cHM6XC9cL2FtZXJlaGlqb3MuY29tXC93cC1jb250ZW50XC91cGxvYWRzXC8yMDIxXC8wNFwvNDc4NjctTUFaTUVOMy05MzB4NjIwLTIuanBnIiwic2xpZGVzaG93IjoiZTMyMDg4YiJ9\" href='https:\/\/amerehijos.com\/wp-content\/uploads\/2021\/04\/47867-MAZMEN3-930x620-2.jpg'><img loading=\"lazy\" decoding=\"async\" width=\"825\" height=\"550\" src=\"https:\/\/amerehijos.com\/wp-content\/uploads\/2021\/04\/47867-MAZMEN3-930x620-2.jpg\" class=\"attachment-large size-large\" alt=\"\" srcset=\"https:\/\/amerehijos.com\/wp-content\/uploads\/2021\/04\/47867-MAZMEN3-930x620-2.jpg 930w, https:\/\/amerehijos.com\/wp-content\/uploads\/2021\/04\/47867-MAZMEN3-930x620-2-300x200.jpg 300w, https:\/\/amerehijos.com\/wp-content\/uploads\/2021\/04\/47867-MAZMEN3-930x620-2-768x512.jpg 768w\" sizes=\"(max-width: 825px) 100vw, 825px\" \/><\/a>\n\t\t\t<\/div><\/figure><figure class='gallery-item'>\n\t\t\t<div class='gallery-icon portrait'>\n\t\t\t\t<a data-elementor-open-lightbox=\"yes\" data-elementor-lightbox-slideshow=\"e32088b\" data-elementor-lightbox-title=\"09022011022-768x1024\" data-e-action-hash=\"#elementor-action%3Aaction%3Dlightbox%26settings%3DeyJpZCI6NjgwNSwidXJsIjoiaHR0cHM6XC9cL2FtZXJlaGlqb3MuY29tXC93cC1jb250ZW50XC91cGxvYWRzXC8yMDIxXC8wNFwvMDkwMjIwMTEwMjItNzY4eDEwMjQtMi5qcGciLCJzbGlkZXNob3ciOiJlMzIwODhiIn0%3D\" data-elementor-lightbox-description=\"Demolicion de un edificio de viviendas\" href='https:\/\/amerehijos.com\/wp-content\/uploads\/2021\/04\/09022011022-768x1024-2.jpg'><img loading=\"lazy\" decoding=\"async\" width=\"768\" height=\"1024\" src=\"https:\/\/amerehijos.com\/wp-content\/uploads\/2021\/04\/09022011022-768x1024-2.jpg\" class=\"attachment-large size-large\" alt=\"\" srcset=\"https:\/\/amerehijos.com\/wp-content\/uploads\/2021\/04\/09022011022-768x1024-2.jpg 768w, https:\/\/amerehijos.com\/wp-content\/uploads\/2021\/04\/09022011022-768x1024-2-225x300.jpg 225w\" sizes=\"(max-width: 768px) 100vw, 768px\" \/><\/a>\n\t\t\t<\/div><\/figure>\n\t\t<\/div>\n\t\t<\/div>\n\t\t\t\t\t\t<\/div>\n\t\t\t\t<\/div>\n\t\t\t\t\t<\/div>\n\t\t<\/div>\n\t\t\t\t\t<\/div>\n\t\t<\/section>\n\t\t\t\t<section class=\"elementor-section elementor-top-section elementor-element elementor-element-85eeb72 elementor-section-boxed elementor-section-height-default elementor-section-height-default\" data-id=\"85eeb72\" data-element_type=\"section\" data-e-type=\"section\">\n\t\t\t\t\t\t<div class=\"elementor-container elementor-column-gap-default\">\n\t\t\t\t\t<div class=\"elementor-column elementor-col-100 elementor-top-column elementor-element elementor-element-1c16ec9\" data-id=\"1c16ec9\" data-element_type=\"column\" data-e-type=\"column\">\n\t\t\t<div class=\"elementor-widget-wrap elementor-element-populated\">\n\t\t\t\t\t\t<div class=\"elementor-element elementor-element-cc58cea elementor-widget elementor-widget-spacer\" data-id=\"cc58cea\" data-element_type=\"widget\" data-e-type=\"widget\" data-widget_type=\"spacer.default\">\n\t\t\t\t<div class=\"elementor-widget-container\">\n\t\t\t\t\t\t\t<div class=\"elementor-spacer\">\n\t\t\t<div class=\"elementor-spacer-inner\"><\/div>\n\t\t<\/div>\n\t\t\t\t\t\t<\/div>\n\t\t\t\t<\/div>\n\t\t\t\t\t<\/div>\n\t\t<\/div>\n\t\t\t\t\t<\/div>\n\t\t<\/section>\n\t\t\t\t<section class=\"elementor-section elementor-top-section elementor-element elementor-element-0b39d49 elementor-section-boxed elementor-section-height-default elementor-section-height-default\" data-id=\"0b39d49\" data-element_type=\"section\" data-e-type=\"section\">\n\t\t\t\t\t\t<div class=\"elementor-container elementor-column-gap-default\">\n\t\t\t\t\t<div class=\"elementor-column elementor-col-100 elementor-top-column elementor-element elementor-element-533ea85\" data-id=\"533ea85\" data-element_type=\"column\" data-e-type=\"column\">\n\t\t\t<div class=\"elementor-widget-wrap elementor-element-populated\">\n\t\t\t\t\t\t<div class=\"elementor-element elementor-element-44d9763 elementor-widget elementor-widget-spacer\" data-id=\"44d9763\" data-element_type=\"widget\" data-e-type=\"widget\" data-widget_type=\"spacer.default\">\n\t\t\t\t<div class=\"elementor-widget-container\">\n\t\t\t\t\t\t\t<div class=\"elementor-spacer\">\n\t\t\t<div class=\"elementor-spacer-inner\"><\/div>\n\t\t<\/div>\n\t\t\t\t\t\t<\/div>\n\t\t\t\t<\/div>\n\t\t\t\t\t<\/div>\n\t\t<\/div>\n\t\t\t\t\t<\/div>\n\t\t<\/section>\n\t\t\t\t<\/div>\n\t\t","protected":false},"excerpt":{"rendered":"<p>ABBRUCH- UND ABRISSARBEITEN Wir bei Amer sind Spezialisten f\u00fcr Abriss- und Abbrucharbeiten auf Mallorca. Da es sich um eine sehr anspruchsvolle Arbeit handelt, die ein mehr als beachtliches Ma\u00df an Professionalit\u00e4t erfordert, ben\u00f6tigen wir Ger\u00e4te, Techniker und moderne Maschinen, die wir bei Amer unseren Kunden zur Verf\u00fcgung stellen.\u00a0 Bei Amer haben wir viele Abriss- und &#8230; <a title=\"ABBRUCH- UND ABRISSARBEITEN\" class=\"read-more\" href=\"https:\/\/amerehijos.com\/de\/abbruch-und-abrissarbeiten\/\" aria-label=\"Read more about ABBRUCH- UND ABRISSARBEITEN\">Read more<\/a><\/p>\n","protected":false},"author":7,"featured_media":0,"parent":0,"menu_order":0,"comment_status":"closed","ping_status":"closed","template":"elementor_header_footer","meta":{"footnotes":""},"class_list":["post-2601","page","type-page","status-publish"],"_links":{"self":[{"href":"https:\/\/amerehijos.com\/de\/wp-json\/wp\/v2\/pages\/2601","targetHints":{"allow":["GET"]}}],"collection":[{"href":"https:\/\/amerehijos.com\/de\/wp-json\/wp\/v2\/pages"}],"about":[{"href":"https:\/\/amerehijos.com\/de\/wp-json\/wp\/v2\/types\/page"}],"author":[{"embeddable":true,"href":"https:\/\/amerehijos.com\/de\/wp-json\/wp\/v2\/users\/7"}],"replies":[{"embeddable":true,"href":"https:\/\/amerehijos.com\/de\/wp-json\/wp\/v2\/comments?post=2601"}],"version-history":[{"count":0,"href":"https:\/\/amerehijos.com\/de\/wp-json\/wp\/v2\/pages\/2601\/revisions"}],"wp:attachment":[{"href":"https:\/\/amerehijos.com\/de\/wp-json\/wp\/v2\/media?parent=2601"}],"curies":[{"name":"wp","href":"https:\/\/api.w.org\/{rel}","templated":true}]}}