{"id":2596,"date":"2021-01-21T12:45:43","date_gmt":"2021-01-21T11:45:43","guid":{"rendered":"https:\/\/amerehijos.com\/?page_id=2596"},"modified":"2021-04-08T11:46:14","modified_gmt":"2021-04-08T10:46:14","slug":"ausgrabungen-und-erdarbeiten","status":"publish","type":"page","link":"https:\/\/amerehijos.com\/de\/ausgrabungen-und-erdarbeiten\/","title":{"rendered":"AUSGRABUNGEN UND ERDARBEITEN"},"content":{"rendered":"\t\t<div data-elementor-type=\"wp-page\" data-elementor-id=\"2596\" class=\"elementor elementor-2596 elementor-991\" data-elementor-post-type=\"page\">\n\t\t\t\t\t\t<section class=\"elementor-section elementor-top-section elementor-element elementor-element-6d4605a elementor-section-boxed elementor-section-height-default elementor-section-height-default\" data-id=\"6d4605a\" data-element_type=\"section\" data-e-type=\"section\">\n\t\t\t\t\t\t<div class=\"elementor-container elementor-column-gap-default\">\n\t\t\t\t\t<div class=\"elementor-column elementor-col-100 elementor-top-column elementor-element elementor-element-67663fd\" data-id=\"67663fd\" data-element_type=\"column\" data-e-type=\"column\">\n\t\t\t<div class=\"elementor-widget-wrap elementor-element-populated\">\n\t\t\t\t\t\t<div class=\"elementor-element elementor-element-bb2c754 elementor-widget elementor-widget-shortcode\" data-id=\"bb2c754\" data-element_type=\"widget\" data-e-type=\"widget\" data-widget_type=\"shortcode.default\">\n\t\t\t\t<div class=\"elementor-widget-container\">\n\t\t\t\t\t\t\t<div class=\"elementor-shortcode\">\n<\/div>\n\t\t\t\t\t\t<\/div>\n\t\t\t\t<\/div>\n\t\t\t\t\t<\/div>\n\t\t<\/div>\n\t\t\t\t\t<\/div>\n\t\t<\/section>\n\t\t\t\t<section class=\"elementor-section elementor-top-section elementor-element elementor-element-fc543a3 elementor-section-boxed elementor-section-height-default elementor-section-height-default\" data-id=\"fc543a3\" data-element_type=\"section\" data-e-type=\"section\">\n\t\t\t\t\t\t<div class=\"elementor-container elementor-column-gap-default\">\n\t\t\t\t\t<div class=\"elementor-column elementor-col-100 elementor-top-column elementor-element elementor-element-5b4f5fa\" data-id=\"5b4f5fa\" data-element_type=\"column\" data-e-type=\"column\">\n\t\t\t<div class=\"elementor-widget-wrap elementor-element-populated\">\n\t\t\t\t\t\t<div class=\"elementor-element elementor-element-23f0670 elementor-widget elementor-widget-spacer\" data-id=\"23f0670\" data-element_type=\"widget\" data-e-type=\"widget\" data-widget_type=\"spacer.default\">\n\t\t\t\t<div class=\"elementor-widget-container\">\n\t\t\t\t\t\t\t<div class=\"elementor-spacer\">\n\t\t\t<div class=\"elementor-spacer-inner\"><\/div>\n\t\t<\/div>\n\t\t\t\t\t\t<\/div>\n\t\t\t\t<\/div>\n\t\t\t\t\t<\/div>\n\t\t<\/div>\n\t\t\t\t\t<\/div>\n\t\t<\/section>\n\t\t\t\t<section class=\"elementor-section elementor-top-section elementor-element elementor-element-189d82c elementor-section-boxed elementor-section-height-default elementor-section-height-default\" data-id=\"189d82c\" data-element_type=\"section\" data-e-type=\"section\">\n\t\t\t\t\t\t<div class=\"elementor-container elementor-column-gap-default\">\n\t\t\t\t\t<div class=\"elementor-column elementor-col-50 elementor-top-column elementor-element elementor-element-9e84014\" data-id=\"9e84014\" data-element_type=\"column\" data-e-type=\"column\">\n\t\t\t<div class=\"elementor-widget-wrap elementor-element-populated\">\n\t\t\t\t\t\t<div class=\"elementor-element elementor-element-16bf188 elementor-widget elementor-widget-text-editor\" data-id=\"16bf188\" data-element_type=\"widget\" data-e-type=\"widget\" data-widget_type=\"text-editor.default\">\n\t\t\t\t<div class=\"elementor-widget-container\">\n\t\t\t\t\t\t\t\t\t<h1>AUSGRABUNGEN UND ERDARBEITEN<\/h1><p><span style=\"font-weight: 400;\">Bei Amer sind wir auf Ausgrabungen und Erdarbeiten auf Mallorca spezialisiert. Der Erdarbeiten- und Abbruchsektor ist zweifellos eine der anspruchsvollsten Arbeiten, die ein mehr als betr\u00e4chtliches Ma\u00df an Professionalit\u00e4t erfordert. Amer, verf\u00fcgt \u00fcber die Maschinen und die gesamte Ausr\u00fcstung, die zur Durchf\u00fchrung aller Arten von Arbeiten erforderlich sind. Wir verf\u00fcgen \u00fcber gro\u00dfe Erfahrung in dieser Art von Arbeit. Wir bieten Ihnen einen kompletten Service, der auch die anspruchsvollsten Fristen einh\u00e4lt und auf technische Schwierigkeiten reagiert. Wir verf\u00fcgen \u00fcber die modernste Ausr\u00fcstung zur Durchf\u00fchrung von Ausgrabungen und Erdarbeiten auf Mallorca.\u00a0<\/span><\/p>\t\t\t\t\t\t\t\t<\/div>\n\t\t\t\t<\/div>\n\t\t\t\t\t<\/div>\n\t\t<\/div>\n\t\t\t\t<div class=\"elementor-column elementor-col-50 elementor-top-column elementor-element elementor-element-0cdf959\" data-id=\"0cdf959\" data-element_type=\"column\" data-e-type=\"column\">\n\t\t\t<div class=\"elementor-widget-wrap elementor-element-populated\">\n\t\t\t\t\t\t<div class=\"elementor-element elementor-element-d5442d4 gallery-spacing-custom elementor-widget elementor-widget-image-gallery\" data-id=\"d5442d4\" data-element_type=\"widget\" data-e-type=\"widget\" data-widget_type=\"image-gallery.default\">\n\t\t\t\t<div class=\"elementor-widget-container\">\n\t\t\t\t\t\t\t<div class=\"elementor-image-gallery\">\n\t\t\t<div id='gallery-1' class='gallery galleryid-2596 gallery-columns-2 gallery-size-large'><figure class='gallery-item'>\n\t\t\t<div class='gallery-icon landscape'>\n\t\t\t\t<a data-elementor-open-lightbox=\"yes\" data-elementor-lightbox-slideshow=\"d5442d4\" data-elementor-lightbox-title=\"PLAZA-MALLORCA-1024x768\" data-e-action-hash=\"#elementor-action%3Aaction%3Dlightbox%26settings%3DeyJpZCI6Njc2MywidXJsIjoiaHR0cHM6XC9cL2FtZXJlaGlqb3MuY29tXC93cC1jb250ZW50XC91cGxvYWRzXC8yMDIxXC8wNFwvUExBWkEtTUFMTE9SQ0EtMTAyNHg3NjgtMi5qcGciLCJzbGlkZXNob3ciOiJkNTQ0MmQ0In0%3D\" href='https:\/\/amerehijos.com\/wp-content\/uploads\/2021\/04\/PLAZA-MALLORCA-1024x768-2.jpg'><img fetchpriority=\"high\" decoding=\"async\" width=\"825\" height=\"619\" src=\"https:\/\/amerehijos.com\/wp-content\/uploads\/2021\/04\/PLAZA-MALLORCA-1024x768-2.jpg\" class=\"attachment-large size-large\" alt=\"\" srcset=\"https:\/\/amerehijos.com\/wp-content\/uploads\/2021\/04\/PLAZA-MALLORCA-1024x768-2.jpg 1024w, https:\/\/amerehijos.com\/wp-content\/uploads\/2021\/04\/PLAZA-MALLORCA-1024x768-2-300x225.jpg 300w, https:\/\/amerehijos.com\/wp-content\/uploads\/2021\/04\/PLAZA-MALLORCA-1024x768-2-768x576.jpg 768w\" sizes=\"(max-width: 825px) 100vw, 825px\" \/><\/a>\n\t\t\t<\/div><\/figure><figure class='gallery-item'>\n\t\t\t<div class='gallery-icon landscape'>\n\t\t\t\t<a data-elementor-open-lightbox=\"yes\" data-elementor-lightbox-slideshow=\"d5442d4\" data-elementor-lightbox-title=\"principal-930x620\" data-e-action-hash=\"#elementor-action%3Aaction%3Dlightbox%26settings%3DeyJpZCI6Njc2NiwidXJsIjoiaHR0cHM6XC9cL2FtZXJlaGlqb3MuY29tXC93cC1jb250ZW50XC91cGxvYWRzXC8yMDIxXC8wNFwvcHJpbmNpcGFsLTkzMHg2MjAtNC5qcGciLCJzbGlkZXNob3ciOiJkNTQ0MmQ0In0%3D\" href='https:\/\/amerehijos.com\/wp-content\/uploads\/2021\/04\/principal-930x620-4.jpg'><img decoding=\"async\" width=\"825\" height=\"550\" src=\"https:\/\/amerehijos.com\/wp-content\/uploads\/2021\/04\/principal-930x620-4.jpg\" class=\"attachment-large size-large\" alt=\"\" srcset=\"https:\/\/amerehijos.com\/wp-content\/uploads\/2021\/04\/principal-930x620-4.jpg 930w, https:\/\/amerehijos.com\/wp-content\/uploads\/2021\/04\/principal-930x620-4-300x200.jpg 300w, https:\/\/amerehijos.com\/wp-content\/uploads\/2021\/04\/principal-930x620-4-768x512.jpg 768w\" sizes=\"(max-width: 825px) 100vw, 825px\" \/><\/a>\n\t\t\t<\/div><\/figure><figure class='gallery-item'>\n\t\t\t<div class='gallery-icon landscape'>\n\t\t\t\t<a data-elementor-open-lightbox=\"yes\" data-elementor-lightbox-slideshow=\"d5442d4\" data-elementor-lightbox-title=\"IMG_3535\" data-e-action-hash=\"#elementor-action%3Aaction%3Dlightbox%26settings%3DeyJpZCI6Njc2OSwidXJsIjoiaHR0cHM6XC9cL2FtZXJlaGlqb3MuY29tXC93cC1jb250ZW50XC91cGxvYWRzXC8yMDIxXC8wNFwvSU1HXzM1MzUtMS5qcGciLCJzbGlkZXNob3ciOiJkNTQ0MmQ0In0%3D\" href='https:\/\/amerehijos.com\/wp-content\/uploads\/2021\/04\/IMG_3535-1.jpg'><img decoding=\"async\" width=\"825\" height=\"619\" src=\"https:\/\/amerehijos.com\/wp-content\/uploads\/2021\/04\/IMG_3535-1-1024x768.jpg\" class=\"attachment-large size-large\" alt=\"\" srcset=\"https:\/\/amerehijos.com\/wp-content\/uploads\/2021\/04\/IMG_3535-1-1024x768.jpg 1024w, https:\/\/amerehijos.com\/wp-content\/uploads\/2021\/04\/IMG_3535-1-300x225.jpg 300w, https:\/\/amerehijos.com\/wp-content\/uploads\/2021\/04\/IMG_3535-1-768x576.jpg 768w, https:\/\/amerehijos.com\/wp-content\/uploads\/2021\/04\/IMG_3535-1.jpg 1200w\" sizes=\"(max-width: 825px) 100vw, 825px\" \/><\/a>\n\t\t\t<\/div><\/figure><figure class='gallery-item'>\n\t\t\t<div class='gallery-icon landscape'>\n\t\t\t\t<a data-elementor-open-lightbox=\"yes\" data-elementor-lightbox-slideshow=\"d5442d4\" data-elementor-lightbox-title=\"Excavacion-Son-Vida-1024x576\" data-e-action-hash=\"#elementor-action%3Aaction%3Dlightbox%26settings%3DeyJpZCI6Njc3MiwidXJsIjoiaHR0cHM6XC9cL2FtZXJlaGlqb3MuY29tXC93cC1jb250ZW50XC91cGxvYWRzXC8yMDIxXC8wNFwvRXhjYXZhY2lvbi1Tb24tVmlkYS0xMDI0eDU3Ni0yLmpwZyIsInNsaWRlc2hvdyI6ImQ1NDQyZDQifQ%3D%3D\" href='https:\/\/amerehijos.com\/wp-content\/uploads\/2021\/04\/Excavacion-Son-Vida-1024x576-2.jpg'><img loading=\"lazy\" decoding=\"async\" width=\"825\" height=\"464\" src=\"https:\/\/amerehijos.com\/wp-content\/uploads\/2021\/04\/Excavacion-Son-Vida-1024x576-2.jpg\" class=\"attachment-large size-large\" alt=\"\" srcset=\"https:\/\/amerehijos.com\/wp-content\/uploads\/2021\/04\/Excavacion-Son-Vida-1024x576-2.jpg 1024w, https:\/\/amerehijos.com\/wp-content\/uploads\/2021\/04\/Excavacion-Son-Vida-1024x576-2-300x169.jpg 300w, https:\/\/amerehijos.com\/wp-content\/uploads\/2021\/04\/Excavacion-Son-Vida-1024x576-2-768x432.jpg 768w\" sizes=\"(max-width: 825px) 100vw, 825px\" \/><\/a>\n\t\t\t<\/div><\/figure><figure class='gallery-item'>\n\t\t\t<div class='gallery-icon landscape'>\n\t\t\t\t<a data-elementor-open-lightbox=\"yes\" data-elementor-lightbox-slideshow=\"d5442d4\" data-elementor-lightbox-title=\"M1053-1024x768\" data-e-action-hash=\"#elementor-action%3Aaction%3Dlightbox%26settings%3DeyJpZCI6Njc3NSwidXJsIjoiaHR0cHM6XC9cL2FtZXJlaGlqb3MuY29tXC93cC1jb250ZW50XC91cGxvYWRzXC8yMDIxXC8wNFwvTTEwNTMtMTAyNHg3NjgtNC5qcGVnIiwic2xpZGVzaG93IjoiZDU0NDJkNCJ9\" href='https:\/\/amerehijos.com\/wp-content\/uploads\/2021\/04\/M1053-1024x768-4.jpeg'><img loading=\"lazy\" decoding=\"async\" width=\"825\" height=\"619\" src=\"https:\/\/amerehijos.com\/wp-content\/uploads\/2021\/04\/M1053-1024x768-4.jpeg\" class=\"attachment-large size-large\" alt=\"\" srcset=\"https:\/\/amerehijos.com\/wp-content\/uploads\/2021\/04\/M1053-1024x768-4.jpeg 1024w, https:\/\/amerehijos.com\/wp-content\/uploads\/2021\/04\/M1053-1024x768-4-300x225.jpeg 300w, https:\/\/amerehijos.com\/wp-content\/uploads\/2021\/04\/M1053-1024x768-4-768x576.jpeg 768w\" sizes=\"(max-width: 825px) 100vw, 825px\" \/><\/a>\n\t\t\t<\/div><\/figure>\n\t\t<\/div>\n\t\t<\/div>\n\t\t\t\t\t\t<\/div>\n\t\t\t\t<\/div>\n\t\t\t\t\t<\/div>\n\t\t<\/div>\n\t\t\t\t\t<\/div>\n\t\t<\/section>\n\t\t\t\t<section class=\"elementor-section elementor-top-section elementor-element elementor-element-2a5ce7b elementor-section-boxed elementor-section-height-default elementor-section-height-default\" data-id=\"2a5ce7b\" data-element_type=\"section\" data-e-type=\"section\">\n\t\t\t\t\t\t<div class=\"elementor-container elementor-column-gap-default\">\n\t\t\t\t\t<div class=\"elementor-column elementor-col-100 elementor-top-column elementor-element elementor-element-3905d10\" data-id=\"3905d10\" data-element_type=\"column\" data-e-type=\"column\">\n\t\t\t<div class=\"elementor-widget-wrap elementor-element-populated\">\n\t\t\t\t\t\t<div class=\"elementor-element elementor-element-9ee9231 elementor-widget elementor-widget-spacer\" data-id=\"9ee9231\" data-element_type=\"widget\" data-e-type=\"widget\" data-widget_type=\"spacer.default\">\n\t\t\t\t<div class=\"elementor-widget-container\">\n\t\t\t\t\t\t\t<div class=\"elementor-spacer\">\n\t\t\t<div class=\"elementor-spacer-inner\"><\/div>\n\t\t<\/div>\n\t\t\t\t\t\t<\/div>\n\t\t\t\t<\/div>\n\t\t\t\t\t<\/div>\n\t\t<\/div>\n\t\t\t\t\t<\/div>\n\t\t<\/section>\n\t\t\t\t<section class=\"elementor-section elementor-top-section elementor-element elementor-element-8a0d206 elementor-section-boxed elementor-section-height-default elementor-section-height-default\" data-id=\"8a0d206\" data-element_type=\"section\" data-e-type=\"section\">\n\t\t\t\t\t\t<div class=\"elementor-container elementor-column-gap-default\">\n\t\t\t\t\t<div class=\"elementor-column elementor-col-100 elementor-top-column elementor-element elementor-element-c6b35c6\" data-id=\"c6b35c6\" data-element_type=\"column\" data-e-type=\"column\">\n\t\t\t<div class=\"elementor-widget-wrap elementor-element-populated\">\n\t\t\t\t\t\t<div class=\"elementor-element elementor-element-3e4206e elementor-widget elementor-widget-spacer\" data-id=\"3e4206e\" data-element_type=\"widget\" data-e-type=\"widget\" data-widget_type=\"spacer.default\">\n\t\t\t\t<div class=\"elementor-widget-container\">\n\t\t\t\t\t\t\t<div class=\"elementor-spacer\">\n\t\t\t<div class=\"elementor-spacer-inner\"><\/div>\n\t\t<\/div>\n\t\t\t\t\t\t<\/div>\n\t\t\t\t<\/div>\n\t\t\t\t\t<\/div>\n\t\t<\/div>\n\t\t\t\t\t<\/div>\n\t\t<\/section>\n\t\t\t\t<\/div>\n\t\t","protected":false},"excerpt":{"rendered":"<p>AUSGRABUNGEN UND ERDARBEITEN Bei Amer sind wir auf Ausgrabungen und Erdarbeiten auf Mallorca spezialisiert. Der Erdarbeiten- und Abbruchsektor ist zweifellos eine der anspruchsvollsten Arbeiten, die ein mehr als betr\u00e4chtliches Ma\u00df an Professionalit\u00e4t erfordert. Amer, verf\u00fcgt \u00fcber die Maschinen und die gesamte Ausr\u00fcstung, die zur Durchf\u00fchrung aller Arten von Arbeiten erforderlich sind. Wir verf\u00fcgen \u00fcber gro\u00dfe &#8230; <a title=\"AUSGRABUNGEN UND ERDARBEITEN\" class=\"read-more\" href=\"https:\/\/amerehijos.com\/de\/ausgrabungen-und-erdarbeiten\/\" aria-label=\"Read more about AUSGRABUNGEN UND ERDARBEITEN\">Read more<\/a><\/p>\n","protected":false},"author":7,"featured_media":0,"parent":0,"menu_order":0,"comment_status":"closed","ping_status":"closed","template":"elementor_header_footer","meta":{"footnotes":""},"class_list":["post-2596","page","type-page","status-publish"],"_links":{"self":[{"href":"https:\/\/amerehijos.com\/de\/wp-json\/wp\/v2\/pages\/2596","targetHints":{"allow":["GET"]}}],"collection":[{"href":"https:\/\/amerehijos.com\/de\/wp-json\/wp\/v2\/pages"}],"about":[{"href":"https:\/\/amerehijos.com\/de\/wp-json\/wp\/v2\/types\/page"}],"author":[{"embeddable":true,"href":"https:\/\/amerehijos.com\/de\/wp-json\/wp\/v2\/users\/7"}],"replies":[{"embeddable":true,"href":"https:\/\/amerehijos.com\/de\/wp-json\/wp\/v2\/comments?post=2596"}],"version-history":[{"count":0,"href":"https:\/\/amerehijos.com\/de\/wp-json\/wp\/v2\/pages\/2596\/revisions"}],"wp:attachment":[{"href":"https:\/\/amerehijos.com\/de\/wp-json\/wp\/v2\/media?parent=2596"}],"curies":[{"name":"wp","href":"https:\/\/api.w.org\/{rel}","templated":true}]}}