{"id":2591,"date":"2021-01-21T12:44:58","date_gmt":"2021-01-21T11:44:58","guid":{"rendered":"https:\/\/amerehijos.com\/?page_id=2591"},"modified":"2021-04-08T11:41:41","modified_gmt":"2021-04-08T10:41:41","slug":"urbanisierung-und-dienstleistungen","status":"publish","type":"page","link":"https:\/\/amerehijos.com\/de\/urbanisierung-und-dienstleistungen\/","title":{"rendered":"URBANISIERUNG UND DIENSTLEISTUNGEN"},"content":{"rendered":"\t\t<div data-elementor-type=\"wp-page\" data-elementor-id=\"2591\" class=\"elementor elementor-2591 elementor-997\" data-elementor-post-type=\"page\">\n\t\t\t\t\t\t<section class=\"elementor-section elementor-top-section elementor-element elementor-element-42d7bb4 elementor-section-boxed elementor-section-height-default elementor-section-height-default\" data-id=\"42d7bb4\" data-element_type=\"section\" data-e-type=\"section\">\n\t\t\t\t\t\t<div class=\"elementor-container elementor-column-gap-default\">\n\t\t\t\t\t<div class=\"elementor-column elementor-col-100 elementor-top-column elementor-element elementor-element-255c058\" data-id=\"255c058\" data-element_type=\"column\" data-e-type=\"column\">\n\t\t\t<div class=\"elementor-widget-wrap elementor-element-populated\">\n\t\t\t\t\t\t<div class=\"elementor-element elementor-element-47127c6 elementor-widget elementor-widget-shortcode\" data-id=\"47127c6\" data-element_type=\"widget\" data-e-type=\"widget\" data-widget_type=\"shortcode.default\">\n\t\t\t\t<div class=\"elementor-widget-container\">\n\t\t\t\t\t\t\t<div class=\"elementor-shortcode\">\n<\/div>\n\t\t\t\t\t\t<\/div>\n\t\t\t\t<\/div>\n\t\t\t\t\t<\/div>\n\t\t<\/div>\n\t\t\t\t\t<\/div>\n\t\t<\/section>\n\t\t\t\t<section class=\"elementor-section elementor-top-section elementor-element elementor-element-abc0b29 elementor-section-boxed elementor-section-height-default elementor-section-height-default\" data-id=\"abc0b29\" data-element_type=\"section\" data-e-type=\"section\">\n\t\t\t\t\t\t<div class=\"elementor-container elementor-column-gap-default\">\n\t\t\t\t\t<div class=\"elementor-column elementor-col-100 elementor-top-column elementor-element elementor-element-32c11dd\" data-id=\"32c11dd\" data-element_type=\"column\" data-e-type=\"column\">\n\t\t\t<div class=\"elementor-widget-wrap elementor-element-populated\">\n\t\t\t\t\t\t<div class=\"elementor-element elementor-element-1575d51 elementor-widget elementor-widget-spacer\" data-id=\"1575d51\" data-element_type=\"widget\" data-e-type=\"widget\" data-widget_type=\"spacer.default\">\n\t\t\t\t<div class=\"elementor-widget-container\">\n\t\t\t\t\t\t\t<div class=\"elementor-spacer\">\n\t\t\t<div class=\"elementor-spacer-inner\"><\/div>\n\t\t<\/div>\n\t\t\t\t\t\t<\/div>\n\t\t\t\t<\/div>\n\t\t\t\t\t<\/div>\n\t\t<\/div>\n\t\t\t\t\t<\/div>\n\t\t<\/section>\n\t\t\t\t<section class=\"elementor-section elementor-top-section elementor-element elementor-element-655b528 elementor-section-boxed elementor-section-height-default elementor-section-height-default\" data-id=\"655b528\" data-element_type=\"section\" data-e-type=\"section\">\n\t\t\t\t\t\t<div class=\"elementor-container elementor-column-gap-default\">\n\t\t\t\t\t<div class=\"elementor-column elementor-col-50 elementor-top-column elementor-element elementor-element-55ce0e4\" data-id=\"55ce0e4\" data-element_type=\"column\" data-e-type=\"column\">\n\t\t\t<div class=\"elementor-widget-wrap elementor-element-populated\">\n\t\t\t\t\t\t<div class=\"elementor-element elementor-element-8847e6b elementor-widget elementor-widget-text-editor\" data-id=\"8847e6b\" data-element_type=\"widget\" data-e-type=\"widget\" data-widget_type=\"text-editor.default\">\n\t\t\t\t<div class=\"elementor-widget-container\">\n\t\t\t\t\t\t\t\t\t<h1>URBANISIERUNG UND DIENSTLEISTUNGEN<\/h1>\n<p><span style=\"font-weight: 400;\">Die Arbeit im Bereich der Urbanisierung oder der Bereitstellung von Dienstleistungen erfordert eine gute Koordination und eine hohe logistische Kapazit\u00e4t des Unternehmens. Die Erfahrung von Amer e Hijos hat diese Art von Arbeit zu einem ihrer Markenzeichen gemacht, da sie wiederholt eine hohe operative Kapazit\u00e4t in diesem Bereich unter Beweis gestellt hat. Die gleichzeitige Ausf\u00fchrung von Erdarbeiten, Versorgungsnetzen, Strukturen, Pflasterungen, Gartenarbeiten usw&#8230;. erfordert ein hohes Ma\u00df an Planung der Arbeit und die Integration der Ressourcen, die Amer e Hijos erm\u00f6glicht.<\/span><\/p>\t\t\t\t\t\t\t\t<\/div>\n\t\t\t\t<\/div>\n\t\t\t\t\t<\/div>\n\t\t<\/div>\n\t\t\t\t<div class=\"elementor-column elementor-col-50 elementor-top-column elementor-element elementor-element-863a596\" data-id=\"863a596\" data-element_type=\"column\" data-e-type=\"column\">\n\t\t\t<div class=\"elementor-widget-wrap elementor-element-populated\">\n\t\t\t\t\t\t<div class=\"elementor-element elementor-element-136a7b6 gallery-spacing-custom elementor-widget elementor-widget-image-gallery\" data-id=\"136a7b6\" data-element_type=\"widget\" data-e-type=\"widget\" data-widget_type=\"image-gallery.default\">\n\t\t\t\t<div class=\"elementor-widget-container\">\n\t\t\t\t\t\t\t<div class=\"elementor-image-gallery\">\n\t\t\t<div id='gallery-1' class='gallery galleryid-2591 gallery-columns-2 gallery-size-large'><figure class='gallery-item'>\n\t\t\t<div class='gallery-icon landscape'>\n\t\t\t\t<a data-elementor-open-lightbox=\"yes\" data-elementor-lightbox-slideshow=\"136a7b6\" data-elementor-lightbox-title=\"SOLANDA-BINIBONA-9\" data-e-action-hash=\"#elementor-action%3Aaction%3Dlightbox%26settings%3DeyJpZCI6NjcxMiwidXJsIjoiaHR0cHM6XC9cL2FtZXJlaGlqb3MuY29tXC93cC1jb250ZW50XC91cGxvYWRzXC8yMDIxXC8wNFwvU09MQU5EQS1CSU5JQk9OQS05LTEuanBnIiwic2xpZGVzaG93IjoiMTM2YTdiNiJ9\" href='https:\/\/amerehijos.com\/wp-content\/uploads\/2021\/04\/SOLANDA-BINIBONA-9-1.jpg'><img fetchpriority=\"high\" decoding=\"async\" width=\"825\" height=\"619\" src=\"https:\/\/amerehijos.com\/wp-content\/uploads\/2021\/04\/SOLANDA-BINIBONA-9-1.jpg\" class=\"attachment-large size-large\" alt=\"\" srcset=\"https:\/\/amerehijos.com\/wp-content\/uploads\/2021\/04\/SOLANDA-BINIBONA-9-1.jpg 1024w, https:\/\/amerehijos.com\/wp-content\/uploads\/2021\/04\/SOLANDA-BINIBONA-9-1-300x225.jpg 300w, https:\/\/amerehijos.com\/wp-content\/uploads\/2021\/04\/SOLANDA-BINIBONA-9-1-768x576.jpg 768w\" sizes=\"(max-width: 825px) 100vw, 825px\" \/><\/a>\n\t\t\t<\/div><\/figure><figure class='gallery-item'>\n\t\t\t<div class='gallery-icon landscape'>\n\t\t\t\t<a data-elementor-open-lightbox=\"yes\" data-elementor-lightbox-slideshow=\"136a7b6\" data-elementor-lightbox-title=\"M89-1024x769\" data-e-action-hash=\"#elementor-action%3Aaction%3Dlightbox%26settings%3DeyJpZCI6NjcxNSwidXJsIjoiaHR0cHM6XC9cL2FtZXJlaGlqb3MuY29tXC93cC1jb250ZW50XC91cGxvYWRzXC8yMDIxXC8wNFwvTTg5LTEwMjR4NzY5LTIuanBlZyIsInNsaWRlc2hvdyI6IjEzNmE3YjYifQ%3D%3D\" href='https:\/\/amerehijos.com\/wp-content\/uploads\/2021\/04\/M89-1024x769-2.jpeg'><img decoding=\"async\" width=\"825\" height=\"620\" src=\"https:\/\/amerehijos.com\/wp-content\/uploads\/2021\/04\/M89-1024x769-2.jpeg\" class=\"attachment-large size-large\" alt=\"\" srcset=\"https:\/\/amerehijos.com\/wp-content\/uploads\/2021\/04\/M89-1024x769-2.jpeg 1024w, https:\/\/amerehijos.com\/wp-content\/uploads\/2021\/04\/M89-1024x769-2-300x225.jpeg 300w, https:\/\/amerehijos.com\/wp-content\/uploads\/2021\/04\/M89-1024x769-2-768x577.jpeg 768w\" sizes=\"(max-width: 825px) 100vw, 825px\" \/><\/a>\n\t\t\t<\/div><\/figure><figure class='gallery-item'>\n\t\t\t<div class='gallery-icon landscape'>\n\t\t\t\t<a data-elementor-open-lightbox=\"yes\" data-elementor-lightbox-slideshow=\"136a7b6\" data-elementor-lightbox-title=\"vda-es-molinar-3-930x620\" data-e-action-hash=\"#elementor-action%3Aaction%3Dlightbox%26settings%3DeyJpZCI6NjcxOCwidXJsIjoiaHR0cHM6XC9cL2FtZXJlaGlqb3MuY29tXC93cC1jb250ZW50XC91cGxvYWRzXC8yMDIxXC8wNFwvdmRhLWVzLW1vbGluYXItMy05MzB4NjIwLTIuanBnIiwic2xpZGVzaG93IjoiMTM2YTdiNiJ9\" href='https:\/\/amerehijos.com\/wp-content\/uploads\/2021\/04\/vda-es-molinar-3-930x620-2.jpg'><img decoding=\"async\" width=\"825\" height=\"550\" src=\"https:\/\/amerehijos.com\/wp-content\/uploads\/2021\/04\/vda-es-molinar-3-930x620-2.jpg\" class=\"attachment-large size-large\" alt=\"\" srcset=\"https:\/\/amerehijos.com\/wp-content\/uploads\/2021\/04\/vda-es-molinar-3-930x620-2.jpg 930w, https:\/\/amerehijos.com\/wp-content\/uploads\/2021\/04\/vda-es-molinar-3-930x620-2-300x200.jpg 300w, https:\/\/amerehijos.com\/wp-content\/uploads\/2021\/04\/vda-es-molinar-3-930x620-2-768x512.jpg 768w\" sizes=\"(max-width: 825px) 100vw, 825px\" \/><\/a>\n\t\t\t<\/div><\/figure><figure class='gallery-item'>\n\t\t\t<div class='gallery-icon landscape'>\n\t\t\t\t<a data-elementor-open-lightbox=\"yes\" data-elementor-lightbox-slideshow=\"136a7b6\" data-elementor-lightbox-title=\"M1053-1024x768\" data-e-action-hash=\"#elementor-action%3Aaction%3Dlightbox%26settings%3DeyJpZCI6NjcyMSwidXJsIjoiaHR0cHM6XC9cL2FtZXJlaGlqb3MuY29tXC93cC1jb250ZW50XC91cGxvYWRzXC8yMDIxXC8wNFwvTTEwNTMtMTAyNHg3NjgtMi5qcGVnIiwic2xpZGVzaG93IjoiMTM2YTdiNiJ9\" href='https:\/\/amerehijos.com\/wp-content\/uploads\/2021\/04\/M1053-1024x768-2.jpeg'><img loading=\"lazy\" decoding=\"async\" width=\"825\" height=\"619\" src=\"https:\/\/amerehijos.com\/wp-content\/uploads\/2021\/04\/M1053-1024x768-2.jpeg\" class=\"attachment-large size-large\" alt=\"\" srcset=\"https:\/\/amerehijos.com\/wp-content\/uploads\/2021\/04\/M1053-1024x768-2.jpeg 1024w, https:\/\/amerehijos.com\/wp-content\/uploads\/2021\/04\/M1053-1024x768-2-300x225.jpeg 300w, https:\/\/amerehijos.com\/wp-content\/uploads\/2021\/04\/M1053-1024x768-2-768x576.jpeg 768w\" sizes=\"(max-width: 825px) 100vw, 825px\" \/><\/a>\n\t\t\t<\/div><\/figure><figure class='gallery-item'>\n\t\t\t<div class='gallery-icon landscape'>\n\t\t\t\t<a data-elementor-open-lightbox=\"yes\" data-elementor-lightbox-slideshow=\"136a7b6\" data-elementor-lightbox-title=\"B14-1024x768\" data-e-action-hash=\"#elementor-action%3Aaction%3Dlightbox%26settings%3DeyJpZCI6NjcyNCwidXJsIjoiaHR0cHM6XC9cL2FtZXJlaGlqb3MuY29tXC93cC1jb250ZW50XC91cGxvYWRzXC8yMDIxXC8wNFwvQjE0LTEwMjR4NzY4LTIuanBlZyIsInNsaWRlc2hvdyI6IjEzNmE3YjYifQ%3D%3D\" href='https:\/\/amerehijos.com\/wp-content\/uploads\/2021\/04\/B14-1024x768-2.jpeg'><img loading=\"lazy\" decoding=\"async\" width=\"825\" height=\"619\" src=\"https:\/\/amerehijos.com\/wp-content\/uploads\/2021\/04\/B14-1024x768-2.jpeg\" class=\"attachment-large size-large\" alt=\"\" srcset=\"https:\/\/amerehijos.com\/wp-content\/uploads\/2021\/04\/B14-1024x768-2.jpeg 1024w, https:\/\/amerehijos.com\/wp-content\/uploads\/2021\/04\/B14-1024x768-2-300x225.jpeg 300w, https:\/\/amerehijos.com\/wp-content\/uploads\/2021\/04\/B14-1024x768-2-768x576.jpeg 768w\" sizes=\"(max-width: 825px) 100vw, 825px\" \/><\/a>\n\t\t\t<\/div><\/figure><figure class='gallery-item'>\n\t\t\t<div class='gallery-icon landscape'>\n\t\t\t\t<a data-elementor-open-lightbox=\"yes\" data-elementor-lightbox-slideshow=\"136a7b6\" data-elementor-lightbox-title=\"principal-930x620\" data-e-action-hash=\"#elementor-action%3Aaction%3Dlightbox%26settings%3DeyJpZCI6NjcyNywidXJsIjoiaHR0cHM6XC9cL2FtZXJlaGlqb3MuY29tXC93cC1jb250ZW50XC91cGxvYWRzXC8yMDIxXC8wNFwvcHJpbmNpcGFsLTkzMHg2MjAtMi5qcGciLCJzbGlkZXNob3ciOiIxMzZhN2I2In0%3D\" href='https:\/\/amerehijos.com\/wp-content\/uploads\/2021\/04\/principal-930x620-2.jpg'><img loading=\"lazy\" decoding=\"async\" width=\"825\" height=\"550\" src=\"https:\/\/amerehijos.com\/wp-content\/uploads\/2021\/04\/principal-930x620-2.jpg\" class=\"attachment-large size-large\" alt=\"\" srcset=\"https:\/\/amerehijos.com\/wp-content\/uploads\/2021\/04\/principal-930x620-2.jpg 930w, https:\/\/amerehijos.com\/wp-content\/uploads\/2021\/04\/principal-930x620-2-300x200.jpg 300w, https:\/\/amerehijos.com\/wp-content\/uploads\/2021\/04\/principal-930x620-2-768x512.jpg 768w\" sizes=\"(max-width: 825px) 100vw, 825px\" \/><\/a>\n\t\t\t<\/div><\/figure><figure class='gallery-item'>\n\t\t\t<div class='gallery-icon landscape'>\n\t\t\t\t<a data-elementor-open-lightbox=\"yes\" data-elementor-lightbox-slideshow=\"136a7b6\" data-elementor-lightbox-title=\"M38\" data-e-action-hash=\"#elementor-action%3Aaction%3Dlightbox%26settings%3DeyJpZCI6NjczMCwidXJsIjoiaHR0cHM6XC9cL2FtZXJlaGlqb3MuY29tXC93cC1jb250ZW50XC91cGxvYWRzXC8yMDIxXC8wNFwvTTM4LTEuanBlZyIsInNsaWRlc2hvdyI6IjEzNmE3YjYifQ%3D%3D\" href='https:\/\/amerehijos.com\/wp-content\/uploads\/2021\/04\/M38-1.jpeg'><img loading=\"lazy\" decoding=\"async\" width=\"825\" height=\"619\" src=\"https:\/\/amerehijos.com\/wp-content\/uploads\/2021\/04\/M38-1.jpeg\" class=\"attachment-large size-large\" alt=\"\" srcset=\"https:\/\/amerehijos.com\/wp-content\/uploads\/2021\/04\/M38-1.jpeg 1024w, https:\/\/amerehijos.com\/wp-content\/uploads\/2021\/04\/M38-1-300x225.jpeg 300w, https:\/\/amerehijos.com\/wp-content\/uploads\/2021\/04\/M38-1-768x576.jpeg 768w\" sizes=\"(max-width: 825px) 100vw, 825px\" \/><\/a>\n\t\t\t<\/div><\/figure><figure class='gallery-item'>\n\t\t\t<div class='gallery-icon landscape'>\n\t\t\t\t<a data-elementor-open-lightbox=\"yes\" data-elementor-lightbox-slideshow=\"136a7b6\" data-elementor-lightbox-title=\"IMG_3535-1024x768\" data-e-action-hash=\"#elementor-action%3Aaction%3Dlightbox%26settings%3DeyJpZCI6NjczMywidXJsIjoiaHR0cHM6XC9cL2FtZXJlaGlqb3MuY29tXC93cC1jb250ZW50XC91cGxvYWRzXC8yMDIxXC8wNFwvSU1HXzM1MzUtMTAyNHg3NjgtMi5qcGciLCJzbGlkZXNob3ciOiIxMzZhN2I2In0%3D\" href='https:\/\/amerehijos.com\/wp-content\/uploads\/2021\/04\/IMG_3535-1024x768-2.jpg'><img loading=\"lazy\" decoding=\"async\" width=\"825\" height=\"619\" src=\"https:\/\/amerehijos.com\/wp-content\/uploads\/2021\/04\/IMG_3535-1024x768-2.jpg\" class=\"attachment-large size-large\" alt=\"\" srcset=\"https:\/\/amerehijos.com\/wp-content\/uploads\/2021\/04\/IMG_3535-1024x768-2.jpg 1024w, https:\/\/amerehijos.com\/wp-content\/uploads\/2021\/04\/IMG_3535-1024x768-2-300x225.jpg 300w, https:\/\/amerehijos.com\/wp-content\/uploads\/2021\/04\/IMG_3535-1024x768-2-768x576.jpg 768w\" sizes=\"(max-width: 825px) 100vw, 825px\" \/><\/a>\n\t\t\t<\/div><\/figure><figure class='gallery-item'>\n\t\t\t<div class='gallery-icon portrait'>\n\t\t\t\t<a data-elementor-open-lightbox=\"yes\" data-elementor-lightbox-slideshow=\"136a7b6\" data-elementor-lightbox-title=\"C28\" data-e-action-hash=\"#elementor-action%3Aaction%3Dlightbox%26settings%3DeyJpZCI6NjczNiwidXJsIjoiaHR0cHM6XC9cL2FtZXJlaGlqb3MuY29tXC93cC1jb250ZW50XC91cGxvYWRzXC8yMDIxXC8wNFwvQzI4LTEuanBlZyIsInNsaWRlc2hvdyI6IjEzNmE3YjYifQ%3D%3D\" href='https:\/\/amerehijos.com\/wp-content\/uploads\/2021\/04\/C28-1.jpeg'><img loading=\"lazy\" decoding=\"async\" width=\"768\" height=\"1024\" src=\"https:\/\/amerehijos.com\/wp-content\/uploads\/2021\/04\/C28-1.jpeg\" class=\"attachment-large size-large\" alt=\"\" srcset=\"https:\/\/amerehijos.com\/wp-content\/uploads\/2021\/04\/C28-1.jpeg 768w, https:\/\/amerehijos.com\/wp-content\/uploads\/2021\/04\/C28-1-225x300.jpeg 225w\" sizes=\"(max-width: 768px) 100vw, 768px\" \/><\/a>\n\t\t\t<\/div><\/figure><figure class='gallery-item'>\n\t\t\t<div class='gallery-icon landscape'>\n\t\t\t\t<a data-elementor-open-lightbox=\"yes\" data-elementor-lightbox-slideshow=\"136a7b6\" data-elementor-lightbox-title=\"M67\" data-e-action-hash=\"#elementor-action%3Aaction%3Dlightbox%26settings%3DeyJpZCI6NjczOSwidXJsIjoiaHR0cHM6XC9cL2FtZXJlaGlqb3MuY29tXC93cC1jb250ZW50XC91cGxvYWRzXC8yMDIxXC8wNFwvTTY3LTEuanBlZyIsInNsaWRlc2hvdyI6IjEzNmE3YjYifQ%3D%3D\" href='https:\/\/amerehijos.com\/wp-content\/uploads\/2021\/04\/M67-1.jpeg'><img loading=\"lazy\" decoding=\"async\" width=\"738\" height=\"573\" src=\"https:\/\/amerehijos.com\/wp-content\/uploads\/2021\/04\/M67-1.jpeg\" class=\"attachment-large size-large\" alt=\"\" srcset=\"https:\/\/amerehijos.com\/wp-content\/uploads\/2021\/04\/M67-1.jpeg 738w, https:\/\/amerehijos.com\/wp-content\/uploads\/2021\/04\/M67-1-300x233.jpeg 300w\" sizes=\"(max-width: 738px) 100vw, 738px\" \/><\/a>\n\t\t\t<\/div><\/figure>\n\t\t<\/div>\n\t\t<\/div>\n\t\t\t\t\t\t<\/div>\n\t\t\t\t<\/div>\n\t\t\t\t\t<\/div>\n\t\t<\/div>\n\t\t\t\t\t<\/div>\n\t\t<\/section>\n\t\t\t\t<section class=\"elementor-section elementor-top-section elementor-element elementor-element-57d28c6 elementor-section-boxed elementor-section-height-default elementor-section-height-default\" data-id=\"57d28c6\" data-element_type=\"section\" data-e-type=\"section\">\n\t\t\t\t\t\t<div class=\"elementor-container elementor-column-gap-default\">\n\t\t\t\t\t<div class=\"elementor-column elementor-col-100 elementor-top-column elementor-element elementor-element-6dcd3cc\" data-id=\"6dcd3cc\" data-element_type=\"column\" data-e-type=\"column\">\n\t\t\t<div class=\"elementor-widget-wrap elementor-element-populated\">\n\t\t\t\t\t\t<div class=\"elementor-element elementor-element-a8b57b2 elementor-widget elementor-widget-spacer\" data-id=\"a8b57b2\" data-element_type=\"widget\" data-e-type=\"widget\" data-widget_type=\"spacer.default\">\n\t\t\t\t<div class=\"elementor-widget-container\">\n\t\t\t\t\t\t\t<div class=\"elementor-spacer\">\n\t\t\t<div class=\"elementor-spacer-inner\"><\/div>\n\t\t<\/div>\n\t\t\t\t\t\t<\/div>\n\t\t\t\t<\/div>\n\t\t\t\t\t<\/div>\n\t\t<\/div>\n\t\t\t\t\t<\/div>\n\t\t<\/section>\n\t\t\t\t<\/div>\n\t\t","protected":false},"excerpt":{"rendered":"<p>URBANISIERUNG UND DIENSTLEISTUNGEN Die Arbeit im Bereich der Urbanisierung oder der Bereitstellung von Dienstleistungen erfordert eine gute Koordination und eine hohe logistische Kapazit\u00e4t des Unternehmens. Die Erfahrung von Amer e Hijos hat diese Art von Arbeit zu einem ihrer Markenzeichen gemacht, da sie wiederholt eine hohe operative Kapazit\u00e4t in diesem Bereich unter Beweis gestellt hat. &#8230; <a title=\"URBANISIERUNG UND DIENSTLEISTUNGEN\" class=\"read-more\" href=\"https:\/\/amerehijos.com\/de\/urbanisierung-und-dienstleistungen\/\" aria-label=\"Read more about URBANISIERUNG UND DIENSTLEISTUNGEN\">Read more<\/a><\/p>\n","protected":false},"author":7,"featured_media":0,"parent":0,"menu_order":0,"comment_status":"closed","ping_status":"closed","template":"elementor_header_footer","meta":{"footnotes":""},"class_list":["post-2591","page","type-page","status-publish"],"_links":{"self":[{"href":"https:\/\/amerehijos.com\/de\/wp-json\/wp\/v2\/pages\/2591","targetHints":{"allow":["GET"]}}],"collection":[{"href":"https:\/\/amerehijos.com\/de\/wp-json\/wp\/v2\/pages"}],"about":[{"href":"https:\/\/amerehijos.com\/de\/wp-json\/wp\/v2\/types\/page"}],"author":[{"embeddable":true,"href":"https:\/\/amerehijos.com\/de\/wp-json\/wp\/v2\/users\/7"}],"replies":[{"embeddable":true,"href":"https:\/\/amerehijos.com\/de\/wp-json\/wp\/v2\/comments?post=2591"}],"version-history":[{"count":0,"href":"https:\/\/amerehijos.com\/de\/wp-json\/wp\/v2\/pages\/2591\/revisions"}],"wp:attachment":[{"href":"https:\/\/amerehijos.com\/de\/wp-json\/wp\/v2\/media?parent=2591"}],"curies":[{"name":"wp","href":"https:\/\/api.w.org\/{rel}","templated":true}]}}