{"id":2586,"date":"2021-01-21T12:44:07","date_gmt":"2021-01-21T11:44:07","guid":{"rendered":"https:\/\/amerehijos.com\/?page_id=2586"},"modified":"2021-04-22T09:59:41","modified_gmt":"2021-04-22T08:59:41","slug":"sportanlagen","status":"publish","type":"page","link":"https:\/\/amerehijos.com\/de\/sportanlagen\/","title":{"rendered":"SPORTANLAGEN"},"content":{"rendered":"\t\t<div data-elementor-type=\"wp-page\" data-elementor-id=\"2586\" class=\"elementor elementor-2586 elementor-1020\" data-elementor-post-type=\"page\">\n\t\t\t\t\t\t<section class=\"elementor-section elementor-top-section elementor-element elementor-element-b7df4cf elementor-section-boxed elementor-section-height-default elementor-section-height-default\" data-id=\"b7df4cf\" data-element_type=\"section\" data-e-type=\"section\">\n\t\t\t\t\t\t<div class=\"elementor-container elementor-column-gap-default\">\n\t\t\t\t\t<div class=\"elementor-column elementor-col-100 elementor-top-column elementor-element elementor-element-84aa613\" data-id=\"84aa613\" data-element_type=\"column\" data-e-type=\"column\">\n\t\t\t<div class=\"elementor-widget-wrap elementor-element-populated\">\n\t\t\t\t\t\t<div class=\"elementor-element elementor-element-f840e3f elementor-widget elementor-widget-shortcode\" data-id=\"f840e3f\" data-element_type=\"widget\" data-e-type=\"widget\" data-widget_type=\"shortcode.default\">\n\t\t\t\t<div class=\"elementor-widget-container\">\n\t\t\t\t\t\t\t<div class=\"elementor-shortcode\">\n<\/div>\n\t\t\t\t\t\t<\/div>\n\t\t\t\t<\/div>\n\t\t\t\t\t<\/div>\n\t\t<\/div>\n\t\t\t\t\t<\/div>\n\t\t<\/section>\n\t\t\t\t<section class=\"elementor-section elementor-top-section elementor-element elementor-element-4c6b62f elementor-section-boxed elementor-section-height-default elementor-section-height-default\" data-id=\"4c6b62f\" data-element_type=\"section\" data-e-type=\"section\">\n\t\t\t\t\t\t<div class=\"elementor-container elementor-column-gap-default\">\n\t\t\t\t\t<div class=\"elementor-column elementor-col-100 elementor-top-column elementor-element elementor-element-d1c8734\" data-id=\"d1c8734\" data-element_type=\"column\" data-e-type=\"column\">\n\t\t\t<div class=\"elementor-widget-wrap elementor-element-populated\">\n\t\t\t\t\t\t<div class=\"elementor-element elementor-element-5a98258 elementor-widget elementor-widget-spacer\" data-id=\"5a98258\" data-element_type=\"widget\" data-e-type=\"widget\" data-widget_type=\"spacer.default\">\n\t\t\t\t<div class=\"elementor-widget-container\">\n\t\t\t\t\t\t\t<div class=\"elementor-spacer\">\n\t\t\t<div class=\"elementor-spacer-inner\"><\/div>\n\t\t<\/div>\n\t\t\t\t\t\t<\/div>\n\t\t\t\t<\/div>\n\t\t\t\t\t<\/div>\n\t\t<\/div>\n\t\t\t\t\t<\/div>\n\t\t<\/section>\n\t\t\t\t<section class=\"elementor-section elementor-top-section elementor-element elementor-element-0e5a270 elementor-section-boxed elementor-section-height-default elementor-section-height-default\" data-id=\"0e5a270\" data-element_type=\"section\" data-e-type=\"section\">\n\t\t\t\t\t\t<div class=\"elementor-container elementor-column-gap-default\">\n\t\t\t\t\t<div class=\"elementor-column elementor-col-50 elementor-top-column elementor-element elementor-element-dea4db1\" data-id=\"dea4db1\" data-element_type=\"column\" data-e-type=\"column\">\n\t\t\t<div class=\"elementor-widget-wrap elementor-element-populated\">\n\t\t\t\t\t\t<div class=\"elementor-element elementor-element-1a9ea11 elementor-widget elementor-widget-text-editor\" data-id=\"1a9ea11\" data-element_type=\"widget\" data-e-type=\"widget\" data-widget_type=\"text-editor.default\">\n\t\t\t\t<div class=\"elementor-widget-container\">\n\t\t\t\t\t\t\t\t\t<h1>SPORTANLAGEN<\/h1><p><span style=\"font-weight: 400;\">Bei Amer e Hijos haben wir wichtige Bauprojekte f\u00fcr Einrichtungen und Dienstleistungen in verschiedenen Gemeinden durchgef\u00fchrt. Dank unserer Erfahrung und der Glaubw\u00fcrdigkeit, die wir in diesem Sektor gewonnen haben, wurden wir von der \u00f6ffentlichen Verwaltung und anderen privaten Einrichtungen mit einer ganzen Reihe von Projekten beauftragt.<\/span><\/p><p><span style=\"font-weight: 400;\">Bei Amer sind wir in der Lage, jede Art von Sportanlage auf Mallorca zu bauen, die alle Standards und Anforderungen sowohl f\u00fcr Profi- als auch f\u00fcr Amateurwettbewerbe erf\u00fcllt.\u00a0<\/span><\/p>\t\t\t\t\t\t\t\t<\/div>\n\t\t\t\t<\/div>\n\t\t\t\t\t<\/div>\n\t\t<\/div>\n\t\t\t\t<div class=\"elementor-column elementor-col-50 elementor-top-column elementor-element elementor-element-48a0dd3\" data-id=\"48a0dd3\" data-element_type=\"column\" data-e-type=\"column\">\n\t\t\t<div class=\"elementor-widget-wrap elementor-element-populated\">\n\t\t\t\t\t\t<div class=\"elementor-element elementor-element-7ec6685 elementor-widget elementor-widget-image\" data-id=\"7ec6685\" data-element_type=\"widget\" data-e-type=\"widget\" data-widget_type=\"image.default\">\n\t\t\t\t<div class=\"elementor-widget-container\">\n\t\t\t\t\t\t\t\t\t\t\t\t\t\t\t<img fetchpriority=\"high\" decoding=\"async\" width=\"1024\" height=\"682\" src=\"https:\/\/amerehijos.com\/wp-content\/uploads\/2020\/12\/instalaciones-deportivas-web-1024x682.jpg\" class=\"attachment-large size-large wp-image-1731\" alt=\"\" srcset=\"https:\/\/amerehijos.com\/wp-content\/uploads\/2020\/12\/instalaciones-deportivas-web-1024x682.jpg 1024w, https:\/\/amerehijos.com\/wp-content\/uploads\/2020\/12\/instalaciones-deportivas-web-300x200.jpg 300w, https:\/\/amerehijos.com\/wp-content\/uploads\/2020\/12\/instalaciones-deportivas-web-768x512.jpg 768w, https:\/\/amerehijos.com\/wp-content\/uploads\/2020\/12\/instalaciones-deportivas-web-930x620.jpg 930w, https:\/\/amerehijos.com\/wp-content\/uploads\/2020\/12\/instalaciones-deportivas-web.jpg 1120w\" sizes=\"(max-width: 1024px) 100vw, 1024px\" \/>\t\t\t\t\t\t\t\t\t\t\t\t\t\t\t<\/div>\n\t\t\t\t<\/div>\n\t\t\t\t\t<\/div>\n\t\t<\/div>\n\t\t\t\t\t<\/div>\n\t\t<\/section>\n\t\t\t\t<section class=\"elementor-section elementor-top-section elementor-element elementor-element-b0811f9 elementor-section-boxed elementor-section-height-default elementor-section-height-default\" data-id=\"b0811f9\" data-element_type=\"section\" data-e-type=\"section\">\n\t\t\t\t\t\t<div class=\"elementor-container elementor-column-gap-default\">\n\t\t\t\t\t<div class=\"elementor-column elementor-col-100 elementor-top-column elementor-element elementor-element-0efd67a\" data-id=\"0efd67a\" data-element_type=\"column\" data-e-type=\"column\">\n\t\t\t<div class=\"elementor-widget-wrap elementor-element-populated\">\n\t\t\t\t\t\t<div class=\"elementor-element elementor-element-546c61d elementor-widget elementor-widget-spacer\" data-id=\"546c61d\" data-element_type=\"widget\" data-e-type=\"widget\" data-widget_type=\"spacer.default\">\n\t\t\t\t<div class=\"elementor-widget-container\">\n\t\t\t\t\t\t\t<div class=\"elementor-spacer\">\n\t\t\t<div class=\"elementor-spacer-inner\"><\/div>\n\t\t<\/div>\n\t\t\t\t\t\t<\/div>\n\t\t\t\t<\/div>\n\t\t\t\t\t<\/div>\n\t\t<\/div>\n\t\t\t\t\t<\/div>\n\t\t<\/section>\n\t\t\t\t<section class=\"elementor-section elementor-top-section elementor-element elementor-element-3b03a65 elementor-section-boxed elementor-section-height-default elementor-section-height-default\" data-id=\"3b03a65\" data-element_type=\"section\" data-e-type=\"section\">\n\t\t\t\t\t\t<div class=\"elementor-container elementor-column-gap-default\">\n\t\t\t\t\t<div class=\"elementor-column elementor-col-100 elementor-top-column elementor-element elementor-element-ceaca80\" data-id=\"ceaca80\" data-element_type=\"column\" data-e-type=\"column\">\n\t\t\t<div class=\"elementor-widget-wrap elementor-element-populated\">\n\t\t\t\t\t\t<div class=\"elementor-element elementor-element-82e8c4e elementor-widget elementor-widget-spacer\" data-id=\"82e8c4e\" data-element_type=\"widget\" data-e-type=\"widget\" data-widget_type=\"spacer.default\">\n\t\t\t\t<div class=\"elementor-widget-container\">\n\t\t\t\t\t\t\t<div class=\"elementor-spacer\">\n\t\t\t<div class=\"elementor-spacer-inner\"><\/div>\n\t\t<\/div>\n\t\t\t\t\t\t<\/div>\n\t\t\t\t<\/div>\n\t\t\t\t<div class=\"elementor-element elementor-element-b075b77 elementor-widget elementor-widget-spacer\" data-id=\"b075b77\" data-element_type=\"widget\" data-e-type=\"widget\" data-widget_type=\"spacer.default\">\n\t\t\t\t<div class=\"elementor-widget-container\">\n\t\t\t\t\t\t\t<div class=\"elementor-spacer\">\n\t\t\t<div class=\"elementor-spacer-inner\"><\/div>\n\t\t<\/div>\n\t\t\t\t\t\t<\/div>\n\t\t\t\t<\/div>\n\t\t\t\t\t<\/div>\n\t\t<\/div>\n\t\t\t\t\t<\/div>\n\t\t<\/section>\n\t\t\t\t<\/div>\n\t\t","protected":false},"excerpt":{"rendered":"<p>SPORTANLAGEN Bei Amer e Hijos haben wir wichtige Bauprojekte f\u00fcr Einrichtungen und Dienstleistungen in verschiedenen Gemeinden durchgef\u00fchrt. Dank unserer Erfahrung und der Glaubw\u00fcrdigkeit, die wir in diesem Sektor gewonnen haben, wurden wir von der \u00f6ffentlichen Verwaltung und anderen privaten Einrichtungen mit einer ganzen Reihe von Projekten beauftragt. Bei Amer sind wir in der Lage, jede &#8230; <a title=\"SPORTANLAGEN\" class=\"read-more\" href=\"https:\/\/amerehijos.com\/de\/sportanlagen\/\" aria-label=\"Read more about SPORTANLAGEN\">Read more<\/a><\/p>\n","protected":false},"author":7,"featured_media":0,"parent":0,"menu_order":0,"comment_status":"closed","ping_status":"closed","template":"elementor_header_footer","meta":{"footnotes":""},"class_list":["post-2586","page","type-page","status-publish"],"_links":{"self":[{"href":"https:\/\/amerehijos.com\/de\/wp-json\/wp\/v2\/pages\/2586","targetHints":{"allow":["GET"]}}],"collection":[{"href":"https:\/\/amerehijos.com\/de\/wp-json\/wp\/v2\/pages"}],"about":[{"href":"https:\/\/amerehijos.com\/de\/wp-json\/wp\/v2\/types\/page"}],"author":[{"embeddable":true,"href":"https:\/\/amerehijos.com\/de\/wp-json\/wp\/v2\/users\/7"}],"replies":[{"embeddable":true,"href":"https:\/\/amerehijos.com\/de\/wp-json\/wp\/v2\/comments?post=2586"}],"version-history":[{"count":0,"href":"https:\/\/amerehijos.com\/de\/wp-json\/wp\/v2\/pages\/2586\/revisions"}],"wp:attachment":[{"href":"https:\/\/amerehijos.com\/de\/wp-json\/wp\/v2\/media?parent=2586"}],"curies":[{"name":"wp","href":"https:\/\/api.w.org\/{rel}","templated":true}]}}