{"id":2581,"date":"2021-01-21T12:43:06","date_gmt":"2021-01-21T11:43:06","guid":{"rendered":"https:\/\/amerehijos.com\/?page_id=2581"},"modified":"2021-04-09T14:03:48","modified_gmt":"2021-04-09T13:03:48","slug":"schieneninfrastrukturen","status":"publish","type":"page","link":"https:\/\/amerehijos.com\/de\/schieneninfrastrukturen\/","title":{"rendered":"SCHIENENINFRASTRUKTUREN"},"content":{"rendered":"\t\t<div data-elementor-type=\"wp-page\" data-elementor-id=\"2581\" class=\"elementor elementor-2581 elementor-1017\" data-elementor-post-type=\"page\">\n\t\t\t\t\t\t<section class=\"elementor-section elementor-top-section elementor-element elementor-element-990d3e9 elementor-section-boxed elementor-section-height-default elementor-section-height-default\" data-id=\"990d3e9\" data-element_type=\"section\" data-e-type=\"section\">\n\t\t\t\t\t\t<div class=\"elementor-container elementor-column-gap-default\">\n\t\t\t\t\t<div class=\"elementor-column elementor-col-100 elementor-top-column elementor-element elementor-element-7f2ebd7\" data-id=\"7f2ebd7\" data-element_type=\"column\" data-e-type=\"column\">\n\t\t\t<div class=\"elementor-widget-wrap elementor-element-populated\">\n\t\t\t\t\t\t<div class=\"elementor-element elementor-element-fb1c261 elementor-widget elementor-widget-shortcode\" data-id=\"fb1c261\" data-element_type=\"widget\" data-e-type=\"widget\" data-widget_type=\"shortcode.default\">\n\t\t\t\t<div class=\"elementor-widget-container\">\n\t\t\t\t\t\t\t<div class=\"elementor-shortcode\">\n<\/div>\n\t\t\t\t\t\t<\/div>\n\t\t\t\t<\/div>\n\t\t\t\t\t<\/div>\n\t\t<\/div>\n\t\t\t\t\t<\/div>\n\t\t<\/section>\n\t\t\t\t<section class=\"elementor-section elementor-top-section elementor-element elementor-element-ea76fed elementor-section-boxed elementor-section-height-default elementor-section-height-default\" data-id=\"ea76fed\" data-element_type=\"section\" data-e-type=\"section\">\n\t\t\t\t\t\t<div class=\"elementor-container elementor-column-gap-default\">\n\t\t\t\t\t<div class=\"elementor-column elementor-col-100 elementor-top-column elementor-element elementor-element-bb42df4\" data-id=\"bb42df4\" data-element_type=\"column\" data-e-type=\"column\">\n\t\t\t<div class=\"elementor-widget-wrap elementor-element-populated\">\n\t\t\t\t\t\t<div class=\"elementor-element elementor-element-d480fb0 elementor-widget elementor-widget-spacer\" data-id=\"d480fb0\" data-element_type=\"widget\" data-e-type=\"widget\" data-widget_type=\"spacer.default\">\n\t\t\t\t<div class=\"elementor-widget-container\">\n\t\t\t\t\t\t\t<div class=\"elementor-spacer\">\n\t\t\t<div class=\"elementor-spacer-inner\"><\/div>\n\t\t<\/div>\n\t\t\t\t\t\t<\/div>\n\t\t\t\t<\/div>\n\t\t\t\t\t<\/div>\n\t\t<\/div>\n\t\t\t\t\t<\/div>\n\t\t<\/section>\n\t\t\t\t<section class=\"elementor-section elementor-top-section elementor-element elementor-element-abc6458 elementor-section-boxed elementor-section-height-default elementor-section-height-default\" data-id=\"abc6458\" data-element_type=\"section\" data-e-type=\"section\">\n\t\t\t\t\t\t<div class=\"elementor-container elementor-column-gap-default\">\n\t\t\t\t\t<div class=\"elementor-column elementor-col-50 elementor-top-column elementor-element elementor-element-e2d5af3\" data-id=\"e2d5af3\" data-element_type=\"column\" data-e-type=\"column\">\n\t\t\t<div class=\"elementor-widget-wrap elementor-element-populated\">\n\t\t\t\t\t\t<div class=\"elementor-element elementor-element-d795fda elementor-widget elementor-widget-text-editor\" data-id=\"d795fda\" data-element_type=\"widget\" data-e-type=\"widget\" data-widget_type=\"text-editor.default\">\n\t\t\t\t<div class=\"elementor-widget-container\">\n\t\t\t\t\t\t\t\t\t<h1>SCHIENENINFRASTRUKTUREN<\/h1><p><span style=\"font-weight: 400;\">Bei Amer e Hijos k\u00f6nnen wir Ma\u00dfnahmen zur Verbesserung der Schieneninfrastruktur durchf\u00fchren, sowohl in Bezug auf Vorstadtlinien in Gro\u00dfst\u00e4dten als auch auf Stadtbahnen (U-Bahn, Stra\u00dfenbahn usw.). Unsere Erfahrung in der Eisenbahntechnik erm\u00f6glicht es unserem Unternehmen, sowohl Schieneninfrastruktur- als auch Oberbauprojekte durchzuf\u00fchren: Bahnh\u00f6fe, Fu\u00dfg\u00e4ngerbr\u00fccken, Verbindungen und vieles mehr.<\/span><\/p>\t\t\t\t\t\t\t\t<\/div>\n\t\t\t\t<\/div>\n\t\t\t\t\t<\/div>\n\t\t<\/div>\n\t\t\t\t<div class=\"elementor-column elementor-col-50 elementor-top-column elementor-element elementor-element-e0eb035\" data-id=\"e0eb035\" data-element_type=\"column\" data-e-type=\"column\">\n\t\t\t<div class=\"elementor-widget-wrap elementor-element-populated\">\n\t\t\t\t\t\t<div class=\"elementor-element elementor-element-c87c5bf elementor-widget elementor-widget-image\" data-id=\"c87c5bf\" data-element_type=\"widget\" data-e-type=\"widget\" data-widget_type=\"image.default\">\n\t\t\t\t<div class=\"elementor-widget-container\">\n\t\t\t\t\t\t\t\t\t\t\t\t\t\t\t<img fetchpriority=\"high\" decoding=\"async\" width=\"825\" height=\"544\" src=\"https:\/\/amerehijos.com\/wp-content\/uploads\/2020\/12\/oficinas-1-1024x675.jpg\" class=\"attachment-large size-large wp-image-823\" alt=\"\" srcset=\"https:\/\/amerehijos.com\/wp-content\/uploads\/2020\/12\/oficinas-1-1024x675.jpg 1024w, https:\/\/amerehijos.com\/wp-content\/uploads\/2020\/12\/oficinas-1-300x198.jpg 300w, https:\/\/amerehijos.com\/wp-content\/uploads\/2020\/12\/oficinas-1-768x506.jpg 768w, https:\/\/amerehijos.com\/wp-content\/uploads\/2020\/12\/oficinas-1-1536x1012.jpg 1536w, https:\/\/amerehijos.com\/wp-content\/uploads\/2020\/12\/oficinas-1-2048x1350.jpg 2048w\" sizes=\"(max-width: 825px) 100vw, 825px\" \/>\t\t\t\t\t\t\t\t\t\t\t\t\t\t\t<\/div>\n\t\t\t\t<\/div>\n\t\t\t\t\t<\/div>\n\t\t<\/div>\n\t\t\t\t\t<\/div>\n\t\t<\/section>\n\t\t\t\t<section class=\"elementor-section elementor-top-section elementor-element elementor-element-822a309 elementor-section-boxed elementor-section-height-default elementor-section-height-default\" data-id=\"822a309\" data-element_type=\"section\" data-e-type=\"section\">\n\t\t\t\t\t\t<div class=\"elementor-container elementor-column-gap-default\">\n\t\t\t\t\t<div class=\"elementor-column elementor-col-100 elementor-top-column elementor-element elementor-element-b6c0a1a\" data-id=\"b6c0a1a\" data-element_type=\"column\" data-e-type=\"column\">\n\t\t\t<div class=\"elementor-widget-wrap elementor-element-populated\">\n\t\t\t\t\t\t<div class=\"elementor-element elementor-element-ff87839 elementor-widget elementor-widget-spacer\" data-id=\"ff87839\" data-element_type=\"widget\" data-e-type=\"widget\" data-widget_type=\"spacer.default\">\n\t\t\t\t<div class=\"elementor-widget-container\">\n\t\t\t\t\t\t\t<div class=\"elementor-spacer\">\n\t\t\t<div class=\"elementor-spacer-inner\"><\/div>\n\t\t<\/div>\n\t\t\t\t\t\t<\/div>\n\t\t\t\t<\/div>\n\t\t\t\t\t<\/div>\n\t\t<\/div>\n\t\t\t\t\t<\/div>\n\t\t<\/section>\n\t\t\t\t<section class=\"elementor-section elementor-top-section elementor-element elementor-element-d05ff7e elementor-section-boxed elementor-section-height-default elementor-section-height-default\" data-id=\"d05ff7e\" data-element_type=\"section\" data-e-type=\"section\">\n\t\t\t\t\t\t<div class=\"elementor-container elementor-column-gap-default\">\n\t\t\t\t\t<div class=\"elementor-column elementor-col-100 elementor-top-column elementor-element elementor-element-887998c\" data-id=\"887998c\" data-element_type=\"column\" data-e-type=\"column\">\n\t\t\t<div class=\"elementor-widget-wrap elementor-element-populated\">\n\t\t\t\t\t\t<div class=\"elementor-element elementor-element-b60851d elementor-widget elementor-widget-spacer\" data-id=\"b60851d\" data-element_type=\"widget\" data-e-type=\"widget\" data-widget_type=\"spacer.default\">\n\t\t\t\t<div class=\"elementor-widget-container\">\n\t\t\t\t\t\t\t<div class=\"elementor-spacer\">\n\t\t\t<div class=\"elementor-spacer-inner\"><\/div>\n\t\t<\/div>\n\t\t\t\t\t\t<\/div>\n\t\t\t\t<\/div>\n\t\t\t\t\t<\/div>\n\t\t<\/div>\n\t\t\t\t\t<\/div>\n\t\t<\/section>\n\t\t\t\t<\/div>\n\t\t","protected":false},"excerpt":{"rendered":"<p>SCHIENENINFRASTRUKTUREN Bei Amer e Hijos k\u00f6nnen wir Ma\u00dfnahmen zur Verbesserung der Schieneninfrastruktur durchf\u00fchren, sowohl in Bezug auf Vorstadtlinien in Gro\u00dfst\u00e4dten als auch auf Stadtbahnen (U-Bahn, Stra\u00dfenbahn usw.). Unsere Erfahrung in der Eisenbahntechnik erm\u00f6glicht es unserem Unternehmen, sowohl Schieneninfrastruktur- als auch Oberbauprojekte durchzuf\u00fchren: Bahnh\u00f6fe, Fu\u00dfg\u00e4ngerbr\u00fccken, Verbindungen und vieles mehr.<\/p>\n","protected":false},"author":7,"featured_media":0,"parent":0,"menu_order":0,"comment_status":"closed","ping_status":"closed","template":"elementor_header_footer","meta":{"footnotes":""},"class_list":["post-2581","page","type-page","status-publish"],"_links":{"self":[{"href":"https:\/\/amerehijos.com\/de\/wp-json\/wp\/v2\/pages\/2581","targetHints":{"allow":["GET"]}}],"collection":[{"href":"https:\/\/amerehijos.com\/de\/wp-json\/wp\/v2\/pages"}],"about":[{"href":"https:\/\/amerehijos.com\/de\/wp-json\/wp\/v2\/types\/page"}],"author":[{"embeddable":true,"href":"https:\/\/amerehijos.com\/de\/wp-json\/wp\/v2\/users\/7"}],"replies":[{"embeddable":true,"href":"https:\/\/amerehijos.com\/de\/wp-json\/wp\/v2\/comments?post=2581"}],"version-history":[{"count":0,"href":"https:\/\/amerehijos.com\/de\/wp-json\/wp\/v2\/pages\/2581\/revisions"}],"wp:attachment":[{"href":"https:\/\/amerehijos.com\/de\/wp-json\/wp\/v2\/media?parent=2581"}],"curies":[{"name":"wp","href":"https:\/\/api.w.org\/{rel}","templated":true}]}}