{"id":2576,"date":"2021-01-21T12:41:10","date_gmt":"2021-01-21T11:41:10","guid":{"rendered":"https:\/\/amerehijos.com\/?page_id=2576"},"modified":"2021-04-09T14:03:12","modified_gmt":"2021-04-09T13:03:12","slug":"wasserbauwerke","status":"publish","type":"page","link":"https:\/\/amerehijos.com\/de\/wasserbauwerke\/","title":{"rendered":"WASSERBAUWERKE"},"content":{"rendered":"\t\t<div data-elementor-type=\"wp-page\" data-elementor-id=\"2576\" class=\"elementor elementor-2576 elementor-1014\" data-elementor-post-type=\"page\">\n\t\t\t\t\t\t<section class=\"elementor-section elementor-top-section elementor-element elementor-element-574fa49 elementor-section-boxed elementor-section-height-default elementor-section-height-default\" data-id=\"574fa49\" data-element_type=\"section\" data-e-type=\"section\">\n\t\t\t\t\t\t<div class=\"elementor-container elementor-column-gap-default\">\n\t\t\t\t\t<div class=\"elementor-column elementor-col-100 elementor-top-column elementor-element elementor-element-1e52be0\" data-id=\"1e52be0\" data-element_type=\"column\" data-e-type=\"column\">\n\t\t\t<div class=\"elementor-widget-wrap elementor-element-populated\">\n\t\t\t\t\t\t<div class=\"elementor-element elementor-element-cc83414 elementor-widget elementor-widget-shortcode\" data-id=\"cc83414\" data-element_type=\"widget\" data-e-type=\"widget\" data-widget_type=\"shortcode.default\">\n\t\t\t\t<div class=\"elementor-widget-container\">\n\t\t\t\t\t\t\t<div class=\"elementor-shortcode\">\n<\/div>\n\t\t\t\t\t\t<\/div>\n\t\t\t\t<\/div>\n\t\t\t\t\t<\/div>\n\t\t<\/div>\n\t\t\t\t\t<\/div>\n\t\t<\/section>\n\t\t\t\t<section class=\"elementor-section elementor-top-section elementor-element elementor-element-402f96b elementor-section-boxed elementor-section-height-default elementor-section-height-default\" data-id=\"402f96b\" data-element_type=\"section\" data-e-type=\"section\">\n\t\t\t\t\t\t<div class=\"elementor-container elementor-column-gap-default\">\n\t\t\t\t\t<div class=\"elementor-column elementor-col-100 elementor-top-column elementor-element elementor-element-df7dfc4\" data-id=\"df7dfc4\" data-element_type=\"column\" data-e-type=\"column\">\n\t\t\t<div class=\"elementor-widget-wrap elementor-element-populated\">\n\t\t\t\t\t\t<div class=\"elementor-element elementor-element-2843e16 elementor-widget elementor-widget-spacer\" data-id=\"2843e16\" data-element_type=\"widget\" data-e-type=\"widget\" data-widget_type=\"spacer.default\">\n\t\t\t\t<div class=\"elementor-widget-container\">\n\t\t\t\t\t\t\t<div class=\"elementor-spacer\">\n\t\t\t<div class=\"elementor-spacer-inner\"><\/div>\n\t\t<\/div>\n\t\t\t\t\t\t<\/div>\n\t\t\t\t<\/div>\n\t\t\t\t\t<\/div>\n\t\t<\/div>\n\t\t\t\t\t<\/div>\n\t\t<\/section>\n\t\t\t\t<section class=\"elementor-section elementor-top-section elementor-element elementor-element-d8d1025 elementor-section-boxed elementor-section-height-default elementor-section-height-default\" data-id=\"d8d1025\" data-element_type=\"section\" data-e-type=\"section\">\n\t\t\t\t\t\t<div class=\"elementor-container elementor-column-gap-default\">\n\t\t\t\t\t<div class=\"elementor-column elementor-col-50 elementor-top-column elementor-element elementor-element-d07ac84\" data-id=\"d07ac84\" data-element_type=\"column\" data-e-type=\"column\">\n\t\t\t<div class=\"elementor-widget-wrap elementor-element-populated\">\n\t\t\t\t\t\t<div class=\"elementor-element elementor-element-e9b0750 elementor-widget elementor-widget-text-editor\" data-id=\"e9b0750\" data-element_type=\"widget\" data-e-type=\"widget\" data-widget_type=\"text-editor.default\">\n\t\t\t\t<div class=\"elementor-widget-container\">\n\t\t\t\t\t\t\t\t\t<h1>WASSERBAUWERKE<\/h1><p><span style=\"font-weight: 400;\">Die technische Ausbildung von Amer e Hijos ist auch bei der Ausf\u00fchrung von komplexen Wasserbauvorhaben pr\u00e4sent. Unser Dienstleistungskatalog umfasst die Ausf\u00fchrung und Verwaltung verschiedener Wasserbauwerke, von Wassersammel- und -speicherungsarbeiten bis hin zu Abwasserverteilungsnetzen, Trinkwasserversorgung, Flusskanalisation und jede Art von Wasserbauwerken, die uns vorgeschlagen werden k\u00f6nnen.<\/span><\/p><p><span style=\"font-weight: 400;\">Bei Amer haben wir verschiedene Wasserbauprojekte auf Mallorca und den Balearen durchgef\u00fchrt und bieten L\u00f6sungen an, die an die Bed\u00fcrfnisse jedes Kunden angepasst sind.\u00a0<\/span><\/p>\t\t\t\t\t\t\t\t<\/div>\n\t\t\t\t<\/div>\n\t\t\t\t\t<\/div>\n\t\t<\/div>\n\t\t\t\t<div class=\"elementor-column elementor-col-50 elementor-top-column elementor-element elementor-element-bdfb3f6\" data-id=\"bdfb3f6\" data-element_type=\"column\" data-e-type=\"column\">\n\t\t\t<div class=\"elementor-widget-wrap elementor-element-populated\">\n\t\t\t\t\t\t<div class=\"elementor-element elementor-element-757a344 elementor-widget elementor-widget-image\" data-id=\"757a344\" data-element_type=\"widget\" data-e-type=\"widget\" data-widget_type=\"image.default\">\n\t\t\t\t<div class=\"elementor-widget-container\">\n\t\t\t\t\t\t\t\t\t\t\t\t\t\t\t<img fetchpriority=\"high\" decoding=\"async\" width=\"825\" height=\"619\" src=\"https:\/\/amerehijos.com\/wp-content\/uploads\/2020\/12\/Micropilotes-Camp-de-Mar-1024x768.jpg\" class=\"attachment-large size-large wp-image-1697\" alt=\"\" srcset=\"https:\/\/amerehijos.com\/wp-content\/uploads\/2020\/12\/Micropilotes-Camp-de-Mar-1024x768.jpg 1024w, https:\/\/amerehijos.com\/wp-content\/uploads\/2020\/12\/Micropilotes-Camp-de-Mar-300x225.jpg 300w, https:\/\/amerehijos.com\/wp-content\/uploads\/2020\/12\/Micropilotes-Camp-de-Mar-768x576.jpg 768w, https:\/\/amerehijos.com\/wp-content\/uploads\/2020\/12\/Micropilotes-Camp-de-Mar-1536x1152.jpg 1536w, https:\/\/amerehijos.com\/wp-content\/uploads\/2020\/12\/Micropilotes-Camp-de-Mar-2048x1536.jpg 2048w\" sizes=\"(max-width: 825px) 100vw, 825px\" \/>\t\t\t\t\t\t\t\t\t\t\t\t\t\t\t<\/div>\n\t\t\t\t<\/div>\n\t\t\t\t\t<\/div>\n\t\t<\/div>\n\t\t\t\t\t<\/div>\n\t\t<\/section>\n\t\t\t\t<section class=\"elementor-section elementor-top-section elementor-element elementor-element-9695d34 elementor-section-boxed elementor-section-height-default elementor-section-height-default\" data-id=\"9695d34\" data-element_type=\"section\" data-e-type=\"section\">\n\t\t\t\t\t\t<div class=\"elementor-container elementor-column-gap-default\">\n\t\t\t\t\t<div class=\"elementor-column elementor-col-100 elementor-top-column elementor-element elementor-element-b154cb5\" data-id=\"b154cb5\" data-element_type=\"column\" data-e-type=\"column\">\n\t\t\t<div class=\"elementor-widget-wrap elementor-element-populated\">\n\t\t\t\t\t\t<div class=\"elementor-element elementor-element-43fb5ec elementor-widget elementor-widget-spacer\" data-id=\"43fb5ec\" data-element_type=\"widget\" data-e-type=\"widget\" data-widget_type=\"spacer.default\">\n\t\t\t\t<div class=\"elementor-widget-container\">\n\t\t\t\t\t\t\t<div class=\"elementor-spacer\">\n\t\t\t<div class=\"elementor-spacer-inner\"><\/div>\n\t\t<\/div>\n\t\t\t\t\t\t<\/div>\n\t\t\t\t<\/div>\n\t\t\t\t\t<\/div>\n\t\t<\/div>\n\t\t\t\t\t<\/div>\n\t\t<\/section>\n\t\t\t\t<section class=\"elementor-section elementor-top-section elementor-element elementor-element-c1476b7 elementor-section-boxed elementor-section-height-default elementor-section-height-default\" data-id=\"c1476b7\" data-element_type=\"section\" data-e-type=\"section\">\n\t\t\t\t\t\t<div class=\"elementor-container elementor-column-gap-default\">\n\t\t\t\t\t<div class=\"elementor-column elementor-col-100 elementor-top-column elementor-element elementor-element-59e0d17\" data-id=\"59e0d17\" data-element_type=\"column\" data-e-type=\"column\">\n\t\t\t<div class=\"elementor-widget-wrap elementor-element-populated\">\n\t\t\t\t\t\t<div class=\"elementor-element elementor-element-0e771f2 elementor-widget elementor-widget-spacer\" data-id=\"0e771f2\" data-element_type=\"widget\" data-e-type=\"widget\" data-widget_type=\"spacer.default\">\n\t\t\t\t<div class=\"elementor-widget-container\">\n\t\t\t\t\t\t\t<div class=\"elementor-spacer\">\n\t\t\t<div class=\"elementor-spacer-inner\"><\/div>\n\t\t<\/div>\n\t\t\t\t\t\t<\/div>\n\t\t\t\t<\/div>\n\t\t\t\t\t<\/div>\n\t\t<\/div>\n\t\t\t\t\t<\/div>\n\t\t<\/section>\n\t\t\t\t<\/div>\n\t\t","protected":false},"excerpt":{"rendered":"<p>WASSERBAUWERKE Die technische Ausbildung von Amer e Hijos ist auch bei der Ausf\u00fchrung von komplexen Wasserbauvorhaben pr\u00e4sent. Unser Dienstleistungskatalog umfasst die Ausf\u00fchrung und Verwaltung verschiedener Wasserbauwerke, von Wassersammel- und -speicherungsarbeiten bis hin zu Abwasserverteilungsnetzen, Trinkwasserversorgung, Flusskanalisation und jede Art von Wasserbauwerken, die uns vorgeschlagen werden k\u00f6nnen. Bei Amer haben wir verschiedene Wasserbauprojekte auf Mallorca und &#8230; <a title=\"WASSERBAUWERKE\" class=\"read-more\" href=\"https:\/\/amerehijos.com\/de\/wasserbauwerke\/\" aria-label=\"Read more about WASSERBAUWERKE\">Read more<\/a><\/p>\n","protected":false},"author":7,"featured_media":0,"parent":0,"menu_order":0,"comment_status":"closed","ping_status":"closed","template":"elementor_header_footer","meta":{"footnotes":""},"class_list":["post-2576","page","type-page","status-publish"],"_links":{"self":[{"href":"https:\/\/amerehijos.com\/de\/wp-json\/wp\/v2\/pages\/2576","targetHints":{"allow":["GET"]}}],"collection":[{"href":"https:\/\/amerehijos.com\/de\/wp-json\/wp\/v2\/pages"}],"about":[{"href":"https:\/\/amerehijos.com\/de\/wp-json\/wp\/v2\/types\/page"}],"author":[{"embeddable":true,"href":"https:\/\/amerehijos.com\/de\/wp-json\/wp\/v2\/users\/7"}],"replies":[{"embeddable":true,"href":"https:\/\/amerehijos.com\/de\/wp-json\/wp\/v2\/comments?post=2576"}],"version-history":[{"count":0,"href":"https:\/\/amerehijos.com\/de\/wp-json\/wp\/v2\/pages\/2576\/revisions"}],"wp:attachment":[{"href":"https:\/\/amerehijos.com\/de\/wp-json\/wp\/v2\/media?parent=2576"}],"curies":[{"name":"wp","href":"https:\/\/api.w.org\/{rel}","templated":true}]}}