{"id":2571,"date":"2021-01-21T12:38:03","date_gmt":"2021-01-21T11:38:03","guid":{"rendered":"https:\/\/amerehijos.com\/?page_id=2571"},"modified":"2021-04-09T14:02:43","modified_gmt":"2021-04-09T13:02:43","slug":"flughafeninfrastrukturen","status":"publish","type":"page","link":"https:\/\/amerehijos.com\/de\/flughafeninfrastrukturen\/","title":{"rendered":"FLUGHAFENINFRASTRUKTUREN"},"content":{"rendered":"\t\t<div data-elementor-type=\"wp-page\" data-elementor-id=\"2571\" class=\"elementor elementor-2571 elementor-1011\" data-elementor-post-type=\"page\">\n\t\t\t\t\t\t<section class=\"elementor-section elementor-top-section elementor-element elementor-element-6d2f10f elementor-section-boxed elementor-section-height-default elementor-section-height-default\" data-id=\"6d2f10f\" data-element_type=\"section\" data-e-type=\"section\">\n\t\t\t\t\t\t<div class=\"elementor-container elementor-column-gap-default\">\n\t\t\t\t\t<div class=\"elementor-column elementor-col-100 elementor-top-column elementor-element elementor-element-0fe7bb9\" data-id=\"0fe7bb9\" data-element_type=\"column\" data-e-type=\"column\">\n\t\t\t<div class=\"elementor-widget-wrap elementor-element-populated\">\n\t\t\t\t\t\t<div class=\"elementor-element elementor-element-dc8127d elementor-widget elementor-widget-shortcode\" data-id=\"dc8127d\" data-element_type=\"widget\" data-e-type=\"widget\" data-widget_type=\"shortcode.default\">\n\t\t\t\t<div class=\"elementor-widget-container\">\n\t\t\t\t\t\t\t<div class=\"elementor-shortcode\">\n<\/div>\n\t\t\t\t\t\t<\/div>\n\t\t\t\t<\/div>\n\t\t\t\t\t<\/div>\n\t\t<\/div>\n\t\t\t\t\t<\/div>\n\t\t<\/section>\n\t\t\t\t<section class=\"elementor-section elementor-top-section elementor-element elementor-element-771c33f elementor-section-boxed elementor-section-height-default elementor-section-height-default\" data-id=\"771c33f\" data-element_type=\"section\" data-e-type=\"section\">\n\t\t\t\t\t\t<div class=\"elementor-container elementor-column-gap-default\">\n\t\t\t\t\t<div class=\"elementor-column elementor-col-100 elementor-top-column elementor-element elementor-element-81f5f22\" data-id=\"81f5f22\" data-element_type=\"column\" data-e-type=\"column\">\n\t\t\t<div class=\"elementor-widget-wrap elementor-element-populated\">\n\t\t\t\t\t\t<div class=\"elementor-element elementor-element-1b7a3bd elementor-widget elementor-widget-spacer\" data-id=\"1b7a3bd\" data-element_type=\"widget\" data-e-type=\"widget\" data-widget_type=\"spacer.default\">\n\t\t\t\t<div class=\"elementor-widget-container\">\n\t\t\t\t\t\t\t<div class=\"elementor-spacer\">\n\t\t\t<div class=\"elementor-spacer-inner\"><\/div>\n\t\t<\/div>\n\t\t\t\t\t\t<\/div>\n\t\t\t\t<\/div>\n\t\t\t\t\t<\/div>\n\t\t<\/div>\n\t\t\t\t\t<\/div>\n\t\t<\/section>\n\t\t\t\t<section class=\"elementor-section elementor-top-section elementor-element elementor-element-f14ab4d elementor-section-boxed elementor-section-height-default elementor-section-height-default\" data-id=\"f14ab4d\" data-element_type=\"section\" data-e-type=\"section\">\n\t\t\t\t\t\t<div class=\"elementor-container elementor-column-gap-default\">\n\t\t\t\t\t<div class=\"elementor-column elementor-col-50 elementor-top-column elementor-element elementor-element-3b9f57a\" data-id=\"3b9f57a\" data-element_type=\"column\" data-e-type=\"column\">\n\t\t\t<div class=\"elementor-widget-wrap elementor-element-populated\">\n\t\t\t\t\t\t<div class=\"elementor-element elementor-element-bff281a elementor-widget elementor-widget-text-editor\" data-id=\"bff281a\" data-element_type=\"widget\" data-e-type=\"widget\" data-widget_type=\"text-editor.default\">\n\t\t\t\t<div class=\"elementor-widget-container\">\n\t\t\t\t\t\t\t\t\t<h1>FLUGHAFENINFRASTRUKTUREN<\/h1><p><span style=\"font-weight: 400;\">Die Beteiligung von Amer e Hijos an bedeutenden Flughafeninfrastrukturarbeiten garantiert unsere F\u00e4higkeit, Projekte in Umgebungen zu entwickeln, die eine strenge Verfahrensweise und hohe technische Kapazit\u00e4t erfordern. Die hohen Anforderungen an Qualifikation, Qualit\u00e4t und Sicherheit haben es unserem Unternehmen erm\u00f6glicht, verschiedene Vertr\u00e4ge mit der AENA zu unterzeichnen und diese Arbeitsprojekte am Flughafen von Palma de Mallorca durchzuf\u00fchren. Die durchgef\u00fchrten Arbeiten, von der vollst\u00e4ndigen Umgestaltung der Betriebsplattformen bis hin zum Bau und Umbau von Passagierterminals, einschlie\u00dflich spezialisierter Arbeiten zur Betriebssicherheit, wie z.B. der Treibstofflagerung, garantieren h\u00f6chste Standards bei der Ausf\u00fchrung von Bauarbeiten am Flughafen.<\/span><\/p>\t\t\t\t\t\t\t\t<\/div>\n\t\t\t\t<\/div>\n\t\t\t\t\t<\/div>\n\t\t<\/div>\n\t\t\t\t<div class=\"elementor-column elementor-col-50 elementor-top-column elementor-element elementor-element-566eb53\" data-id=\"566eb53\" data-element_type=\"column\" data-e-type=\"column\">\n\t\t\t<div class=\"elementor-widget-wrap elementor-element-populated\">\n\t\t\t\t\t\t<div class=\"elementor-element elementor-element-256ca99 elementor-widget elementor-widget-image\" data-id=\"256ca99\" data-element_type=\"widget\" data-e-type=\"widget\" data-widget_type=\"image.default\">\n\t\t\t\t<div class=\"elementor-widget-container\">\n\t\t\t\t\t\t\t\t\t\t\t\t\t\t\t<img fetchpriority=\"high\" decoding=\"async\" width=\"825\" height=\"544\" src=\"https:\/\/amerehijos.com\/wp-content\/uploads\/2020\/12\/oficinas-1-1024x675.jpg\" class=\"attachment-large size-large wp-image-823\" alt=\"\" srcset=\"https:\/\/amerehijos.com\/wp-content\/uploads\/2020\/12\/oficinas-1-1024x675.jpg 1024w, https:\/\/amerehijos.com\/wp-content\/uploads\/2020\/12\/oficinas-1-300x198.jpg 300w, https:\/\/amerehijos.com\/wp-content\/uploads\/2020\/12\/oficinas-1-768x506.jpg 768w, https:\/\/amerehijos.com\/wp-content\/uploads\/2020\/12\/oficinas-1-1536x1012.jpg 1536w, https:\/\/amerehijos.com\/wp-content\/uploads\/2020\/12\/oficinas-1-2048x1350.jpg 2048w\" sizes=\"(max-width: 825px) 100vw, 825px\" \/>\t\t\t\t\t\t\t\t\t\t\t\t\t\t\t<\/div>\n\t\t\t\t<\/div>\n\t\t\t\t\t<\/div>\n\t\t<\/div>\n\t\t\t\t\t<\/div>\n\t\t<\/section>\n\t\t\t\t<section class=\"elementor-section elementor-top-section elementor-element elementor-element-2006728 elementor-section-boxed elementor-section-height-default elementor-section-height-default\" data-id=\"2006728\" data-element_type=\"section\" data-e-type=\"section\">\n\t\t\t\t\t\t<div class=\"elementor-container elementor-column-gap-default\">\n\t\t\t\t\t<div class=\"elementor-column elementor-col-100 elementor-top-column elementor-element elementor-element-11b3d94\" data-id=\"11b3d94\" data-element_type=\"column\" data-e-type=\"column\">\n\t\t\t<div class=\"elementor-widget-wrap elementor-element-populated\">\n\t\t\t\t\t\t<div class=\"elementor-element elementor-element-75ae788 elementor-widget elementor-widget-spacer\" data-id=\"75ae788\" data-element_type=\"widget\" data-e-type=\"widget\" data-widget_type=\"spacer.default\">\n\t\t\t\t<div class=\"elementor-widget-container\">\n\t\t\t\t\t\t\t<div class=\"elementor-spacer\">\n\t\t\t<div class=\"elementor-spacer-inner\"><\/div>\n\t\t<\/div>\n\t\t\t\t\t\t<\/div>\n\t\t\t\t<\/div>\n\t\t\t\t\t<\/div>\n\t\t<\/div>\n\t\t\t\t\t<\/div>\n\t\t<\/section>\n\t\t\t\t<section class=\"elementor-section elementor-top-section elementor-element elementor-element-8879c50 elementor-section-boxed elementor-section-height-default elementor-section-height-default\" data-id=\"8879c50\" data-element_type=\"section\" data-e-type=\"section\">\n\t\t\t\t\t\t<div class=\"elementor-container elementor-column-gap-default\">\n\t\t\t\t\t<div class=\"elementor-column elementor-col-100 elementor-top-column elementor-element elementor-element-fbdde8c\" data-id=\"fbdde8c\" data-element_type=\"column\" data-e-type=\"column\">\n\t\t\t<div class=\"elementor-widget-wrap elementor-element-populated\">\n\t\t\t\t\t\t<div class=\"elementor-element elementor-element-65b8202 elementor-widget elementor-widget-spacer\" data-id=\"65b8202\" data-element_type=\"widget\" data-e-type=\"widget\" data-widget_type=\"spacer.default\">\n\t\t\t\t<div class=\"elementor-widget-container\">\n\t\t\t\t\t\t\t<div class=\"elementor-spacer\">\n\t\t\t<div class=\"elementor-spacer-inner\"><\/div>\n\t\t<\/div>\n\t\t\t\t\t\t<\/div>\n\t\t\t\t<\/div>\n\t\t\t\t\t<\/div>\n\t\t<\/div>\n\t\t\t\t\t<\/div>\n\t\t<\/section>\n\t\t\t\t<\/div>\n\t\t","protected":false},"excerpt":{"rendered":"<p>FLUGHAFENINFRASTRUKTUREN Die Beteiligung von Amer e Hijos an bedeutenden Flughafeninfrastrukturarbeiten garantiert unsere F\u00e4higkeit, Projekte in Umgebungen zu entwickeln, die eine strenge Verfahrensweise und hohe technische Kapazit\u00e4t erfordern. Die hohen Anforderungen an Qualifikation, Qualit\u00e4t und Sicherheit haben es unserem Unternehmen erm\u00f6glicht, verschiedene Vertr\u00e4ge mit der AENA zu unterzeichnen und diese Arbeitsprojekte am Flughafen von Palma de &#8230; <a title=\"FLUGHAFENINFRASTRUKTUREN\" class=\"read-more\" href=\"https:\/\/amerehijos.com\/de\/flughafeninfrastrukturen\/\" aria-label=\"Read more about FLUGHAFENINFRASTRUKTUREN\">Read more<\/a><\/p>\n","protected":false},"author":7,"featured_media":0,"parent":0,"menu_order":0,"comment_status":"closed","ping_status":"closed","template":"elementor_header_footer","meta":{"footnotes":""},"class_list":["post-2571","page","type-page","status-publish"],"_links":{"self":[{"href":"https:\/\/amerehijos.com\/de\/wp-json\/wp\/v2\/pages\/2571","targetHints":{"allow":["GET"]}}],"collection":[{"href":"https:\/\/amerehijos.com\/de\/wp-json\/wp\/v2\/pages"}],"about":[{"href":"https:\/\/amerehijos.com\/de\/wp-json\/wp\/v2\/types\/page"}],"author":[{"embeddable":true,"href":"https:\/\/amerehijos.com\/de\/wp-json\/wp\/v2\/users\/7"}],"replies":[{"embeddable":true,"href":"https:\/\/amerehijos.com\/de\/wp-json\/wp\/v2\/comments?post=2571"}],"version-history":[{"count":0,"href":"https:\/\/amerehijos.com\/de\/wp-json\/wp\/v2\/pages\/2571\/revisions"}],"wp:attachment":[{"href":"https:\/\/amerehijos.com\/de\/wp-json\/wp\/v2\/media?parent=2571"}],"curies":[{"name":"wp","href":"https:\/\/api.w.org\/{rel}","templated":true}]}}