{"id":2564,"date":"2021-01-21T12:35:07","date_gmt":"2021-01-21T11:35:07","guid":{"rendered":"https:\/\/amerehijos.com\/?page_id=2564"},"modified":"2021-04-09T13:57:20","modified_gmt":"2021-04-09T12:57:20","slug":"hafen-und-seeinfrastrukturen","status":"publish","type":"page","link":"https:\/\/amerehijos.com\/de\/hafen-und-seeinfrastrukturen\/","title":{"rendered":"HAFEN- UND SEEINFRASTRUKTUREN"},"content":{"rendered":"\t\t<div data-elementor-type=\"wp-page\" data-elementor-id=\"2564\" class=\"elementor elementor-2564 elementor-1009\" data-elementor-post-type=\"page\">\n\t\t\t\t\t\t<section class=\"elementor-section elementor-top-section elementor-element elementor-element-bc1bb37 elementor-section-boxed elementor-section-height-default elementor-section-height-default\" data-id=\"bc1bb37\" data-element_type=\"section\" data-e-type=\"section\">\n\t\t\t\t\t\t<div class=\"elementor-container elementor-column-gap-default\">\n\t\t\t\t\t<div class=\"elementor-column elementor-col-100 elementor-top-column elementor-element elementor-element-deecb0c\" data-id=\"deecb0c\" data-element_type=\"column\" data-e-type=\"column\">\n\t\t\t<div class=\"elementor-widget-wrap elementor-element-populated\">\n\t\t\t\t\t\t<div class=\"elementor-element elementor-element-5c76669 elementor-widget elementor-widget-shortcode\" data-id=\"5c76669\" data-element_type=\"widget\" data-e-type=\"widget\" data-widget_type=\"shortcode.default\">\n\t\t\t\t<div class=\"elementor-widget-container\">\n\t\t\t\t\t\t\t<div class=\"elementor-shortcode\">\n\n<\/div>\n\t\t\t\t\t\t<\/div>\n\t\t\t\t<\/div>\n\t\t\t\t\t<\/div>\n\t\t<\/div>\n\t\t\t\t\t<\/div>\n\t\t<\/section>\n\t\t\t\t<section class=\"elementor-section elementor-top-section elementor-element elementor-element-be40e9d elementor-section-boxed elementor-section-height-default elementor-section-height-default\" data-id=\"be40e9d\" data-element_type=\"section\" data-e-type=\"section\">\n\t\t\t\t\t\t<div class=\"elementor-container elementor-column-gap-default\">\n\t\t\t\t\t<div class=\"elementor-column elementor-col-100 elementor-top-column elementor-element elementor-element-8099783\" data-id=\"8099783\" data-element_type=\"column\" data-e-type=\"column\">\n\t\t\t<div class=\"elementor-widget-wrap elementor-element-populated\">\n\t\t\t\t\t\t<div class=\"elementor-element elementor-element-823eb57 elementor-widget elementor-widget-spacer\" data-id=\"823eb57\" data-element_type=\"widget\" data-e-type=\"widget\" data-widget_type=\"spacer.default\">\n\t\t\t\t<div class=\"elementor-widget-container\">\n\t\t\t\t\t\t\t<div class=\"elementor-spacer\">\n\t\t\t<div class=\"elementor-spacer-inner\"><\/div>\n\t\t<\/div>\n\t\t\t\t\t\t<\/div>\n\t\t\t\t<\/div>\n\t\t\t\t\t<\/div>\n\t\t<\/div>\n\t\t\t\t\t<\/div>\n\t\t<\/section>\n\t\t\t\t<section class=\"elementor-section elementor-top-section elementor-element elementor-element-57b5bca elementor-section-boxed elementor-section-height-default elementor-section-height-default\" data-id=\"57b5bca\" data-element_type=\"section\" data-e-type=\"section\">\n\t\t\t\t\t\t<div class=\"elementor-container elementor-column-gap-default\">\n\t\t\t\t\t<div class=\"elementor-column elementor-col-50 elementor-top-column elementor-element elementor-element-4d3d9f3\" data-id=\"4d3d9f3\" data-element_type=\"column\" data-e-type=\"column\">\n\t\t\t<div class=\"elementor-widget-wrap elementor-element-populated\">\n\t\t\t\t\t\t<div class=\"elementor-element elementor-element-59d4789 elementor-widget elementor-widget-text-editor\" data-id=\"59d4789\" data-element_type=\"widget\" data-e-type=\"widget\" data-widget_type=\"text-editor.default\">\n\t\t\t\t<div class=\"elementor-widget-container\">\n\t\t\t\t\t\t\t\t\t<h1>HAFEN- UND SEEINFRASTRUKTUREN<\/h1><p><span style=\"font-weight: 400;\">Bei Amer Obres y Serveis sind wir in der Lage, jede Art von Projekt f\u00fcr die Planung, den Bau und die Instandhaltung von Jacht- und Fischereih\u00e4fen, Werften oder jede andere Art von Seeinfrastruktur, haupts\u00e4chlich auf Mallorca und den Balearen, sowohl f\u00fcr die \u00f6ffentliche Verwaltung als auch f\u00fcr private Kunden durchzuf\u00fchren.<\/span><\/p><p><span style=\"font-weight: 400;\">Die Insellage Mallorcas hat es uns erm\u00f6glicht, verschiedene Hafeninfrastrukturarbeiten durchzuf\u00fchren. Dadurch verf\u00fcgen wir \u00fcber eine Erfahrung in diesem Sektor, die es uns erm\u00f6glicht, unseren Kunden jede Art von Projekt mit unseren Technologien und unserem Wissen, das bei den Hafenarbeiten angewandt wird, zur Verf\u00fcgung zu stellen.\u00a0\u00a0<\/span><\/p>\t\t\t\t\t\t\t\t<\/div>\n\t\t\t\t<\/div>\n\t\t\t\t\t<\/div>\n\t\t<\/div>\n\t\t\t\t<div class=\"elementor-column elementor-col-50 elementor-top-column elementor-element elementor-element-58e5628\" data-id=\"58e5628\" data-element_type=\"column\" data-e-type=\"column\">\n\t\t\t<div class=\"elementor-widget-wrap elementor-element-populated\">\n\t\t\t\t\t\t<div class=\"elementor-element elementor-element-4944f29 elementor-widget elementor-widget-image\" data-id=\"4944f29\" data-element_type=\"widget\" data-e-type=\"widget\" data-widget_type=\"image.default\">\n\t\t\t\t<div class=\"elementor-widget-container\">\n\t\t\t\t\t\t\t\t\t\t\t\t\t\t\t<img fetchpriority=\"high\" decoding=\"async\" width=\"825\" height=\"549\" src=\"https:\/\/amerehijos.com\/wp-content\/uploads\/2020\/12\/maritimas-web-1024x682.jpg\" class=\"attachment-large size-large wp-image-1713\" alt=\"\" srcset=\"https:\/\/amerehijos.com\/wp-content\/uploads\/2020\/12\/maritimas-web-1024x682.jpg 1024w, https:\/\/amerehijos.com\/wp-content\/uploads\/2020\/12\/maritimas-web-300x200.jpg 300w, https:\/\/amerehijos.com\/wp-content\/uploads\/2020\/12\/maritimas-web-768x512.jpg 768w, https:\/\/amerehijos.com\/wp-content\/uploads\/2020\/12\/maritimas-web-930x620.jpg 930w, https:\/\/amerehijos.com\/wp-content\/uploads\/2020\/12\/maritimas-web.jpg 1120w\" sizes=\"(max-width: 825px) 100vw, 825px\" \/>\t\t\t\t\t\t\t\t\t\t\t\t\t\t\t<\/div>\n\t\t\t\t<\/div>\n\t\t\t\t\t<\/div>\n\t\t<\/div>\n\t\t\t\t\t<\/div>\n\t\t<\/section>\n\t\t\t\t<section class=\"elementor-section elementor-top-section elementor-element elementor-element-f59eba8 elementor-section-boxed elementor-section-height-default elementor-section-height-default\" data-id=\"f59eba8\" data-element_type=\"section\" data-e-type=\"section\">\n\t\t\t\t\t\t<div class=\"elementor-container elementor-column-gap-default\">\n\t\t\t\t\t<div class=\"elementor-column elementor-col-100 elementor-top-column elementor-element elementor-element-44b5c3f\" data-id=\"44b5c3f\" data-element_type=\"column\" data-e-type=\"column\">\n\t\t\t<div class=\"elementor-widget-wrap elementor-element-populated\">\n\t\t\t\t\t\t<div class=\"elementor-element elementor-element-a13ff62 elementor-widget elementor-widget-spacer\" data-id=\"a13ff62\" data-element_type=\"widget\" data-e-type=\"widget\" data-widget_type=\"spacer.default\">\n\t\t\t\t<div class=\"elementor-widget-container\">\n\t\t\t\t\t\t\t<div class=\"elementor-spacer\">\n\t\t\t<div class=\"elementor-spacer-inner\"><\/div>\n\t\t<\/div>\n\t\t\t\t\t\t<\/div>\n\t\t\t\t<\/div>\n\t\t\t\t\t<\/div>\n\t\t<\/div>\n\t\t\t\t\t<\/div>\n\t\t<\/section>\n\t\t\t\t<section class=\"elementor-section elementor-top-section elementor-element elementor-element-ef40031 elementor-section-boxed elementor-section-height-default elementor-section-height-default\" data-id=\"ef40031\" data-element_type=\"section\" data-e-type=\"section\">\n\t\t\t\t\t\t<div class=\"elementor-container elementor-column-gap-default\">\n\t\t\t\t\t<div class=\"elementor-column elementor-col-100 elementor-top-column elementor-element elementor-element-a1283c5\" data-id=\"a1283c5\" data-element_type=\"column\" data-e-type=\"column\">\n\t\t\t<div class=\"elementor-widget-wrap elementor-element-populated\">\n\t\t\t\t\t\t<div class=\"elementor-element elementor-element-325542f elementor-widget elementor-widget-spacer\" data-id=\"325542f\" data-element_type=\"widget\" data-e-type=\"widget\" data-widget_type=\"spacer.default\">\n\t\t\t\t<div class=\"elementor-widget-container\">\n\t\t\t\t\t\t\t<div class=\"elementor-spacer\">\n\t\t\t<div class=\"elementor-spacer-inner\"><\/div>\n\t\t<\/div>\n\t\t\t\t\t\t<\/div>\n\t\t\t\t<\/div>\n\t\t\t\t\t<\/div>\n\t\t<\/div>\n\t\t\t\t\t<\/div>\n\t\t<\/section>\n\t\t\t\t<section class=\"elementor-section elementor-top-section elementor-element elementor-element-626ee06 elementor-section-boxed elementor-section-height-default elementor-section-height-default\" data-id=\"626ee06\" data-element_type=\"section\" data-e-type=\"section\">\n\t\t\t\t\t\t<div class=\"elementor-container elementor-column-gap-default\">\n\t\t\t\t\t<div class=\"elementor-column elementor-col-100 elementor-top-column elementor-element elementor-element-b3c0b56\" data-id=\"b3c0b56\" data-element_type=\"column\" data-e-type=\"column\">\n\t\t\t<div class=\"elementor-widget-wrap elementor-element-populated\">\n\t\t\t\t\t\t<div class=\"elementor-element elementor-element-a011cae elementor-widget elementor-widget-spacer\" data-id=\"a011cae\" data-element_type=\"widget\" data-e-type=\"widget\" data-widget_type=\"spacer.default\">\n\t\t\t\t<div class=\"elementor-widget-container\">\n\t\t\t\t\t\t\t<div class=\"elementor-spacer\">\n\t\t\t<div class=\"elementor-spacer-inner\"><\/div>\n\t\t<\/div>\n\t\t\t\t\t\t<\/div>\n\t\t\t\t<\/div>\n\t\t\t\t\t<\/div>\n\t\t<\/div>\n\t\t\t\t\t<\/div>\n\t\t<\/section>\n\t\t\t\t<\/div>\n\t\t","protected":false},"excerpt":{"rendered":"<p>HAFEN- UND SEEINFRASTRUKTUREN Bei Amer Obres y Serveis sind wir in der Lage, jede Art von Projekt f\u00fcr die Planung, den Bau und die Instandhaltung von Jacht- und Fischereih\u00e4fen, Werften oder jede andere Art von Seeinfrastruktur, haupts\u00e4chlich auf Mallorca und den Balearen, sowohl f\u00fcr die \u00f6ffentliche Verwaltung als auch f\u00fcr private Kunden durchzuf\u00fchren. Die Insellage &#8230; <a title=\"HAFEN- UND SEEINFRASTRUKTUREN\" class=\"read-more\" href=\"https:\/\/amerehijos.com\/de\/hafen-und-seeinfrastrukturen\/\" aria-label=\"Read more about HAFEN- UND SEEINFRASTRUKTUREN\">Read more<\/a><\/p>\n","protected":false},"author":7,"featured_media":0,"parent":0,"menu_order":0,"comment_status":"closed","ping_status":"closed","template":"elementor_header_footer","meta":{"footnotes":""},"class_list":["post-2564","page","type-page","status-publish"],"_links":{"self":[{"href":"https:\/\/amerehijos.com\/de\/wp-json\/wp\/v2\/pages\/2564","targetHints":{"allow":["GET"]}}],"collection":[{"href":"https:\/\/amerehijos.com\/de\/wp-json\/wp\/v2\/pages"}],"about":[{"href":"https:\/\/amerehijos.com\/de\/wp-json\/wp\/v2\/types\/page"}],"author":[{"embeddable":true,"href":"https:\/\/amerehijos.com\/de\/wp-json\/wp\/v2\/users\/7"}],"replies":[{"embeddable":true,"href":"https:\/\/amerehijos.com\/de\/wp-json\/wp\/v2\/comments?post=2564"}],"version-history":[{"count":0,"href":"https:\/\/amerehijos.com\/de\/wp-json\/wp\/v2\/pages\/2564\/revisions"}],"wp:attachment":[{"href":"https:\/\/amerehijos.com\/de\/wp-json\/wp\/v2\/media?parent=2564"}],"curies":[{"name":"wp","href":"https:\/\/api.w.org\/{rel}","templated":true}]}}