{"id":2545,"date":"2021-01-21T12:26:43","date_gmt":"2021-01-21T11:26:43","guid":{"rendered":"https:\/\/amerehijos.com\/?page_id=2545"},"modified":"2021-08-12T19:47:47","modified_gmt":"2021-08-12T18:47:47","slug":"infrastrukturen","status":"publish","type":"page","link":"https:\/\/amerehijos.com\/de\/infrastrukturen\/","title":{"rendered":"INFRASTRUKTUREN"},"content":{"rendered":"\t\t<div data-elementor-type=\"wp-page\" data-elementor-id=\"2545\" class=\"elementor elementor-2545 elementor-1999\" data-elementor-post-type=\"page\">\n\t\t\t\t\t\t<section class=\"elementor-section elementor-top-section elementor-element elementor-element-6d2f10f elementor-section-boxed elementor-section-height-default elementor-section-height-default\" data-id=\"6d2f10f\" data-element_type=\"section\" data-e-type=\"section\">\n\t\t\t\t\t\t<div class=\"elementor-container elementor-column-gap-default\">\n\t\t\t\t\t<div class=\"elementor-column elementor-col-100 elementor-top-column elementor-element elementor-element-0fe7bb9\" data-id=\"0fe7bb9\" data-element_type=\"column\" data-e-type=\"column\">\n\t\t\t<div class=\"elementor-widget-wrap elementor-element-populated\">\n\t\t\t\t\t\t<div class=\"elementor-element elementor-element-dc8127d elementor-widget elementor-widget-shortcode\" data-id=\"dc8127d\" data-element_type=\"widget\" data-e-type=\"widget\" data-widget_type=\"shortcode.default\">\n\t\t\t\t<div class=\"elementor-widget-container\">\n\t\t\t\t\t\t\t<div class=\"elementor-shortcode\">\n<\/div>\n\t\t\t\t\t\t<\/div>\n\t\t\t\t<\/div>\n\t\t\t\t\t<\/div>\n\t\t<\/div>\n\t\t\t\t\t<\/div>\n\t\t<\/section>\n\t\t\t\t<section class=\"elementor-section elementor-top-section elementor-element elementor-element-a817fd9 elementor-section-boxed elementor-section-height-default elementor-section-height-default\" data-id=\"a817fd9\" data-element_type=\"section\" data-e-type=\"section\">\n\t\t\t\t\t\t<div class=\"elementor-container elementor-column-gap-default\">\n\t\t\t\t\t<div class=\"elementor-column elementor-col-100 elementor-top-column elementor-element elementor-element-3234564\" data-id=\"3234564\" data-element_type=\"column\" data-e-type=\"column\">\n\t\t\t<div class=\"elementor-widget-wrap elementor-element-populated\">\n\t\t\t\t\t\t<div class=\"elementor-element elementor-element-cd8772a elementor-widget elementor-widget-heading\" data-id=\"cd8772a\" data-element_type=\"widget\" data-e-type=\"widget\" data-widget_type=\"heading.default\">\n\t\t\t\t<div class=\"elementor-widget-container\">\n\t\t\t\t\t<h1 class=\"elementor-heading-title elementor-size-default\">Infrastrukturen<\/h1>\t\t\t\t<\/div>\n\t\t\t\t<\/div>\n\t\t\t\t\t<\/div>\n\t\t<\/div>\n\t\t\t\t\t<\/div>\n\t\t<\/section>\n\t\t\t\t<section class=\"elementor-section elementor-top-section elementor-element elementor-element-771c33f elementor-section-boxed elementor-section-height-default elementor-section-height-default\" data-id=\"771c33f\" data-element_type=\"section\" data-e-type=\"section\">\n\t\t\t\t\t\t<div class=\"elementor-container elementor-column-gap-default\">\n\t\t\t\t\t<div class=\"elementor-column elementor-col-100 elementor-top-column elementor-element elementor-element-81f5f22\" data-id=\"81f5f22\" data-element_type=\"column\" data-e-type=\"column\">\n\t\t\t<div class=\"elementor-widget-wrap elementor-element-populated\">\n\t\t\t\t\t\t<div class=\"elementor-element elementor-element-1b7a3bd elementor-widget elementor-widget-spacer\" data-id=\"1b7a3bd\" data-element_type=\"widget\" data-e-type=\"widget\" data-widget_type=\"spacer.default\">\n\t\t\t\t<div class=\"elementor-widget-container\">\n\t\t\t\t\t\t\t<div class=\"elementor-spacer\">\n\t\t\t<div class=\"elementor-spacer-inner\"><\/div>\n\t\t<\/div>\n\t\t\t\t\t\t<\/div>\n\t\t\t\t<\/div>\n\t\t\t\t\t<\/div>\n\t\t<\/div>\n\t\t\t\t\t<\/div>\n\t\t<\/section>\n\t\t\t\t<section class=\"elementor-section elementor-top-section elementor-element elementor-element-bbcd293 elementor-section-boxed elementor-section-height-default elementor-section-height-default\" data-id=\"bbcd293\" data-element_type=\"section\" data-e-type=\"section\">\n\t\t\t\t\t\t<div class=\"elementor-container elementor-column-gap-default\">\n\t\t\t\t\t<div class=\"elementor-column elementor-col-100 elementor-top-column elementor-element elementor-element-4897e0b\" data-id=\"4897e0b\" data-element_type=\"column\" data-e-type=\"column\">\n\t\t\t<div class=\"elementor-widget-wrap elementor-element-populated\">\n\t\t\t\t\t\t<div class=\"elementor-element elementor-element-08d3fbf elementor-widget elementor-widget-text-editor\" data-id=\"08d3fbf\" data-element_type=\"widget\" data-e-type=\"widget\" data-widget_type=\"text-editor.default\">\n\t\t\t\t<div class=\"elementor-widget-container\">\n\t\t\t\t\t\t\t\t\t<p><span style=\"font-weight: 400;\">Die Geschichte von Amer e Hijos, ist zweifellos mit den verschiedenen Infrastrukturprojekten verbunden: Ob Stra\u00dfen-, See-, Hafen-, Flughafen-, Hydraulik- oder Eisenbahnprojekte &#8211; wir sind eines der f\u00fchrenden Unternehmen in diesem Sektor auf den Balearen.\u00a0<\/span><\/p><p><span style=\"font-weight: 400;\">In unserem Unternehmen verf\u00fcgen wir \u00fcber die technischen Mittel und qualifiziertes Personal, was uns eine unvergleichliche St\u00e4rke verleiht, um all diese Arten von Arbeiten erfolgreich durchzuf\u00fchren.<\/span><\/p><p><span style=\"font-weight: 400;\">Wir von Amer sind uns bewusst, dass wir auf Mallorca vor allem f\u00fcr den Bau von Infrastrukturen bekannt sind, da wir zahlreiche Projekte im Zusammenhang mit Stra\u00dfen-, See-, Hafen-, Flughafen-, Hydraulik- und Eisenbahninfrastrukturen durchgef\u00fchrt haben, die den Menschen helfen, auf dem Land-, See- und Luftweg miteinander zu kommunizieren.\u00a0<\/span><\/p>\t\t\t\t\t\t\t\t<\/div>\n\t\t\t\t<\/div>\n\t\t\t\t\t<\/div>\n\t\t<\/div>\n\t\t\t\t\t<\/div>\n\t\t<\/section>\n\t\t\t\t<section class=\"elementor-section elementor-top-section elementor-element elementor-element-f4af836 elementor-section-boxed elementor-section-height-default elementor-section-height-default\" data-id=\"f4af836\" data-element_type=\"section\" data-e-type=\"section\">\n\t\t\t\t\t\t<div class=\"elementor-container elementor-column-gap-wide\">\n\t\t\t\t\t<div class=\"elementor-column elementor-col-33 elementor-top-column elementor-element elementor-element-dae4e24\" data-id=\"dae4e24\" data-element_type=\"column\" data-e-type=\"column\">\n\t\t\t<div class=\"elementor-widget-wrap elementor-element-populated\">\n\t\t\t\t\t\t<div class=\"elementor-element elementor-element-c83ef17 elementor-widget elementor-widget-image\" data-id=\"c83ef17\" data-element_type=\"widget\" data-e-type=\"widget\" data-widget_type=\"image.default\">\n\t\t\t\t<div class=\"elementor-widget-container\">\n\t\t\t\t\t\t\t\t\t\t\t\t\t\t\t\t<a href=\"https:\/\/amerehijos.com\/de\/strasseninfrastrukturen\/\">\n\t\t\t\t\t\t\t<img decoding=\"async\" src=\"https:\/\/amerehijos.com\/wp-content\/uploads\/elementor\/thumbs\/image3-1-q46m4mdtpt3fldvq6h82nz2uq2airiy1wfjbn3brug.jpg\" title=\"image3\" alt=\"image3\" loading=\"lazy\" \/>\t\t\t\t\t\t\t\t<\/a>\n\t\t\t\t\t\t\t\t\t\t\t\t\t\t\t<\/div>\n\t\t\t\t<\/div>\n\t\t\t\t<div class=\"elementor-element elementor-element-e1a6803 elementor-widget elementor-widget-heading\" data-id=\"e1a6803\" data-element_type=\"widget\" data-e-type=\"widget\" data-widget_type=\"heading.default\">\n\t\t\t\t<div class=\"elementor-widget-container\">\n\t\t\t\t\t<h4 class=\"elementor-heading-title elementor-size-default\"><a href=\"https:\/\/amerehijos.com\/de\/strasseninfrastrukturen\/\">Stra\u00dfen<\/a><\/h4>\t\t\t\t<\/div>\n\t\t\t\t<\/div>\n\t\t\t\t\t<\/div>\n\t\t<\/div>\n\t\t\t\t<div class=\"elementor-column elementor-col-33 elementor-top-column elementor-element elementor-element-a8b601a\" data-id=\"a8b601a\" data-element_type=\"column\" data-e-type=\"column\">\n\t\t\t<div class=\"elementor-widget-wrap elementor-element-populated\">\n\t\t\t\t\t\t<div class=\"elementor-element elementor-element-98bc6de elementor-widget elementor-widget-image\" data-id=\"98bc6de\" data-element_type=\"widget\" data-e-type=\"widget\" data-widget_type=\"image.default\">\n\t\t\t\t<div class=\"elementor-widget-container\">\n\t\t\t\t\t\t\t\t\t\t\t\t\t\t\t\t<a href=\"https:\/\/amerehijos.com\/de\/hafen-und-seeinfrastrukturen\/\">\n\t\t\t\t\t\t\t<img decoding=\"async\" src=\"https:\/\/amerehijos.com\/wp-content\/uploads\/elementor\/thumbs\/image2-1-q46m4mdrw0x4gc1p5r4sm4bbed1ljfb6mty9mrix84.jpg\" title=\"image2\" alt=\"image2\" loading=\"lazy\" \/>\t\t\t\t\t\t\t\t<\/a>\n\t\t\t\t\t\t\t\t\t\t\t\t\t\t\t<\/div>\n\t\t\t\t<\/div>\n\t\t\t\t<div class=\"elementor-element elementor-element-20563a2 elementor-widget elementor-widget-heading\" data-id=\"20563a2\" data-element_type=\"widget\" data-e-type=\"widget\" data-widget_type=\"heading.default\">\n\t\t\t\t<div class=\"elementor-widget-container\">\n\t\t\t\t\t<h4 class=\"elementor-heading-title elementor-size-default\"><a href=\"https:\/\/amerehijos.com\/de\/hafen-und-seeinfrastrukturen\/\">Hafen und Seeverkehr<\/a><\/h4>\t\t\t\t<\/div>\n\t\t\t\t<\/div>\n\t\t\t\t\t<\/div>\n\t\t<\/div>\n\t\t\t\t<div class=\"elementor-column elementor-col-33 elementor-top-column elementor-element elementor-element-6e772d2\" data-id=\"6e772d2\" data-element_type=\"column\" data-e-type=\"column\">\n\t\t\t<div class=\"elementor-widget-wrap elementor-element-populated\">\n\t\t\t\t\t\t<div class=\"elementor-element elementor-element-57f1899 elementor-widget elementor-widget-image\" data-id=\"57f1899\" data-element_type=\"widget\" data-e-type=\"widget\" data-widget_type=\"image.default\">\n\t\t\t\t<div class=\"elementor-widget-container\">\n\t\t\t\t\t\t\t\t\t\t\t\t\t\t\t\t<a href=\"https:\/\/amerehijos.com\/de\/flughafeninfrastrukturen\/\">\n\t\t\t\t\t\t\t<img decoding=\"async\" src=\"https:\/\/amerehijos.com\/wp-content\/uploads\/elementor\/thumbs\/image1-1-q46m4mdrrn1ibd3jfnzatv7zbbjn8jl66brn49sy6a.jpg\" title=\"image1\" alt=\"image1\" loading=\"lazy\" \/>\t\t\t\t\t\t\t\t<\/a>\n\t\t\t\t\t\t\t\t\t\t\t\t\t\t\t<\/div>\n\t\t\t\t<\/div>\n\t\t\t\t<div class=\"elementor-element elementor-element-d11a91d elementor-widget elementor-widget-heading\" data-id=\"d11a91d\" data-element_type=\"widget\" data-e-type=\"widget\" data-widget_type=\"heading.default\">\n\t\t\t\t<div class=\"elementor-widget-container\">\n\t\t\t\t\t<h4 class=\"elementor-heading-title elementor-size-default\"><a href=\"https:\/\/amerehijos.com\/de\/flughafeninfrastrukturen\/\">Flugh\u00e4fen<\/a><\/h4>\t\t\t\t<\/div>\n\t\t\t\t<\/div>\n\t\t\t\t\t<\/div>\n\t\t<\/div>\n\t\t\t\t\t<\/div>\n\t\t<\/section>\n\t\t\t\t<section class=\"elementor-section elementor-top-section elementor-element elementor-element-81e28d2 elementor-section-boxed elementor-section-height-default elementor-section-height-default\" data-id=\"81e28d2\" data-element_type=\"section\" data-e-type=\"section\">\n\t\t\t\t\t\t<div class=\"elementor-container elementor-column-gap-default\">\n\t\t\t\t\t<div class=\"elementor-column elementor-col-100 elementor-top-column elementor-element elementor-element-e7f7e0c\" data-id=\"e7f7e0c\" data-element_type=\"column\" data-e-type=\"column\">\n\t\t\t<div class=\"elementor-widget-wrap elementor-element-populated\">\n\t\t\t\t\t\t<div class=\"elementor-element elementor-element-7641a02 elementor-widget elementor-widget-spacer\" data-id=\"7641a02\" data-element_type=\"widget\" data-e-type=\"widget\" data-widget_type=\"spacer.default\">\n\t\t\t\t<div class=\"elementor-widget-container\">\n\t\t\t\t\t\t\t<div class=\"elementor-spacer\">\n\t\t\t<div class=\"elementor-spacer-inner\"><\/div>\n\t\t<\/div>\n\t\t\t\t\t\t<\/div>\n\t\t\t\t<\/div>\n\t\t\t\t\t<\/div>\n\t\t<\/div>\n\t\t\t\t\t<\/div>\n\t\t<\/section>\n\t\t\t\t<section class=\"elementor-section elementor-top-section elementor-element elementor-element-96d6335 elementor-section-boxed elementor-section-height-default elementor-section-height-default\" data-id=\"96d6335\" data-element_type=\"section\" data-e-type=\"section\">\n\t\t\t\t\t\t<div class=\"elementor-container elementor-column-gap-wide\">\n\t\t\t\t\t<div class=\"elementor-column elementor-col-33 elementor-top-column elementor-element elementor-element-af0ea6c\" data-id=\"af0ea6c\" data-element_type=\"column\" data-e-type=\"column\">\n\t\t\t<div class=\"elementor-widget-wrap elementor-element-populated\">\n\t\t\t\t\t\t<div class=\"elementor-element elementor-element-f8a71f8 elementor-widget elementor-widget-image\" data-id=\"f8a71f8\" data-element_type=\"widget\" data-e-type=\"widget\" data-widget_type=\"image.default\">\n\t\t\t\t<div class=\"elementor-widget-container\">\n\t\t\t\t\t\t\t\t\t\t\t\t\t\t\t\t<a href=\"https:\/\/amerehijos.com\/de\/wasserbauwerke\/\">\n\t\t\t\t\t\t\t<img decoding=\"async\" src=\"https:\/\/amerehijos.com\/wp-content\/uploads\/elementor\/thumbs\/image4-1-q46m4mdtpt3fldvq6h82nz2uq2airiy1wfjbn3brug.jpg\" title=\"image4\" alt=\"image4\" loading=\"lazy\" \/>\t\t\t\t\t\t\t\t<\/a>\n\t\t\t\t\t\t\t\t\t\t\t\t\t\t\t<\/div>\n\t\t\t\t<\/div>\n\t\t\t\t<div class=\"elementor-element elementor-element-798f5a5 elementor-widget elementor-widget-heading\" data-id=\"798f5a5\" data-element_type=\"widget\" data-e-type=\"widget\" data-widget_type=\"heading.default\">\n\t\t\t\t<div class=\"elementor-widget-container\">\n\t\t\t\t\t<h4 class=\"elementor-heading-title elementor-size-default\"><a href=\"https:\/\/amerehijos.com\/de\/wasserbauwerke\/\">Wasserbau <\/a><\/h4>\t\t\t\t<\/div>\n\t\t\t\t<\/div>\n\t\t\t\t\t<\/div>\n\t\t<\/div>\n\t\t\t\t<div class=\"elementor-column elementor-col-33 elementor-top-column elementor-element elementor-element-0644e50\" data-id=\"0644e50\" data-element_type=\"column\" data-e-type=\"column\">\n\t\t\t<div class=\"elementor-widget-wrap elementor-element-populated\">\n\t\t\t\t\t\t<div class=\"elementor-element elementor-element-fd46990 elementor-widget elementor-widget-image\" data-id=\"fd46990\" data-element_type=\"widget\" data-e-type=\"widget\" data-widget_type=\"image.default\">\n\t\t\t\t<div class=\"elementor-widget-container\">\n\t\t\t\t\t\t\t\t\t\t\t\t\t\t\t\t<a href=\"https:\/\/amerehijos.com\/de\/schieneninfrastrukturen\/\">\n\t\t\t\t\t\t\t<img decoding=\"async\" src=\"https:\/\/amerehijos.com\/wp-content\/uploads\/elementor\/thumbs\/image6-1-q46m4mdrw0x4gc1p5r4sm4bbed1ljfb6mty9mrix84.jpg\" title=\"image6\" alt=\"image6\" loading=\"lazy\" \/>\t\t\t\t\t\t\t\t<\/a>\n\t\t\t\t\t\t\t\t\t\t\t\t\t\t\t<\/div>\n\t\t\t\t<\/div>\n\t\t\t\t<div class=\"elementor-element elementor-element-f721861 elementor-widget elementor-widget-heading\" data-id=\"f721861\" data-element_type=\"widget\" data-e-type=\"widget\" data-widget_type=\"heading.default\">\n\t\t\t\t<div class=\"elementor-widget-container\">\n\t\t\t\t\t<h4 class=\"elementor-heading-title elementor-size-default\"><a href=\"https:\/\/amerehijos.com\/de\/schieneninfrastrukturen\/\">Eisenbahnen <\/a><\/h4>\t\t\t\t<\/div>\n\t\t\t\t<\/div>\n\t\t\t\t\t<\/div>\n\t\t<\/div>\n\t\t\t\t<div class=\"elementor-column elementor-col-33 elementor-top-column elementor-element elementor-element-0e60b00\" data-id=\"0e60b00\" data-element_type=\"column\" data-e-type=\"column\">\n\t\t\t<div class=\"elementor-widget-wrap elementor-element-populated\">\n\t\t\t\t\t\t<div class=\"elementor-element elementor-element-15bf9dd elementor-widget elementor-widget-image\" data-id=\"15bf9dd\" data-element_type=\"widget\" data-e-type=\"widget\" data-widget_type=\"image.default\">\n\t\t\t\t<div class=\"elementor-widget-container\">\n\t\t\t\t\t\t\t\t\t\t\t\t\t\t\t\t<a href=\"https:\/\/amerehijos.com\/de\/sportanlagen\/\">\n\t\t\t\t\t\t\t<img decoding=\"async\" src=\"https:\/\/amerehijos.com\/wp-content\/uploads\/elementor\/thumbs\/image5-q46m4mdrrn1ibd3jfnzatv7zbbjn8jl66brn49sy6a.jpg\" title=\"image5\" alt=\"image5\" loading=\"lazy\" \/>\t\t\t\t\t\t\t\t<\/a>\n\t\t\t\t\t\t\t\t\t\t\t\t\t\t\t<\/div>\n\t\t\t\t<\/div>\n\t\t\t\t<div class=\"elementor-element elementor-element-02a9a03 elementor-widget elementor-widget-heading\" data-id=\"02a9a03\" data-element_type=\"widget\" data-e-type=\"widget\" data-widget_type=\"heading.default\">\n\t\t\t\t<div class=\"elementor-widget-container\">\n\t\t\t\t\t<h4 class=\"elementor-heading-title elementor-size-default\"><a href=\"https:\/\/amerehijos.com\/de\/sportanlagen\/\">Sporteinrichtungen<\/a><\/h4>\t\t\t\t<\/div>\n\t\t\t\t<\/div>\n\t\t\t\t\t<\/div>\n\t\t<\/div>\n\t\t\t\t\t<\/div>\n\t\t<\/section>\n\t\t\t\t<section class=\"elementor-section elementor-top-section elementor-element elementor-element-8879c50 elementor-section-boxed elementor-section-height-default elementor-section-height-default\" data-id=\"8879c50\" data-element_type=\"section\" data-e-type=\"section\">\n\t\t\t\t\t\t<div class=\"elementor-container elementor-column-gap-default\">\n\t\t\t\t\t<div class=\"elementor-column elementor-col-100 elementor-top-column elementor-element elementor-element-fbdde8c\" data-id=\"fbdde8c\" data-element_type=\"column\" data-e-type=\"column\">\n\t\t\t<div class=\"elementor-widget-wrap elementor-element-populated\">\n\t\t\t\t\t\t<div class=\"elementor-element elementor-element-65b8202 elementor-widget elementor-widget-spacer\" data-id=\"65b8202\" data-element_type=\"widget\" data-e-type=\"widget\" data-widget_type=\"spacer.default\">\n\t\t\t\t<div class=\"elementor-widget-container\">\n\t\t\t\t\t\t\t<div class=\"elementor-spacer\">\n\t\t\t<div class=\"elementor-spacer-inner\"><\/div>\n\t\t<\/div>\n\t\t\t\t\t\t<\/div>\n\t\t\t\t<\/div>\n\t\t\t\t\t<\/div>\n\t\t<\/div>\n\t\t\t\t\t<\/div>\n\t\t<\/section>\n\t\t\t\t<\/div>\n\t\t","protected":false},"excerpt":{"rendered":"<p>Infrastrukturen Die Geschichte von Amer e Hijos, ist zweifellos mit den verschiedenen Infrastrukturprojekten verbunden: Ob Stra\u00dfen-, See-, Hafen-, Flughafen-, Hydraulik- oder Eisenbahnprojekte &#8211; wir sind eines der f\u00fchrenden Unternehmen in diesem Sektor auf den Balearen.\u00a0 In unserem Unternehmen verf\u00fcgen wir \u00fcber die technischen Mittel und qualifiziertes Personal, was uns eine unvergleichliche St\u00e4rke verleiht, um all &#8230; <a title=\"INFRASTRUKTUREN\" class=\"read-more\" href=\"https:\/\/amerehijos.com\/de\/infrastrukturen\/\" aria-label=\"Read more about INFRASTRUKTUREN\">Read more<\/a><\/p>\n","protected":false},"author":7,"featured_media":0,"parent":0,"menu_order":0,"comment_status":"closed","ping_status":"closed","template":"elementor_header_footer","meta":{"footnotes":""},"class_list":["post-2545","page","type-page","status-publish"],"_links":{"self":[{"href":"https:\/\/amerehijos.com\/de\/wp-json\/wp\/v2\/pages\/2545","targetHints":{"allow":["GET"]}}],"collection":[{"href":"https:\/\/amerehijos.com\/de\/wp-json\/wp\/v2\/pages"}],"about":[{"href":"https:\/\/amerehijos.com\/de\/wp-json\/wp\/v2\/types\/page"}],"author":[{"embeddable":true,"href":"https:\/\/amerehijos.com\/de\/wp-json\/wp\/v2\/users\/7"}],"replies":[{"embeddable":true,"href":"https:\/\/amerehijos.com\/de\/wp-json\/wp\/v2\/comments?post=2545"}],"version-history":[{"count":0,"href":"https:\/\/amerehijos.com\/de\/wp-json\/wp\/v2\/pages\/2545\/revisions"}],"wp:attachment":[{"href":"https:\/\/amerehijos.com\/de\/wp-json\/wp\/v2\/media?parent=2545"}],"curies":[{"name":"wp","href":"https:\/\/api.w.org\/{rel}","templated":true}]}}