{"id":2539,"date":"2021-01-21T12:17:23","date_gmt":"2021-01-21T11:17:23","guid":{"rendered":"https:\/\/amerehijos.com\/?page_id=2539"},"modified":"2021-04-08T09:45:27","modified_gmt":"2021-04-08T08:45:27","slug":"ingenieurbauwerke","status":"publish","type":"page","link":"https:\/\/amerehijos.com\/de\/ingenieurbauwerke\/","title":{"rendered":"Ingenieurbauwerke"},"content":{"rendered":"\t\t<div data-elementor-type=\"wp-page\" data-elementor-id=\"2539\" class=\"elementor elementor-2539 elementor-2082\" data-elementor-post-type=\"page\">\n\t\t\t\t\t\t<section class=\"elementor-section elementor-top-section elementor-element elementor-element-68a8855 elementor-section-boxed elementor-section-height-default elementor-section-height-default\" data-id=\"68a8855\" data-element_type=\"section\" data-e-type=\"section\" data-settings=\"{&quot;background_background&quot;:&quot;classic&quot;}\">\n\t\t\t\t\t\t<div class=\"elementor-container elementor-column-gap-default\">\n\t\t\t\t\t<div class=\"elementor-column elementor-col-100 elementor-top-column elementor-element elementor-element-2c2a189\" data-id=\"2c2a189\" data-element_type=\"column\" data-e-type=\"column\">\n\t\t\t<div class=\"elementor-widget-wrap elementor-element-populated\">\n\t\t\t\t\t\t<div class=\"elementor-element elementor-element-bc42835 elementor-widget elementor-widget-shortcode\" data-id=\"bc42835\" data-element_type=\"widget\" data-e-type=\"widget\" data-widget_type=\"shortcode.default\">\n\t\t\t\t<div class=\"elementor-widget-container\">\n\t\t\t\t\t\t\t<div class=\"elementor-shortcode\">\n\n<\/div>\n\t\t\t\t\t\t<\/div>\n\t\t\t\t<\/div>\n\t\t\t\t\t<\/div>\n\t\t<\/div>\n\t\t\t\t\t<\/div>\n\t\t<\/section>\n\t\t\t\t<section class=\"elementor-section elementor-top-section elementor-element elementor-element-cfb7315 elementor-section-boxed elementor-section-height-default elementor-section-height-default\" data-id=\"cfb7315\" data-element_type=\"section\" data-e-type=\"section\">\n\t\t\t\t\t\t<div class=\"elementor-container elementor-column-gap-default\">\n\t\t\t\t\t<div class=\"elementor-column elementor-col-100 elementor-top-column elementor-element elementor-element-1b51eb3\" data-id=\"1b51eb3\" data-element_type=\"column\" data-e-type=\"column\">\n\t\t\t<div class=\"elementor-widget-wrap elementor-element-populated\">\n\t\t\t\t\t\t<div class=\"elementor-element elementor-element-53892d0 elementor-widget elementor-widget-spacer\" data-id=\"53892d0\" data-element_type=\"widget\" data-e-type=\"widget\" data-widget_type=\"spacer.default\">\n\t\t\t\t<div class=\"elementor-widget-container\">\n\t\t\t\t\t\t\t<div class=\"elementor-spacer\">\n\t\t\t<div class=\"elementor-spacer-inner\"><\/div>\n\t\t<\/div>\n\t\t\t\t\t\t<\/div>\n\t\t\t\t<\/div>\n\t\t\t\t\t<\/div>\n\t\t<\/div>\n\t\t\t\t\t<\/div>\n\t\t<\/section>\n\t\t\t\t<section class=\"elementor-section elementor-top-section elementor-element elementor-element-9055778 elementor-section-boxed elementor-section-height-default elementor-section-height-default\" data-id=\"9055778\" data-element_type=\"section\" data-e-type=\"section\">\n\t\t\t\t\t\t<div class=\"elementor-container elementor-column-gap-default\">\n\t\t\t\t\t<div class=\"elementor-column elementor-col-50 elementor-top-column elementor-element elementor-element-d74484c\" data-id=\"d74484c\" data-element_type=\"column\" data-e-type=\"column\">\n\t\t\t<div class=\"elementor-widget-wrap elementor-element-populated\">\n\t\t\t\t\t\t<div class=\"elementor-element elementor-element-e684fa5 elementor-widget elementor-widget-text-editor\" data-id=\"e684fa5\" data-element_type=\"widget\" data-e-type=\"widget\" data-widget_type=\"text-editor.default\">\n\t\t\t\t<div class=\"elementor-widget-container\">\n\t\t\t\t\t\t\t\t\t<h1>Ingenieurbauwerke<\/h1><p><span style=\"font-weight: 400;\">Bei Amer e Hijos stehen uns alle Ressourcen und Kenntnisse zur Verf\u00fcgung, die f\u00fcr die Durchf\u00fchrung von Ingenieurbauprojekten auf Mallorca und den Balearen erforderlich sind.<\/span><\/p><p><span style=\"font-weight: 400;\">Wir verf\u00fcgen \u00fcber mehr als 50 Jahre Erfahrung in dem Sektor, wo wir Hunderte von Ingenieurbauprojekten auf Mallorca und den Balearen entwickelt und durchgef\u00fchrt haben.\u00a0<\/span><\/p><p><span style=\"font-weight: 400;\">Unsere Dienstleistungen im Ingenieurbau umfassen Bereiche wie den Bau von Infrastruktur- und Stra\u00dfennetzen, Urbanisationen, Hydraulikarbeiten, H\u00e4fen, Flugh\u00e4fen, Eisenbahnen, Sportanlagen, spezielle Fundamente, Pflasterungen und vieles mehr. Wir passen unsere Ressourcen an die Anforderungen unserer Kunden an.<\/span><\/p>\t\t\t\t\t\t\t\t<\/div>\n\t\t\t\t<\/div>\n\t\t\t\t\t<\/div>\n\t\t<\/div>\n\t\t\t\t<div class=\"elementor-column elementor-col-50 elementor-top-column elementor-element elementor-element-1f1768b\" data-id=\"1f1768b\" data-element_type=\"column\" data-e-type=\"column\">\n\t\t\t<div class=\"elementor-widget-wrap elementor-element-populated\">\n\t\t\t\t\t\t<div class=\"elementor-element elementor-element-e02227b gallery-spacing-custom empresa elementor-widget elementor-widget-image-gallery\" data-id=\"e02227b\" data-element_type=\"widget\" data-e-type=\"widget\" data-widget_type=\"image-gallery.default\">\n\t\t\t\t<div class=\"elementor-widget-container\">\n\t\t\t\t\t\t\t<div class=\"elementor-image-gallery\">\n\t\t\t<div id='gallery-1' class='gallery galleryid-2539 gallery-columns-2 gallery-size-large'><figure class='gallery-item'>\n\t\t\t<div class='gallery-icon landscape'>\n\t\t\t\t<a data-elementor-open-lightbox=\"yes\" data-elementor-lightbox-slideshow=\"e02227b\" data-elementor-lightbox-title=\"2\" data-e-action-hash=\"#elementor-action%3Aaction%3Dlightbox%26settings%3DeyJpZCI6MjA4NiwidXJsIjoiaHR0cHM6XC9cL2FtZXJlaGlqb3MuY29tXC93cC1jb250ZW50XC91cGxvYWRzXC8yMDIxXC8wMVwvMi5qcGciLCJzbGlkZXNob3ciOiJlMDIyMjdiIn0%3D\" href='https:\/\/amerehijos.com\/wp-content\/uploads\/2021\/01\/2.jpg'><img fetchpriority=\"high\" decoding=\"async\" width=\"685\" height=\"416\" src=\"https:\/\/amerehijos.com\/wp-content\/uploads\/2021\/01\/2.jpg\" class=\"attachment-large size-large\" alt=\"\" srcset=\"https:\/\/amerehijos.com\/wp-content\/uploads\/2021\/01\/2.jpg 685w, https:\/\/amerehijos.com\/wp-content\/uploads\/2021\/01\/2-300x182.jpg 300w\" sizes=\"(max-width: 685px) 100vw, 685px\" \/><\/a>\n\t\t\t<\/div><\/figure><figure class='gallery-item'>\n\t\t\t<div class='gallery-icon landscape'>\n\t\t\t\t<a data-elementor-open-lightbox=\"yes\" data-elementor-lightbox-slideshow=\"e02227b\" data-elementor-lightbox-title=\"urbanizaciones y dotaciones\" data-e-action-hash=\"#elementor-action%3Aaction%3Dlightbox%26settings%3DeyJpZCI6OTQ5NywidXJsIjoiaHR0cHM6XC9cL2FtZXJlaGlqb3MuY29tXC93cC1jb250ZW50XC91cGxvYWRzXC8yMDIxXC8wMVwvMy5qcGciLCJzbGlkZXNob3ciOiJlMDIyMjdiIn0%3D\" href='https:\/\/amerehijos.com\/wp-content\/uploads\/2021\/01\/3.jpg'><img decoding=\"async\" width=\"825\" height=\"550\" src=\"https:\/\/amerehijos.com\/wp-content\/uploads\/2021\/01\/3-1024x683.jpg\" class=\"attachment-large size-large\" alt=\"urbanizaciones y dotaciones\" srcset=\"https:\/\/amerehijos.com\/wp-content\/uploads\/2021\/01\/3-1024x683.jpg 1024w, https:\/\/amerehijos.com\/wp-content\/uploads\/2021\/01\/3-300x200.jpg 300w, https:\/\/amerehijos.com\/wp-content\/uploads\/2021\/01\/3-768x512.jpg 768w, https:\/\/amerehijos.com\/wp-content\/uploads\/2021\/01\/3-930x620.jpg 930w, https:\/\/amerehijos.com\/wp-content\/uploads\/2021\/01\/3.jpg 1120w\" sizes=\"(max-width: 825px) 100vw, 825px\" \/><\/a>\n\t\t\t<\/div><\/figure><figure class='gallery-item'>\n\t\t\t<div class='gallery-icon landscape'>\n\t\t\t\t<a data-elementor-open-lightbox=\"yes\" data-elementor-lightbox-slideshow=\"e02227b\" data-elementor-lightbox-title=\"4\" data-e-action-hash=\"#elementor-action%3Aaction%3Dlightbox%26settings%3DeyJpZCI6MjA4OCwidXJsIjoiaHR0cHM6XC9cL2FtZXJlaGlqb3MuY29tXC93cC1jb250ZW50XC91cGxvYWRzXC8yMDIxXC8wMVwvNC5qcGciLCJzbGlkZXNob3ciOiJlMDIyMjdiIn0%3D\" href='https:\/\/amerehijos.com\/wp-content\/uploads\/2021\/01\/4.jpg'><img decoding=\"async\" width=\"567\" height=\"426\" src=\"https:\/\/amerehijos.com\/wp-content\/uploads\/2021\/01\/4.jpg\" class=\"attachment-large size-large\" alt=\"\" srcset=\"https:\/\/amerehijos.com\/wp-content\/uploads\/2021\/01\/4.jpg 567w, https:\/\/amerehijos.com\/wp-content\/uploads\/2021\/01\/4-300x225.jpg 300w\" sizes=\"(max-width: 567px) 100vw, 567px\" \/><\/a>\n\t\t\t<\/div><\/figure><figure class='gallery-item'>\n\t\t\t<div class='gallery-icon landscape'>\n\t\t\t\t<a data-elementor-open-lightbox=\"yes\" data-elementor-lightbox-slideshow=\"e02227b\" data-elementor-lightbox-title=\"5\" data-e-action-hash=\"#elementor-action%3Aaction%3Dlightbox%26settings%3DeyJpZCI6MjA4OSwidXJsIjoiaHR0cHM6XC9cL2FtZXJlaGlqb3MuY29tXC93cC1jb250ZW50XC91cGxvYWRzXC8yMDIxXC8wMVwvNS5qcGciLCJzbGlkZXNob3ciOiJlMDIyMjdiIn0%3D\" href='https:\/\/amerehijos.com\/wp-content\/uploads\/2021\/01\/5.jpg'><img loading=\"lazy\" decoding=\"async\" width=\"589\" height=\"441\" src=\"https:\/\/amerehijos.com\/wp-content\/uploads\/2021\/01\/5.jpg\" class=\"attachment-large size-large\" alt=\"\" srcset=\"https:\/\/amerehijos.com\/wp-content\/uploads\/2021\/01\/5.jpg 589w, https:\/\/amerehijos.com\/wp-content\/uploads\/2021\/01\/5-300x225.jpg 300w\" sizes=\"(max-width: 589px) 100vw, 589px\" \/><\/a>\n\t\t\t<\/div><\/figure><figure class='gallery-item'>\n\t\t\t<div class='gallery-icon landscape'>\n\t\t\t\t<a data-elementor-open-lightbox=\"yes\" data-elementor-lightbox-slideshow=\"e02227b\" data-elementor-lightbox-title=\"6\" data-e-action-hash=\"#elementor-action%3Aaction%3Dlightbox%26settings%3DeyJpZCI6MjA5MCwidXJsIjoiaHR0cHM6XC9cL2FtZXJlaGlqb3MuY29tXC93cC1jb250ZW50XC91cGxvYWRzXC8yMDIxXC8wMVwvNi5qcGciLCJzbGlkZXNob3ciOiJlMDIyMjdiIn0%3D\" href='https:\/\/amerehijos.com\/wp-content\/uploads\/2021\/01\/6.jpg'><img loading=\"lazy\" decoding=\"async\" width=\"552\" height=\"414\" src=\"https:\/\/amerehijos.com\/wp-content\/uploads\/2021\/01\/6.jpg\" class=\"attachment-large size-large\" alt=\"\" srcset=\"https:\/\/amerehijos.com\/wp-content\/uploads\/2021\/01\/6.jpg 552w, https:\/\/amerehijos.com\/wp-content\/uploads\/2021\/01\/6-300x225.jpg 300w\" sizes=\"(max-width: 552px) 100vw, 552px\" \/><\/a>\n\t\t\t<\/div><\/figure><figure class='gallery-item'>\n\t\t\t<div class='gallery-icon landscape'>\n\t\t\t\t<a data-elementor-open-lightbox=\"yes\" data-elementor-lightbox-slideshow=\"e02227b\" data-elementor-lightbox-title=\"7\" data-e-action-hash=\"#elementor-action%3Aaction%3Dlightbox%26settings%3DeyJpZCI6MjA5MSwidXJsIjoiaHR0cHM6XC9cL2FtZXJlaGlqb3MuY29tXC93cC1jb250ZW50XC91cGxvYWRzXC8yMDIxXC8wMVwvNy5qcGciLCJzbGlkZXNob3ciOiJlMDIyMjdiIn0%3D\" href='https:\/\/amerehijos.com\/wp-content\/uploads\/2021\/01\/7.jpg'><img loading=\"lazy\" decoding=\"async\" width=\"564\" height=\"376\" src=\"https:\/\/amerehijos.com\/wp-content\/uploads\/2021\/01\/7.jpg\" class=\"attachment-large size-large\" alt=\"\" srcset=\"https:\/\/amerehijos.com\/wp-content\/uploads\/2021\/01\/7.jpg 564w, https:\/\/amerehijos.com\/wp-content\/uploads\/2021\/01\/7-300x200.jpg 300w\" sizes=\"(max-width: 564px) 100vw, 564px\" \/><\/a>\n\t\t\t<\/div><\/figure>\n\t\t<\/div>\n\t\t<\/div>\n\t\t\t\t\t\t<\/div>\n\t\t\t\t<\/div>\n\t\t\t\t\t<\/div>\n\t\t<\/div>\n\t\t\t\t\t<\/div>\n\t\t<\/section>\n\t\t\t\t<section class=\"elementor-section elementor-top-section elementor-element elementor-element-85eeb72 elementor-section-boxed elementor-section-height-default elementor-section-height-default\" data-id=\"85eeb72\" data-element_type=\"section\" data-e-type=\"section\">\n\t\t\t\t\t\t<div class=\"elementor-container elementor-column-gap-default\">\n\t\t\t\t\t<div class=\"elementor-column elementor-col-100 elementor-top-column elementor-element elementor-element-1c16ec9\" data-id=\"1c16ec9\" data-element_type=\"column\" data-e-type=\"column\">\n\t\t\t<div class=\"elementor-widget-wrap elementor-element-populated\">\n\t\t\t\t\t\t<div class=\"elementor-element elementor-element-cc58cea elementor-widget elementor-widget-spacer\" data-id=\"cc58cea\" data-element_type=\"widget\" data-e-type=\"widget\" data-widget_type=\"spacer.default\">\n\t\t\t\t<div class=\"elementor-widget-container\">\n\t\t\t\t\t\t\t<div class=\"elementor-spacer\">\n\t\t\t<div class=\"elementor-spacer-inner\"><\/div>\n\t\t<\/div>\n\t\t\t\t\t\t<\/div>\n\t\t\t\t<\/div>\n\t\t\t\t\t<\/div>\n\t\t<\/div>\n\t\t\t\t\t<\/div>\n\t\t<\/section>\n\t\t\t\t<section class=\"elementor-section elementor-top-section elementor-element elementor-element-c32bd53 elementor-section-boxed elementor-section-height-default elementor-section-height-default\" data-id=\"c32bd53\" data-element_type=\"section\" data-e-type=\"section\">\n\t\t\t\t\t\t<div class=\"elementor-container elementor-column-gap-default\">\n\t\t\t\t\t<div class=\"elementor-column elementor-col-33 elementor-top-column elementor-element elementor-element-7a4586a\" data-id=\"7a4586a\" data-element_type=\"column\" data-e-type=\"column\">\n\t\t\t<div class=\"elementor-widget-wrap elementor-element-populated\">\n\t\t\t\t\t\t<div class=\"elementor-element elementor-element-01661ad elementor-widget elementor-widget-image\" data-id=\"01661ad\" data-element_type=\"widget\" data-e-type=\"widget\" data-widget_type=\"image.default\">\n\t\t\t\t<div class=\"elementor-widget-container\">\n\t\t\t\t\t\t\t\t\t\t\t\t\t\t\t\t<a href=\"https:\/\/amerehijos.com\/de\/infrastrukturen\/\">\n\t\t\t\t\t\t\t<img decoding=\"async\" src=\"https:\/\/amerehijos.com\/wp-content\/uploads\/elementor\/thumbs\/2-q46m4mdshyb53j22cl10oo6zs6oxx8q4o0blzxhakq.jpg\" title=\"2\" alt=\"2\" loading=\"lazy\" \/>\t\t\t\t\t\t\t\t<\/a>\n\t\t\t\t\t\t\t\t\t\t\t\t\t\t\t<\/div>\n\t\t\t\t<\/div>\n\t\t\t\t<div class=\"elementor-element elementor-element-810cd9c elementor-widget elementor-widget-heading\" data-id=\"810cd9c\" data-element_type=\"widget\" data-e-type=\"widget\" data-widget_type=\"heading.default\">\n\t\t\t\t<div class=\"elementor-widget-container\">\n\t\t\t\t\t<h3 class=\"elementor-heading-title elementor-size-default\"><a href=\"https:\/\/amerehijos.com\/de\/infrastrukturen\/\">Infrastrukturen<\/a><\/h3>\t\t\t\t<\/div>\n\t\t\t\t<\/div>\n\t\t\t\t\t<\/div>\n\t\t<\/div>\n\t\t\t\t<div class=\"elementor-column elementor-col-33 elementor-top-column elementor-element elementor-element-2bd93b2\" data-id=\"2bd93b2\" data-element_type=\"column\" data-e-type=\"column\">\n\t\t\t<div class=\"elementor-widget-wrap elementor-element-populated\">\n\t\t\t\t\t\t<div class=\"elementor-element elementor-element-b772a75 elementor-widget elementor-widget-image\" data-id=\"b772a75\" data-element_type=\"widget\" data-e-type=\"widget\" data-widget_type=\"image.default\">\n\t\t\t\t<div class=\"elementor-widget-container\">\n\t\t\t\t\t\t\t\t\t\t\t\t\t\t\t\t<a href=\"https:\/\/amerehijos.com\/de\/urbanisierung-und-dienstleistungen\/\">\n\t\t\t\t\t\t\t<img decoding=\"async\" src=\"https:\/\/amerehijos.com\/wp-content\/uploads\/elementor\/thumbs\/3-q46m4me03lwyifx8byl04hl1mc57fk5xlbrpbmb354.jpg\" title=\"urbanizaciones y dotaciones\" alt=\"urbanizaciones y dotaciones\" loading=\"lazy\" \/>\t\t\t\t\t\t\t\t<\/a>\n\t\t\t\t\t\t\t\t\t\t\t\t\t\t\t<\/div>\n\t\t\t\t<\/div>\n\t\t\t\t<div class=\"elementor-element elementor-element-9c3466a elementor-widget elementor-widget-heading\" data-id=\"9c3466a\" data-element_type=\"widget\" data-e-type=\"widget\" data-widget_type=\"heading.default\">\n\t\t\t\t<div class=\"elementor-widget-container\">\n\t\t\t\t\t<h3 class=\"elementor-heading-title elementor-size-default\"><a href=\"https:\/\/amerehijos.com\/de\/urbanisierung-und-dienstleistungen\/\">Urbanisationen<\/a><\/h3>\t\t\t\t<\/div>\n\t\t\t\t<\/div>\n\t\t\t\t\t<\/div>\n\t\t<\/div>\n\t\t\t\t<div class=\"elementor-column elementor-col-33 elementor-top-column elementor-element elementor-element-463c602\" data-id=\"463c602\" data-element_type=\"column\" data-e-type=\"column\">\n\t\t\t<div class=\"elementor-widget-wrap elementor-element-populated\">\n\t\t\t\t\t\t<div class=\"elementor-element elementor-element-f9353ed elementor-widget elementor-widget-image\" data-id=\"f9353ed\" data-element_type=\"widget\" data-e-type=\"widget\" data-widget_type=\"image.default\">\n\t\t\t\t<div class=\"elementor-widget-container\">\n\t\t\t\t\t\t\t\t\t\t\t\t\t\t\t\t<a href=\"https:\/\/amerehijos.com\/de\/ausgrabungen-und-erdarbeiten\/\">\n\t\t\t\t\t\t\t<img decoding=\"async\" src=\"https:\/\/amerehijos.com\/wp-content\/uploads\/elementor\/thumbs\/4-q46m4mdshyb53j22cl10oo6zs6oxx8q4o0blzxhakq.jpg\" title=\"4\" alt=\"4\" loading=\"lazy\" \/>\t\t\t\t\t\t\t\t<\/a>\n\t\t\t\t\t\t\t\t\t\t\t\t\t\t\t<\/div>\n\t\t\t\t<\/div>\n\t\t\t\t<div class=\"elementor-element elementor-element-c2ea6e3 elementor-widget elementor-widget-heading\" data-id=\"c2ea6e3\" data-element_type=\"widget\" data-e-type=\"widget\" data-widget_type=\"heading.default\">\n\t\t\t\t<div class=\"elementor-widget-container\">\n\t\t\t\t\t<h3 class=\"elementor-heading-title elementor-size-default\"><a href=\"https:\/\/amerehijos.com\/de\/ausgrabungen-und-erdarbeiten\/\">Ausgrabungen und erdarbeiten<\/a><\/h3>\t\t\t\t<\/div>\n\t\t\t\t<\/div>\n\t\t\t\t\t<\/div>\n\t\t<\/div>\n\t\t\t\t\t<\/div>\n\t\t<\/section>\n\t\t\t\t<section class=\"elementor-section elementor-top-section elementor-element elementor-element-e385b05 elementor-section-boxed elementor-section-height-default elementor-section-height-default\" data-id=\"e385b05\" data-element_type=\"section\" data-e-type=\"section\">\n\t\t\t\t\t\t<div class=\"elementor-container elementor-column-gap-default\">\n\t\t\t\t\t<div class=\"elementor-column elementor-col-100 elementor-top-column elementor-element elementor-element-2827a7b\" data-id=\"2827a7b\" data-element_type=\"column\" data-e-type=\"column\">\n\t\t\t<div class=\"elementor-widget-wrap elementor-element-populated\">\n\t\t\t\t\t\t<div class=\"elementor-element elementor-element-bd6030e elementor-widget elementor-widget-spacer\" data-id=\"bd6030e\" data-element_type=\"widget\" data-e-type=\"widget\" data-widget_type=\"spacer.default\">\n\t\t\t\t<div class=\"elementor-widget-container\">\n\t\t\t\t\t\t\t<div class=\"elementor-spacer\">\n\t\t\t<div class=\"elementor-spacer-inner\"><\/div>\n\t\t<\/div>\n\t\t\t\t\t\t<\/div>\n\t\t\t\t<\/div>\n\t\t\t\t\t<\/div>\n\t\t<\/div>\n\t\t\t\t\t<\/div>\n\t\t<\/section>\n\t\t\t\t<section class=\"elementor-section elementor-top-section elementor-element elementor-element-d1b47c0 elementor-section-boxed elementor-section-height-default elementor-section-height-default\" data-id=\"d1b47c0\" data-element_type=\"section\" data-e-type=\"section\">\n\t\t\t\t\t\t<div class=\"elementor-container elementor-column-gap-default\">\n\t\t\t\t\t<div class=\"elementor-column elementor-col-33 elementor-top-column elementor-element elementor-element-b2d3b40\" data-id=\"b2d3b40\" data-element_type=\"column\" data-e-type=\"column\">\n\t\t\t<div class=\"elementor-widget-wrap elementor-element-populated\">\n\t\t\t\t\t\t<div class=\"elementor-element elementor-element-c9851f5 elementor-widget elementor-widget-image\" data-id=\"c9851f5\" data-element_type=\"widget\" data-e-type=\"widget\" data-widget_type=\"image.default\">\n\t\t\t\t<div class=\"elementor-widget-container\">\n\t\t\t\t\t\t\t\t\t\t\t\t\t\t\t\t<a href=\"https:\/\/amerehijos.com\/de\/abbruch-und-abrissarbeiten\/\">\n\t\t\t\t\t\t\t<img decoding=\"async\" src=\"https:\/\/amerehijos.com\/wp-content\/uploads\/elementor\/thumbs\/5-q46m4mdshyb53j22cl10oo6zs6oxx8q4o0blzxhakq.jpg\" title=\"5\" alt=\"5\" loading=\"lazy\" \/>\t\t\t\t\t\t\t\t<\/a>\n\t\t\t\t\t\t\t\t\t\t\t\t\t\t\t<\/div>\n\t\t\t\t<\/div>\n\t\t\t\t<div class=\"elementor-element elementor-element-7314621 elementor-widget elementor-widget-heading\" data-id=\"7314621\" data-element_type=\"widget\" data-e-type=\"widget\" data-widget_type=\"heading.default\">\n\t\t\t\t<div class=\"elementor-widget-container\">\n\t\t\t\t\t<h3 class=\"elementor-heading-title elementor-size-default\"><a href=\"https:\/\/amerehijos.comdemoliciones\/\">Abriss<\/a><\/h3>\t\t\t\t<\/div>\n\t\t\t\t<\/div>\n\t\t\t\t\t<\/div>\n\t\t<\/div>\n\t\t\t\t<div class=\"elementor-column elementor-col-33 elementor-top-column elementor-element elementor-element-b990fa0\" data-id=\"b990fa0\" data-element_type=\"column\" data-e-type=\"column\">\n\t\t\t<div class=\"elementor-widget-wrap elementor-element-populated\">\n\t\t\t\t\t\t<div class=\"elementor-element elementor-element-e6bdd25 elementor-widget elementor-widget-image\" data-id=\"e6bdd25\" data-element_type=\"widget\" data-e-type=\"widget\" data-widget_type=\"image.default\">\n\t\t\t\t<div class=\"elementor-widget-container\">\n\t\t\t\t\t\t\t\t\t\t\t\t\t\t\t\t<a href=\"https:\/\/amerehijos.com\/de\/pflasterung\/\">\n\t\t\t\t\t\t\t<img decoding=\"async\" src=\"https:\/\/amerehijos.com\/wp-content\/uploads\/elementor\/thumbs\/6-q46m4mdshyb53j22cl10oo6zs6oxx8q4o0blzxhakq.jpg\" title=\"6\" alt=\"6\" loading=\"lazy\" \/>\t\t\t\t\t\t\t\t<\/a>\n\t\t\t\t\t\t\t\t\t\t\t\t\t\t\t<\/div>\n\t\t\t\t<\/div>\n\t\t\t\t<div class=\"elementor-element elementor-element-335474d elementor-widget elementor-widget-heading\" data-id=\"335474d\" data-element_type=\"widget\" data-e-type=\"widget\" data-widget_type=\"heading.default\">\n\t\t\t\t<div class=\"elementor-widget-container\">\n\t\t\t\t\t<h3 class=\"elementor-heading-title elementor-size-default\"><a href=\"https:\/\/amerehijos.com\/de\/pflasterung\/\">Pflasterung<\/a><\/h3>\t\t\t\t<\/div>\n\t\t\t\t<\/div>\n\t\t\t\t\t<\/div>\n\t\t<\/div>\n\t\t\t\t<div class=\"elementor-column elementor-col-33 elementor-top-column elementor-element elementor-element-b7ec80c\" data-id=\"b7ec80c\" data-element_type=\"column\" data-e-type=\"column\">\n\t\t\t<div class=\"elementor-widget-wrap elementor-element-populated\">\n\t\t\t\t\t\t<div class=\"elementor-element elementor-element-dfd242b elementor-widget elementor-widget-image\" data-id=\"dfd242b\" data-element_type=\"widget\" data-e-type=\"widget\" data-widget_type=\"image.default\">\n\t\t\t\t<div class=\"elementor-widget-container\">\n\t\t\t\t\t\t\t\t\t\t\t\t\t\t\t\t<a href=\"https:\/\/amerehijos.com\/de\/mikropfahlbohrungen-und-spezielle-fundamente\/\">\n\t\t\t\t\t\t\t<img decoding=\"async\" src=\"https:\/\/amerehijos.com\/wp-content\/uploads\/elementor\/thumbs\/7-q46m4mdshyb53j22cl10oo6zs6oxx8q4o0blzxhakq.jpg\" title=\"7\" alt=\"7\" loading=\"lazy\" \/>\t\t\t\t\t\t\t\t<\/a>\n\t\t\t\t\t\t\t\t\t\t\t\t\t\t\t<\/div>\n\t\t\t\t<\/div>\n\t\t\t\t<div class=\"elementor-element elementor-element-17f810f elementor-widget elementor-widget-heading\" data-id=\"17f810f\" data-element_type=\"widget\" data-e-type=\"widget\" data-widget_type=\"heading.default\">\n\t\t\t\t<div class=\"elementor-widget-container\">\n\t\t\t\t\t<h3 class=\"elementor-heading-title elementor-size-default\"><a href=\"https:\/\/amerehijos.com\/de\/mikropfahlbohrungen-und-spezielle-fundamente\/\">Mikropfahlbohrungen und spezielle fundamente<\/a><\/h3>\t\t\t\t<\/div>\n\t\t\t\t<\/div>\n\t\t\t\t\t<\/div>\n\t\t<\/div>\n\t\t\t\t\t<\/div>\n\t\t<\/section>\n\t\t\t\t<section class=\"elementor-section elementor-top-section elementor-element elementor-element-2df8344 elementor-section-boxed elementor-section-height-default elementor-section-height-default\" data-id=\"2df8344\" data-element_type=\"section\" data-e-type=\"section\">\n\t\t\t\t\t\t<div class=\"elementor-container elementor-column-gap-default\">\n\t\t\t\t\t<div class=\"elementor-column elementor-col-100 elementor-top-column elementor-element elementor-element-b4a1f4b\" data-id=\"b4a1f4b\" data-element_type=\"column\" data-e-type=\"column\">\n\t\t\t<div class=\"elementor-widget-wrap elementor-element-populated\">\n\t\t\t\t\t\t<div class=\"elementor-element elementor-element-ee8e70e elementor-widget elementor-widget-spacer\" data-id=\"ee8e70e\" data-element_type=\"widget\" data-e-type=\"widget\" data-widget_type=\"spacer.default\">\n\t\t\t\t<div class=\"elementor-widget-container\">\n\t\t\t\t\t\t\t<div class=\"elementor-spacer\">\n\t\t\t<div class=\"elementor-spacer-inner\"><\/div>\n\t\t<\/div>\n\t\t\t\t\t\t<\/div>\n\t\t\t\t<\/div>\n\t\t\t\t\t<\/div>\n\t\t<\/div>\n\t\t\t\t\t<\/div>\n\t\t<\/section>\n\t\t\t\t<section class=\"elementor-section elementor-top-section elementor-element elementor-element-de9e520 elementor-section-boxed elementor-section-height-default elementor-section-height-default\" data-id=\"de9e520\" data-element_type=\"section\" data-e-type=\"section\">\n\t\t\t\t\t\t<div class=\"elementor-container elementor-column-gap-default\">\n\t\t\t\t\t<div class=\"elementor-column elementor-col-100 elementor-top-column elementor-element elementor-element-0b71069\" data-id=\"0b71069\" data-element_type=\"column\" data-e-type=\"column\">\n\t\t\t<div class=\"elementor-widget-wrap elementor-element-populated\">\n\t\t\t\t\t\t<div class=\"elementor-element elementor-element-ea4da27 elementor-widget elementor-widget-spacer\" data-id=\"ea4da27\" data-element_type=\"widget\" data-e-type=\"widget\" data-widget_type=\"spacer.default\">\n\t\t\t\t<div class=\"elementor-widget-container\">\n\t\t\t\t\t\t\t<div class=\"elementor-spacer\">\n\t\t\t<div class=\"elementor-spacer-inner\"><\/div>\n\t\t<\/div>\n\t\t\t\t\t\t<\/div>\n\t\t\t\t<\/div>\n\t\t\t\t\t<\/div>\n\t\t<\/div>\n\t\t\t\t\t<\/div>\n\t\t<\/section>\n\t\t\t\t<\/div>\n\t\t","protected":false},"excerpt":{"rendered":"<p>Ingenieurbauwerke Bei Amer e Hijos stehen uns alle Ressourcen und Kenntnisse zur Verf\u00fcgung, die f\u00fcr die Durchf\u00fchrung von Ingenieurbauprojekten auf Mallorca und den Balearen erforderlich sind. Wir verf\u00fcgen \u00fcber mehr als 50 Jahre Erfahrung in dem Sektor, wo wir Hunderte von Ingenieurbauprojekten auf Mallorca und den Balearen entwickelt und durchgef\u00fchrt haben.\u00a0 Unsere Dienstleistungen im Ingenieurbau &#8230; <a title=\"Ingenieurbauwerke\" class=\"read-more\" href=\"https:\/\/amerehijos.com\/de\/ingenieurbauwerke\/\" aria-label=\"Read more about Ingenieurbauwerke\">Read more<\/a><\/p>\n","protected":false},"author":7,"featured_media":0,"parent":0,"menu_order":0,"comment_status":"closed","ping_status":"closed","template":"elementor_header_footer","meta":{"footnotes":""},"class_list":["post-2539","page","type-page","status-publish"],"_links":{"self":[{"href":"https:\/\/amerehijos.com\/de\/wp-json\/wp\/v2\/pages\/2539","targetHints":{"allow":["GET"]}}],"collection":[{"href":"https:\/\/amerehijos.com\/de\/wp-json\/wp\/v2\/pages"}],"about":[{"href":"https:\/\/amerehijos.com\/de\/wp-json\/wp\/v2\/types\/page"}],"author":[{"embeddable":true,"href":"https:\/\/amerehijos.com\/de\/wp-json\/wp\/v2\/users\/7"}],"replies":[{"embeddable":true,"href":"https:\/\/amerehijos.com\/de\/wp-json\/wp\/v2\/comments?post=2539"}],"version-history":[{"count":0,"href":"https:\/\/amerehijos.com\/de\/wp-json\/wp\/v2\/pages\/2539\/revisions"}],"wp:attachment":[{"href":"https:\/\/amerehijos.com\/de\/wp-json\/wp\/v2\/media?parent=2539"}],"curies":[{"name":"wp","href":"https:\/\/api.w.org\/{rel}","templated":true}]}}