{"id":2531,"date":"2021-01-21T12:14:11","date_gmt":"2021-01-21T11:14:11","guid":{"rendered":"https:\/\/amerehijos.com\/?page_id=2531"},"modified":"2021-04-20T07:31:55","modified_gmt":"2021-04-20T06:31:55","slug":"vollstaendige-renovierungen","status":"publish","type":"page","link":"https:\/\/amerehijos.com\/de\/vollstaendige-renovierungen\/","title":{"rendered":"Vollst\u00e4ndige Renovierungen"},"content":{"rendered":"\t\t<div data-elementor-type=\"wp-page\" data-elementor-id=\"2531\" class=\"elementor elementor-2531 elementor-983\" data-elementor-post-type=\"page\">\n\t\t\t\t\t\t<section class=\"elementor-section elementor-top-section elementor-element elementor-element-1f55bd5 elementor-section-boxed elementor-section-height-default elementor-section-height-default\" data-id=\"1f55bd5\" data-element_type=\"section\" data-e-type=\"section\">\n\t\t\t\t\t\t<div class=\"elementor-container elementor-column-gap-default\">\n\t\t\t\t\t<div class=\"elementor-column elementor-col-100 elementor-top-column elementor-element elementor-element-5c38445\" data-id=\"5c38445\" data-element_type=\"column\" data-e-type=\"column\">\n\t\t\t<div class=\"elementor-widget-wrap elementor-element-populated\">\n\t\t\t\t\t\t<div class=\"elementor-element elementor-element-99e07d2 elementor-widget elementor-widget-shortcode\" data-id=\"99e07d2\" data-element_type=\"widget\" data-e-type=\"widget\" data-widget_type=\"shortcode.default\">\n\t\t\t\t<div class=\"elementor-widget-container\">\n\t\t\t\t\t\t\t<div class=\"elementor-shortcode\">\n<\/div>\n\t\t\t\t\t\t<\/div>\n\t\t\t\t<\/div>\n\t\t\t\t<div class=\"elementor-element elementor-element-44ee41f elementor-widget elementor-widget-spacer\" data-id=\"44ee41f\" data-element_type=\"widget\" data-e-type=\"widget\" data-widget_type=\"spacer.default\">\n\t\t\t\t<div class=\"elementor-widget-container\">\n\t\t\t\t\t\t\t<div class=\"elementor-spacer\">\n\t\t\t<div class=\"elementor-spacer-inner\"><\/div>\n\t\t<\/div>\n\t\t\t\t\t\t<\/div>\n\t\t\t\t<\/div>\n\t\t\t\t\t<\/div>\n\t\t<\/div>\n\t\t\t\t\t<\/div>\n\t\t<\/section>\n\t\t\t\t<section class=\"elementor-section elementor-top-section elementor-element elementor-element-b5f8cc2 elementor-section-boxed elementor-section-height-default elementor-section-height-default\" data-id=\"b5f8cc2\" data-element_type=\"section\" data-e-type=\"section\">\n\t\t\t\t\t\t<div class=\"elementor-container elementor-column-gap-default\">\n\t\t\t\t\t<div class=\"elementor-column elementor-col-50 elementor-top-column elementor-element elementor-element-519d247\" data-id=\"519d247\" data-element_type=\"column\" data-e-type=\"column\">\n\t\t\t<div class=\"elementor-widget-wrap elementor-element-populated\">\n\t\t\t\t\t\t<div class=\"elementor-element elementor-element-61c8a6b elementor-widget elementor-widget-text-editor\" data-id=\"61c8a6b\" data-element_type=\"widget\" data-e-type=\"widget\" data-widget_type=\"text-editor.default\">\n\t\t\t\t<div class=\"elementor-widget-container\">\n\t\t\t\t\t\t\t\t\t<h1>Vollst\u00e4ndige Renovierungen<\/h1><p><span style=\"font-weight: 400;\">Wir bieten einen umfassenden Service f\u00fcr vollst\u00e4ndige Renovierungen und Sanierungen auf Mallorca. Als vollst\u00e4ndige Renovierungen betrachten wir solche, die sich auf die Gesamtheit einer Immobilie auswirken, sowohl im Au\u00dfen- als auch im Innenbereich, und bei denen an allen Elementen des Geb\u00e4udes gearbeitet wird, von der Fassade bis zu allen Gemeinschaftsbereichen, die von denjenigen genutzt werden, die die Immobilie nutzen, sei es eine Anwohnervereinigung, eine Familie, ein Unternehmen oder ein Hotel. Eine vollst\u00e4ndige Renovierung beginnt daher mit einer genauen Planung aller zu leistenden Arbeiten.\u00a0<\/span><\/p>\t\t\t\t\t\t\t\t<\/div>\n\t\t\t\t<\/div>\n\t\t\t\t\t<\/div>\n\t\t<\/div>\n\t\t\t\t<div class=\"elementor-column elementor-col-50 elementor-top-column elementor-element elementor-element-68b7f51\" data-id=\"68b7f51\" data-element_type=\"column\" data-e-type=\"column\">\n\t\t\t<div class=\"elementor-widget-wrap elementor-element-populated\">\n\t\t\t\t\t\t<div class=\"elementor-element elementor-element-08ca9ba elementor-widget elementor-widget-image\" data-id=\"08ca9ba\" data-element_type=\"widget\" data-e-type=\"widget\" data-widget_type=\"image.default\">\n\t\t\t\t<div class=\"elementor-widget-container\">\n\t\t\t\t\t\t\t\t\t\t\t\t\t\t\t<img fetchpriority=\"high\" decoding=\"async\" width=\"825\" height=\"550\" src=\"https:\/\/amerehijos.com\/wp-content\/uploads\/2021\/02\/hotel-pollentia-2-1024x683.jpg\" class=\"attachment-large size-large wp-image-3608\" alt=\"Reforma bar hotel pollensa\" srcset=\"https:\/\/amerehijos.com\/wp-content\/uploads\/2021\/02\/hotel-pollentia-2-1024x683.jpg 1024w, https:\/\/amerehijos.com\/wp-content\/uploads\/2021\/02\/hotel-pollentia-2-300x200.jpg 300w, https:\/\/amerehijos.com\/wp-content\/uploads\/2021\/02\/hotel-pollentia-2-768x512.jpg 768w, https:\/\/amerehijos.com\/wp-content\/uploads\/2021\/02\/hotel-pollentia-2-1536x1024.jpg 1536w, https:\/\/amerehijos.com\/wp-content\/uploads\/2021\/02\/hotel-pollentia-2-2048x1365.jpg 2048w, https:\/\/amerehijos.com\/wp-content\/uploads\/2021\/02\/hotel-pollentia-2-930x620.jpg 930w\" sizes=\"(max-width: 825px) 100vw, 825px\" \/>\t\t\t\t\t\t\t\t\t\t\t\t\t\t\t<\/div>\n\t\t\t\t<\/div>\n\t\t\t\t\t<\/div>\n\t\t<\/div>\n\t\t\t\t\t<\/div>\n\t\t<\/section>\n\t\t\t\t<section class=\"elementor-section elementor-top-section elementor-element elementor-element-d7a2bb7 elementor-reverse-mobile elementor-section-boxed elementor-section-height-default elementor-section-height-default\" data-id=\"d7a2bb7\" data-element_type=\"section\" data-e-type=\"section\">\n\t\t\t\t\t\t<div class=\"elementor-container elementor-column-gap-default\">\n\t\t\t\t\t<div class=\"elementor-column elementor-col-50 elementor-top-column elementor-element elementor-element-3e0667c\" data-id=\"3e0667c\" data-element_type=\"column\" data-e-type=\"column\">\n\t\t\t<div class=\"elementor-widget-wrap elementor-element-populated\">\n\t\t\t\t\t\t<div class=\"elementor-element elementor-element-bbc242a elementor-widget elementor-widget-image\" data-id=\"bbc242a\" data-element_type=\"widget\" data-e-type=\"widget\" data-widget_type=\"image.default\">\n\t\t\t\t<div class=\"elementor-widget-container\">\n\t\t\t\t\t\t\t\t\t\t\t\t\t\t\t<img decoding=\"async\" width=\"825\" height=\"550\" src=\"https:\/\/amerehijos.com\/wp-content\/uploads\/2020\/12\/hotel-luxor-2-1024x683.jpg\" class=\"attachment-large size-large wp-image-10007\" alt=\"Reforma integral hotel luxor\" srcset=\"https:\/\/amerehijos.com\/wp-content\/uploads\/2020\/12\/hotel-luxor-2-1024x683.jpg 1024w, https:\/\/amerehijos.com\/wp-content\/uploads\/2020\/12\/hotel-luxor-2-300x200.jpg 300w, https:\/\/amerehijos.com\/wp-content\/uploads\/2020\/12\/hotel-luxor-2-768x512.jpg 768w, https:\/\/amerehijos.com\/wp-content\/uploads\/2020\/12\/hotel-luxor-2-1536x1024.jpg 1536w, https:\/\/amerehijos.com\/wp-content\/uploads\/2020\/12\/hotel-luxor-2-2048x1365.jpg 2048w, https:\/\/amerehijos.com\/wp-content\/uploads\/2020\/12\/hotel-luxor-2-930x620.jpg 930w\" sizes=\"(max-width: 825px) 100vw, 825px\" \/>\t\t\t\t\t\t\t\t\t\t\t\t\t\t\t<\/div>\n\t\t\t\t<\/div>\n\t\t\t\t\t<\/div>\n\t\t<\/div>\n\t\t\t\t<div class=\"elementor-column elementor-col-50 elementor-top-column elementor-element elementor-element-d441267\" data-id=\"d441267\" data-element_type=\"column\" data-e-type=\"column\">\n\t\t\t<div class=\"elementor-widget-wrap elementor-element-populated\">\n\t\t\t\t\t\t<div class=\"elementor-element elementor-element-26e5ae9 elementor-widget elementor-widget-text-editor\" data-id=\"26e5ae9\" data-element_type=\"widget\" data-e-type=\"widget\" data-widget_type=\"text-editor.default\">\n\t\t\t\t<div class=\"elementor-widget-container\">\n\t\t\t\t\t\t\t\t\t<h2>Renovierung von Hotels, H\u00e4usern und Geb\u00e4uden<\/h2><p><span style=\"font-weight: 400;\">M\u00f6chten Sie einige unserer fr\u00fcheren Renovierungsarbeiten sehen? Schauen Sie sich unten einige der von Amer e Hijos durchgef\u00fchrten Renovierungen f\u00fcr Hotels, Geb\u00e4ude, Wohnungen usw. an.<\/span><\/p>\t\t\t\t\t\t\t\t<\/div>\n\t\t\t\t<\/div>\n\t\t\t\t\t<\/div>\n\t\t<\/div>\n\t\t\t\t\t<\/div>\n\t\t<\/section>\n\t\t\t\t<section class=\"elementor-section elementor-top-section elementor-element elementor-element-81d7f63 elementor-section-boxed elementor-section-height-default elementor-section-height-default\" data-id=\"81d7f63\" data-element_type=\"section\" data-e-type=\"section\">\n\t\t\t\t\t\t<div class=\"elementor-container elementor-column-gap-default\">\n\t\t\t\t\t<div class=\"elementor-column elementor-col-50 elementor-top-column elementor-element elementor-element-9dab187\" data-id=\"9dab187\" data-element_type=\"column\" data-e-type=\"column\">\n\t\t\t<div class=\"elementor-widget-wrap elementor-element-populated\">\n\t\t\t\t\t\t<div class=\"elementor-element elementor-element-9c3a9c5 elementor-widget elementor-widget-text-editor\" data-id=\"9c3a9c5\" data-element_type=\"widget\" data-e-type=\"widget\" data-widget_type=\"text-editor.default\">\n\t\t\t\t<div class=\"elementor-widget-container\">\n\t\t\t\t\t\t\t\t\t<h2>Warum sollten Sie Amer e Hijos f\u00fcr Ihre vollst\u00e4ndige Renovierung w\u00e4hlen?<\/h2><p><span style=\"font-weight: 400;\">Unser Unternehmen orientiert sich an etablierten Werten wie Exzellenz, Professionalit\u00e4t, Qualit\u00e4t, individuelle Betreuung und gute Kommunikation. Wir sind ein Familienunternehmen und seit mehr als 50 Jahren in der Baubranche t\u00e4tig. Wir werden Ihnen all unsere Erfahrung und unser Wissen zur Verf\u00fcgung stellen, um Ihre Renovierung so erfolgreich wie m\u00f6glich zu gestalten.<\/span><\/p>\t\t\t\t\t\t\t\t<\/div>\n\t\t\t\t<\/div>\n\t\t\t\t\t<\/div>\n\t\t<\/div>\n\t\t\t\t<div class=\"elementor-column elementor-col-50 elementor-top-column elementor-element elementor-element-f257d1d\" data-id=\"f257d1d\" data-element_type=\"column\" data-e-type=\"column\">\n\t\t\t<div class=\"elementor-widget-wrap elementor-element-populated\">\n\t\t\t\t\t\t<div class=\"elementor-element elementor-element-4156fc5 elementor-widget elementor-widget-image\" data-id=\"4156fc5\" data-element_type=\"widget\" data-e-type=\"widget\" data-widget_type=\"image.default\">\n\t\t\t\t<div class=\"elementor-widget-container\">\n\t\t\t\t\t\t\t\t\t\t\t\t\t\t\t<img decoding=\"async\" width=\"825\" height=\"550\" src=\"https:\/\/amerehijos.com\/wp-content\/uploads\/2020\/12\/hotel-luxor-4-1024x683.jpg\" class=\"attachment-large size-large wp-image-1506\" alt=\"\" srcset=\"https:\/\/amerehijos.com\/wp-content\/uploads\/2020\/12\/hotel-luxor-4-1024x683.jpg 1024w, https:\/\/amerehijos.com\/wp-content\/uploads\/2020\/12\/hotel-luxor-4-300x200.jpg 300w, https:\/\/amerehijos.com\/wp-content\/uploads\/2020\/12\/hotel-luxor-4-768x512.jpg 768w, https:\/\/amerehijos.com\/wp-content\/uploads\/2020\/12\/hotel-luxor-4-1536x1024.jpg 1536w, https:\/\/amerehijos.com\/wp-content\/uploads\/2020\/12\/hotel-luxor-4-2048x1365.jpg 2048w, https:\/\/amerehijos.com\/wp-content\/uploads\/2020\/12\/hotel-luxor-4-930x620.jpg 930w\" sizes=\"(max-width: 825px) 100vw, 825px\" \/>\t\t\t\t\t\t\t\t\t\t\t\t\t\t\t<\/div>\n\t\t\t\t<\/div>\n\t\t\t\t\t<\/div>\n\t\t<\/div>\n\t\t\t\t\t<\/div>\n\t\t<\/section>\n\t\t\t\t<section class=\"elementor-section elementor-top-section elementor-element elementor-element-287953e elementor-section-boxed elementor-section-height-default elementor-section-height-default\" data-id=\"287953e\" data-element_type=\"section\" data-e-type=\"section\">\n\t\t\t\t\t\t<div class=\"elementor-container elementor-column-gap-default\">\n\t\t\t\t\t<div class=\"elementor-column elementor-col-100 elementor-top-column elementor-element elementor-element-2fd6ad3\" data-id=\"2fd6ad3\" data-element_type=\"column\" data-e-type=\"column\">\n\t\t\t<div class=\"elementor-widget-wrap elementor-element-populated\">\n\t\t\t\t\t\t<div class=\"elementor-element elementor-element-72b1aad elementor-widget elementor-widget-spacer\" data-id=\"72b1aad\" data-element_type=\"widget\" data-e-type=\"widget\" data-widget_type=\"spacer.default\">\n\t\t\t\t<div class=\"elementor-widget-container\">\n\t\t\t\t\t\t\t<div class=\"elementor-spacer\">\n\t\t\t<div class=\"elementor-spacer-inner\"><\/div>\n\t\t<\/div>\n\t\t\t\t\t\t<\/div>\n\t\t\t\t<\/div>\n\t\t\t\t<div class=\"elementor-element elementor-element-12244d4 elementor-widget elementor-widget-text-editor\" data-id=\"12244d4\" data-element_type=\"widget\" data-e-type=\"widget\" data-widget_type=\"text-editor.default\">\n\t\t\t\t<div class=\"elementor-widget-container\">\n\t\t\t\t\t\t\t\t\t<span style=\"font-weight: 400;\">Wenn Sie auf der Suche nach einem schnellen, innovativen, effizienten und transparenten Renovierungsdienst sind, ist AMER genau das, was Sie brauchen.\u00a0<\/span>\n\n<a href=\"https:\/\/amerehijos.com\/de\/kontakt\/\"><span style=\"font-weight: 400;\">Fragen Sie uns JETZT nach einem kostenlosen Angebot!<\/span><\/a>\t\t\t\t\t\t\t\t<\/div>\n\t\t\t\t<\/div>\n\t\t\t\t\t<\/div>\n\t\t<\/div>\n\t\t\t\t\t<\/div>\n\t\t<\/section>\n\t\t\t\t<section class=\"elementor-section elementor-top-section elementor-element elementor-element-4ff5c82 elementor-section-boxed elementor-section-height-default elementor-section-height-default\" data-id=\"4ff5c82\" data-element_type=\"section\" data-e-type=\"section\">\n\t\t\t\t\t\t<div class=\"elementor-container elementor-column-gap-default\">\n\t\t\t\t\t<div class=\"elementor-column elementor-col-100 elementor-top-column elementor-element elementor-element-2818a5a\" data-id=\"2818a5a\" data-element_type=\"column\" data-e-type=\"column\">\n\t\t\t<div class=\"elementor-widget-wrap elementor-element-populated\">\n\t\t\t\t\t\t\t<\/div>\n\t\t<\/div>\n\t\t\t\t\t<\/div>\n\t\t<\/section>\n\t\t\t\t<\/div>\n\t\t","protected":false},"excerpt":{"rendered":"<p>Vollst\u00e4ndige Renovierungen Wir bieten einen umfassenden Service f\u00fcr vollst\u00e4ndige Renovierungen und Sanierungen auf Mallorca. Als vollst\u00e4ndige Renovierungen betrachten wir solche, die sich auf die Gesamtheit einer Immobilie auswirken, sowohl im Au\u00dfen- als auch im Innenbereich, und bei denen an allen Elementen des Geb\u00e4udes gearbeitet wird, von der Fassade bis zu allen Gemeinschaftsbereichen, die von denjenigen &#8230; <a title=\"Vollst\u00e4ndige Renovierungen\" class=\"read-more\" href=\"https:\/\/amerehijos.com\/de\/vollstaendige-renovierungen\/\" aria-label=\"Read more about Vollst\u00e4ndige Renovierungen\">Read more<\/a><\/p>\n","protected":false},"author":7,"featured_media":0,"parent":0,"menu_order":0,"comment_status":"closed","ping_status":"closed","template":"elementor_header_footer","meta":{"footnotes":""},"class_list":["post-2531","page","type-page","status-publish"],"_links":{"self":[{"href":"https:\/\/amerehijos.com\/de\/wp-json\/wp\/v2\/pages\/2531","targetHints":{"allow":["GET"]}}],"collection":[{"href":"https:\/\/amerehijos.com\/de\/wp-json\/wp\/v2\/pages"}],"about":[{"href":"https:\/\/amerehijos.com\/de\/wp-json\/wp\/v2\/types\/page"}],"author":[{"embeddable":true,"href":"https:\/\/amerehijos.com\/de\/wp-json\/wp\/v2\/users\/7"}],"replies":[{"embeddable":true,"href":"https:\/\/amerehijos.com\/de\/wp-json\/wp\/v2\/comments?post=2531"}],"version-history":[{"count":0,"href":"https:\/\/amerehijos.com\/de\/wp-json\/wp\/v2\/pages\/2531\/revisions"}],"wp:attachment":[{"href":"https:\/\/amerehijos.com\/de\/wp-json\/wp\/v2\/media?parent=2531"}],"curies":[{"name":"wp","href":"https:\/\/api.w.org\/{rel}","templated":true}]}}