{"id":2526,"date":"2021-01-21T12:12:16","date_gmt":"2021-01-21T11:12:16","guid":{"rendered":"https:\/\/amerehijos.com\/?page_id=2526"},"modified":"2021-08-12T19:46:19","modified_gmt":"2021-08-12T18:46:19","slug":"industriebau","status":"publish","type":"page","link":"https:\/\/amerehijos.com\/de\/industriebau\/","title":{"rendered":"Industriebau"},"content":{"rendered":"\t\t<div data-elementor-type=\"wp-page\" data-elementor-id=\"2526\" class=\"elementor elementor-2526 elementor-980\" data-elementor-post-type=\"page\">\n\t\t\t\t\t\t<section class=\"elementor-section elementor-top-section elementor-element elementor-element-1e5f3d9 elementor-section-boxed elementor-section-height-default elementor-section-height-default\" data-id=\"1e5f3d9\" data-element_type=\"section\" data-e-type=\"section\">\n\t\t\t\t\t\t<div class=\"elementor-container elementor-column-gap-default\">\n\t\t\t\t\t<div class=\"elementor-column elementor-col-100 elementor-top-column elementor-element elementor-element-eeae9cf\" data-id=\"eeae9cf\" data-element_type=\"column\" data-e-type=\"column\">\n\t\t\t<div class=\"elementor-widget-wrap elementor-element-populated\">\n\t\t\t\t\t\t<div class=\"elementor-element elementor-element-876af8e elementor-widget elementor-widget-shortcode\" data-id=\"876af8e\" data-element_type=\"widget\" data-e-type=\"widget\" data-widget_type=\"shortcode.default\">\n\t\t\t\t<div class=\"elementor-widget-container\">\n\t\t\t\t\t\t\t<div class=\"elementor-shortcode\">\n<\/div>\n\t\t\t\t\t\t<\/div>\n\t\t\t\t<\/div>\n\t\t\t\t<div class=\"elementor-element elementor-element-01b14a1 elementor-widget elementor-widget-spacer\" data-id=\"01b14a1\" data-element_type=\"widget\" data-e-type=\"widget\" data-widget_type=\"spacer.default\">\n\t\t\t\t<div class=\"elementor-widget-container\">\n\t\t\t\t\t\t\t<div class=\"elementor-spacer\">\n\t\t\t<div class=\"elementor-spacer-inner\"><\/div>\n\t\t<\/div>\n\t\t\t\t\t\t<\/div>\n\t\t\t\t<\/div>\n\t\t\t\t\t<\/div>\n\t\t<\/div>\n\t\t\t\t\t<\/div>\n\t\t<\/section>\n\t\t\t\t<section class=\"elementor-section elementor-top-section elementor-element elementor-element-8ffe7d8 elementor-section-boxed elementor-section-height-default elementor-section-height-default\" data-id=\"8ffe7d8\" data-element_type=\"section\" data-e-type=\"section\">\n\t\t\t\t\t\t<div class=\"elementor-container elementor-column-gap-default\">\n\t\t\t\t\t<div class=\"elementor-column elementor-col-50 elementor-top-column elementor-element elementor-element-953a400\" data-id=\"953a400\" data-element_type=\"column\" data-e-type=\"column\">\n\t\t\t<div class=\"elementor-widget-wrap elementor-element-populated\">\n\t\t\t\t\t\t<div class=\"elementor-element elementor-element-f4f3208 elementor-widget elementor-widget-text-editor\" data-id=\"f4f3208\" data-element_type=\"widget\" data-e-type=\"widget\" data-widget_type=\"text-editor.default\">\n\t\t\t\t<div class=\"elementor-widget-container\">\n\t\t\t\t\t\t\t\t\t<h1>Industriebau<\/h1><p><span style=\"font-weight: 400;\">Wir sind stolz darauf, mit Unternehmen und Gesellschaften aus vielen Bereichen und bei einer Vielzahl interessanter Projekte im industriellen und kommerziellen Sektor zusammenzuarbeiten. Da wir alle Industriebauprojekte intern verwalten, w\u00e4hlen wir unser Team mit qualitativ hochwertigem, qualifiziertem und motiviertem Personal aus, um Ihre Vision Wirklichkeit werden zu lassen.\u00a0<\/span><\/p><p><span style=\"font-weight: 400;\">Wir verwalten das gesamte Projekt intern von 0 an, von der kreativen bis zur technischen Seite, vom Design bis zur Funktionalit\u00e4t. Wir stecken unser ganzes Herzblut in das Geb\u00e4ude und bringen es zum Leben, indem wir die neuesten Technologien einsetzen, sowohl bei den Einrichtungen als auch bei den Strukturen, um 100% optimierte und nachhaltige R\u00e4ume zu erreichen. Wir leben und atmen jedes Bauelement und wir w\u00fcrden diese Energie gerne in Ihr Projekt einbringen.<\/span><\/p>\t\t\t\t\t\t\t\t<\/div>\n\t\t\t\t<\/div>\n\t\t\t\t\t<\/div>\n\t\t<\/div>\n\t\t\t\t<div class=\"elementor-column elementor-col-50 elementor-top-column elementor-element elementor-element-20fac87\" data-id=\"20fac87\" data-element_type=\"column\" data-e-type=\"column\">\n\t\t\t<div class=\"elementor-widget-wrap elementor-element-populated\">\n\t\t\t\t\t\t<div class=\"elementor-element elementor-element-11b05f8 elementor-widget elementor-widget-image\" data-id=\"11b05f8\" data-element_type=\"widget\" data-e-type=\"widget\" data-widget_type=\"image.default\">\n\t\t\t\t<div class=\"elementor-widget-container\">\n\t\t\t\t\t\t\t\t\t\t\t\t\t\t\t<img fetchpriority=\"high\" decoding=\"async\" width=\"825\" height=\"619\" src=\"https:\/\/amerehijos.com\/wp-content\/uploads\/2020\/12\/A280286-1-1024x768.jpg\" class=\"attachment-large size-large wp-image-1484\" alt=\"\" srcset=\"https:\/\/amerehijos.com\/wp-content\/uploads\/2020\/12\/A280286-1-1024x768.jpg 1024w, https:\/\/amerehijos.com\/wp-content\/uploads\/2020\/12\/A280286-1-300x225.jpg 300w, https:\/\/amerehijos.com\/wp-content\/uploads\/2020\/12\/A280286-1-768x576.jpg 768w, https:\/\/amerehijos.com\/wp-content\/uploads\/2020\/12\/A280286-1-1536x1152.jpg 1536w, https:\/\/amerehijos.com\/wp-content\/uploads\/2020\/12\/A280286-1-2048x1536.jpg 2048w\" sizes=\"(max-width: 825px) 100vw, 825px\" \/>\t\t\t\t\t\t\t\t\t\t\t\t\t\t\t<\/div>\n\t\t\t\t<\/div>\n\t\t\t\t\t<\/div>\n\t\t<\/div>\n\t\t\t\t\t<\/div>\n\t\t<\/section>\n\t\t\t\t<section class=\"elementor-section elementor-top-section elementor-element elementor-element-ff47823 elementor-reverse-tablet elementor-reverse-mobile elementor-section-boxed elementor-section-height-default elementor-section-height-default\" data-id=\"ff47823\" data-element_type=\"section\" data-e-type=\"section\">\n\t\t\t\t\t\t<div class=\"elementor-container elementor-column-gap-default\">\n\t\t\t\t\t<div class=\"elementor-column elementor-col-50 elementor-top-column elementor-element elementor-element-b1fef6b\" data-id=\"b1fef6b\" data-element_type=\"column\" data-e-type=\"column\">\n\t\t\t<div class=\"elementor-widget-wrap elementor-element-populated\">\n\t\t\t\t\t\t<div class=\"elementor-element elementor-element-62d22e4 elementor-widget elementor-widget-image\" data-id=\"62d22e4\" data-element_type=\"widget\" data-e-type=\"widget\" data-widget_type=\"image.default\">\n\t\t\t\t<div class=\"elementor-widget-container\">\n\t\t\t\t\t\t\t\t\t\t\t\t\t\t\t<img decoding=\"async\" width=\"683\" height=\"665\" src=\"https:\/\/amerehijos.com\/wp-content\/uploads\/2020\/12\/Nave-agroquimica-Sa-Pobla.jpg\" class=\"attachment-large size-large wp-image-1498\" alt=\"\" srcset=\"https:\/\/amerehijos.com\/wp-content\/uploads\/2020\/12\/Nave-agroquimica-Sa-Pobla.jpg 683w, https:\/\/amerehijos.com\/wp-content\/uploads\/2020\/12\/Nave-agroquimica-Sa-Pobla-300x292.jpg 300w\" sizes=\"(max-width: 683px) 100vw, 683px\" \/>\t\t\t\t\t\t\t\t\t\t\t\t\t\t\t<\/div>\n\t\t\t\t<\/div>\n\t\t\t\t\t<\/div>\n\t\t<\/div>\n\t\t\t\t<div class=\"elementor-column elementor-col-50 elementor-top-column elementor-element elementor-element-6f4fe04\" data-id=\"6f4fe04\" data-element_type=\"column\" data-e-type=\"column\">\n\t\t\t<div class=\"elementor-widget-wrap elementor-element-populated\">\n\t\t\t\t\t\t<div class=\"elementor-element elementor-element-29fec5e elementor-widget elementor-widget-text-editor\" data-id=\"29fec5e\" data-element_type=\"widget\" data-e-type=\"widget\" data-widget_type=\"text-editor.default\">\n\t\t\t\t<div class=\"elementor-widget-container\">\n\t\t\t\t\t\t\t\t\t<h2>Bau und Design von Industriegeb\u00e4uden<\/h2><p><span style=\"font-weight: 400;\">M\u00f6chten Sie einige unserer fr\u00fcheren Projekte sehen? Unten sehen Sie einige der Dienstleistungen, die Amer e Hijos f\u00fcr den Bau und die Gestaltung von Industriehallen, Lagereinrichtungen, B\u00fcros, Silos, Einzelhandelsgesch\u00e4ften, Labors, Unternehmenseinrichtungen, Transformations- und Logistikzentren usw. erbringt<\/span><\/p><p><span style=\"font-weight: 400;\">Unsere Erfahrung erstreckt sich auf verschiedene Sektoren (Landwirtschaft, Fahrzeuge, Lebensmittel, Logistik, Textil, Industrie, Metallurgie, Chemie, usw&#8230;) und Unternehmensgr\u00f6\u00dfen, von klein bis gro\u00df oder mittelgro\u00df.<\/span><\/p>\t\t\t\t\t\t\t\t<\/div>\n\t\t\t\t<\/div>\n\t\t\t\t\t<\/div>\n\t\t<\/div>\n\t\t\t\t\t<\/div>\n\t\t<\/section>\n\t\t\t\t<section class=\"elementor-section elementor-top-section elementor-element elementor-element-2a5843c elementor-section-boxed elementor-section-height-default elementor-section-height-default\" data-id=\"2a5843c\" data-element_type=\"section\" data-e-type=\"section\">\n\t\t\t\t\t\t<div class=\"elementor-container elementor-column-gap-default\">\n\t\t\t\t\t<div class=\"elementor-column elementor-col-100 elementor-top-column elementor-element elementor-element-aa2f934\" data-id=\"aa2f934\" data-element_type=\"column\" data-e-type=\"column\">\n\t\t\t<div class=\"elementor-widget-wrap elementor-element-populated\">\n\t\t\t\t\t\t<div class=\"elementor-element elementor-element-7ff8ce2 elementor-widget elementor-widget-text-editor\" data-id=\"7ff8ce2\" data-element_type=\"widget\" data-e-type=\"widget\" data-widget_type=\"text-editor.default\">\n\t\t\t\t<div class=\"elementor-widget-container\">\n\t\t\t\t\t\t\t\t\t<p><i><span style=\"font-weight: 400;\">Wir glauben an exzellente Planung und Kommunikation als den besten Weg zu einem hervorragenden Industrie- oder Gesch\u00e4ftsgeb\u00e4ude. Lassen Sie uns gemeinsam etwas schaffen!<\/span><\/i><\/p>\t\t\t\t\t\t\t\t<\/div>\n\t\t\t\t<\/div>\n\t\t\t\t\t<\/div>\n\t\t<\/div>\n\t\t\t\t\t<\/div>\n\t\t<\/section>\n\t\t\t\t<section class=\"elementor-section elementor-top-section elementor-element elementor-element-d910952 elementor-section-boxed elementor-section-height-default elementor-section-height-default\" data-id=\"d910952\" data-element_type=\"section\" data-e-type=\"section\">\n\t\t\t\t\t\t<div class=\"elementor-container elementor-column-gap-default\">\n\t\t\t\t\t<div class=\"elementor-column elementor-col-50 elementor-top-column elementor-element elementor-element-18af294\" data-id=\"18af294\" data-element_type=\"column\" data-e-type=\"column\">\n\t\t\t<div class=\"elementor-widget-wrap elementor-element-populated\">\n\t\t\t\t\t\t<div class=\"elementor-element elementor-element-de7847b elementor-widget elementor-widget-text-editor\" data-id=\"de7847b\" data-element_type=\"widget\" data-e-type=\"widget\" data-widget_type=\"text-editor.default\">\n\t\t\t\t<div class=\"elementor-widget-container\">\n\t\t\t\t\t\t\t\t\t<h2>Wir passen uns Ihrem Unternehmen an<\/h2><p><span style=\"font-weight: 400;\">Wir wissen, wie sehr sich ein Projekt von einem anderen unterscheiden kann, und sind immer bereit und begeistert, an jedem Ihrer Projekte teilzunehmen. Warum kontaktieren Sie uns also nicht jetzt und sprechen \u00fcber Ihre Vision? Wir zeigen Ihnen, wie Sie oder Ihr Unternehmen von unserer Erfahrung profitieren k\u00f6nnen &#8211; wir bem\u00fchen uns bei jedem Projekt, als w\u00e4re es das einzige!<\/span><\/p>\t\t\t\t\t\t\t\t<\/div>\n\t\t\t\t<\/div>\n\t\t\t\t\t<\/div>\n\t\t<\/div>\n\t\t\t\t<div class=\"elementor-column elementor-col-50 elementor-top-column elementor-element elementor-element-1c66c3b\" data-id=\"1c66c3b\" data-element_type=\"column\" data-e-type=\"column\">\n\t\t\t<div class=\"elementor-widget-wrap elementor-element-populated\">\n\t\t\t\t\t\t<div class=\"elementor-element elementor-element-f072906 elementor-widget elementor-widget-image\" data-id=\"f072906\" data-element_type=\"widget\" data-e-type=\"widget\" data-widget_type=\"image.default\">\n\t\t\t\t<div class=\"elementor-widget-container\">\n\t\t\t\t\t\t\t\t\t\t\t\t\t\t\t<img decoding=\"async\" width=\"825\" height=\"619\" src=\"https:\/\/amerehijos.com\/wp-content\/uploads\/2020\/12\/Cubricion-pisicna-municipal-pollenca-1-1024x768.jpg\" class=\"attachment-large size-large wp-image-1495\" alt=\"\" srcset=\"https:\/\/amerehijos.com\/wp-content\/uploads\/2020\/12\/Cubricion-pisicna-municipal-pollenca-1-1024x768.jpg 1024w, https:\/\/amerehijos.com\/wp-content\/uploads\/2020\/12\/Cubricion-pisicna-municipal-pollenca-1-300x225.jpg 300w, https:\/\/amerehijos.com\/wp-content\/uploads\/2020\/12\/Cubricion-pisicna-municipal-pollenca-1-768x576.jpg 768w, https:\/\/amerehijos.com\/wp-content\/uploads\/2020\/12\/Cubricion-pisicna-municipal-pollenca-1-1536x1152.jpg 1536w, https:\/\/amerehijos.com\/wp-content\/uploads\/2020\/12\/Cubricion-pisicna-municipal-pollenca-1-2048x1536.jpg 2048w\" sizes=\"(max-width: 825px) 100vw, 825px\" \/>\t\t\t\t\t\t\t\t\t\t\t\t\t\t\t<\/div>\n\t\t\t\t<\/div>\n\t\t\t\t\t<\/div>\n\t\t<\/div>\n\t\t\t\t\t<\/div>\n\t\t<\/section>\n\t\t\t\t<section class=\"elementor-section elementor-top-section elementor-element elementor-element-784972a elementor-section-boxed elementor-section-height-default elementor-section-height-default\" data-id=\"784972a\" data-element_type=\"section\" data-e-type=\"section\">\n\t\t\t\t\t\t<div class=\"elementor-container elementor-column-gap-default\">\n\t\t\t\t\t<div class=\"elementor-column elementor-col-100 elementor-top-column elementor-element elementor-element-3fb8fd6\" data-id=\"3fb8fd6\" data-element_type=\"column\" data-e-type=\"column\">\n\t\t\t<div class=\"elementor-widget-wrap elementor-element-populated\">\n\t\t\t\t\t\t<div class=\"elementor-element elementor-element-d04b839 elementor-widget elementor-widget-spacer\" data-id=\"d04b839\" data-element_type=\"widget\" data-e-type=\"widget\" data-widget_type=\"spacer.default\">\n\t\t\t\t<div class=\"elementor-widget-container\">\n\t\t\t\t\t\t\t<div class=\"elementor-spacer\">\n\t\t\t<div class=\"elementor-spacer-inner\"><\/div>\n\t\t<\/div>\n\t\t\t\t\t\t<\/div>\n\t\t\t\t<\/div>\n\t\t\t\t<div class=\"elementor-element elementor-element-22012fe elementor-widget elementor-widget-text-editor\" data-id=\"22012fe\" data-element_type=\"widget\" data-e-type=\"widget\" data-widget_type=\"text-editor.default\">\n\t\t\t\t<div class=\"elementor-widget-container\">\n\t\t\t\t\t\t\t\t\t<a href=\"\"><span style=\"font-weight: 400;\">Fragen Sie uns JETZT nach einem kostenlosen Angebot!<\/span><\/a>\t\t\t\t\t\t\t\t<\/div>\n\t\t\t\t<\/div>\n\t\t\t\t\t<\/div>\n\t\t<\/div>\n\t\t\t\t\t<\/div>\n\t\t<\/section>\n\t\t\t\t<section class=\"elementor-section elementor-top-section elementor-element elementor-element-3039539 elementor-section-boxed elementor-section-height-default elementor-section-height-default\" data-id=\"3039539\" data-element_type=\"section\" data-e-type=\"section\">\n\t\t\t\t\t\t<div class=\"elementor-container elementor-column-gap-default\">\n\t\t\t\t\t<div class=\"elementor-column elementor-col-100 elementor-top-column elementor-element elementor-element-8e4440f\" data-id=\"8e4440f\" data-element_type=\"column\" data-e-type=\"column\">\n\t\t\t<div class=\"elementor-widget-wrap elementor-element-populated\">\n\t\t\t\t\t\t\t<\/div>\n\t\t<\/div>\n\t\t\t\t\t<\/div>\n\t\t<\/section>\n\t\t\t\t<\/div>\n\t\t","protected":false},"excerpt":{"rendered":"<p>Industriebau Wir sind stolz darauf, mit Unternehmen und Gesellschaften aus vielen Bereichen und bei einer Vielzahl interessanter Projekte im industriellen und kommerziellen Sektor zusammenzuarbeiten. Da wir alle Industriebauprojekte intern verwalten, w\u00e4hlen wir unser Team mit qualitativ hochwertigem, qualifiziertem und motiviertem Personal aus, um Ihre Vision Wirklichkeit werden zu lassen.\u00a0 Wir verwalten das gesamte Projekt intern &#8230; <a title=\"Industriebau\" class=\"read-more\" href=\"https:\/\/amerehijos.com\/de\/industriebau\/\" aria-label=\"Read more about Industriebau\">Read more<\/a><\/p>\n","protected":false},"author":7,"featured_media":0,"parent":0,"menu_order":0,"comment_status":"closed","ping_status":"closed","template":"elementor_header_footer","meta":{"footnotes":""},"class_list":["post-2526","page","type-page","status-publish"],"_links":{"self":[{"href":"https:\/\/amerehijos.com\/de\/wp-json\/wp\/v2\/pages\/2526","targetHints":{"allow":["GET"]}}],"collection":[{"href":"https:\/\/amerehijos.com\/de\/wp-json\/wp\/v2\/pages"}],"about":[{"href":"https:\/\/amerehijos.com\/de\/wp-json\/wp\/v2\/types\/page"}],"author":[{"embeddable":true,"href":"https:\/\/amerehijos.com\/de\/wp-json\/wp\/v2\/users\/7"}],"replies":[{"embeddable":true,"href":"https:\/\/amerehijos.com\/de\/wp-json\/wp\/v2\/comments?post=2526"}],"version-history":[{"count":0,"href":"https:\/\/amerehijos.com\/de\/wp-json\/wp\/v2\/pages\/2526\/revisions"}],"wp:attachment":[{"href":"https:\/\/amerehijos.com\/de\/wp-json\/wp\/v2\/media?parent=2526"}],"curies":[{"name":"wp","href":"https:\/\/api.w.org\/{rel}","templated":true}]}}