{"id":2518,"date":"2021-01-21T12:09:29","date_gmt":"2021-01-21T11:09:29","guid":{"rendered":"https:\/\/amerehijos.com\/?page_id=2518"},"modified":"2021-08-12T19:42:16","modified_gmt":"2021-08-12T18:42:16","slug":"wohnungsbau","status":"publish","type":"page","link":"https:\/\/amerehijos.com\/de\/wohnungsbau\/","title":{"rendered":"Wohnungsbau"},"content":{"rendered":"\t\t<div data-elementor-type=\"wp-page\" data-elementor-id=\"2518\" class=\"elementor elementor-2518 elementor-987\" data-elementor-post-type=\"page\">\n\t\t\t\t\t\t<section class=\"elementor-section elementor-top-section elementor-element elementor-element-be4c3e6 elementor-section-boxed elementor-section-height-default elementor-section-height-default\" data-id=\"be4c3e6\" data-element_type=\"section\" data-e-type=\"section\">\n\t\t\t\t\t\t<div class=\"elementor-container elementor-column-gap-default\">\n\t\t\t\t\t<div class=\"elementor-column elementor-col-100 elementor-top-column elementor-element elementor-element-24cdcd0\" data-id=\"24cdcd0\" data-element_type=\"column\" data-e-type=\"column\">\n\t\t\t<div class=\"elementor-widget-wrap elementor-element-populated\">\n\t\t\t\t\t\t<div class=\"elementor-element elementor-element-5e66e58 elementor-widget elementor-widget-shortcode\" data-id=\"5e66e58\" data-element_type=\"widget\" data-e-type=\"widget\" data-widget_type=\"shortcode.default\">\n\t\t\t\t<div class=\"elementor-widget-container\">\n\t\t\t\t\t\t\t<div class=\"elementor-shortcode\">\n<\/div>\n\t\t\t\t\t\t<\/div>\n\t\t\t\t<\/div>\n\t\t\t\t<div class=\"elementor-element elementor-element-0faae90 elementor-widget elementor-widget-spacer\" data-id=\"0faae90\" data-element_type=\"widget\" data-e-type=\"widget\" data-widget_type=\"spacer.default\">\n\t\t\t\t<div class=\"elementor-widget-container\">\n\t\t\t\t\t\t\t<div class=\"elementor-spacer\">\n\t\t\t<div class=\"elementor-spacer-inner\"><\/div>\n\t\t<\/div>\n\t\t\t\t\t\t<\/div>\n\t\t\t\t<\/div>\n\t\t\t\t\t<\/div>\n\t\t<\/div>\n\t\t\t\t\t<\/div>\n\t\t<\/section>\n\t\t\t\t<section class=\"elementor-section elementor-top-section elementor-element elementor-element-f239510 elementor-section-boxed elementor-section-height-default elementor-section-height-default\" data-id=\"f239510\" data-element_type=\"section\" data-e-type=\"section\">\n\t\t\t\t\t\t<div class=\"elementor-container elementor-column-gap-default\">\n\t\t\t\t\t<div class=\"elementor-column elementor-col-50 elementor-top-column elementor-element elementor-element-c3de54b\" data-id=\"c3de54b\" data-element_type=\"column\" data-e-type=\"column\">\n\t\t\t<div class=\"elementor-widget-wrap elementor-element-populated\">\n\t\t\t\t\t\t<div class=\"elementor-element elementor-element-e6befc2 elementor-widget elementor-widget-text-editor\" data-id=\"e6befc2\" data-element_type=\"widget\" data-e-type=\"widget\" data-widget_type=\"text-editor.default\">\n\t\t\t\t<div class=\"elementor-widget-container\">\n\t\t\t\t\t\t\t\t\t<h1>Wohnungsbau\u00a0<\/h1><p><span style=\"font-weight: 400;\">Ein Haus ist nicht nur ein komplexes Geb\u00e4ude, das sorgf\u00e4ltig entworfen wurde, um so wirtschaftlich, optisch beeindruckend und energieeffizient wie m\u00f6glich zu sein. Ein Haus ist auch ein Zuhause. Bei Amer e Hijos verstehen wir die Bedeutung von Zuhause, ein grundlegender Wert, den wir von der Entwurfsphase Ihres Wohnprojekts bis hin zu seiner Fertigstellung umsetzen.<\/span><\/p>\t\t\t\t\t\t\t\t<\/div>\n\t\t\t\t<\/div>\n\t\t\t\t\t<\/div>\n\t\t<\/div>\n\t\t\t\t<div class=\"elementor-column elementor-col-50 elementor-top-column elementor-element elementor-element-ffddff9\" data-id=\"ffddff9\" data-element_type=\"column\" data-e-type=\"column\">\n\t\t\t<div class=\"elementor-widget-wrap elementor-element-populated\">\n\t\t\t\t\t\t<div class=\"elementor-element elementor-element-a4c268b elementor-widget elementor-widget-image\" data-id=\"a4c268b\" data-element_type=\"widget\" data-e-type=\"widget\" data-widget_type=\"image.default\">\n\t\t\t\t<div class=\"elementor-widget-container\">\n\t\t\t\t\t\t\t\t\t\t\t\t\t\t\t<img fetchpriority=\"high\" decoding=\"async\" width=\"825\" height=\"404\" src=\"https:\/\/amerehijos.com\/wp-content\/uploads\/2020\/12\/SOLANDA-BINIBONA-10-1024x502.jpg\" class=\"attachment-large size-large wp-image-1469\" alt=\"\" srcset=\"https:\/\/amerehijos.com\/wp-content\/uploads\/2020\/12\/SOLANDA-BINIBONA-10-1024x502.jpg 1024w, https:\/\/amerehijos.com\/wp-content\/uploads\/2020\/12\/SOLANDA-BINIBONA-10-300x147.jpg 300w, https:\/\/amerehijos.com\/wp-content\/uploads\/2020\/12\/SOLANDA-BINIBONA-10-768x376.jpg 768w, https:\/\/amerehijos.com\/wp-content\/uploads\/2020\/12\/SOLANDA-BINIBONA-10.jpg 1280w\" sizes=\"(max-width: 825px) 100vw, 825px\" \/>\t\t\t\t\t\t\t\t\t\t\t\t\t\t\t<\/div>\n\t\t\t\t<\/div>\n\t\t\t\t\t<\/div>\n\t\t<\/div>\n\t\t\t\t\t<\/div>\n\t\t<\/section>\n\t\t\t\t<section class=\"elementor-section elementor-top-section elementor-element elementor-element-f752cef elementor-section-boxed elementor-section-height-default elementor-section-height-default\" data-id=\"f752cef\" data-element_type=\"section\" data-e-type=\"section\">\n\t\t\t\t\t\t<div class=\"elementor-container elementor-column-gap-default\">\n\t\t\t\t\t<div class=\"elementor-column elementor-col-100 elementor-top-column elementor-element elementor-element-3abe20d\" data-id=\"3abe20d\" data-element_type=\"column\" data-e-type=\"column\">\n\t\t\t<div class=\"elementor-widget-wrap elementor-element-populated\">\n\t\t\t\t\t\t<div class=\"elementor-element elementor-element-997f70a elementor-widget elementor-widget-text-editor\" data-id=\"997f70a\" data-element_type=\"widget\" data-e-type=\"widget\" data-widget_type=\"text-editor.default\">\n\t\t\t\t<div class=\"elementor-widget-container\">\n\t\t\t\t\t\t\t\t\t<p>Wir bei Amer e Hijos sind stolz darauf, Ihnen einen umfassenden Service bieten zu k\u00f6nnen. Das bedeutet, dass wir unseren Kunden nicht nur unsere au\u00dfergew\u00f6hnlichen Baudienstleistungen zur Verf\u00fcgung stellen k\u00f6nnen, sondern auch sicherstellen k\u00f6nnen, dass alle Ihre Bed\u00fcrfnisse in den Bereichen Architektur, Innenarchitektur und Holzverarbeitung von unserem Team aus erfahrenen Architekten und Innenarchitekten erf\u00fcllt werden. Grunds\u00e4tzlich k\u00f6nnen wir ein Projekt von der Planung bis zur Fertigstellung in seiner Gesamtheit durchf\u00fchren und dem Kunden die Gewissheit geben, dass sich das Projekt von Anfang bis Ende in den H\u00e4nden desselben Expertenteams befindet.<\/p>\t\t\t\t\t\t\t\t<\/div>\n\t\t\t\t<\/div>\n\t\t\t\t\t<\/div>\n\t\t<\/div>\n\t\t\t\t\t<\/div>\n\t\t<\/section>\n\t\t\t\t<section class=\"elementor-section elementor-top-section elementor-element elementor-element-4bfc17d elementor-section-boxed elementor-section-height-default elementor-section-height-default\" data-id=\"4bfc17d\" data-element_type=\"section\" data-e-type=\"section\">\n\t\t\t\t\t\t<div class=\"elementor-container elementor-column-gap-default\">\n\t\t\t\t\t<div class=\"elementor-column elementor-col-50 elementor-top-column elementor-element elementor-element-f542e84\" data-id=\"f542e84\" data-element_type=\"column\" data-e-type=\"column\">\n\t\t\t<div class=\"elementor-widget-wrap elementor-element-populated\">\n\t\t\t\t\t\t<div class=\"elementor-element elementor-element-ad58454 elementor-widget elementor-widget-image\" data-id=\"ad58454\" data-element_type=\"widget\" data-e-type=\"widget\" data-widget_type=\"image.default\">\n\t\t\t\t<div class=\"elementor-widget-container\">\n\t\t\t\t\t\t\t\t\t\t\t\t\t\t\t<img decoding=\"async\" width=\"825\" height=\"550\" src=\"https:\/\/amerehijos.com\/wp-content\/uploads\/2020\/12\/1-1024x683.jpg\" class=\"attachment-large size-large wp-image-1041\" alt=\"\" srcset=\"https:\/\/amerehijos.com\/wp-content\/uploads\/2020\/12\/1-1024x683.jpg 1024w, https:\/\/amerehijos.com\/wp-content\/uploads\/2020\/12\/1-300x200.jpg 300w, https:\/\/amerehijos.com\/wp-content\/uploads\/2020\/12\/1-768x512.jpg 768w, https:\/\/amerehijos.com\/wp-content\/uploads\/2020\/12\/1-1536x1024.jpg 1536w, https:\/\/amerehijos.com\/wp-content\/uploads\/2020\/12\/1-2048x1365.jpg 2048w\" sizes=\"(max-width: 825px) 100vw, 825px\" \/>\t\t\t\t\t\t\t\t\t\t\t\t\t\t\t<\/div>\n\t\t\t\t<\/div>\n\t\t\t\t\t<\/div>\n\t\t<\/div>\n\t\t\t\t<div class=\"elementor-column elementor-col-50 elementor-top-column elementor-element elementor-element-ffa2728\" data-id=\"ffa2728\" data-element_type=\"column\" data-e-type=\"column\">\n\t\t\t<div class=\"elementor-widget-wrap elementor-element-populated\">\n\t\t\t\t\t\t<div class=\"elementor-element elementor-element-70fa384 elementor-widget elementor-widget-text-editor\" data-id=\"70fa384\" data-element_type=\"widget\" data-e-type=\"widget\" data-widget_type=\"text-editor.default\">\n\t\t\t\t<div class=\"elementor-widget-container\">\n\t\t\t\t\t\t\t\t\t<h2>Bau, Gestaltung, Renovierung und Ausbau von Wohngeb\u00e4uden<\/h2><p><span style=\"font-weight: 400;\">M\u00f6chten Sie einige unserer fr\u00fcheren Projekte sehen? Sehen Sie sich unten einige Dienstleistungen von Amer e Hijos f\u00fcr den Bau von Wohngeb\u00e4uden, sowohl Ein- als auch Mehrfamilienh\u00e4usern, Villen, Eigenheimen, Landh\u00e4usern usw. an.<\/span><\/p>\t\t\t\t\t\t\t\t<\/div>\n\t\t\t\t<\/div>\n\t\t\t\t\t<\/div>\n\t\t<\/div>\n\t\t\t\t\t<\/div>\n\t\t<\/section>\n\t\t\t\t<section class=\"elementor-section elementor-top-section elementor-element elementor-element-7b2d194 elementor-section-boxed elementor-section-height-default elementor-section-height-default\" data-id=\"7b2d194\" data-element_type=\"section\" data-e-type=\"section\">\n\t\t\t\t\t\t<div class=\"elementor-container elementor-column-gap-default\">\n\t\t\t\t\t<div class=\"elementor-column elementor-col-100 elementor-top-column elementor-element elementor-element-43ed949\" data-id=\"43ed949\" data-element_type=\"column\" data-e-type=\"column\">\n\t\t\t<div class=\"elementor-widget-wrap elementor-element-populated\">\n\t\t\t\t\t\t<div class=\"elementor-element elementor-element-6f8632a elementor-widget elementor-widget-text-editor\" data-id=\"6f8632a\" data-element_type=\"widget\" data-e-type=\"widget\" data-widget_type=\"text-editor.default\">\n\t\t\t\t<div class=\"elementor-widget-container\">\n\t\t\t\t\t\t\t\t\t<p><i><span style=\"font-weight: 400;\">Wir glauben, dass ausgezeichnete Planung und Kommunikation der beste Weg ist, um ein exzellentes Wohnhaus zu bauen. Sagen Sie uns, wie Ihr Traumhaus aussieht, und wir werden es gemeinsam bauen!<\/span><\/i><\/p>\t\t\t\t\t\t\t\t<\/div>\n\t\t\t\t<\/div>\n\t\t\t\t\t<\/div>\n\t\t<\/div>\n\t\t\t\t\t<\/div>\n\t\t<\/section>\n\t\t\t\t<section class=\"elementor-section elementor-top-section elementor-element elementor-element-a164211 elementor-section-boxed elementor-section-height-default elementor-section-height-default\" data-id=\"a164211\" data-element_type=\"section\" data-e-type=\"section\">\n\t\t\t\t\t\t<div class=\"elementor-container elementor-column-gap-default\">\n\t\t\t\t\t<div class=\"elementor-column elementor-col-50 elementor-top-column elementor-element elementor-element-135df9b\" data-id=\"135df9b\" data-element_type=\"column\" data-e-type=\"column\">\n\t\t\t<div class=\"elementor-widget-wrap elementor-element-populated\">\n\t\t\t\t\t\t<div class=\"elementor-element elementor-element-334783a elementor-widget elementor-widget-text-editor\" data-id=\"334783a\" data-element_type=\"widget\" data-e-type=\"widget\" data-widget_type=\"text-editor.default\">\n\t\t\t\t<div class=\"elementor-widget-container\">\n\t\t\t\t\t\t\t\t\t<h2>Warum sollten Sie Amer e Hijos mit dem Bau Ihres Hauses beauftragen?<\/h2><p><span style=\"font-weight: 400;\">Wir sind ein Familienunternehmen mit gefestigten Werten und mehr als 50 Jahren Branchenerfahrung. Wir k\u00f6nnen Ihnen und Ihrer Familie all unsere Erfahrung und unser Wissen zur Verf\u00fcgung stellen und Ihnen den schnellsten, innovativsten, effizientesten und transparentesten Bauservice auf dem Markt bieten. Unser Versprechen? Wir setzen uns f\u00fcr jedes Detail ein, von den Materialien \u00fcber die Funktionalit\u00e4t bis hin zur individuellen Betreuung und Kommunikation, sodass Sie die besten Ergebnisse erzielen, die Ihre Erwartungen und die Ihrer Familie erf\u00fcllen, w\u00e4hrend Sie den Prozess in vollen Z\u00fcgen genie\u00dfen.<\/span><\/p>\t\t\t\t\t\t\t\t<\/div>\n\t\t\t\t<\/div>\n\t\t\t\t\t<\/div>\n\t\t<\/div>\n\t\t\t\t<div class=\"elementor-column elementor-col-50 elementor-top-column elementor-element elementor-element-f5ee8c8\" data-id=\"f5ee8c8\" data-element_type=\"column\" data-e-type=\"column\">\n\t\t\t<div class=\"elementor-widget-wrap elementor-element-populated\">\n\t\t\t\t\t\t<div class=\"elementor-element elementor-element-2092cbc elementor-widget elementor-widget-image\" data-id=\"2092cbc\" data-element_type=\"widget\" data-e-type=\"widget\" data-widget_type=\"image.default\">\n\t\t\t\t<div class=\"elementor-widget-container\">\n\t\t\t\t\t\t\t\t\t\t\t\t\t\t\t<img decoding=\"async\" width=\"825\" height=\"463\" src=\"https:\/\/amerehijos.com\/wp-content\/uploads\/2020\/12\/Villa-Sulitzer-6-1024x575.jpg\" class=\"attachment-large size-large wp-image-1473\" alt=\"\" srcset=\"https:\/\/amerehijos.com\/wp-content\/uploads\/2020\/12\/Villa-Sulitzer-6-1024x575.jpg 1024w, https:\/\/amerehijos.com\/wp-content\/uploads\/2020\/12\/Villa-Sulitzer-6-300x169.jpg 300w, https:\/\/amerehijos.com\/wp-content\/uploads\/2020\/12\/Villa-Sulitzer-6-768x431.jpg 768w, https:\/\/amerehijos.com\/wp-content\/uploads\/2020\/12\/Villa-Sulitzer-6-1536x863.jpg 1536w, https:\/\/amerehijos.com\/wp-content\/uploads\/2020\/12\/Villa-Sulitzer-6-2048x1150.jpg 2048w\" sizes=\"(max-width: 825px) 100vw, 825px\" \/>\t\t\t\t\t\t\t\t\t\t\t\t\t\t\t<\/div>\n\t\t\t\t<\/div>\n\t\t\t\t\t<\/div>\n\t\t<\/div>\n\t\t\t\t\t<\/div>\n\t\t<\/section>\n\t\t\t\t<section class=\"elementor-section elementor-top-section elementor-element elementor-element-eb121bf elementor-section-boxed elementor-section-height-default elementor-section-height-default\" data-id=\"eb121bf\" data-element_type=\"section\" data-e-type=\"section\">\n\t\t\t\t\t\t<div class=\"elementor-container elementor-column-gap-default\">\n\t\t\t\t\t<div class=\"elementor-column elementor-col-100 elementor-top-column elementor-element elementor-element-99b9faa\" data-id=\"99b9faa\" data-element_type=\"column\" data-e-type=\"column\">\n\t\t\t<div class=\"elementor-widget-wrap elementor-element-populated\">\n\t\t\t\t\t\t<div class=\"elementor-element elementor-element-8fdbfbf elementor-widget elementor-widget-text-editor\" data-id=\"8fdbfbf\" data-element_type=\"widget\" data-e-type=\"widget\" data-widget_type=\"text-editor.default\">\n\t\t\t\t<div class=\"elementor-widget-container\">\n\t\t\t\t\t\t\t\t\t<span style=\"font-weight: 400;\">Unser professionelles Bauteam wird in der Lage sein, Ihr Projekt zum Leben zu erwecken, Ziegel f\u00fcr Ziegel.<\/span>\n\n<br><a href=\"https:\/\/amerehijos.com\/de\/kontakt\/\"><span style=\"font-weight: 400;\">Fragen Sie uns JETZT nach einem kostenlosen Angebot!<\/span><\/a>\t\t\t\t\t\t\t\t<\/div>\n\t\t\t\t<\/div>\n\t\t\t\t\t<\/div>\n\t\t<\/div>\n\t\t\t\t\t<\/div>\n\t\t<\/section>\n\t\t\t\t<section class=\"elementor-section elementor-top-section elementor-element elementor-element-b1f1d52 elementor-section-boxed elementor-section-height-default elementor-section-height-default\" data-id=\"b1f1d52\" data-element_type=\"section\" data-e-type=\"section\">\n\t\t\t\t\t\t<div class=\"elementor-container elementor-column-gap-default\">\n\t\t\t\t\t<div class=\"elementor-column elementor-col-100 elementor-top-column elementor-element elementor-element-7943925\" data-id=\"7943925\" data-element_type=\"column\" data-e-type=\"column\">\n\t\t\t<div class=\"elementor-widget-wrap elementor-element-populated\">\n\t\t\t\t\t\t\t<\/div>\n\t\t<\/div>\n\t\t\t\t\t<\/div>\n\t\t<\/section>\n\t\t\t\t<\/div>\n\t\t","protected":false},"excerpt":{"rendered":"<p>Wohnungsbau\u00a0 Ein Haus ist nicht nur ein komplexes Geb\u00e4ude, das sorgf\u00e4ltig entworfen wurde, um so wirtschaftlich, optisch beeindruckend und energieeffizient wie m\u00f6glich zu sein. Ein Haus ist auch ein Zuhause. Bei Amer e Hijos verstehen wir die Bedeutung von Zuhause, ein grundlegender Wert, den wir von der Entwurfsphase Ihres Wohnprojekts bis hin zu seiner Fertigstellung &#8230; <a title=\"Wohnungsbau\" class=\"read-more\" href=\"https:\/\/amerehijos.com\/de\/wohnungsbau\/\" aria-label=\"Read more about Wohnungsbau\">Read more<\/a><\/p>\n","protected":false},"author":7,"featured_media":0,"parent":0,"menu_order":0,"comment_status":"closed","ping_status":"closed","template":"elementor_header_footer","meta":{"footnotes":""},"class_list":["post-2518","page","type-page","status-publish"],"_links":{"self":[{"href":"https:\/\/amerehijos.com\/de\/wp-json\/wp\/v2\/pages\/2518","targetHints":{"allow":["GET"]}}],"collection":[{"href":"https:\/\/amerehijos.com\/de\/wp-json\/wp\/v2\/pages"}],"about":[{"href":"https:\/\/amerehijos.com\/de\/wp-json\/wp\/v2\/types\/page"}],"author":[{"embeddable":true,"href":"https:\/\/amerehijos.com\/de\/wp-json\/wp\/v2\/users\/7"}],"replies":[{"embeddable":true,"href":"https:\/\/amerehijos.com\/de\/wp-json\/wp\/v2\/comments?post=2518"}],"version-history":[{"count":0,"href":"https:\/\/amerehijos.com\/de\/wp-json\/wp\/v2\/pages\/2518\/revisions"}],"wp:attachment":[{"href":"https:\/\/amerehijos.com\/de\/wp-json\/wp\/v2\/media?parent=2518"}],"curies":[{"name":"wp","href":"https:\/\/api.w.org\/{rel}","templated":true}]}}