{"id":2504,"date":"2021-01-21T11:59:18","date_gmt":"2021-01-21T10:59:18","guid":{"rendered":"https:\/\/amerehijos.com\/?page_id=2504"},"modified":"2021-08-12T19:48:44","modified_gmt":"2021-08-12T18:48:44","slug":"integriertes-managementsystem","status":"publish","type":"page","link":"https:\/\/amerehijos.com\/de\/integriertes-managementsystem\/","title":{"rendered":"INTEGRIERTES MANAGEMENTSYSTEM"},"content":{"rendered":"\t\t<div data-elementor-type=\"wp-page\" data-elementor-id=\"2504\" class=\"elementor elementor-2504 elementor-962\" data-elementor-post-type=\"page\">\n\t\t\t\t\t\t<section class=\"elementor-section elementor-top-section elementor-element elementor-element-e6f7054 elementor-section-boxed elementor-section-height-default elementor-section-height-default\" data-id=\"e6f7054\" data-element_type=\"section\" data-e-type=\"section\">\n\t\t\t\t\t\t<div class=\"elementor-container elementor-column-gap-default\">\n\t\t\t\t\t<div class=\"elementor-column elementor-col-100 elementor-top-column elementor-element elementor-element-1f87458\" data-id=\"1f87458\" data-element_type=\"column\" data-e-type=\"column\">\n\t\t\t<div class=\"elementor-widget-wrap elementor-element-populated\">\n\t\t\t\t\t\t<div class=\"elementor-element elementor-element-4ac4e96 elementor-widget elementor-widget-shortcode\" data-id=\"4ac4e96\" data-element_type=\"widget\" data-e-type=\"widget\" data-widget_type=\"shortcode.default\">\n\t\t\t\t<div class=\"elementor-widget-container\">\n\t\t\t\t\t\t\t<div class=\"elementor-shortcode\">\n<\/div>\n\t\t\t\t\t\t<\/div>\n\t\t\t\t<\/div>\n\t\t\t\t\t<\/div>\n\t\t<\/div>\n\t\t\t\t\t<\/div>\n\t\t<\/section>\n\t\t\t\t<section class=\"elementor-section elementor-top-section elementor-element elementor-element-c842d1e elementor-section-boxed elementor-section-height-default elementor-section-height-default\" data-id=\"c842d1e\" data-element_type=\"section\" data-e-type=\"section\">\n\t\t\t\t\t\t<div class=\"elementor-container elementor-column-gap-default\">\n\t\t\t\t\t<div class=\"elementor-column elementor-col-100 elementor-top-column elementor-element elementor-element-f441574\" data-id=\"f441574\" data-element_type=\"column\" data-e-type=\"column\">\n\t\t\t<div class=\"elementor-widget-wrap elementor-element-populated\">\n\t\t\t\t\t\t<div class=\"elementor-element elementor-element-3f0bf2d elementor-widget elementor-widget-spacer\" data-id=\"3f0bf2d\" data-element_type=\"widget\" data-e-type=\"widget\" data-widget_type=\"spacer.default\">\n\t\t\t\t<div class=\"elementor-widget-container\">\n\t\t\t\t\t\t\t<div class=\"elementor-spacer\">\n\t\t\t<div class=\"elementor-spacer-inner\"><\/div>\n\t\t<\/div>\n\t\t\t\t\t\t<\/div>\n\t\t\t\t<\/div>\n\t\t\t\t<div class=\"elementor-element elementor-element-e911b1a elementor-widget elementor-widget-text-editor\" data-id=\"e911b1a\" data-element_type=\"widget\" data-e-type=\"widget\" data-widget_type=\"text-editor.default\">\n\t\t\t\t<div class=\"elementor-widget-container\">\n\t\t\t\t\t\t\t\t\t<h1>INTEGRIERTES MANAGEMENTSYSTEM<\/h1><p><span style=\"font-weight: 400;\">AMER Obras y Servicios verf\u00fcgt \u00fcber ein integriertes Managementsystem, das auf den Qualit\u00e4tsnormen ISO 9001 Umwelt ISO 14001, ISO 45001 Pr\u00e4vention berufsbedingter Gefahren und SGE 21 Soziale Verantwortung der Unternehmen basiert.<\/span><\/p><p><span style=\"font-weight: 400;\">Unser Ziel ist es, die integrierte Managementpolitik jedes Jahr kontinuierlich zu verbessern<\/span><\/p>\t\t\t\t\t\t\t\t<\/div>\n\t\t\t\t<\/div>\n\t\t\t\t\t<\/div>\n\t\t<\/div>\n\t\t\t\t\t<\/div>\n\t\t<\/section>\n\t\t\t\t<section class=\"elementor-section elementor-top-section elementor-element elementor-element-dd86e7e elementor-section-boxed elementor-section-height-default elementor-section-height-default\" data-id=\"dd86e7e\" data-element_type=\"section\" data-e-type=\"section\">\n\t\t\t\t\t\t<div class=\"elementor-container elementor-column-gap-default\">\n\t\t\t\t\t<div class=\"elementor-column elementor-col-50 elementor-top-column elementor-element elementor-element-35858f7\" data-id=\"35858f7\" data-element_type=\"column\" data-e-type=\"column\">\n\t\t\t<div class=\"elementor-widget-wrap elementor-element-populated\">\n\t\t\t\t\t\t<div class=\"elementor-element elementor-element-897e337 elementor-widget elementor-widget-text-editor\" data-id=\"897e337\" data-element_type=\"widget\" data-e-type=\"widget\" data-widget_type=\"text-editor.default\">\n\t\t\t\t<div class=\"elementor-widget-container\">\n\t\t\t\t\t\t\t\t\t<h2><b>QUALIT\u00c4T<\/b><\/h2><p><b>NORM ISO 9001<\/b><\/p><p><span style=\"font-weight: 400;\">AMER Obras y Servicios begann 2001 mit einer Verpflichtung zur Qualit\u00e4t. Zu den traditionellen Prinzipien der Zuverl\u00e4ssigkeit und Solvenz, die unser Unternehmen seit seiner Gr\u00fcndung st\u00fctzen, wurden neue Werte hinzugef\u00fcgt, wie z.B. das Streben nach unternehmerischer Exzellenz und die wirtschaftliche, soziale und \u00f6kologische Nachhaltigkeit aller unserer Aktivit\u00e4ten.<\/span><\/p><p><span style=\"font-weight: 400;\">Grundlage unserer Arbeitsweise ist eine strenge Planung und Kontrolle der einzelnen operativen Aktivit\u00e4ten. Eine Verpflichtung zur Qualit\u00e4t, die sich aus einer gr\u00fcndlichen Analyse der Bed\u00fcrfnisse und Anforderungen des Kunden ergibt, um auf der Grundlage von Professionalit\u00e4t, Ethik und Transparenz mehr als Anbieter in einem gemeinsamen Projekt mitwirken zu k\u00f6nnen.<\/span><\/p><p><span style=\"font-weight: 400;\">Unser Engagement f\u00fcr kontinuierliche Verbesserung spiegelt sich in unserer <\/span><b>Integrierten Managementpolitik<\/b><span style=\"font-weight: 400;\"> und in der Erreichung der j\u00e4hrlich festgelegten Ziele wider.<\/span><\/p>\t\t\t\t\t\t\t\t<\/div>\n\t\t\t\t<\/div>\n\t\t\t\t\t<\/div>\n\t\t<\/div>\n\t\t\t\t<div class=\"elementor-column elementor-col-50 elementor-top-column elementor-element elementor-element-fdf9a42\" data-id=\"fdf9a42\" data-element_type=\"column\" data-e-type=\"column\">\n\t\t\t<div class=\"elementor-widget-wrap elementor-element-populated\">\n\t\t\t\t\t\t<div class=\"elementor-element elementor-element-7ef9e64 elementor-widget elementor-widget-image\" data-id=\"7ef9e64\" data-element_type=\"widget\" data-e-type=\"widget\" data-widget_type=\"image.default\">\n\t\t\t\t<div class=\"elementor-widget-container\">\n\t\t\t\t\t\t\t\t\t\t\t\t\t\t\t<img fetchpriority=\"high\" decoding=\"async\" width=\"825\" height=\"925\" src=\"https:\/\/amerehijos.com\/wp-content\/uploads\/2021\/04\/SH03_27.jpg\" class=\"attachment-large size-large wp-image-7647\" alt=\"Calidad Amer\" srcset=\"https:\/\/amerehijos.com\/wp-content\/uploads\/2021\/04\/SH03_27.jpg 913w, https:\/\/amerehijos.com\/wp-content\/uploads\/2021\/04\/SH03_27-267x300.jpg 267w, https:\/\/amerehijos.com\/wp-content\/uploads\/2021\/04\/SH03_27-768x861.jpg 768w\" sizes=\"(max-width: 825px) 100vw, 825px\" \/>\t\t\t\t\t\t\t\t\t\t\t\t\t\t\t<\/div>\n\t\t\t\t<\/div>\n\t\t\t\t\t<\/div>\n\t\t<\/div>\n\t\t\t\t\t<\/div>\n\t\t<\/section>\n\t\t\t\t<section class=\"elementor-section elementor-top-section elementor-element elementor-element-20397d3 elementor-reverse-tablet elementor-reverse-mobile elementor-section-boxed elementor-section-height-default elementor-section-height-default\" data-id=\"20397d3\" data-element_type=\"section\" data-e-type=\"section\">\n\t\t\t\t\t\t<div class=\"elementor-container elementor-column-gap-default\">\n\t\t\t\t\t<div class=\"elementor-column elementor-col-50 elementor-top-column elementor-element elementor-element-5ba0d03\" data-id=\"5ba0d03\" data-element_type=\"column\" data-e-type=\"column\">\n\t\t\t<div class=\"elementor-widget-wrap elementor-element-populated\">\n\t\t\t\t\t\t<div class=\"elementor-element elementor-element-65783b8 elementor-widget elementor-widget-image\" data-id=\"65783b8\" data-element_type=\"widget\" data-e-type=\"widget\" data-widget_type=\"image.default\">\n\t\t\t\t<div class=\"elementor-widget-container\">\n\t\t\t\t\t\t\t\t\t\t\t\t\t\t\t<img decoding=\"async\" width=\"758\" height=\"1024\" src=\"https:\/\/amerehijos.com\/wp-content\/uploads\/2021\/04\/C_RWL7327-1-758x1024.jpg\" class=\"attachment-large size-large wp-image-7638\" alt=\"Operario Prevencion\" srcset=\"https:\/\/amerehijos.com\/wp-content\/uploads\/2021\/04\/C_RWL7327-1-758x1024.jpg 758w, https:\/\/amerehijos.com\/wp-content\/uploads\/2021\/04\/C_RWL7327-1-222x300.jpg 222w, https:\/\/amerehijos.com\/wp-content\/uploads\/2021\/04\/C_RWL7327-1-768x1038.jpg 768w, https:\/\/amerehijos.com\/wp-content\/uploads\/2021\/04\/C_RWL7327-1.jpg 1124w\" sizes=\"(max-width: 758px) 100vw, 758px\" \/>\t\t\t\t\t\t\t\t\t\t\t\t\t\t\t<\/div>\n\t\t\t\t<\/div>\n\t\t\t\t\t<\/div>\n\t\t<\/div>\n\t\t\t\t<div class=\"elementor-column elementor-col-50 elementor-top-column elementor-element elementor-element-a35d0fb\" data-id=\"a35d0fb\" data-element_type=\"column\" data-e-type=\"column\">\n\t\t\t<div class=\"elementor-widget-wrap elementor-element-populated\">\n\t\t\t\t\t\t<div class=\"elementor-element elementor-element-162ebfc elementor-widget elementor-widget-text-editor\" data-id=\"162ebfc\" data-element_type=\"widget\" data-e-type=\"widget\" data-widget_type=\"text-editor.default\">\n\t\t\t\t<div class=\"elementor-widget-container\">\n\t\t\t\t\t\t\t\t\t<h2><b>VORBEUGUNG VON BERUFSRISIKEN<\/b><\/h2><p><b>NORM ISO 45001<\/b><\/p><p><span style=\"font-weight: 400;\">F\u00fcr AMER Obras y Servicios hat der Schutz des Lebens, der Integrit\u00e4t und der Gesundheit aller Mitarbeiter, sowohl unserer eigenen als auch der unserer Partnerunternehmen, h\u00f6chste Priorit\u00e4t.<\/span><\/p><p><span style=\"font-weight: 400;\">Aus diesem Grund verf\u00fcgt das Unternehmen seit vielen Jahren \u00fcber die Erfahrung eines externen Pr\u00e4ventionsdienstes und eines leitenden Technikers in der Pr\u00e4vention berufsbedingter Risiken und integriert so die Pr\u00e4vention im Unternehmen mit einem Managementsystem nach der Norm ISO 45001. Dadurch wird sichergestellt, dass die notwendigen Mittel zur Beseitigung von Risiken und zur Verh\u00fctung von Arbeitsunf\u00e4llen und Berufskrankheiten bereitgestellt werden, mit dem Ziel, die Unfallraten Jahr f\u00fcr Jahr zu senken.<\/span><\/p><p><i><span style=\"font-weight: 400;\">&#8220;<\/span><\/i> <i><span style=\"font-weight: 400;\">Die Verpflichtung zur kontinuierlichen Verbesserung spiegelt sich in unserer <\/span><\/i><b><i>Integrierten Managementpolitik<\/i><\/b><i><span style=\"font-weight: 400;\"> und in der Erreichung der j\u00e4hrlich festgelegten Ziele wider.&#8221;<\/span><\/i><\/p>\t\t\t\t\t\t\t\t<\/div>\n\t\t\t\t<\/div>\n\t\t\t\t\t<\/div>\n\t\t<\/div>\n\t\t\t\t\t<\/div>\n\t\t<\/section>\n\t\t\t\t<section class=\"elementor-section elementor-top-section elementor-element elementor-element-9a4478a elementor-section-boxed elementor-section-height-default elementor-section-height-default\" data-id=\"9a4478a\" data-element_type=\"section\" data-e-type=\"section\">\n\t\t\t\t\t\t<div class=\"elementor-container elementor-column-gap-default\">\n\t\t\t\t\t<div class=\"elementor-column elementor-col-50 elementor-top-column elementor-element elementor-element-2dc971d\" data-id=\"2dc971d\" data-element_type=\"column\" data-e-type=\"column\">\n\t\t\t<div class=\"elementor-widget-wrap elementor-element-populated\">\n\t\t\t\t\t\t<div class=\"elementor-element elementor-element-9818075 elementor-widget elementor-widget-text-editor\" data-id=\"9818075\" data-element_type=\"widget\" data-e-type=\"widget\" data-widget_type=\"text-editor.default\">\n\t\t\t\t<div class=\"elementor-widget-container\">\n\t\t\t\t\t\t\t\t\t<h2><b>UMWELT<\/b><\/h2><p><b>NORM ISO 14001<\/b><\/p><p><span style=\"font-weight: 400;\">AMER Obras y Servicios verf\u00fcgt seit 2004 \u00fcber ein Umweltmanagementsystem und entwickelt so seine T\u00e4tigkeit im Rahmen des Umweltschutzes und in \u00dcbereinstimmung mit den Umweltvorschriften. Das Unternehmen gew\u00e4hrleistet zu jeder Zeit einen verantwortungsvollen Umgang mit den verwendeten Ressourcen, eine angemessene Entsorgung des anfallenden Abfalls und die Vermeidung von Umweltverschmutzung.<\/span><span style=\"font-weight: 400;\"><br \/><\/span><span style=\"font-weight: 400;\">&#8220;Die Verpflichtung zur kontinuierlichen Verbesserung spiegelt sich in unserer <\/span><b>Integrierten Managementpolitik<\/b><span style=\"font-weight: 400;\"> und in der Erreichung der j\u00e4hrlich festgelegten Ziele wider.&#8221;<\/span><\/p>\t\t\t\t\t\t\t\t<\/div>\n\t\t\t\t<\/div>\n\t\t\t\t\t<\/div>\n\t\t<\/div>\n\t\t\t\t<div class=\"elementor-column elementor-col-50 elementor-top-column elementor-element elementor-element-01cac56\" data-id=\"01cac56\" data-element_type=\"column\" data-e-type=\"column\">\n\t\t\t<div class=\"elementor-widget-wrap elementor-element-populated\">\n\t\t\t\t\t\t<div class=\"elementor-element elementor-element-a7d3549 elementor-widget elementor-widget-image\" data-id=\"a7d3549\" data-element_type=\"widget\" data-e-type=\"widget\" data-widget_type=\"image.default\">\n\t\t\t\t<div class=\"elementor-widget-container\">\n\t\t\t\t\t\t\t\t\t\t\t\t\t\t\t<img decoding=\"async\" width=\"825\" height=\"880\" src=\"https:\/\/amerehijos.com\/wp-content\/uploads\/2021\/04\/C_SH03_45.jpg\" class=\"attachment-large size-large wp-image-7641\" alt=\"Retirada Amoiant\" srcset=\"https:\/\/amerehijos.com\/wp-content\/uploads\/2021\/04\/C_SH03_45.jpg 960w, https:\/\/amerehijos.com\/wp-content\/uploads\/2021\/04\/C_SH03_45-281x300.jpg 281w, https:\/\/amerehijos.com\/wp-content\/uploads\/2021\/04\/C_SH03_45-768x819.jpg 768w\" sizes=\"(max-width: 825px) 100vw, 825px\" \/>\t\t\t\t\t\t\t\t\t\t\t\t\t\t\t<\/div>\n\t\t\t\t<\/div>\n\t\t\t\t\t<\/div>\n\t\t<\/div>\n\t\t\t\t\t<\/div>\n\t\t<\/section>\n\t\t\t\t<section class=\"elementor-section elementor-top-section elementor-element elementor-element-f8fcb9f elementor-section-boxed elementor-section-height-default elementor-section-height-default\" data-id=\"f8fcb9f\" data-element_type=\"section\" data-e-type=\"section\">\n\t\t\t\t\t\t<div class=\"elementor-container elementor-column-gap-default\">\n\t\t\t\t\t<div class=\"elementor-column elementor-col-100 elementor-top-column elementor-element elementor-element-325f501\" data-id=\"325f501\" data-element_type=\"column\" data-e-type=\"column\">\n\t\t\t<div class=\"elementor-widget-wrap elementor-element-populated\">\n\t\t\t\t\t\t<div class=\"elementor-element elementor-element-35bc432 elementor-widget elementor-widget-text-editor\" data-id=\"35bc432\" data-element_type=\"widget\" data-e-type=\"widget\" data-widget_type=\"text-editor.default\">\n\t\t\t\t<div class=\"elementor-widget-container\">\n\t\t\t\t\t\t\t\t\t<h2><b>UNTERNEHMENSVERANTWORTUNG<\/b><\/h2><p><b>NORM SGE21<\/b><\/p><p><span style=\"font-weight: 400;\">Wir von AMER Obras y Servicios bekr\u00e4ftigen Jahr f\u00fcr Jahr unser Bekenntnis zur sozialen Unternehmensverantwortung, und ein Beweis daf\u00fcr ist die Einf\u00fchrung des SGE21-Standards im Jahr 2011 als die h\u00f6chste Anerkennung in dieser Hinsicht. Diese Tatsache best\u00e4tigt unser Bekenntnis zu Transparenz und Verantwortung in allen unseren Handlungen gegen\u00fcber unseren Interessengruppen: Kunden, Mitarbeiter, Gesellschaft, Lieferanten, \u00f6ffentliche Verwaltung&#8230;.<\/span><\/p><p><span style=\"font-weight: 400;\">Durch den CSR-Bericht m\u00f6chten wir unsere Botschaft und gute Praktiken im Bereich der sozialen Verantwortung sowie unsere zuk\u00fcnftigen Verpflichtungen verbreiten. Unsere Hauptabsicht ist es jedoch, die \u00fcbrigen Unternehmen und Organisationen einzuladen, sich \u00e4hnlichen Initiativen anzuschlie\u00dfen, ihre bew\u00e4hrten Praktiken in Bezug auf CSR zu verbreiten und gleichzeitig zuk\u00fcnftige Verpflichtungen zur Verbesserung einzugehen.<\/span><\/p><p><span style=\"font-weight: 400;\"><br \/><\/span><span style=\"font-weight: 400;\">&#8220;Die Verpflichtung zur kontinuierlichen Verbesserung spiegelt sich in unserer <\/span><b>Integrierten Managementpolitik<\/b><span style=\"font-weight: 400;\"> und in der Erreichung der j\u00e4hrlich festgelegten Ziele wider.&#8221;<\/span><\/p><p><span style=\"font-weight: 400;\"><br \/><\/span><span style=\"font-weight: 400;\">\u00dcber den folgenden Link k\u00f6nnen Sie den Bericht zur <\/span><b>Unternehmensverantwortung<\/b><span style=\"font-weight: 400;\"> herunterladen.<\/span><\/p>\t\t\t\t\t\t\t\t<\/div>\n\t\t\t\t<\/div>\n\t\t\t\t<div class=\"elementor-element elementor-element-d1e6e45 elementor-widget elementor-widget-spacer\" data-id=\"d1e6e45\" data-element_type=\"widget\" data-e-type=\"widget\" data-widget_type=\"spacer.default\">\n\t\t\t\t<div class=\"elementor-widget-container\">\n\t\t\t\t\t\t\t<div class=\"elementor-spacer\">\n\t\t\t<div class=\"elementor-spacer-inner\"><\/div>\n\t\t<\/div>\n\t\t\t\t\t\t<\/div>\n\t\t\t\t<\/div>\n\t\t\t\t\t<\/div>\n\t\t<\/div>\n\t\t\t\t\t<\/div>\n\t\t<\/section>\n\t\t\t\t<section class=\"elementor-section elementor-top-section elementor-element elementor-element-8c88e9e elementor-section-boxed elementor-section-height-default elementor-section-height-default\" data-id=\"8c88e9e\" data-element_type=\"section\" data-e-type=\"section\">\n\t\t\t\t\t\t<div class=\"elementor-container elementor-column-gap-default\">\n\t\t\t\t\t<div class=\"elementor-column elementor-col-50 elementor-top-column elementor-element elementor-element-6d4f17e\" data-id=\"6d4f17e\" data-element_type=\"column\" data-e-type=\"column\">\n\t\t\t<div class=\"elementor-widget-wrap elementor-element-populated\">\n\t\t\t\t\t\t<div class=\"elementor-element elementor-element-c1a5d41 elementor-widget elementor-widget-heading\" data-id=\"c1a5d41\" data-element_type=\"widget\" data-e-type=\"widget\" data-widget_type=\"heading.default\">\n\t\t\t\t<div class=\"elementor-widget-container\">\n\t\t\t\t\t<h3 class=\"elementor-heading-title elementor-size-default\">Datenschutz-Bestimmungen\n<\/h3>\t\t\t\t<\/div>\n\t\t\t\t<\/div>\n\t\t\t\t<div class=\"elementor-element elementor-element-b0c192a elementor-view-default elementor-widget elementor-widget-icon\" data-id=\"b0c192a\" data-element_type=\"widget\" data-e-type=\"widget\" data-widget_type=\"icon.default\">\n\t\t\t\t<div class=\"elementor-widget-container\">\n\t\t\t\t\t\t\t<div class=\"elementor-icon-wrapper\">\n\t\t\t<a class=\"elementor-icon\" href=\"https:\/\/amerehijos.comwp-content\/uploads\/2020\/12\/Politica-2020ed12.pdf\" target=\"_blank\">\n\t\t\t<i aria-hidden=\"true\" class=\"fas fa-file-pdf\"><\/i>\t\t\t<\/a>\n\t\t<\/div>\n\t\t\t\t\t\t<\/div>\n\t\t\t\t<\/div>\n\t\t\t\t<div class=\"elementor-element elementor-element-b7465e9 elementor-widget elementor-widget-spacer\" data-id=\"b7465e9\" data-element_type=\"widget\" data-e-type=\"widget\" data-widget_type=\"spacer.default\">\n\t\t\t\t<div class=\"elementor-widget-container\">\n\t\t\t\t\t\t\t<div class=\"elementor-spacer\">\n\t\t\t<div class=\"elementor-spacer-inner\"><\/div>\n\t\t<\/div>\n\t\t\t\t\t\t<\/div>\n\t\t\t\t<\/div>\n\t\t\t\t\t<\/div>\n\t\t<\/div>\n\t\t\t\t<div class=\"elementor-column elementor-col-50 elementor-top-column elementor-element elementor-element-72e5ee5\" data-id=\"72e5ee5\" data-element_type=\"column\" data-e-type=\"column\">\n\t\t\t<div class=\"elementor-widget-wrap elementor-element-populated\">\n\t\t\t\t\t\t<div class=\"elementor-element elementor-element-b58949a elementor-widget elementor-widget-heading\" data-id=\"b58949a\" data-element_type=\"widget\" data-e-type=\"widget\" data-widget_type=\"heading.default\">\n\t\t\t\t<div class=\"elementor-widget-container\">\n\t\t\t\t\t<h3 class=\"elementor-heading-title elementor-size-default\">CSR-Bericht 2020\n<\/h3>\t\t\t\t<\/div>\n\t\t\t\t<\/div>\n\t\t\t\t<div class=\"elementor-element elementor-element-757c9f6 elementor-view-default elementor-widget elementor-widget-icon\" data-id=\"757c9f6\" data-element_type=\"widget\" data-e-type=\"widget\" data-widget_type=\"icon.default\">\n\t\t\t\t<div class=\"elementor-widget-container\">\n\t\t\t\t\t\t\t<div class=\"elementor-icon-wrapper\">\n\t\t\t<a class=\"elementor-icon\" href=\"https:\/\/amerehijos.comwp-content\/uploads\/2021\/01\/Informe-RSC-2020.pdf\" target=\"_blank\">\n\t\t\t<i aria-hidden=\"true\" class=\"fas fa-file-pdf\"><\/i>\t\t\t<\/a>\n\t\t<\/div>\n\t\t\t\t\t\t<\/div>\n\t\t\t\t<\/div>\n\t\t\t\t<div class=\"elementor-element elementor-element-b7c57ee elementor-widget elementor-widget-spacer\" data-id=\"b7c57ee\" data-element_type=\"widget\" data-e-type=\"widget\" data-widget_type=\"spacer.default\">\n\t\t\t\t<div class=\"elementor-widget-container\">\n\t\t\t\t\t\t\t<div class=\"elementor-spacer\">\n\t\t\t<div class=\"elementor-spacer-inner\"><\/div>\n\t\t<\/div>\n\t\t\t\t\t\t<\/div>\n\t\t\t\t<\/div>\n\t\t\t\t\t<\/div>\n\t\t<\/div>\n\t\t\t\t\t<\/div>\n\t\t<\/section>\n\t\t\t\t<\/div>\n\t\t","protected":false},"excerpt":{"rendered":"<p>INTEGRIERTES MANAGEMENTSYSTEM AMER Obras y Servicios verf\u00fcgt \u00fcber ein integriertes Managementsystem, das auf den Qualit\u00e4tsnormen ISO 9001 Umwelt ISO 14001, ISO 45001 Pr\u00e4vention berufsbedingter Gefahren und SGE 21 Soziale Verantwortung der Unternehmen basiert. Unser Ziel ist es, die integrierte Managementpolitik jedes Jahr kontinuierlich zu verbessern QUALIT\u00c4T NORM ISO 9001 AMER Obras y Servicios begann 2001 &#8230; <a title=\"INTEGRIERTES MANAGEMENTSYSTEM\" class=\"read-more\" href=\"https:\/\/amerehijos.com\/de\/integriertes-managementsystem\/\" aria-label=\"Read more about INTEGRIERTES MANAGEMENTSYSTEM\">Read more<\/a><\/p>\n","protected":false},"author":7,"featured_media":0,"parent":0,"menu_order":0,"comment_status":"closed","ping_status":"closed","template":"elementor_header_footer","meta":{"footnotes":""},"class_list":["post-2504","page","type-page","status-publish"],"_links":{"self":[{"href":"https:\/\/amerehijos.com\/de\/wp-json\/wp\/v2\/pages\/2504","targetHints":{"allow":["GET"]}}],"collection":[{"href":"https:\/\/amerehijos.com\/de\/wp-json\/wp\/v2\/pages"}],"about":[{"href":"https:\/\/amerehijos.com\/de\/wp-json\/wp\/v2\/types\/page"}],"author":[{"embeddable":true,"href":"https:\/\/amerehijos.com\/de\/wp-json\/wp\/v2\/users\/7"}],"replies":[{"embeddable":true,"href":"https:\/\/amerehijos.com\/de\/wp-json\/wp\/v2\/comments?post=2504"}],"version-history":[{"count":0,"href":"https:\/\/amerehijos.com\/de\/wp-json\/wp\/v2\/pages\/2504\/revisions"}],"wp:attachment":[{"href":"https:\/\/amerehijos.com\/de\/wp-json\/wp\/v2\/media?parent=2504"}],"curies":[{"name":"wp","href":"https:\/\/api.w.org\/{rel}","templated":true}]}}