{"id":2497,"date":"2021-01-21T11:53:24","date_gmt":"2021-01-21T10:53:24","guid":{"rendered":"https:\/\/amerehijos.com\/?page_id=2497"},"modified":"2021-09-17T08:00:52","modified_gmt":"2021-09-17T07:00:52","slug":"arbeiten-sie-mit-uns","status":"publish","type":"page","link":"https:\/\/amerehijos.com\/de\/arbeiten-sie-mit-uns\/","title":{"rendered":"Arbeiten Sie mit uns"},"content":{"rendered":"\t\t<div data-elementor-type=\"wp-page\" data-elementor-id=\"2497\" class=\"elementor elementor-2497 elementor-970\" data-elementor-post-type=\"page\">\n\t\t\t\t\t\t<section class=\"elementor-section elementor-top-section elementor-element elementor-element-4dbb56e elementor-section-boxed elementor-section-height-default elementor-section-height-default\" data-id=\"4dbb56e\" data-element_type=\"section\" data-e-type=\"section\">\n\t\t\t\t\t\t<div class=\"elementor-container elementor-column-gap-default\">\n\t\t\t\t\t<div class=\"elementor-column elementor-col-100 elementor-top-column elementor-element elementor-element-e8169c0\" data-id=\"e8169c0\" data-element_type=\"column\" data-e-type=\"column\">\n\t\t\t<div class=\"elementor-widget-wrap elementor-element-populated\">\n\t\t\t\t\t\t<div class=\"elementor-element elementor-element-014cab0 elementor-widget elementor-widget-shortcode\" data-id=\"014cab0\" data-element_type=\"widget\" data-e-type=\"widget\" data-widget_type=\"shortcode.default\">\n\t\t\t\t<div class=\"elementor-widget-container\">\n\t\t\t\t\t\t\t<div class=\"elementor-shortcode\">\n<\/div>\n\t\t\t\t\t\t<\/div>\n\t\t\t\t<\/div>\n\t\t\t\t\t<\/div>\n\t\t<\/div>\n\t\t\t\t\t<\/div>\n\t\t<\/section>\n\t\t\t\t<section class=\"elementor-section elementor-top-section elementor-element elementor-element-3e339c2 elementor-section-boxed elementor-section-height-default elementor-section-height-default\" data-id=\"3e339c2\" data-element_type=\"section\" data-e-type=\"section\">\n\t\t\t\t\t\t<div class=\"elementor-container elementor-column-gap-default\">\n\t\t\t\t\t<div class=\"elementor-column elementor-col-100 elementor-top-column elementor-element elementor-element-8f324c4\" data-id=\"8f324c4\" data-element_type=\"column\" data-e-type=\"column\">\n\t\t\t<div class=\"elementor-widget-wrap elementor-element-populated\">\n\t\t\t\t\t\t<div class=\"elementor-element elementor-element-372ee7e elementor-widget elementor-widget-spacer\" data-id=\"372ee7e\" data-element_type=\"widget\" data-e-type=\"widget\" data-widget_type=\"spacer.default\">\n\t\t\t\t<div class=\"elementor-widget-container\">\n\t\t\t\t\t\t\t<div class=\"elementor-spacer\">\n\t\t\t<div class=\"elementor-spacer-inner\"><\/div>\n\t\t<\/div>\n\t\t\t\t\t\t<\/div>\n\t\t\t\t<\/div>\n\t\t\t\t<div class=\"elementor-element elementor-element-2681092 elementor-widget elementor-widget-heading\" data-id=\"2681092\" data-element_type=\"widget\" data-e-type=\"widget\" data-widget_type=\"heading.default\">\n\t\t\t\t<div class=\"elementor-widget-container\">\n\t\t\t\t\t<h1 class=\"elementor-heading-title elementor-size-default\">Arbeiten Sie mit uns \n<\/h1>\t\t\t\t<\/div>\n\t\t\t\t<\/div>\n\t\t\t\t<section class=\"elementor-section elementor-inner-section elementor-element elementor-element-01991f5 elementor-section-boxed elementor-section-height-default elementor-section-height-default\" data-id=\"01991f5\" data-element_type=\"section\" data-e-type=\"section\">\n\t\t\t\t\t\t<div class=\"elementor-container elementor-column-gap-default\">\n\t\t\t\t\t<div class=\"elementor-column elementor-col-100 elementor-inner-column elementor-element elementor-element-c94a15d\" data-id=\"c94a15d\" data-element_type=\"column\" data-e-type=\"column\">\n\t\t\t<div class=\"elementor-widget-wrap elementor-element-populated\">\n\t\t\t\t\t\t<div class=\"elementor-element elementor-element-bca7821 elementor-widget elementor-widget-text-editor\" data-id=\"bca7821\" data-element_type=\"widget\" data-e-type=\"widget\" data-widget_type=\"text-editor.default\">\n\t\t\t\t<div class=\"elementor-widget-container\">\n\t\t\t\t\t\t\t\t\t<p><span style=\"font-weight: 400;\">Amer e Hijos f\u00fchrt Bauprojekte auf Mallorca und den \u00fcbrigen Balearen durch, sowohl f\u00fcr Unternehmen und Beh\u00f6rden als auch f\u00fcr Privatpersonen. Wir sind st\u00e4ndig auf der Suche nach Fachleuten wie Ihnen, die flexibel sind, sich engagieren k\u00f6nnen und bereit sind, sich umzuorientieren, um ihre berufliche Karriere bei einem Unternehmen zu entwickeln, das eine f\u00fchrende Rolle in der Branche spielt.<\/span><\/p><p><span style=\"font-weight: 400;\">Wir verf\u00fcgen \u00fcber mehr als 50 Jahre Erfahrung und ein gro\u00dfartiges Team von Fachleuten, von denen jeder ein Experte auf seinem Gebiet ist, die nicht nur professionell sind, sondern auch eine gro\u00dfe menschliche Qualit\u00e4t haben. Wir k\u00f6nnen Ihnen ein unterst\u00fctzendes Team anbieten, in dem Sie Ihre F\u00e4higkeiten und Fertigkeiten entwickeln k\u00f6nnen, und wir k\u00f6nnen Ihnen all das Wissen und die Erfahrung vermitteln, die wir in all diesen Jahren und den unz\u00e4hligen bisher entwickelten Projekten gesammelt haben.<\/span><\/p><h3><span style=\"font-weight: 400;\">St\u00e4ndige Suche nach konstruktiver Exzellenz\u00a0<\/span><\/h3><p><span style=\"font-weight: 400;\">Bei Amer arbeiten wir unter Qualit\u00e4tsparametern mittels eines gepr\u00fcften Integralen Managementsystems, das es uns erm\u00f6glicht, alle Faktoren, die unsere T\u00e4tigkeit betreffen, kontinuierlich zu verbessern. Dazu geh\u00f6ren Qualit\u00e4t, Arbeitssicherheit und soziale Verantwortung. Wir sind ein solventes Unternehmen mit stetigem Wachstum.<\/span><\/p><h3><span style=\"font-weight: 400;\">Wir glauben an Gleichberechtigung als Zeichen der St\u00e4rke<\/span><\/h3><p><span style=\"font-weight: 400;\">Wir glauben an Chancengleichheit und bilden ein Team, in dem Frauen und M\u00e4nner gleicherma\u00dfen zur Entwicklung des Unternehmens beitragen. Au\u00dferdem sind wir ein Unternehmen, das bei der Integration von Menschen mit Behinderungen eine Vorreiterrolle in der Branche spielt. Die Chancengleichheit innerhalb von AMER ist oberstes Gebot.<\/span><\/p><p><span style=\"font-weight: 400;\">Wenn Sie mit den Werten unseres Unternehmens \u00fcbereinstimmen und einem der verschiedenen Profile entsprechen, die wir suchen, dann schlie\u00dfen Sie sich dem Team an und starten Sie Ihre berufliche Karriere bei AMER e Hijos!<\/span><\/p><p><b>Sind Sie \u2026<\/b><\/p><ul><li style=\"font-weight: 400;\" aria-level=\"1\"><span style=\"font-weight: 400;\">Facharbeiter<\/span><\/li><li style=\"font-weight: 400;\" aria-level=\"1\"><span style=\"font-weight: 400;\">Mechaniker<\/span><\/li><li style=\"font-weight: 400;\" aria-level=\"1\"><span style=\"font-weight: 400;\">Fahrer<\/span><\/li><li style=\"font-weight: 400;\" aria-level=\"1\"><span style=\"font-weight: 400;\">Maschinenschlosser<\/span><\/li><li style=\"font-weight: 400;\" aria-level=\"1\"><span style=\"font-weight: 400;\">Bauingenieur<\/span><\/li><li style=\"font-weight: 400;\" aria-level=\"1\"><span style=\"font-weight: 400;\">Technischer Ingenieur f\u00fcr \u00f6ffentliche Arbeiten<\/span><\/li><li style=\"font-weight: 400;\" aria-level=\"1\"><span style=\"font-weight: 400;\">Vermessungstechniker<\/span><\/li><li style=\"font-weight: 400;\" aria-level=\"1\"><span style=\"font-weight: 400;\">Architekt<\/span><\/li><li style=\"font-weight: 400;\" aria-level=\"1\"><span style=\"font-weight: 400;\">Sachbearbeiter\u00a0<\/span><\/li><li style=\"font-weight: 400;\" aria-level=\"1\"><span style=\"font-weight: 400;\">Topograph\u00a0<\/span><\/li><\/ul><p><span style=\"font-weight: 400;\">Schicken Sie uns JETZT Ihren Lebenslauf und wir werden Ihren Antrag pr\u00fcfen, um ihn in unser Auswahlverfahren aufzunehmen!<\/span><\/p>\t\t\t\t\t\t\t\t<\/div>\n\t\t\t\t<\/div>\n\t\t\t\t\t<\/div>\n\t\t<\/div>\n\t\t\t\t\t<\/div>\n\t\t<\/section>\n\t\t\t\t<div class=\"elementor-element elementor-element-57dfdf3 elementor-widget-divider--separator-type-pattern elementor-widget-divider--view-line elementor-widget elementor-widget-divider\" data-id=\"57dfdf3\" data-element_type=\"widget\" data-e-type=\"widget\" data-widget_type=\"divider.default\">\n\t\t\t\t<div class=\"elementor-widget-container\">\n\t\t\t\t\t\t\t<div class=\"elementor-divider\" style=\"--divider-pattern-url: url(&quot;data:image\/svg+xml,%3Csvg xmlns=&#039;http:\/\/www.w3.org\/2000\/svg&#039; preserveAspectRatio=&#039;none&#039; overflow=&#039;visible&#039; height=&#039;100%&#039; viewBox=&#039;0 0 20 16&#039; fill=&#039;none&#039; stroke=&#039;black&#039; stroke-width=&#039;1&#039; stroke-linecap=&#039;square&#039; stroke-miterlimit=&#039;10&#039;%3E%3Cg transform=&#039;translate(-12.000000, 0)&#039;%3E%3Cpath d=&#039;M28,0L10,18&#039;\/%3E%3Cpath d=&#039;M18,0L0,18&#039;\/%3E%3Cpath d=&#039;M48,0L30,18&#039;\/%3E%3Cpath d=&#039;M38,0L20,18&#039;\/%3E%3C\/g%3E%3C\/svg%3E&quot;);\">\n\t\t\t<span class=\"elementor-divider-separator\">\n\t\t\t\t\t\t<\/span>\n\t\t<\/div>\n\t\t\t\t\t\t<\/div>\n\t\t\t\t<\/div>\n\t\t\t\t\t<\/div>\n\t\t<\/div>\n\t\t\t\t\t<\/div>\n\t\t<\/section>\n\t\t\t\t<section class=\"elementor-section elementor-top-section elementor-element elementor-element-3e6c111 elementor-section-boxed elementor-section-height-default elementor-section-height-default\" data-id=\"3e6c111\" data-element_type=\"section\" data-e-type=\"section\">\n\t\t\t\t\t\t<div class=\"elementor-container elementor-column-gap-default\">\n\t\t\t\t\t<div class=\"elementor-column elementor-col-100 elementor-top-column elementor-element elementor-element-c836cc8\" data-id=\"c836cc8\" data-element_type=\"column\" data-e-type=\"column\">\n\t\t\t<div class=\"elementor-widget-wrap elementor-element-populated\">\n\t\t\t\t\t\t<div class=\"elementor-element elementor-element-796c0f9 elementor-widget elementor-widget-heading\" data-id=\"796c0f9\" data-element_type=\"widget\" data-e-type=\"widget\" data-widget_type=\"heading.default\">\n\t\t\t\t<div class=\"elementor-widget-container\">\n\t\t\t\t\t<h3 class=\"elementor-heading-title elementor-size-default\">Geben Sie Ihre Daten ein\n<\/h3>\t\t\t\t<\/div>\n\t\t\t\t<\/div>\n\t\t\t\t<div class=\"elementor-element elementor-element-ebafa32 elementor-widget elementor-widget-text-editor\" data-id=\"ebafa32\" data-element_type=\"widget\" data-e-type=\"widget\" data-widget_type=\"text-editor.default\">\n\t\t\t\t<div class=\"elementor-widget-container\">\n\t\t\t\t\t\t\t\t\t<p>Pflichtfelder sind mit (*) gekennzeichnet<\/p>\t\t\t\t\t\t\t\t<\/div>\n\t\t\t\t<\/div>\n\t\t\t\t<div class=\"elementor-element elementor-element-fd0c9c1 elementor-button-align-center elementor-widget elementor-widget-form\" data-id=\"fd0c9c1\" data-element_type=\"widget\" data-e-type=\"widget\" data-settings=\"{&quot;step_next_label&quot;:&quot;Next&quot;,&quot;step_previous_label&quot;:&quot;Previous&quot;,&quot;button_width&quot;:&quot;100&quot;,&quot;step_type&quot;:&quot;number_text&quot;,&quot;step_icon_shape&quot;:&quot;circle&quot;}\" data-widget_type=\"form.default\">\n\t\t\t\t<div class=\"elementor-widget-container\">\n\t\t\t\t\t\t\t<form class=\"elementor-form\" method=\"post\" name=\"New Form\" aria-label=\"New Form\">\n\t\t\t<input type=\"hidden\" name=\"post_id\" value=\"2497\"\/>\n\t\t\t<input type=\"hidden\" name=\"form_id\" value=\"fd0c9c1\"\/>\n\t\t\t<input type=\"hidden\" name=\"referer_title\" value=\"Arbeiten Sie mit uns - Amer Obres y Serveis\" \/>\n\n\t\t\t\t\t\t\t<input type=\"hidden\" name=\"queried_id\" value=\"2497\"\/>\n\t\t\t\n\t\t\t<div class=\"elementor-form-fields-wrapper elementor-labels-above\">\n\t\t\t\t\t\t\t\t<div class=\"elementor-field-type-text elementor-field-group elementor-column elementor-field-group-name elementor-col-100 elementor-field-required\">\n\t\t\t\t\t\t\t\t\t\t\t\t<label for=\"form-field-name\" class=\"elementor-field-label\">\n\t\t\t\t\t\t\t\tName*\t\t\t\t\t\t\t<\/label>\n\t\t\t\t\t\t\t\t\t\t\t\t\t\t<input size=\"1\" type=\"text\" name=\"form_fields[name]\" id=\"form-field-name\" class=\"elementor-field elementor-size-sm  elementor-field-textual\" placeholder=\"Name*\" required=\"required\">\n\t\t\t\t\t\t\t\t\t\t\t<\/div>\n\t\t\t\t\t\t\t\t<div class=\"elementor-field-type-text elementor-field-group elementor-column elementor-field-group-field_6448477 elementor-col-100\">\n\t\t\t\t\t\t\t\t\t\t\t\t<label for=\"form-field-field_6448477\" class=\"elementor-field-label\">\n\t\t\t\t\t\t\t\tNachname\t\t\t\t\t\t\t<\/label>\n\t\t\t\t\t\t\t\t\t\t\t\t\t\t<input size=\"1\" type=\"text\" name=\"form_fields[field_6448477]\" id=\"form-field-field_6448477\" class=\"elementor-field elementor-size-sm  elementor-field-textual\" placeholder=\"Nachname\">\n\t\t\t\t\t\t\t\t\t\t\t<\/div>\n\t\t\t\t\t\t\t\t<div class=\"elementor-field-type-tel elementor-field-group elementor-column elementor-field-group-field_c8b971b elementor-col-100 elementor-field-required\">\n\t\t\t\t\t\t\t\t\t\t\t\t<label for=\"form-field-field_c8b971b\" class=\"elementor-field-label\">\n\t\t\t\t\t\t\t\tTelefonnummer*\t\t\t\t\t\t\t<\/label>\n\t\t\t\t\t\t\t\t<input size=\"1\" type=\"tel\" name=\"form_fields[field_c8b971b]\" id=\"form-field-field_c8b971b\" class=\"elementor-field elementor-size-sm  elementor-field-textual\" placeholder=\"Telefonnummer*\" required=\"required\" pattern=\"[0-9()#&amp;+*-=.]+\" title=\"Only numbers and phone characters (#, -, *, etc) are accepted.\">\n\n\t\t\t\t\t\t<\/div>\n\t\t\t\t\t\t\t\t<div class=\"elementor-field-type-email elementor-field-group elementor-column elementor-field-group-email elementor-col-100 elementor-field-required\">\n\t\t\t\t\t\t\t\t\t\t\t\t<label for=\"form-field-email\" class=\"elementor-field-label\">\n\t\t\t\t\t\t\t\tEmail\t\t\t\t\t\t\t<\/label>\n\t\t\t\t\t\t\t\t\t\t\t\t\t\t<input size=\"1\" type=\"email\" name=\"form_fields[email]\" id=\"form-field-email\" class=\"elementor-field elementor-size-sm  elementor-field-textual\" placeholder=\"Email\" required=\"required\">\n\t\t\t\t\t\t\t\t\t\t\t<\/div>\n\t\t\t\t\t\t\t\t<div class=\"elementor-field-type-select elementor-field-group elementor-column elementor-field-group-field_5020e7f elementor-col-100 elementor-field-required\">\n\t\t\t\t\t\t\t\t\t\t\t\t<label for=\"form-field-field_5020e7f\" class=\"elementor-field-label\">\n\t\t\t\t\t\t\t\tW\u00e4hlen Sie Ihre Abteilung*\t\t\t\t\t\t\t<\/label>\n\t\t\t\t\t\t\t\t<div class=\"elementor-field elementor-select-wrapper remove-before \">\n\t\t\t<div class=\"select-caret-down-wrapper\">\n\t\t\t\t<i aria-hidden=\"true\" class=\"eicon-caret-down\"><\/i>\t\t\t<\/div>\n\t\t\t<select name=\"form_fields[field_5020e7f]\" id=\"form-field-field_5020e7f\" class=\"elementor-field-textual elementor-size-sm\" required=\"required\">\n\t\t\t\t\t\t\t\t\t<option value=\"Facharbeiter\">Facharbeiter<\/option>\n\t\t\t\t\t\t\t\t\t<option value=\"Mechaniker\">Mechaniker<\/option>\n\t\t\t\t\t\t\t\t\t<option value=\"Fahrer\">Fahrer<\/option>\n\t\t\t\t\t\t\t\t\t<option value=\"Maschinenschlosser\">Maschinenschlosser<\/option>\n\t\t\t\t\t\t\t\t\t<option value=\"Bauingenieur\">Bauingenieur<\/option>\n\t\t\t\t\t\t\t\t\t<option value=\"Technischer Ingenieur f\u00fcr \u00f6ffentliche Arbeiten\">Technischer Ingenieur f\u00fcr \u00f6ffentliche Arbeiten<\/option>\n\t\t\t\t\t\t\t\t\t<option value=\"Vermessungstechniker\">Vermessungstechniker<\/option>\n\t\t\t\t\t\t\t\t\t<option value=\"Architekt\">Architekt<\/option>\n\t\t\t\t\t\t\t\t\t<option value=\"Sachbearbeiter \">Sachbearbeiter <\/option>\n\t\t\t\t\t\t\t\t\t<option value=\"Topograph\">Topograph<\/option>\n\t\t\t\t\t\t\t<\/select>\n\t\t<\/div>\n\t\t\t\t\t\t<\/div>\n\t\t\t\t\t\t\t\t<div class=\"elementor-field-type-upload elementor-field-group elementor-column elementor-field-group-field_9e05bf0 elementor-col-100\">\n\t\t\t\t\t\t\t\t\t\t\t\t<label for=\"form-field-field_9e05bf0\" class=\"elementor-field-label\">\n\t\t\t\t\t\t\t\tLebenslauf anh\u00e4ngen\t\t\t\t\t\t\t<\/label>\n\t\t\t\t\t\t\t\t<input type=\"file\" name=\"form_fields[field_9e05bf0]\" id=\"form-field-field_9e05bf0\" class=\"elementor-field elementor-size-sm  elementor-upload-field\">\n\n\t\t\t\t\t\t<\/div>\n\t\t\t\t\t\t\t\t<div class=\"elementor-field-type-textarea elementor-field-group elementor-column elementor-field-group-message elementor-col-100\">\n\t\t\t\t\t\t\t\t\t\t\t\t<label for=\"form-field-message\" class=\"elementor-field-label\">\n\t\t\t\t\t\t\t\tNachricht\t\t\t\t\t\t\t<\/label>\n\t\t\t\t\t\t<textarea class=\"elementor-field-textual elementor-field  elementor-size-sm\" name=\"form_fields[message]\" id=\"form-field-message\" rows=\"4\" placeholder=\"Nachricht\"><\/textarea>\t\t\t\t<\/div>\n\t\t\t\t\t\t\t\t<div class=\"elementor-field-group elementor-column elementor-field-type-submit elementor-col-100 e-form__buttons\">\n\t\t\t\t\t<button class=\"elementor-button elementor-size-sm\" type=\"submit\">\n\t\t\t\t\t\t<span class=\"elementor-button-content-wrapper\">\n\t\t\t\t\t\t\t\t\t\t\t\t\t\t\t<span class=\"elementor-button-icon\">\n\t\t\t\t\t\t\t\t\t<i aria-hidden=\"true\" class=\"fas fa-upload\"><\/i>\t\t\t\t\t\t\t\t\t\t\t\t\t\t\t\t\t<\/span>\n\t\t\t\t\t\t\t\t\t\t\t\t\t\t\t\t\t\t\t\t\t\t<span class=\"elementor-button-text\">Senden<\/span>\n\t\t\t\t\t\t\t\t\t\t\t\t\t<\/span>\n\t\t\t\t\t<\/button>\n\t\t\t\t<\/div>\n\t\t\t<\/div>\n\t\t<\/form>\n\t\t\t\t\t\t<\/div>\n\t\t\t\t<\/div>\n\t\t\t\t\t<\/div>\n\t\t<\/div>\n\t\t\t\t\t<\/div>\n\t\t<\/section>\n\t\t\t\t<\/div>\n\t\t","protected":false},"excerpt":{"rendered":"<p>Arbeiten Sie mit uns Amer e Hijos f\u00fchrt Bauprojekte auf Mallorca und den \u00fcbrigen Balearen durch, sowohl f\u00fcr Unternehmen und Beh\u00f6rden als auch f\u00fcr Privatpersonen. Wir sind st\u00e4ndig auf der Suche nach Fachleuten wie Ihnen, die flexibel sind, sich engagieren k\u00f6nnen und bereit sind, sich umzuorientieren, um ihre berufliche Karriere bei einem Unternehmen zu entwickeln, &#8230; <a title=\"Arbeiten Sie mit uns\" class=\"read-more\" href=\"https:\/\/amerehijos.com\/de\/arbeiten-sie-mit-uns\/\" aria-label=\"Read more about Arbeiten Sie mit uns\">Read more<\/a><\/p>\n","protected":false},"author":7,"featured_media":0,"parent":0,"menu_order":0,"comment_status":"closed","ping_status":"closed","template":"elementor_header_footer","meta":{"footnotes":""},"class_list":["post-2497","page","type-page","status-publish"],"_links":{"self":[{"href":"https:\/\/amerehijos.com\/de\/wp-json\/wp\/v2\/pages\/2497","targetHints":{"allow":["GET"]}}],"collection":[{"href":"https:\/\/amerehijos.com\/de\/wp-json\/wp\/v2\/pages"}],"about":[{"href":"https:\/\/amerehijos.com\/de\/wp-json\/wp\/v2\/types\/page"}],"author":[{"embeddable":true,"href":"https:\/\/amerehijos.com\/de\/wp-json\/wp\/v2\/users\/7"}],"replies":[{"embeddable":true,"href":"https:\/\/amerehijos.com\/de\/wp-json\/wp\/v2\/comments?post=2497"}],"version-history":[{"count":0,"href":"https:\/\/amerehijos.com\/de\/wp-json\/wp\/v2\/pages\/2497\/revisions"}],"wp:attachment":[{"href":"https:\/\/amerehijos.com\/de\/wp-json\/wp\/v2\/media?parent=2497"}],"curies":[{"name":"wp","href":"https:\/\/api.w.org\/{rel}","templated":true}]}}