{"id":2492,"date":"2021-01-21T11:48:04","date_gmt":"2021-01-21T10:48:04","guid":{"rendered":"https:\/\/amerehijos.com\/?page_id=2492"},"modified":"2021-08-12T19:41:16","modified_gmt":"2021-08-12T18:41:16","slug":"unternehmen","status":"publish","type":"page","link":"https:\/\/amerehijos.com\/de\/unternehmen\/","title":{"rendered":"Unternehmen"},"content":{"rendered":"\t\t<div data-elementor-type=\"wp-page\" data-elementor-id=\"2492\" class=\"elementor elementor-2492 elementor-965\" data-elementor-post-type=\"page\">\n\t\t\t\t\t\t<section class=\"elementor-section elementor-top-section elementor-element elementor-element-14ad443 elementor-section-boxed elementor-section-height-default elementor-section-height-default\" data-id=\"14ad443\" data-element_type=\"section\" data-e-type=\"section\">\n\t\t\t\t\t\t<div class=\"elementor-container elementor-column-gap-default\">\n\t\t\t\t\t<div class=\"elementor-column elementor-col-100 elementor-top-column elementor-element elementor-element-47ef69e\" data-id=\"47ef69e\" data-element_type=\"column\" data-e-type=\"column\">\n\t\t\t<div class=\"elementor-widget-wrap elementor-element-populated\">\n\t\t\t\t\t\t<div class=\"elementor-element elementor-element-d8c1fcc elementor-widget elementor-widget-shortcode\" data-id=\"d8c1fcc\" data-element_type=\"widget\" data-e-type=\"widget\" data-widget_type=\"shortcode.default\">\n\t\t\t\t<div class=\"elementor-widget-container\">\n\t\t\t\t\t\t\t<div class=\"elementor-shortcode\">\n<\/div>\n\t\t\t\t\t\t<\/div>\n\t\t\t\t<\/div>\n\t\t\t\t\t<\/div>\n\t\t<\/div>\n\t\t\t\t\t<\/div>\n\t\t<\/section>\n\t\t\t\t<section class=\"elementor-section elementor-top-section elementor-element elementor-element-787422e elementor-section-boxed elementor-section-height-default elementor-section-height-default\" data-id=\"787422e\" data-element_type=\"section\" data-e-type=\"section\">\n\t\t\t\t\t\t<div class=\"elementor-container elementor-column-gap-default\">\n\t\t\t\t\t<div class=\"elementor-column elementor-col-100 elementor-top-column elementor-element elementor-element-2036c82\" data-id=\"2036c82\" data-element_type=\"column\" data-e-type=\"column\">\n\t\t\t<div class=\"elementor-widget-wrap elementor-element-populated\">\n\t\t\t\t\t\t<div class=\"elementor-element elementor-element-76defc5 elementor-widget elementor-widget-spacer\" data-id=\"76defc5\" data-element_type=\"widget\" data-e-type=\"widget\" data-widget_type=\"spacer.default\">\n\t\t\t\t<div class=\"elementor-widget-container\">\n\t\t\t\t\t\t\t<div class=\"elementor-spacer\">\n\t\t\t<div class=\"elementor-spacer-inner\"><\/div>\n\t\t<\/div>\n\t\t\t\t\t\t<\/div>\n\t\t\t\t<\/div>\n\t\t\t\t\t<\/div>\n\t\t<\/div>\n\t\t\t\t\t<\/div>\n\t\t<\/section>\n\t\t\t\t<section class=\"elementor-section elementor-top-section elementor-element elementor-element-4249e16 elementor-section-boxed elementor-section-height-default elementor-section-height-default\" data-id=\"4249e16\" data-element_type=\"section\" data-e-type=\"section\">\n\t\t\t\t\t\t<div class=\"elementor-container elementor-column-gap-default\">\n\t\t\t\t\t<div class=\"elementor-column elementor-col-50 elementor-top-column elementor-element elementor-element-1f5968c\" data-id=\"1f5968c\" data-element_type=\"column\" data-e-type=\"column\">\n\t\t\t<div class=\"elementor-widget-wrap elementor-element-populated\">\n\t\t\t\t\t\t<div class=\"elementor-element elementor-element-a7bab71 elementor-widget elementor-widget-text-editor\" data-id=\"a7bab71\" data-element_type=\"widget\" data-e-type=\"widget\" data-widget_type=\"text-editor.default\">\n\t\t\t\t<div class=\"elementor-widget-container\">\n\t\t\t\t\t\t\t\t\t<h1><b>Unternehmen<\/b><\/h1><p><span style=\"font-weight: 400;\">Amer e Hijos ist ein Unternehmen f\u00fcr Bau- und integrale Dienstleistungsl\u00f6sungen, das auf einer Struktur, Organisation und exzellenten Managementprozessen basiert, in denen Flexibilit\u00e4t, Qualit\u00e4t und Professionalit\u00e4t vorherrschen.<\/span><\/p><p><span style=\"font-weight: 400;\">All dies erm\u00f6glicht es uns, uns an jedes Bauvorhaben im privaten, \u00f6ffentlichen oder industriellen Bereich anzupassen, indem wir die besten Verfahren, Bedingungen, Ausr\u00fcstungen und Technologien in einem ganzheitlichen Plan mit vielen Annehmlichkeiten und Komfort f\u00fcr den Kunden anbieten.<\/span><\/p><p><span style=\"font-weight: 400;\">All dies wird durch die berufliche Qualifikation unserer Mitarbeiter untermauert, die, strukturiert in die folgenden Abteilungen, der Schl\u00fcssel zur maximalen Qualit\u00e4t der an AMER e hijos vergebenen Projekte ist.<\/span><\/p>\t\t\t\t\t\t\t\t<\/div>\n\t\t\t\t<\/div>\n\t\t\t\t\t<\/div>\n\t\t<\/div>\n\t\t\t\t<div class=\"elementor-column elementor-col-50 elementor-top-column elementor-element elementor-element-310efad\" data-id=\"310efad\" data-element_type=\"column\" data-e-type=\"column\">\n\t\t\t<div class=\"elementor-widget-wrap elementor-element-populated\">\n\t\t\t\t\t\t<div class=\"elementor-element elementor-element-ec6f5dc elementor-widget elementor-widget-image\" data-id=\"ec6f5dc\" data-element_type=\"widget\" data-e-type=\"widget\" data-widget_type=\"image.default\">\n\t\t\t\t<div class=\"elementor-widget-container\">\n\t\t\t\t\t\t\t\t\t\t\t\t\t\t\t<img fetchpriority=\"high\" decoding=\"async\" width=\"825\" height=\"619\" src=\"https:\/\/amerehijos.com\/wp-content\/uploads\/2020\/12\/Directivos-1024x768.jpg\" class=\"attachment-large size-large wp-image-1046\" alt=\"\" srcset=\"https:\/\/amerehijos.com\/wp-content\/uploads\/2020\/12\/Directivos-1024x768.jpg 1024w, https:\/\/amerehijos.com\/wp-content\/uploads\/2020\/12\/Directivos-300x225.jpg 300w, https:\/\/amerehijos.com\/wp-content\/uploads\/2020\/12\/Directivos-768x576.jpg 768w, https:\/\/amerehijos.com\/wp-content\/uploads\/2020\/12\/Directivos-1536x1152.jpg 1536w, https:\/\/amerehijos.com\/wp-content\/uploads\/2020\/12\/Directivos-2048x1536.jpg 2048w\" sizes=\"(max-width: 825px) 100vw, 825px\" \/>\t\t\t\t\t\t\t\t\t\t\t\t\t\t\t<\/div>\n\t\t\t\t<\/div>\n\t\t\t\t\t<\/div>\n\t\t<\/div>\n\t\t\t\t\t<\/div>\n\t\t<\/section>\n\t\t\t\t<section class=\"elementor-section elementor-top-section elementor-element elementor-element-95cc98c elementor-reverse-mobile elementor-section-boxed elementor-section-height-default elementor-section-height-default\" data-id=\"95cc98c\" data-element_type=\"section\" data-e-type=\"section\">\n\t\t\t\t\t\t<div class=\"elementor-container elementor-column-gap-default\">\n\t\t\t\t\t<div class=\"elementor-column elementor-col-50 elementor-top-column elementor-element elementor-element-3fb7dff\" data-id=\"3fb7dff\" data-element_type=\"column\" data-e-type=\"column\">\n\t\t\t<div class=\"elementor-widget-wrap elementor-element-populated\">\n\t\t\t\t\t\t<div class=\"elementor-element elementor-element-252a4ef elementor-widget elementor-widget-image\" data-id=\"252a4ef\" data-element_type=\"widget\" data-e-type=\"widget\" data-widget_type=\"image.default\">\n\t\t\t\t<div class=\"elementor-widget-container\">\n\t\t\t\t\t\t\t\t\t\t\t\t\t\t\t<img decoding=\"async\" width=\"825\" height=\"619\" src=\"https:\/\/amerehijos.com\/wp-content\/uploads\/2020\/12\/Personal-tecnico-1024x768.jpg\" class=\"attachment-large size-large wp-image-1054\" alt=\"\" srcset=\"https:\/\/amerehijos.com\/wp-content\/uploads\/2020\/12\/Personal-tecnico-1024x768.jpg 1024w, https:\/\/amerehijos.com\/wp-content\/uploads\/2020\/12\/Personal-tecnico-300x225.jpg 300w, https:\/\/amerehijos.com\/wp-content\/uploads\/2020\/12\/Personal-tecnico-768x576.jpg 768w, https:\/\/amerehijos.com\/wp-content\/uploads\/2020\/12\/Personal-tecnico-1536x1152.jpg 1536w, https:\/\/amerehijos.com\/wp-content\/uploads\/2020\/12\/Personal-tecnico-2048x1536.jpg 2048w\" sizes=\"(max-width: 825px) 100vw, 825px\" \/>\t\t\t\t\t\t\t\t\t\t\t\t\t\t\t<\/div>\n\t\t\t\t<\/div>\n\t\t\t\t\t<\/div>\n\t\t<\/div>\n\t\t\t\t<div class=\"elementor-column elementor-col-50 elementor-top-column elementor-element elementor-element-efd0d88\" data-id=\"efd0d88\" data-element_type=\"column\" data-e-type=\"column\">\n\t\t\t<div class=\"elementor-widget-wrap elementor-element-populated\">\n\t\t\t\t\t\t<div class=\"elementor-element elementor-element-64c3976 elementor-widget elementor-widget-text-editor\" data-id=\"64c3976\" data-element_type=\"widget\" data-e-type=\"widget\" data-widget_type=\"text-editor.default\">\n\t\t\t\t<div class=\"elementor-widget-container\">\n\t\t\t\t\t\t\t\t\t<h2>Unternehmensstruktur von AMER\u00a0<\/h2><p><span style=\"font-weight: 400;\">Jede der Abteilungen zeichnet sich durch eine au\u00dfergew\u00f6hnliche Qualit\u00e4t aus, die es uns erm\u00f6glicht, die Projekte unserer Kunden mit einem hohen Ma\u00df an Wettbewerbsf\u00e4higkeit zum Erfolg zu f\u00fchren.\u00a0<\/span><\/p><ol><li style=\"font-weight: 400;\" aria-level=\"1\"><span style=\"font-weight: 400;\">Gesch\u00e4ftsf\u00fchrung und Management<\/span><\/li><li style=\"font-weight: 400;\" aria-level=\"1\"><span style=\"font-weight: 400;\">Geb\u00e4udemanagement<\/span><\/li><li style=\"font-weight: 400;\" aria-level=\"1\"><span style=\"font-weight: 400;\">Baumanagement<\/span><\/li><li style=\"font-weight: 400;\" aria-level=\"1\"><span style=\"font-weight: 400;\">Logistikmanagement<\/span><\/li><li style=\"font-weight: 400;\" aria-level=\"1\"><span style=\"font-weight: 400;\">Finanzmanagement<\/span><\/li><li style=\"font-weight: 400;\" aria-level=\"1\"><span style=\"font-weight: 400;\">Personalwesen und Marketing<\/span><\/li><li style=\"font-weight: 400;\" aria-level=\"1\"><span style=\"font-weight: 400;\">Handels- und Einkaufsabteilung<\/span><\/li><\/ol>\t\t\t\t\t\t\t\t<\/div>\n\t\t\t\t<\/div>\n\t\t\t\t\t<\/div>\n\t\t<\/div>\n\t\t\t\t\t<\/div>\n\t\t<\/section>\n\t\t\t\t<section class=\"elementor-section elementor-top-section elementor-element elementor-element-e13fdfe elementor-section-boxed elementor-section-height-default elementor-section-height-default\" data-id=\"e13fdfe\" data-element_type=\"section\" data-e-type=\"section\">\n\t\t\t\t\t\t<div class=\"elementor-container elementor-column-gap-default\">\n\t\t\t\t\t<div class=\"elementor-column elementor-col-50 elementor-top-column elementor-element elementor-element-06c55fb\" data-id=\"06c55fb\" data-element_type=\"column\" data-e-type=\"column\">\n\t\t\t<div class=\"elementor-widget-wrap elementor-element-populated\">\n\t\t\t\t\t\t<div class=\"elementor-element elementor-element-1b5a0ce elementor-widget elementor-widget-text-editor\" data-id=\"1b5a0ce\" data-element_type=\"widget\" data-e-type=\"widget\" data-widget_type=\"text-editor.default\">\n\t\t\t\t<div class=\"elementor-widget-container\">\n\t\t\t\t\t\t\t\t\t<h4>\u00a0<\/h4><p><span style=\"font-weight: 400;\">Jede der Abteilungen von Amer e Hijos wird von hochqualifizierten und in der Branche anerkannten Fachleuten geleitet, die ihre Abteilung leiten, indem sie ihr Team von professionellen Technikern in die Leitung jedes unserer Projekte einbinden.<\/span><\/p>\t\t\t\t\t\t\t\t<\/div>\n\t\t\t\t<\/div>\n\t\t\t\t\t<\/div>\n\t\t<\/div>\n\t\t\t\t<div class=\"elementor-column elementor-col-50 elementor-top-column elementor-element elementor-element-1d250cd\" data-id=\"1d250cd\" data-element_type=\"column\" data-e-type=\"column\">\n\t\t\t<div class=\"elementor-widget-wrap elementor-element-populated\">\n\t\t\t\t\t\t<div class=\"elementor-element elementor-element-918e11e elementor-widget elementor-widget-image\" data-id=\"918e11e\" data-element_type=\"widget\" data-e-type=\"widget\" data-widget_type=\"image.default\">\n\t\t\t\t<div class=\"elementor-widget-container\">\n\t\t\t\t\t\t\t\t\t\t\t\t\t\t\t<img decoding=\"async\" width=\"825\" height=\"619\" src=\"https:\/\/amerehijos.com\/wp-content\/uploads\/2020\/12\/directivos-2-1024x768.jpg\" class=\"attachment-large size-large wp-image-1048\" alt=\"\" srcset=\"https:\/\/amerehijos.com\/wp-content\/uploads\/2020\/12\/directivos-2-1024x768.jpg 1024w, https:\/\/amerehijos.com\/wp-content\/uploads\/2020\/12\/directivos-2-300x225.jpg 300w, https:\/\/amerehijos.com\/wp-content\/uploads\/2020\/12\/directivos-2-768x576.jpg 768w, https:\/\/amerehijos.com\/wp-content\/uploads\/2020\/12\/directivos-2-1536x1152.jpg 1536w, https:\/\/amerehijos.com\/wp-content\/uploads\/2020\/12\/directivos-2-2048x1536.jpg 2048w\" sizes=\"(max-width: 825px) 100vw, 825px\" \/>\t\t\t\t\t\t\t\t\t\t\t\t\t\t\t<\/div>\n\t\t\t\t<\/div>\n\t\t\t\t\t<\/div>\n\t\t<\/div>\n\t\t\t\t\t<\/div>\n\t\t<\/section>\n\t\t\t\t<section class=\"elementor-section elementor-top-section elementor-element elementor-element-83eb204 elementor-section-boxed elementor-section-height-default elementor-section-height-default\" data-id=\"83eb204\" data-element_type=\"section\" data-e-type=\"section\">\n\t\t\t\t\t\t<div class=\"elementor-container elementor-column-gap-default\">\n\t\t\t\t\t<div class=\"elementor-column elementor-col-100 elementor-top-column elementor-element elementor-element-9472105\" data-id=\"9472105\" data-element_type=\"column\" data-e-type=\"column\">\n\t\t\t<div class=\"elementor-widget-wrap elementor-element-populated\">\n\t\t\t\t\t\t<div class=\"elementor-element elementor-element-3f1ab4f elementor-widget elementor-widget-text-editor\" data-id=\"3f1ab4f\" data-element_type=\"widget\" data-e-type=\"widget\" data-widget_type=\"text-editor.default\">\n\t\t\t\t<div class=\"elementor-widget-container\">\n\t\t\t\t\t\t\t\t\t<p><i><span style=\"font-weight: 400;\">Unser Team ist unser gr\u00f6\u00dftes Kapital<\/span><\/i><\/p>\t\t\t\t\t\t\t\t<\/div>\n\t\t\t\t<\/div>\n\t\t\t\t\t<\/div>\n\t\t<\/div>\n\t\t\t\t\t<\/div>\n\t\t<\/section>\n\t\t\t\t<section class=\"elementor-section elementor-top-section elementor-element elementor-element-ffa9890 elementor-section-boxed elementor-section-height-default elementor-section-height-default\" data-id=\"ffa9890\" data-element_type=\"section\" data-e-type=\"section\">\n\t\t\t\t\t\t<div class=\"elementor-container elementor-column-gap-default\">\n\t\t\t\t\t<div class=\"elementor-column elementor-col-100 elementor-top-column elementor-element elementor-element-d544bd5\" data-id=\"d544bd5\" data-element_type=\"column\" data-e-type=\"column\">\n\t\t\t<div class=\"elementor-widget-wrap elementor-element-populated\">\n\t\t\t\t\t\t<div class=\"elementor-element elementor-element-fef4c3a elementor-widget elementor-widget-heading\" data-id=\"fef4c3a\" data-element_type=\"widget\" data-e-type=\"widget\" data-widget_type=\"heading.default\">\n\t\t\t\t<div class=\"elementor-widget-container\">\n\t\t\t\t\t<h2 class=\"elementor-heading-title elementor-size-default\">Maschinenpark\n<\/h2>\t\t\t\t<\/div>\n\t\t\t\t<\/div>\n\t\t\t\t<div class=\"elementor-element elementor-element-0a4f6e4 elementor-widget elementor-widget-text-editor\" data-id=\"0a4f6e4\" data-element_type=\"widget\" data-e-type=\"widget\" data-widget_type=\"text-editor.default\">\n\t\t\t\t<div class=\"elementor-widget-container\">\n\t\t\t\t\t\t\t\t\t<p><span style=\"font-weight: 400;\">Mit dem Ziel, ein f\u00fchrendes Unternehmen in seiner Branche zu sein, erneuert Amer e Hijos st\u00e4ndig seinen Maschinenpark mit dem alleinigen Ziel, maximale Effizienz zu erreichen und mit allen Marktinnovationen auf dem neuesten Stand zu sein.<\/span><\/p><p><span style=\"font-weight: 400;\">AMER E HIJOS, verf\u00fcgt \u00fcber einen eigenen Maschinenpark, der sich st\u00e4ndig weiterentwickelt, um jede Art von Arbeit ausf\u00fchren zu k\u00f6nnen. Wir verf\u00fcgen \u00fcber<\/span><span style=\"font-weight: 400;\">:<\/span><\/p>\t\t\t\t\t\t\t\t<\/div>\n\t\t\t\t<\/div>\n\t\t\t\t<section class=\"elementor-section elementor-inner-section elementor-element elementor-element-aa2f30b elementor-section-boxed elementor-section-height-default elementor-section-height-default\" data-id=\"aa2f30b\" data-element_type=\"section\" data-e-type=\"section\">\n\t\t\t\t\t\t<div class=\"elementor-container elementor-column-gap-default\">\n\t\t\t\t\t<div class=\"elementor-column elementor-col-50 elementor-inner-column elementor-element elementor-element-79e4f3b\" data-id=\"79e4f3b\" data-element_type=\"column\" data-e-type=\"column\">\n\t\t\t<div class=\"elementor-widget-wrap elementor-element-populated\">\n\t\t\t\t\t\t<div class=\"elementor-element elementor-element-c64c796 elementor-widget elementor-widget-text-editor\" data-id=\"c64c796\" data-element_type=\"widget\" data-e-type=\"widget\" data-widget_type=\"text-editor.default\">\n\t\t\t\t<div class=\"elementor-widget-container\">\n\t\t\t\t\t\t\t\t\t<ul><li style=\"font-weight: 400;\" aria-level=\"1\"><span style=\"font-weight: 400;\">Lader\u00e4ne<\/span><\/li><li style=\"font-weight: 400;\" aria-level=\"1\"><span style=\"font-weight: 400;\">Muldenkipper<\/span><\/li><li style=\"font-weight: 400;\" aria-level=\"1\"><span style=\"font-weight: 400;\">Sattelschlepper<\/span><\/li><li style=\"font-weight: 400;\" aria-level=\"1\"><span style=\"font-weight: 400;\">Gondel-Lkw<\/span><\/li><li style=\"font-weight: 400;\" aria-level=\"1\"><span style=\"font-weight: 400;\">4&#215;4 Kipper<\/span><\/li><li style=\"font-weight: 400;\" aria-level=\"1\"><span style=\"font-weight: 400;\">Abbruchger\u00e4te der neuesten Technologie (bis zu 21 m. mit allem Zubeh\u00f6r)<\/span><\/li><li style=\"font-weight: 400;\" aria-level=\"1\"><span style=\"font-weight: 400;\">Abrissroboter (f\u00fcr sehr spezielle Auftr\u00e4ge)<\/span><\/li><li style=\"font-weight: 400;\" aria-level=\"1\"><span style=\"font-weight: 400;\">Ausr\u00fcstung f\u00fcr Mikropfahlbohrungen<\/span><\/li><li style=\"font-weight: 400;\" aria-level=\"1\"><span style=\"font-weight: 400;\">Grabenfr\u00e4ser<\/span><\/li><li style=\"font-weight: 400;\" aria-level=\"1\"><span style=\"font-weight: 400;\">Lader (1 bis 5 m3 Schaufeln)<\/span><\/li><li style=\"font-weight: 400;\" aria-level=\"1\"><span style=\"font-weight: 400;\">Bagger bis zu 55 Tonnen<\/span><\/li><li style=\"font-weight: 400;\" aria-level=\"1\"><span style=\"font-weight: 400;\">Mini-Radlader<\/span><\/li><li style=\"font-weight: 400;\" aria-level=\"1\"><span style=\"font-weight: 400;\">Mini-Bagger<\/span><\/li><\/ul>\t\t\t\t\t\t\t\t<\/div>\n\t\t\t\t<\/div>\n\t\t\t\t\t<\/div>\n\t\t<\/div>\n\t\t\t\t<div class=\"elementor-column elementor-col-50 elementor-inner-column elementor-element elementor-element-0cd413b\" data-id=\"0cd413b\" data-element_type=\"column\" data-e-type=\"column\">\n\t\t\t<div class=\"elementor-widget-wrap elementor-element-populated\">\n\t\t\t\t\t\t<div class=\"elementor-element elementor-element-7993b36 elementor-widget elementor-widget-text-editor\" data-id=\"7993b36\" data-element_type=\"widget\" data-e-type=\"widget\" data-widget_type=\"text-editor.default\">\n\t\t\t\t<div class=\"elementor-widget-container\">\n\t\t\t\t\t\t\t\t\t<ul><li style=\"font-weight: 400;\" aria-level=\"1\"><span style=\"font-weight: 400;\">Gemischte Bagger<\/span><\/li><li style=\"font-weight: 400;\" aria-level=\"1\"><span style=\"font-weight: 400;\">Planierraupen<\/span><\/li><li style=\"font-weight: 400;\" aria-level=\"1\"><span style=\"font-weight: 400;\">Spanplattenfertiger<\/span><\/li><li style=\"font-weight: 400;\" aria-level=\"1\"><span style=\"font-weight: 400;\">Fr\u00e4smaschinen f\u00fcr Asphalt und Bel\u00e4ge<\/span><\/li><li style=\"font-weight: 400;\" aria-level=\"1\"><span style=\"font-weight: 400;\">Gussasphaltkocher<\/span><\/li><li style=\"font-weight: 400;\" aria-level=\"1\"><span style=\"font-weight: 400;\">Maschinen zur Bodenstabilisierung<\/span><\/li><li style=\"font-weight: 400;\" aria-level=\"1\"><span style=\"font-weight: 400;\">Grader<\/span><\/li><li style=\"font-weight: 400;\" aria-level=\"1\"><span style=\"font-weight: 400;\">Selbst\u00e4ndige M\u00fcllpressen verschiedener Typen und Gr\u00f6\u00dfen<\/span><\/li><li style=\"font-weight: 400;\" aria-level=\"1\"><span style=\"font-weight: 400;\">Traktoren (bis zu 360 PS)<\/span><\/li><li style=\"font-weight: 400;\" aria-level=\"1\"><span style=\"font-weight: 400;\">Autobetonmischer, Stromaggregate, Kompressoren, Kiesverteiler usw.\u00a0<\/span><\/li><li style=\"font-weight: 400;\" aria-level=\"1\"><span style=\"font-weight: 400;\">Hei\u00dfmischanlage<\/span><\/li><li style=\"font-weight: 400;\" aria-level=\"1\"><span style=\"font-weight: 400;\">Zementwerk<\/span><\/li><li style=\"font-weight: 400;\" aria-level=\"1\"><span style=\"font-weight: 400;\">Betonmischanlage<\/span><\/li><\/ul>\t\t\t\t\t\t\t\t<\/div>\n\t\t\t\t<\/div>\n\t\t\t\t\t<\/div>\n\t\t<\/div>\n\t\t\t\t\t<\/div>\n\t\t<\/section>\n\t\t\t\t\t<\/div>\n\t\t<\/div>\n\t\t\t\t\t<\/div>\n\t\t<\/section>\n\t\t\t\t<section class=\"elementor-section elementor-top-section elementor-element elementor-element-5bacc31 elementor-section-boxed elementor-section-height-default elementor-section-height-default\" data-id=\"5bacc31\" data-element_type=\"section\" data-e-type=\"section\">\n\t\t\t\t\t\t<div class=\"elementor-container elementor-column-gap-default\">\n\t\t\t\t\t<div class=\"elementor-column elementor-col-100 elementor-top-column elementor-element elementor-element-923e06b\" data-id=\"923e06b\" data-element_type=\"column\" data-e-type=\"column\">\n\t\t\t<div class=\"elementor-widget-wrap elementor-element-populated\">\n\t\t\t\t\t\t<div class=\"elementor-element elementor-element-0c41e3a elementor-widget elementor-widget-shortcode\" data-id=\"0c41e3a\" data-element_type=\"widget\" data-e-type=\"widget\" data-widget_type=\"shortcode.default\">\n\t\t\t\t<div class=\"elementor-widget-container\">\n\t\t\t\t\t\t\t<div class=\"elementor-shortcode\">\n<\/div>\n\t\t\t\t\t\t<\/div>\n\t\t\t\t<\/div>\n\t\t\t\t\t<\/div>\n\t\t<\/div>\n\t\t\t\t\t<\/div>\n\t\t<\/section>\n\t\t\t\t<section class=\"elementor-section elementor-top-section elementor-element elementor-element-c0f280f elementor-section-boxed elementor-section-height-default elementor-section-height-default\" data-id=\"c0f280f\" data-element_type=\"section\" data-e-type=\"section\">\n\t\t\t\t\t\t<div class=\"elementor-container elementor-column-gap-default\">\n\t\t\t\t\t<div class=\"elementor-column elementor-col-100 elementor-top-column elementor-element elementor-element-c407d0f\" data-id=\"c407d0f\" data-element_type=\"column\" data-e-type=\"column\">\n\t\t\t<div class=\"elementor-widget-wrap elementor-element-populated\">\n\t\t\t\t\t\t<div class=\"elementor-element elementor-element-bdbe117 elementor-widget elementor-widget-text-editor\" data-id=\"bdbe117\" data-element_type=\"widget\" data-e-type=\"widget\" data-widget_type=\"text-editor.default\">\n\t\t\t\t<div class=\"elementor-widget-container\">\n\t\t\t\t\t\t\t\t\t<p><span style=\"font-weight: 400;\">Unser umfangreicher und vielf\u00e4ltiger Fuhrpark an Maschinen, Ger\u00e4ten und anderen technischen Hilfsmitteln erm\u00f6glicht es uns, schneller, effizienter und wettbewerbsf\u00e4higer zu sein.<\/span><\/p><p><span style=\"font-weight: 400;\">Die Strategie der kontinuierlichen Erneuerung unserer Mittel hat zu einer bemerkenswerten Verbesserung der Qualit\u00e4t und Kapazit\u00e4t der Reaktion auf die st\u00e4ndigen Herausforderungen gef\u00fchrt, die jedes neue Projekt mit sich bringt.<\/span><\/p>\t\t\t\t\t\t\t\t<\/div>\n\t\t\t\t<\/div>\n\t\t\t\t\t<\/div>\n\t\t<\/div>\n\t\t\t\t\t<\/div>\n\t\t<\/section>\n\t\t\t\t<section class=\"elementor-section elementor-top-section elementor-element elementor-element-2204bd2 elementor-section-boxed elementor-section-height-default elementor-section-height-default\" data-id=\"2204bd2\" data-element_type=\"section\" data-e-type=\"section\">\n\t\t\t\t\t\t<div class=\"elementor-container elementor-column-gap-default\">\n\t\t\t\t\t<div class=\"elementor-column elementor-col-100 elementor-top-column elementor-element elementor-element-129d6a2\" data-id=\"129d6a2\" data-element_type=\"column\" data-e-type=\"column\">\n\t\t\t<div class=\"elementor-widget-wrap elementor-element-populated\">\n\t\t\t\t\t\t<div class=\"elementor-element elementor-element-2bcaa83 elementor-widget elementor-widget-text-editor\" data-id=\"2bcaa83\" data-element_type=\"widget\" data-e-type=\"widget\" data-widget_type=\"text-editor.default\">\n\t\t\t\t<div class=\"elementor-widget-container\">\n\t\t\t\t\t\t\t\t\t<h3><span style=\"font-weight: 400;\">M\u00f6chten Sie zum Team von Amer e Hijos geh\u00f6ren?<\/span><\/h3>\n<a href=\"https:\/\/amerehijos.com\/de\/arbeiten-sie-mit-uns\/\"><span style=\"font-weight: 400;\">ARBEITEN SIE MIT UNS<\/span><\/a>\n\n\n\t\t\t\t\t\t\t\t<\/div>\n\t\t\t\t<\/div>\n\t\t\t\t\t<\/div>\n\t\t<\/div>\n\t\t\t\t\t<\/div>\n\t\t<\/section>\n\t\t\t\t<\/div>\n\t\t","protected":false},"excerpt":{"rendered":"<p>Unternehmen Amer e Hijos ist ein Unternehmen f\u00fcr Bau- und integrale Dienstleistungsl\u00f6sungen, das auf einer Struktur, Organisation und exzellenten Managementprozessen basiert, in denen Flexibilit\u00e4t, Qualit\u00e4t und Professionalit\u00e4t vorherrschen. All dies erm\u00f6glicht es uns, uns an jedes Bauvorhaben im privaten, \u00f6ffentlichen oder industriellen Bereich anzupassen, indem wir die besten Verfahren, Bedingungen, Ausr\u00fcstungen und Technologien in einem &#8230; <a title=\"Unternehmen\" class=\"read-more\" href=\"https:\/\/amerehijos.com\/de\/unternehmen\/\" aria-label=\"Read more about Unternehmen\">Read more<\/a><\/p>\n","protected":false},"author":7,"featured_media":0,"parent":0,"menu_order":0,"comment_status":"closed","ping_status":"closed","template":"elementor_header_footer","meta":{"footnotes":""},"class_list":["post-2492","page","type-page","status-publish"],"_links":{"self":[{"href":"https:\/\/amerehijos.com\/de\/wp-json\/wp\/v2\/pages\/2492","targetHints":{"allow":["GET"]}}],"collection":[{"href":"https:\/\/amerehijos.com\/de\/wp-json\/wp\/v2\/pages"}],"about":[{"href":"https:\/\/amerehijos.com\/de\/wp-json\/wp\/v2\/types\/page"}],"author":[{"embeddable":true,"href":"https:\/\/amerehijos.com\/de\/wp-json\/wp\/v2\/users\/7"}],"replies":[{"embeddable":true,"href":"https:\/\/amerehijos.com\/de\/wp-json\/wp\/v2\/comments?post=2492"}],"version-history":[{"count":0,"href":"https:\/\/amerehijos.com\/de\/wp-json\/wp\/v2\/pages\/2492\/revisions"}],"wp:attachment":[{"href":"https:\/\/amerehijos.com\/de\/wp-json\/wp\/v2\/media?parent=2492"}],"curies":[{"name":"wp","href":"https:\/\/api.w.org\/{rel}","templated":true}]}}